{"id":835,"date":"2026-02-09T18:51:41","date_gmt":"2026-02-09T18:51:41","guid":{"rendered":"https:\/\/topchoicetrends.com\/de\/product\/ototo-mushroom-faltbarer-kleiner-kuchentrichter-mit-breiter-offnung-fur-glaser-flaschen-silikon-100-lebensmittelecht-bpa-frei-spulmaschinenfest\/"},"modified":"2024-10-30T12:27:28","modified_gmt":"2024-10-30T12:27:28","slug":"ototo-mushroom-faltbarer-kleiner-kuchentrichter-mit-breiter-offnung-fur-glaser-flaschen-silikon-100-lebensmittelecht-bpa-frei-spulmaschinenfest","status":"publish","type":"product","link":"https:\/\/topchoicetrends.com\/de\/product\/ototo-mushroom-faltbarer-kleiner-kuchentrichter-mit-breiter-offnung-fur-glaser-flaschen-silikon-100-lebensmittelecht-bpa-frei-spulmaschinenfest\/","title":{"rendered":"OTOTO Mushroom &#8211; Faltbarer kl..."},"content":{"rendered":"<p>Endlich ein Cooles Design &#8211; Im Gegensatz zu Houdini entwischt unserem Magic Mushroom Silikon K\u00fcchenhelfer kein einziger Tropfen! Mit diesem ulkigen Produkt von Designpreistr\u00e4ger Studio OTOTO wird das nervenaufreibende Umf\u00fcllen von Fl\u00fcssigkeit zum Kinderspiel, ganz ohne Sauerei in Ihrer K\u00fcche! Stecken Sie einfach den Trichter-Stiel in den Flaschenhals, klappen den Pilzkopf nach oben und gie\u00dfen ein! Anders als Metall- oder Plastiktrichter kann dieser Spill Proof Funnel auch leicht verstaut werden.<br \/>\nLustige Geschenke &#8211; Bei einem originellen Geschenk zum Einzug schadet ein gewisser Spa\u00dffaktor nicht, oder? Damit steht unser Produkt ganz hoch im Kurs! Unser faltbarer Trichter aus Silikon im Fliegenpilz Design verwandelt sich durch einfaches Umklappen vom Deko-Pilz in eine praktische Einf\u00fcllhilfe f\u00fcr Flaschen, Gl\u00e4ser usw. Das ideale Geschenk, wenn man solche K\u00fcchen Devices lustig findet oder als Koch Geschenke bei kulinarischen Occasions. Oder noch besser: g\u00f6nnen Sie sich selbst ein bisschen Spa\u00df!<br \/>\nShould-Have Devices! &#8211; Suchen Sie nach Trichtern als K\u00fcchen Ger\u00e4te? Verlieben Sie sich in unseren Fliegenpilz. Er bietet alles, was man in einem K\u00fcche Zubeh\u00f6r sucht und mehr. Mit dem witzigen Design und breiter \u00d6ffnung bietet unser flexibler Trichter Unterhaltung und saubere Arbeitsfl\u00e4chen! Au\u00dferdem sind unsere K\u00fcchen Devices praktisch und ohne BPA, additionally garantiert 100 % Lebensmittelecht. Zum S\u00e4ubern mit Reinigungsmittel waschen und mit Wasser absp\u00fclen. Und ja, er ist auch sp\u00fclmaschinenfest!<br \/>\nNerviges Umf\u00fcllen? Versuchen Sie&#8217;s Hiermit! &#8211; Ist es nicht furchtbar nervig, wenn man Fl\u00fcssigkeit von einem Beh\u00e4lter zum anderen umf\u00fcllen m\u00f6chte und dabei \u00fcberall Sauerei hinterl\u00e4sst? Es spielen sich wahre Flutkatastrophen in Ihrer K\u00fcche ab und alles, was nicht niet- und nagelfest ist, wird ruiniert. Unser Fliegenpilz Trichter bietet eine gute L\u00f6sung f\u00fcr diese \u2018zum Haare raufenden\u2019 Momente. Das lustige K\u00fcchenutensilien Geschenk ist \u00fcberall leicht zu verwenden, ob zuhause, drau\u00dfen oder sonst wo.<br \/>\nEin Bisschen Spa\u00df Muss Sein &#8211; Kennen Sie die M\u00e4rchen, wo man gl\u00fccklich miteinander bis ans Ende seiner Tage lebt? Nun, mit den Haushaltsprodukten von OTOTO werden diese M\u00e4rchen tats\u00e4chlich wahr, denn mit diesem lustigen K\u00fcchenhelfer Set haben Langeweile und Frust bei der t\u00e4glichen Hausarbeit keine Probability! Unser Staff ist darauf aus, funktionelle Produkte mit einem originellen und erfrischenden Knackpunkt zu entwerfen. Finden Sie nicht auch, dass ein bisschen Spa\u00df und Magie einfach dazu geh\u00f6rt?<br \/>\n<div class=\"main-cross-sell\" data-asin=\"B07YN9HFF7\">\n\n\t<div class=\"WooZone-cross-sell-loader\">\n\t\t<div>\n\t\t\t<div id=\"floatingBarsG\">\n\t\t\t\t<div class=\"blockG\" id=\"rotateG_01\"><\/div>\n\t\t\t\t<div class=\"blockG\" id=\"rotateG_02\"><\/div>\n\t\t\t\t<div class=\"blockG\" id=\"rotateG_03\"><\/div>\n\t\t\t\t<div class=\"blockG\" id=\"rotateG_04\"><\/div>\n\t\t\t\t<div class=\"blockG\" id=\"rotateG_05\"><\/div>\n\t\t\t\t<div class=\"blockG\" id=\"rotateG_06\"><\/div>\n\t\t\t\t<div class=\"blockG\" id=\"rotateG_07\"><\/div>\n\t\t\t\t<div class=\"blockG\" id=\"rotateG_08\"><\/div>\n\t\t\t<\/div>\n\t\t\t<div class=\"WooZone-cross-sell-loader-text\"><\/div>\n\t\t<\/div>\n\t<\/div>\n\n\t\t\n<\/div>\n<div style=\"clear:both;\"><\/div><\/p>\n","protected":false},"excerpt":{"rendered":"<p>Endlich ein Cooles Design &#8211; Im Gegensatz zu Houdini entwischt unserem Magic Mushroom Silikon K\u00fcchenhelfer kein einziger Tropfen! Mit diesem ulkigen Produkt von Designpreistr\u00e4ger Studio OTOTO wird das nervenaufreibende Umf\u00fcllen von Fl\u00fcssigkeit zum Kinderspiel, ganz ohne Sauerei in Ihrer K\u00fcche! Stecken Sie einfach den Trichter-Stiel in den Flaschenhals, klappen den Pilzkopf nach oben und gie\u00dfen ein! Anders als Metall- oder Plastiktrichter kann dieser Spill Proof Funnel auch leicht verstaut werden.<br \/>\nLustige Geschenke &#8211; Bei einem originellen Geschenk zum Einzug schadet ein gewisser Spa\u00dffaktor nicht, oder? Damit steht unser Produkt ganz hoch im Kurs! Unser faltbarer Trichter aus Silikon im Fliegenpilz Design verwandelt sich durch einfaches Umklappen vom Deko-Pilz in eine praktische Einf\u00fcllhilfe f\u00fcr Flaschen, Gl\u00e4ser usw. Das ideale Geschenk, wenn man solche K\u00fcchen Gadgets lustig findet oder als Koch Geschenke bei kulinarischen Events. Oder noch besser: g\u00f6nnen Sie sich selbst ein bisschen Spa\u00df!<br \/>\nMust-Have Gadgets! &#8211; Suchen Sie nach Trichtern als K\u00fcchen Ger\u00e4te? Verlieben Sie sich in unseren Fliegenpilz. Er bietet alles, was man in einem K\u00fcche Zubeh\u00f6r sucht und mehr. Mit dem witzigen Design und breiter \u00d6ffnung bietet unser flexibler Trichter Unterhaltung und saubere Arbeitsfl\u00e4chen! Au\u00dferdem sind unsere K\u00fcchen Gadgets praktisch und ohne BPA, also garantiert 100 % Lebensmittelecht. Zum S\u00e4ubern mit Reinigungsmittel waschen und mit Wasser absp\u00fclen. Und ja, er ist auch sp\u00fclmaschinenfest!<\/p>\n","protected":false},"featured_media":836,"comment_status":"open","ping_status":"closed","template":"","meta":{"_aipt_faq_data":""},"store":[],"product_brand":[],"product_cat":[28,42],"product_tag":[],"class_list":{"0":"post-835","1":"product","2":"type-product","3":"status-publish","4":"has-post-thumbnail","6":"product_cat-trending","7":"product_cat-kitchen-essentials","8":"pa_brand-visit-the-ototo-store","10":"first","11":"instock","12":"sale","13":"shipping-taxable","14":"product-type-external"},"yoast_head":"<!-- This site is optimized with the Yoast SEO plugin v27.1.1 - https:\/\/yoast.com\/product\/yoast-seo-wordpress\/ -->\n<title>OTOTO Mushroom - Faltbarer kleiner K\u00fcchentrichter mit breiter \u00d6ffnung f\u00fcr Gl\u00e4ser. Flaschen Silikon 100% lebensmittelecht BPA-frei sp\u00fclmaschinenfest - TopChoiceTrends<\/title>\n<meta name=\"description\" content=\"Entdecke bei TopChoiceTrends gepr\u00fcfte Bestseller, Trendprodukte und starke Angebote aus vielen Kategorien. Smart vergleichen, besser kaufen \u2013 alles \u00fcber Amazon Deutschland.\" \/>\n<meta name=\"robots\" content=\"index, follow, max-snippet:-1, max-image-preview:large, max-video-preview:-1\" \/>\n<link rel=\"canonical\" href=\"https:\/\/topchoicetrends.com\/de\/product\/ototo-mushroom-faltbarer-kleiner-kuchentrichter-mit-breiter-offnung-fur-glaser-flaschen-silikon-100-lebensmittelecht-bpa-frei-spulmaschinenfest\/\" \/>\n<meta property=\"og:locale\" content=\"de_DE\" \/>\n<meta property=\"og:type\" content=\"article\" \/>\n<meta property=\"og:title\" content=\"OTOTO Mushroom - Faltbarer kleiner K\u00fcchentrichter mit breiter \u00d6ffnung f\u00fcr Gl\u00e4ser. Flaschen Silikon 100% lebensmittelecht BPA-frei sp\u00fclmaschinenfest - TopChoiceTrends\" \/>\n<meta property=\"og:description\" content=\"Entdecke bei TopChoiceTrends gepr\u00fcfte Bestseller, Trendprodukte und starke Angebote aus vielen Kategorien. Smart vergleichen, besser kaufen \u2013 alles \u00fcber Amazon Deutschland.\" \/>\n<meta property=\"og:url\" content=\"https:\/\/topchoicetrends.com\/de\/product\/ototo-mushroom-faltbarer-kleiner-kuchentrichter-mit-breiter-offnung-fur-glaser-flaschen-silikon-100-lebensmittelecht-bpa-frei-spulmaschinenfest\/\" \/>\n<meta property=\"og:site_name\" content=\"TopChoiceTrends\" \/>\n<meta property=\"og:image\" content=\"https:\/\/m.media-amazon.com\/images\/I\/41-gwWYyNJL.jpg\" \/>\n\t<meta property=\"og:image:width\" content=\"500\" \/>\n\t<meta property=\"og:image:height\" content=\"500\" \/>\n\t<meta property=\"og:image:type\" content=\"image\/jpeg\" \/>\n<meta name=\"twitter:card\" content=\"summary_large_image\" \/>\n<meta name=\"twitter:label1\" content=\"Gesch\u00e4tzte Lesezeit\" \/>\n\t<meta name=\"twitter:data1\" content=\"2\u00a0Minuten\" \/>\n<script type=\"application\/ld+json\" class=\"yoast-schema-graph\">{\"@context\":\"https:\/\/schema.org\",\"@graph\":[{\"@type\":\"WebPage\",\"@id\":\"https:\/\/topchoicetrends.com\/de\/product\/ototo-mushroom-faltbarer-kleiner-kuchentrichter-mit-breiter-offnung-fur-glaser-flaschen-silikon-100-lebensmittelecht-bpa-frei-spulmaschinenfest\/\",\"url\":\"https:\/\/topchoicetrends.com\/de\/product\/ototo-mushroom-faltbarer-kleiner-kuchentrichter-mit-breiter-offnung-fur-glaser-flaschen-silikon-100-lebensmittelecht-bpa-frei-spulmaschinenfest\/\",\"name\":\"OTOTO Mushroom - Faltbarer kleiner K\u00fcchentrichter mit breiter \u00d6ffnung f\u00fcr Gl\u00e4ser. Flaschen Silikon 100% lebensmittelecht BPA-frei sp\u00fclmaschinenfest - TopChoiceTrends\",\"isPartOf\":{\"@id\":\"https:\/\/topchoicetrends.com\/de\/#website\"},\"primaryImageOfPage\":{\"@id\":\"https:\/\/topchoicetrends.com\/de\/product\/ototo-mushroom-faltbarer-kleiner-kuchentrichter-mit-breiter-offnung-fur-glaser-flaschen-silikon-100-lebensmittelecht-bpa-frei-spulmaschinenfest\/#primaryimage\"},\"image\":{\"@id\":\"https:\/\/topchoicetrends.com\/de\/product\/ototo-mushroom-faltbarer-kleiner-kuchentrichter-mit-breiter-offnung-fur-glaser-flaschen-silikon-100-lebensmittelecht-bpa-frei-spulmaschinenfest\/#primaryimage\"},\"thumbnailUrl\":\"https:\/\/m.media-amazon.com\/images\/I\/41-gwWYyNJL.jpg\",\"datePublished\":\"2026-02-09T18:51:41+00:00\",\"description\":\"Entdecke bei TopChoiceTrends gepr\u00fcfte Bestseller, Trendprodukte und starke Angebote aus vielen Kategorien. Smart vergleichen, besser kaufen \u2013 alles \u00fcber Amazon Deutschland.\",\"breadcrumb\":{\"@id\":\"https:\/\/topchoicetrends.com\/de\/product\/ototo-mushroom-faltbarer-kleiner-kuchentrichter-mit-breiter-offnung-fur-glaser-flaschen-silikon-100-lebensmittelecht-bpa-frei-spulmaschinenfest\/#breadcrumb\"},\"inLanguage\":\"de\",\"potentialAction\":[{\"@type\":\"ReadAction\",\"target\":[\"https:\/\/topchoicetrends.com\/de\/product\/ototo-mushroom-faltbarer-kleiner-kuchentrichter-mit-breiter-offnung-fur-glaser-flaschen-silikon-100-lebensmittelecht-bpa-frei-spulmaschinenfest\/\"]}]},{\"@type\":\"ImageObject\",\"inLanguage\":\"de\",\"@id\":\"https:\/\/topchoicetrends.com\/de\/product\/ototo-mushroom-faltbarer-kleiner-kuchentrichter-mit-breiter-offnung-fur-glaser-flaschen-silikon-100-lebensmittelecht-bpa-frei-spulmaschinenfest\/#primaryimage\",\"url\":\"https:\/\/m.media-amazon.com\/images\/I\/41-gwWYyNJL.jpg\",\"contentUrl\":\"https:\/\/m.media-amazon.com\/images\/I\/41-gwWYyNJL.jpg\",\"width\":500,\"height\":500},{\"@type\":\"BreadcrumbList\",\"@id\":\"https:\/\/topchoicetrends.com\/de\/product\/ototo-mushroom-faltbarer-kleiner-kuchentrichter-mit-breiter-offnung-fur-glaser-flaschen-silikon-100-lebensmittelecht-bpa-frei-spulmaschinenfest\/#breadcrumb\",\"itemListElement\":[{\"@type\":\"ListItem\",\"position\":1,\"name\":\"Home\",\"item\":\"https:\/\/topchoicetrends.com\/de\/\"},{\"@type\":\"ListItem\",\"position\":2,\"name\":\"Shop\",\"item\":\"https:\/\/topchoicetrends.com\/de\/shop\/\"},{\"@type\":\"ListItem\",\"position\":3,\"name\":\"OTOTO Mushroom &#8211; Faltbarer kleiner K\u00fcchentrichter mit breiter \u00d6ffnung f\u00fcr Gl\u00e4ser. Flaschen Silikon 100% lebensmittelecht BPA-frei sp\u00fclmaschinenfest\"}]},{\"@type\":\"WebSite\",\"@id\":\"https:\/\/topchoicetrends.com\/de\/#website\",\"url\":\"https:\/\/topchoicetrends.com\/de\/\",\"name\":\"TopChoiceTrends\",\"description\":\"Beste Produktfunde, Bestseller &amp; Top-Angebote online entdecken\",\"publisher\":{\"@id\":\"https:\/\/topchoicetrends.com\/de\/#organization\"},\"potentialAction\":[{\"@type\":\"SearchAction\",\"target\":{\"@type\":\"EntryPoint\",\"urlTemplate\":\"https:\/\/topchoicetrends.com\/de\/?s={search_term_string}\"},\"query-input\":{\"@type\":\"PropertyValueSpecification\",\"valueRequired\":true,\"valueName\":\"search_term_string\"}}],\"inLanguage\":\"de\"},{\"@type\":\"Organization\",\"@id\":\"https:\/\/topchoicetrends.com\/de\/#organization\",\"name\":\"TopChoiceTrends\",\"url\":\"https:\/\/topchoicetrends.com\/de\/\",\"logo\":{\"@type\":\"ImageObject\",\"inLanguage\":\"de\",\"@id\":\"https:\/\/topchoicetrends.com\/de\/#\/schema\/logo\/image\/\",\"url\":\"https:\/\/topchoicetrends.com\/de\/wp-content\/uploads\/2026\/03\/Screenshot_2025-10-09_at_8.21.29_AM-removebg-preview-2.png\",\"contentUrl\":\"https:\/\/topchoicetrends.com\/de\/wp-content\/uploads\/2026\/03\/Screenshot_2025-10-09_at_8.21.29_AM-removebg-preview-2.png\",\"width\":936,\"height\":267,\"caption\":\"TopChoiceTrends\"},\"image\":{\"@id\":\"https:\/\/topchoicetrends.com\/de\/#\/schema\/logo\/image\/\"}}]}<\/script>\n<!-- \/ Yoast SEO plugin. -->","yoast_head_json":{"title":"OTOTO Mushroom - Faltbarer kleiner K\u00fcchentrichter mit breiter \u00d6ffnung f\u00fcr Gl\u00e4ser. Flaschen Silikon 100% lebensmittelecht BPA-frei sp\u00fclmaschinenfest - TopChoiceTrends","description":"Entdecke bei TopChoiceTrends gepr\u00fcfte Bestseller, Trendprodukte und starke Angebote aus vielen Kategorien. Smart vergleichen, besser kaufen \u2013 alles \u00fcber Amazon Deutschland.","robots":{"index":"index","follow":"follow","max-snippet":"max-snippet:-1","max-image-preview":"max-image-preview:large","max-video-preview":"max-video-preview:-1"},"canonical":"https:\/\/topchoicetrends.com\/de\/product\/ototo-mushroom-faltbarer-kleiner-kuchentrichter-mit-breiter-offnung-fur-glaser-flaschen-silikon-100-lebensmittelecht-bpa-frei-spulmaschinenfest\/","og_locale":"de_DE","og_type":"article","og_title":"OTOTO Mushroom - Faltbarer kleiner K\u00fcchentrichter mit breiter \u00d6ffnung f\u00fcr Gl\u00e4ser. Flaschen Silikon 100% lebensmittelecht BPA-frei sp\u00fclmaschinenfest - TopChoiceTrends","og_description":"Entdecke bei TopChoiceTrends gepr\u00fcfte Bestseller, Trendprodukte und starke Angebote aus vielen Kategorien. Smart vergleichen, besser kaufen \u2013 alles \u00fcber Amazon Deutschland.","og_url":"https:\/\/topchoicetrends.com\/de\/product\/ototo-mushroom-faltbarer-kleiner-kuchentrichter-mit-breiter-offnung-fur-glaser-flaschen-silikon-100-lebensmittelecht-bpa-frei-spulmaschinenfest\/","og_site_name":"TopChoiceTrends","og_image":[{"width":500,"height":500,"url":"https:\/\/m.media-amazon.com\/images\/I\/41-gwWYyNJL.jpg","type":"image\/jpeg"}],"twitter_card":"summary_large_image","twitter_misc":{"Gesch\u00e4tzte Lesezeit":"2\u00a0Minuten"},"schema":{"@context":"https:\/\/schema.org","@graph":[{"@type":"WebPage","@id":"https:\/\/topchoicetrends.com\/de\/product\/ototo-mushroom-faltbarer-kleiner-kuchentrichter-mit-breiter-offnung-fur-glaser-flaschen-silikon-100-lebensmittelecht-bpa-frei-spulmaschinenfest\/","url":"https:\/\/topchoicetrends.com\/de\/product\/ototo-mushroom-faltbarer-kleiner-kuchentrichter-mit-breiter-offnung-fur-glaser-flaschen-silikon-100-lebensmittelecht-bpa-frei-spulmaschinenfest\/","name":"OTOTO Mushroom - Faltbarer kleiner K\u00fcchentrichter mit breiter \u00d6ffnung f\u00fcr Gl\u00e4ser. Flaschen Silikon 100% lebensmittelecht BPA-frei sp\u00fclmaschinenfest - TopChoiceTrends","isPartOf":{"@id":"https:\/\/topchoicetrends.com\/de\/#website"},"primaryImageOfPage":{"@id":"https:\/\/topchoicetrends.com\/de\/product\/ototo-mushroom-faltbarer-kleiner-kuchentrichter-mit-breiter-offnung-fur-glaser-flaschen-silikon-100-lebensmittelecht-bpa-frei-spulmaschinenfest\/#primaryimage"},"image":{"@id":"https:\/\/topchoicetrends.com\/de\/product\/ototo-mushroom-faltbarer-kleiner-kuchentrichter-mit-breiter-offnung-fur-glaser-flaschen-silikon-100-lebensmittelecht-bpa-frei-spulmaschinenfest\/#primaryimage"},"thumbnailUrl":"https:\/\/m.media-amazon.com\/images\/I\/41-gwWYyNJL.jpg","datePublished":"2026-02-09T18:51:41+00:00","description":"Entdecke bei TopChoiceTrends gepr\u00fcfte Bestseller, Trendprodukte und starke Angebote aus vielen Kategorien. Smart vergleichen, besser kaufen \u2013 alles \u00fcber Amazon Deutschland.","breadcrumb":{"@id":"https:\/\/topchoicetrends.com\/de\/product\/ototo-mushroom-faltbarer-kleiner-kuchentrichter-mit-breiter-offnung-fur-glaser-flaschen-silikon-100-lebensmittelecht-bpa-frei-spulmaschinenfest\/#breadcrumb"},"inLanguage":"de","potentialAction":[{"@type":"ReadAction","target":["https:\/\/topchoicetrends.com\/de\/product\/ototo-mushroom-faltbarer-kleiner-kuchentrichter-mit-breiter-offnung-fur-glaser-flaschen-silikon-100-lebensmittelecht-bpa-frei-spulmaschinenfest\/"]}]},{"@type":"ImageObject","inLanguage":"de","@id":"https:\/\/topchoicetrends.com\/de\/product\/ototo-mushroom-faltbarer-kleiner-kuchentrichter-mit-breiter-offnung-fur-glaser-flaschen-silikon-100-lebensmittelecht-bpa-frei-spulmaschinenfest\/#primaryimage","url":"https:\/\/m.media-amazon.com\/images\/I\/41-gwWYyNJL.jpg","contentUrl":"https:\/\/m.media-amazon.com\/images\/I\/41-gwWYyNJL.jpg","width":500,"height":500},{"@type":"BreadcrumbList","@id":"https:\/\/topchoicetrends.com\/de\/product\/ototo-mushroom-faltbarer-kleiner-kuchentrichter-mit-breiter-offnung-fur-glaser-flaschen-silikon-100-lebensmittelecht-bpa-frei-spulmaschinenfest\/#breadcrumb","itemListElement":[{"@type":"ListItem","position":1,"name":"Home","item":"https:\/\/topchoicetrends.com\/de\/"},{"@type":"ListItem","position":2,"name":"Shop","item":"https:\/\/topchoicetrends.com\/de\/shop\/"},{"@type":"ListItem","position":3,"name":"OTOTO Mushroom &#8211; Faltbarer kleiner K\u00fcchentrichter mit breiter \u00d6ffnung f\u00fcr Gl\u00e4ser. Flaschen Silikon 100% lebensmittelecht BPA-frei sp\u00fclmaschinenfest"}]},{"@type":"WebSite","@id":"https:\/\/topchoicetrends.com\/de\/#website","url":"https:\/\/topchoicetrends.com\/de\/","name":"TopChoiceTrends","description":"Beste Produktfunde, Bestseller &amp; Top-Angebote online entdecken","publisher":{"@id":"https:\/\/topchoicetrends.com\/de\/#organization"},"potentialAction":[{"@type":"SearchAction","target":{"@type":"EntryPoint","urlTemplate":"https:\/\/topchoicetrends.com\/de\/?s={search_term_string}"},"query-input":{"@type":"PropertyValueSpecification","valueRequired":true,"valueName":"search_term_string"}}],"inLanguage":"de"},{"@type":"Organization","@id":"https:\/\/topchoicetrends.com\/de\/#organization","name":"TopChoiceTrends","url":"https:\/\/topchoicetrends.com\/de\/","logo":{"@type":"ImageObject","inLanguage":"de","@id":"https:\/\/topchoicetrends.com\/de\/#\/schema\/logo\/image\/","url":"https:\/\/topchoicetrends.com\/de\/wp-content\/uploads\/2026\/03\/Screenshot_2025-10-09_at_8.21.29_AM-removebg-preview-2.png","contentUrl":"https:\/\/topchoicetrends.com\/de\/wp-content\/uploads\/2026\/03\/Screenshot_2025-10-09_at_8.21.29_AM-removebg-preview-2.png","width":936,"height":267,"caption":"TopChoiceTrends"},"image":{"@id":"https:\/\/topchoicetrends.com\/de\/#\/schema\/logo\/image\/"}}]}},"_links":{"self":[{"href":"https:\/\/topchoicetrends.com\/de\/wp-json\/wp\/v2\/product\/835","targetHints":{"allow":["GET"]}}],"collection":[{"href":"https:\/\/topchoicetrends.com\/de\/wp-json\/wp\/v2\/product"}],"about":[{"href":"https:\/\/topchoicetrends.com\/de\/wp-json\/wp\/v2\/types\/product"}],"replies":[{"embeddable":true,"href":"https:\/\/topchoicetrends.com\/de\/wp-json\/wp\/v2\/comments?post=835"}],"wp:featuredmedia":[{"embeddable":true,"href":"https:\/\/topchoicetrends.com\/de\/wp-json\/wp\/v2\/media\/836"}],"wp:attachment":[{"href":"https:\/\/topchoicetrends.com\/de\/wp-json\/wp\/v2\/media?parent=835"}],"wp:term":[{"taxonomy":"store","embeddable":true,"href":"https:\/\/topchoicetrends.com\/de\/wp-json\/wp\/v2\/store?post=835"},{"taxonomy":"product_brand","embeddable":true,"href":"https:\/\/topchoicetrends.com\/de\/wp-json\/wp\/v2\/product_brand?post=835"},{"taxonomy":"product_cat","embeddable":true,"href":"https:\/\/topchoicetrends.com\/de\/wp-json\/wp\/v2\/product_cat?post=835"},{"taxonomy":"product_tag","embeddable":true,"href":"https:\/\/topchoicetrends.com\/de\/wp-json\/wp\/v2\/product_tag?post=835"}],"curies":[{"name":"wp","href":"https:\/\/api.w.org\/{rel}","templated":true}]}}