{"id":604,"date":"2026-02-09T18:50:52","date_gmt":"2026-02-09T18:50:52","guid":{"rendered":"https:\/\/topchoicetrends.com\/de\/product\/la-jolie-muse-aufbewahrungskorb-waschekorb-aus-baumwolle-seil-waschesammler-stabil-und-haltbar-mit-griff-fur-wohnzimmer-kinderzimmer-badzimmer-40-liter\/"},"modified":"2026-01-01T13:37:22","modified_gmt":"2026-01-01T13:37:22","slug":"la-jolie-muse-aufbewahrungskorb-waschekorb-aus-baumwolle-seil-waschesammler-stabil-und-haltbar-mit-griff-fur-wohnzimmer-kinderzimmer-badzimmer-40-liter","status":"publish","type":"product","link":"https:\/\/topchoicetrends.com\/de\/product\/la-jolie-muse-aufbewahrungskorb-waschekorb-aus-baumwolle-seil-waschesammler-stabil-und-haltbar-mit-griff-fur-wohnzimmer-kinderzimmer-badzimmer-40-liter\/","title":{"rendered":"La Jol\u00c3\u00ade Muse Aufbewahrungskorb ..."},"content":{"rendered":"<p>\u3010STYLISCHE ART DER ORGANISATIONO\u3011rganisation muss nicht langweilig sein! Unser Baumwollkorb ist eine Kombination aus Kunst und Stauraum. Dekorieren Sie mit ihm Ihr zu Hause und versch\u00f6nern es mit ihm.<br \/>\n\u3010100% REINES BAUMWOLLSEIL\u3011Nat\u00fcrliche und gesunde Materialien ohne Chemikalien, machen den Korb stabil und geben ihm gleichzeitig ein handgemachtes Aussehen. Das wundervoll weiche und umweltfreundliche Seil ist sowohl f\u00fcr Kinder als auch den Holzboden sicher.<br \/>\n\u3010KORBGR\u00d6\u00dfE\u301140 cm (H\u00f6he) x 36 cm (Durchmesser) Nach Erhalt kann der Korb einige Knicke oder Falten haben. Nach dem F\u00fcllen des Korbs werden diese Stellen wieder weggehen.<br \/>\n\u3010VERSCHIEDENE NUTZUNGSM\u00d6GLICHKEITEN\u3011Dieser praktische Korb ist die perfekte L\u00f6sung f\u00fcr all Ihre Stauraumprobleme. Benutzen Sie ihn f\u00fcr W\u00e4sche, B\u00fccher, Spielzeug, oder f\u00fcr was auch immer Sie den Baumwollseilkorb nutzen wollen. R\u00e4umen Sie mit ihm die Wohnung auf und geben ihr einen modernen Contact.<br \/>\n\u3010100% ZUFRIEDENHEIT \u3011Wir bieten volle R\u00fccksendungen &amp; Erstattungen an, sollte es Probleme mit dem Produkt nach dem Erhalt geben.<br \/>\n<div class=\"main-cross-sell\" data-asin=\"B018RUKQOE\">\n\n\t<div class=\"WooZone-cross-sell-loader\">\n\t\t<div>\n\t\t\t<div id=\"floatingBarsG\">\n\t\t\t\t<div class=\"blockG\" id=\"rotateG_01\"><\/div>\n\t\t\t\t<div class=\"blockG\" id=\"rotateG_02\"><\/div>\n\t\t\t\t<div class=\"blockG\" id=\"rotateG_03\"><\/div>\n\t\t\t\t<div class=\"blockG\" id=\"rotateG_04\"><\/div>\n\t\t\t\t<div class=\"blockG\" id=\"rotateG_05\"><\/div>\n\t\t\t\t<div class=\"blockG\" id=\"rotateG_06\"><\/div>\n\t\t\t\t<div class=\"blockG\" id=\"rotateG_07\"><\/div>\n\t\t\t\t<div class=\"blockG\" id=\"rotateG_08\"><\/div>\n\t\t\t<\/div>\n\t\t\t<div class=\"WooZone-cross-sell-loader-text\"><\/div>\n\t\t<\/div>\n\t<\/div>\n\n\t\t\n<\/div>\n<div style=\"clear:both;\"><\/div><\/p>\n","protected":false},"excerpt":{"rendered":"<p>\u3010STYLISCHE ART DER ORGANISATIONO\u3011rganisation muss nicht langweilig sein! Unser Baumwollkorb ist eine Kombination aus Kunst und Stauraum. Dekorieren Sie mit ihm Ihr zu Hause und versch\u00f6nern es mit ihm.<br \/>\n\u3010100% REINES BAUMWOLLSEIL\u3011Nat\u00fcrliche und gesunde Materialien ohne Chemikalien, machen den Korb stabil und geben ihm gleichzeitig ein handgemachtes Aussehen. Das wundervoll weiche und umweltfreundliche Seil ist sowohl f\u00fcr Kinder als auch den Holzboden sicher.<br \/>\n\u3010KORBGR\u00d6\u00dfE\u301140 cm (H\u00f6he) x 36 cm (Durchmesser) Nach Erhalt kann der Korb einige Knicke oder Falten haben. Nach dem F\u00fcllen des Korbs werden diese Stellen wieder weggehen.<\/p>\n","protected":false},"featured_media":605,"comment_status":"open","ping_status":"closed","template":"","meta":{"_aipt_faq_data":""},"store":[],"product_brand":[],"product_cat":[15],"product_tag":[],"class_list":{"0":"post-604","1":"product","2":"type-product","3":"status-publish","4":"has-post-thumbnail","6":"product_cat-uncategorized","7":"pa_brand-visit-the-la-jolie-muse-store","9":"first","10":"instock","11":"sale","12":"shipping-taxable","13":"product-type-external"},"yoast_head":"<!-- This site is optimized with the Yoast SEO plugin v27.1.1 - https:\/\/yoast.com\/product\/yoast-seo-wordpress\/ -->\n<title>La Jol\u00c3\u00ade Muse Aufbewahrungskorb W\u00c3\u00a4schekorb aus Baumwolle Seil, W\u00c3\u00a4schesammler, Stabil und Haltbar, mit Griff, F\u00c3\u00bcr Wohnzimmer Kinderzimmer Badzimmer 40 Liter - TopChoiceTrends<\/title>\n<meta name=\"description\" content=\"Entdecke bei TopChoiceTrends gepr\u00fcfte Bestseller, Trendprodukte und starke Angebote aus vielen Kategorien. Smart vergleichen, besser kaufen \u2013 alles \u00fcber Amazon Deutschland.\" \/>\n<meta name=\"robots\" content=\"index, follow, max-snippet:-1, max-image-preview:large, max-video-preview:-1\" \/>\n<link rel=\"canonical\" href=\"https:\/\/topchoicetrends.com\/de\/product\/la-jolie-muse-aufbewahrungskorb-waschekorb-aus-baumwolle-seil-waschesammler-stabil-und-haltbar-mit-griff-fur-wohnzimmer-kinderzimmer-badzimmer-40-liter\/\" \/>\n<meta property=\"og:locale\" content=\"de_DE\" \/>\n<meta property=\"og:type\" content=\"article\" \/>\n<meta property=\"og:title\" content=\"La Jol\u00c3\u00ade Muse Aufbewahrungskorb W\u00c3\u00a4schekorb aus Baumwolle Seil, W\u00c3\u00a4schesammler, Stabil und Haltbar, mit Griff, F\u00c3\u00bcr Wohnzimmer Kinderzimmer Badzimmer 40 Liter - TopChoiceTrends\" \/>\n<meta property=\"og:description\" content=\"Entdecke bei TopChoiceTrends gepr\u00fcfte Bestseller, Trendprodukte und starke Angebote aus vielen Kategorien. Smart vergleichen, besser kaufen \u2013 alles \u00fcber Amazon Deutschland.\" \/>\n<meta property=\"og:url\" content=\"https:\/\/topchoicetrends.com\/de\/product\/la-jolie-muse-aufbewahrungskorb-waschekorb-aus-baumwolle-seil-waschesammler-stabil-und-haltbar-mit-griff-fur-wohnzimmer-kinderzimmer-badzimmer-40-liter\/\" \/>\n<meta property=\"og:site_name\" content=\"TopChoiceTrends\" \/>\n<meta property=\"og:image\" content=\"https:\/\/m.media-amazon.com\/images\/I\/41w1c2o4MBL.jpg\" \/>\n\t<meta property=\"og:image:width\" content=\"500\" \/>\n\t<meta property=\"og:image:height\" content=\"500\" \/>\n\t<meta property=\"og:image:type\" content=\"image\/jpeg\" \/>\n<meta name=\"twitter:card\" content=\"summary_large_image\" \/>\n<meta name=\"twitter:label1\" content=\"Gesch\u00e4tzte Lesezeit\" \/>\n\t<meta name=\"twitter:data1\" content=\"1\u00a0Minute\" \/>\n<script type=\"application\/ld+json\" class=\"yoast-schema-graph\">{\"@context\":\"https:\/\/schema.org\",\"@graph\":[{\"@type\":\"WebPage\",\"@id\":\"https:\/\/topchoicetrends.com\/de\/product\/la-jolie-muse-aufbewahrungskorb-waschekorb-aus-baumwolle-seil-waschesammler-stabil-und-haltbar-mit-griff-fur-wohnzimmer-kinderzimmer-badzimmer-40-liter\/\",\"url\":\"https:\/\/topchoicetrends.com\/de\/product\/la-jolie-muse-aufbewahrungskorb-waschekorb-aus-baumwolle-seil-waschesammler-stabil-und-haltbar-mit-griff-fur-wohnzimmer-kinderzimmer-badzimmer-40-liter\/\",\"name\":\"La Jol\u00c3\u00ade Muse Aufbewahrungskorb W\u00c3\u00a4schekorb aus Baumwolle Seil, W\u00c3\u00a4schesammler, Stabil und Haltbar, mit Griff, F\u00c3\u00bcr Wohnzimmer Kinderzimmer Badzimmer 40 Liter - TopChoiceTrends\",\"isPartOf\":{\"@id\":\"https:\/\/topchoicetrends.com\/de\/#website\"},\"primaryImageOfPage\":{\"@id\":\"https:\/\/topchoicetrends.com\/de\/product\/la-jolie-muse-aufbewahrungskorb-waschekorb-aus-baumwolle-seil-waschesammler-stabil-und-haltbar-mit-griff-fur-wohnzimmer-kinderzimmer-badzimmer-40-liter\/#primaryimage\"},\"image\":{\"@id\":\"https:\/\/topchoicetrends.com\/de\/product\/la-jolie-muse-aufbewahrungskorb-waschekorb-aus-baumwolle-seil-waschesammler-stabil-und-haltbar-mit-griff-fur-wohnzimmer-kinderzimmer-badzimmer-40-liter\/#primaryimage\"},\"thumbnailUrl\":\"https:\/\/m.media-amazon.com\/images\/I\/41w1c2o4MBL.jpg\",\"datePublished\":\"2026-02-09T18:50:52+00:00\",\"description\":\"Entdecke bei TopChoiceTrends gepr\u00fcfte Bestseller, Trendprodukte und starke Angebote aus vielen Kategorien. Smart vergleichen, besser kaufen \u2013 alles \u00fcber Amazon Deutschland.\",\"breadcrumb\":{\"@id\":\"https:\/\/topchoicetrends.com\/de\/product\/la-jolie-muse-aufbewahrungskorb-waschekorb-aus-baumwolle-seil-waschesammler-stabil-und-haltbar-mit-griff-fur-wohnzimmer-kinderzimmer-badzimmer-40-liter\/#breadcrumb\"},\"inLanguage\":\"de\",\"potentialAction\":[{\"@type\":\"ReadAction\",\"target\":[\"https:\/\/topchoicetrends.com\/de\/product\/la-jolie-muse-aufbewahrungskorb-waschekorb-aus-baumwolle-seil-waschesammler-stabil-und-haltbar-mit-griff-fur-wohnzimmer-kinderzimmer-badzimmer-40-liter\/\"]}]},{\"@type\":\"ImageObject\",\"inLanguage\":\"de\",\"@id\":\"https:\/\/topchoicetrends.com\/de\/product\/la-jolie-muse-aufbewahrungskorb-waschekorb-aus-baumwolle-seil-waschesammler-stabil-und-haltbar-mit-griff-fur-wohnzimmer-kinderzimmer-badzimmer-40-liter\/#primaryimage\",\"url\":\"https:\/\/m.media-amazon.com\/images\/I\/41w1c2o4MBL.jpg\",\"contentUrl\":\"https:\/\/m.media-amazon.com\/images\/I\/41w1c2o4MBL.jpg\",\"width\":500,\"height\":500},{\"@type\":\"BreadcrumbList\",\"@id\":\"https:\/\/topchoicetrends.com\/de\/product\/la-jolie-muse-aufbewahrungskorb-waschekorb-aus-baumwolle-seil-waschesammler-stabil-und-haltbar-mit-griff-fur-wohnzimmer-kinderzimmer-badzimmer-40-liter\/#breadcrumb\",\"itemListElement\":[{\"@type\":\"ListItem\",\"position\":1,\"name\":\"Home\",\"item\":\"https:\/\/topchoicetrends.com\/de\/\"},{\"@type\":\"ListItem\",\"position\":2,\"name\":\"Shop\",\"item\":\"https:\/\/topchoicetrends.com\/de\/shop\/\"},{\"@type\":\"ListItem\",\"position\":3,\"name\":\"La Jol\u00c3\u00ade Muse Aufbewahrungskorb W\u00c3\u00a4schekorb aus Baumwolle Seil, W\u00c3\u00a4schesammler, Stabil und Haltbar, mit Griff, F\u00c3\u00bcr Wohnzimmer Kinderzimmer Badzimmer 40 Liter\"}]},{\"@type\":\"WebSite\",\"@id\":\"https:\/\/topchoicetrends.com\/de\/#website\",\"url\":\"https:\/\/topchoicetrends.com\/de\/\",\"name\":\"TopChoiceTrends\",\"description\":\"Beste Produktfunde, Bestseller &amp; Top-Angebote online entdecken\",\"publisher\":{\"@id\":\"https:\/\/topchoicetrends.com\/de\/#organization\"},\"potentialAction\":[{\"@type\":\"SearchAction\",\"target\":{\"@type\":\"EntryPoint\",\"urlTemplate\":\"https:\/\/topchoicetrends.com\/de\/?s={search_term_string}\"},\"query-input\":{\"@type\":\"PropertyValueSpecification\",\"valueRequired\":true,\"valueName\":\"search_term_string\"}}],\"inLanguage\":\"de\"},{\"@type\":\"Organization\",\"@id\":\"https:\/\/topchoicetrends.com\/de\/#organization\",\"name\":\"TopChoiceTrends\",\"url\":\"https:\/\/topchoicetrends.com\/de\/\",\"logo\":{\"@type\":\"ImageObject\",\"inLanguage\":\"de\",\"@id\":\"https:\/\/topchoicetrends.com\/de\/#\/schema\/logo\/image\/\",\"url\":\"https:\/\/topchoicetrends.com\/de\/wp-content\/uploads\/2026\/03\/Screenshot_2025-10-09_at_8.21.29_AM-removebg-preview-2.png\",\"contentUrl\":\"https:\/\/topchoicetrends.com\/de\/wp-content\/uploads\/2026\/03\/Screenshot_2025-10-09_at_8.21.29_AM-removebg-preview-2.png\",\"width\":936,\"height\":267,\"caption\":\"TopChoiceTrends\"},\"image\":{\"@id\":\"https:\/\/topchoicetrends.com\/de\/#\/schema\/logo\/image\/\"}}]}<\/script>\n<!-- \/ Yoast SEO plugin. -->","yoast_head_json":{"title":"La Jol\u00c3\u00ade Muse Aufbewahrungskorb W\u00c3\u00a4schekorb aus Baumwolle Seil, W\u00c3\u00a4schesammler, Stabil und Haltbar, mit Griff, F\u00c3\u00bcr Wohnzimmer Kinderzimmer Badzimmer 40 Liter - TopChoiceTrends","description":"Entdecke bei TopChoiceTrends gepr\u00fcfte Bestseller, Trendprodukte und starke Angebote aus vielen Kategorien. Smart vergleichen, besser kaufen \u2013 alles \u00fcber Amazon Deutschland.","robots":{"index":"index","follow":"follow","max-snippet":"max-snippet:-1","max-image-preview":"max-image-preview:large","max-video-preview":"max-video-preview:-1"},"canonical":"https:\/\/topchoicetrends.com\/de\/product\/la-jolie-muse-aufbewahrungskorb-waschekorb-aus-baumwolle-seil-waschesammler-stabil-und-haltbar-mit-griff-fur-wohnzimmer-kinderzimmer-badzimmer-40-liter\/","og_locale":"de_DE","og_type":"article","og_title":"La Jol\u00c3\u00ade Muse Aufbewahrungskorb W\u00c3\u00a4schekorb aus Baumwolle Seil, W\u00c3\u00a4schesammler, Stabil und Haltbar, mit Griff, F\u00c3\u00bcr Wohnzimmer Kinderzimmer Badzimmer 40 Liter - TopChoiceTrends","og_description":"Entdecke bei TopChoiceTrends gepr\u00fcfte Bestseller, Trendprodukte und starke Angebote aus vielen Kategorien. Smart vergleichen, besser kaufen \u2013 alles \u00fcber Amazon Deutschland.","og_url":"https:\/\/topchoicetrends.com\/de\/product\/la-jolie-muse-aufbewahrungskorb-waschekorb-aus-baumwolle-seil-waschesammler-stabil-und-haltbar-mit-griff-fur-wohnzimmer-kinderzimmer-badzimmer-40-liter\/","og_site_name":"TopChoiceTrends","og_image":[{"width":500,"height":500,"url":"https:\/\/m.media-amazon.com\/images\/I\/41w1c2o4MBL.jpg","type":"image\/jpeg"}],"twitter_card":"summary_large_image","twitter_misc":{"Gesch\u00e4tzte Lesezeit":"1\u00a0Minute"},"schema":{"@context":"https:\/\/schema.org","@graph":[{"@type":"WebPage","@id":"https:\/\/topchoicetrends.com\/de\/product\/la-jolie-muse-aufbewahrungskorb-waschekorb-aus-baumwolle-seil-waschesammler-stabil-und-haltbar-mit-griff-fur-wohnzimmer-kinderzimmer-badzimmer-40-liter\/","url":"https:\/\/topchoicetrends.com\/de\/product\/la-jolie-muse-aufbewahrungskorb-waschekorb-aus-baumwolle-seil-waschesammler-stabil-und-haltbar-mit-griff-fur-wohnzimmer-kinderzimmer-badzimmer-40-liter\/","name":"La Jol\u00c3\u00ade Muse Aufbewahrungskorb W\u00c3\u00a4schekorb aus Baumwolle Seil, W\u00c3\u00a4schesammler, Stabil und Haltbar, mit Griff, F\u00c3\u00bcr Wohnzimmer Kinderzimmer Badzimmer 40 Liter - TopChoiceTrends","isPartOf":{"@id":"https:\/\/topchoicetrends.com\/de\/#website"},"primaryImageOfPage":{"@id":"https:\/\/topchoicetrends.com\/de\/product\/la-jolie-muse-aufbewahrungskorb-waschekorb-aus-baumwolle-seil-waschesammler-stabil-und-haltbar-mit-griff-fur-wohnzimmer-kinderzimmer-badzimmer-40-liter\/#primaryimage"},"image":{"@id":"https:\/\/topchoicetrends.com\/de\/product\/la-jolie-muse-aufbewahrungskorb-waschekorb-aus-baumwolle-seil-waschesammler-stabil-und-haltbar-mit-griff-fur-wohnzimmer-kinderzimmer-badzimmer-40-liter\/#primaryimage"},"thumbnailUrl":"https:\/\/m.media-amazon.com\/images\/I\/41w1c2o4MBL.jpg","datePublished":"2026-02-09T18:50:52+00:00","description":"Entdecke bei TopChoiceTrends gepr\u00fcfte Bestseller, Trendprodukte und starke Angebote aus vielen Kategorien. Smart vergleichen, besser kaufen \u2013 alles \u00fcber Amazon Deutschland.","breadcrumb":{"@id":"https:\/\/topchoicetrends.com\/de\/product\/la-jolie-muse-aufbewahrungskorb-waschekorb-aus-baumwolle-seil-waschesammler-stabil-und-haltbar-mit-griff-fur-wohnzimmer-kinderzimmer-badzimmer-40-liter\/#breadcrumb"},"inLanguage":"de","potentialAction":[{"@type":"ReadAction","target":["https:\/\/topchoicetrends.com\/de\/product\/la-jolie-muse-aufbewahrungskorb-waschekorb-aus-baumwolle-seil-waschesammler-stabil-und-haltbar-mit-griff-fur-wohnzimmer-kinderzimmer-badzimmer-40-liter\/"]}]},{"@type":"ImageObject","inLanguage":"de","@id":"https:\/\/topchoicetrends.com\/de\/product\/la-jolie-muse-aufbewahrungskorb-waschekorb-aus-baumwolle-seil-waschesammler-stabil-und-haltbar-mit-griff-fur-wohnzimmer-kinderzimmer-badzimmer-40-liter\/#primaryimage","url":"https:\/\/m.media-amazon.com\/images\/I\/41w1c2o4MBL.jpg","contentUrl":"https:\/\/m.media-amazon.com\/images\/I\/41w1c2o4MBL.jpg","width":500,"height":500},{"@type":"BreadcrumbList","@id":"https:\/\/topchoicetrends.com\/de\/product\/la-jolie-muse-aufbewahrungskorb-waschekorb-aus-baumwolle-seil-waschesammler-stabil-und-haltbar-mit-griff-fur-wohnzimmer-kinderzimmer-badzimmer-40-liter\/#breadcrumb","itemListElement":[{"@type":"ListItem","position":1,"name":"Home","item":"https:\/\/topchoicetrends.com\/de\/"},{"@type":"ListItem","position":2,"name":"Shop","item":"https:\/\/topchoicetrends.com\/de\/shop\/"},{"@type":"ListItem","position":3,"name":"La Jol\u00c3\u00ade Muse Aufbewahrungskorb W\u00c3\u00a4schekorb aus Baumwolle Seil, W\u00c3\u00a4schesammler, Stabil und Haltbar, mit Griff, F\u00c3\u00bcr Wohnzimmer Kinderzimmer Badzimmer 40 Liter"}]},{"@type":"WebSite","@id":"https:\/\/topchoicetrends.com\/de\/#website","url":"https:\/\/topchoicetrends.com\/de\/","name":"TopChoiceTrends","description":"Beste Produktfunde, Bestseller &amp; Top-Angebote online entdecken","publisher":{"@id":"https:\/\/topchoicetrends.com\/de\/#organization"},"potentialAction":[{"@type":"SearchAction","target":{"@type":"EntryPoint","urlTemplate":"https:\/\/topchoicetrends.com\/de\/?s={search_term_string}"},"query-input":{"@type":"PropertyValueSpecification","valueRequired":true,"valueName":"search_term_string"}}],"inLanguage":"de"},{"@type":"Organization","@id":"https:\/\/topchoicetrends.com\/de\/#organization","name":"TopChoiceTrends","url":"https:\/\/topchoicetrends.com\/de\/","logo":{"@type":"ImageObject","inLanguage":"de","@id":"https:\/\/topchoicetrends.com\/de\/#\/schema\/logo\/image\/","url":"https:\/\/topchoicetrends.com\/de\/wp-content\/uploads\/2026\/03\/Screenshot_2025-10-09_at_8.21.29_AM-removebg-preview-2.png","contentUrl":"https:\/\/topchoicetrends.com\/de\/wp-content\/uploads\/2026\/03\/Screenshot_2025-10-09_at_8.21.29_AM-removebg-preview-2.png","width":936,"height":267,"caption":"TopChoiceTrends"},"image":{"@id":"https:\/\/topchoicetrends.com\/de\/#\/schema\/logo\/image\/"}}]}},"_links":{"self":[{"href":"https:\/\/topchoicetrends.com\/de\/wp-json\/wp\/v2\/product\/604","targetHints":{"allow":["GET"]}}],"collection":[{"href":"https:\/\/topchoicetrends.com\/de\/wp-json\/wp\/v2\/product"}],"about":[{"href":"https:\/\/topchoicetrends.com\/de\/wp-json\/wp\/v2\/types\/product"}],"replies":[{"embeddable":true,"href":"https:\/\/topchoicetrends.com\/de\/wp-json\/wp\/v2\/comments?post=604"}],"wp:featuredmedia":[{"embeddable":true,"href":"https:\/\/topchoicetrends.com\/de\/wp-json\/wp\/v2\/media\/605"}],"wp:attachment":[{"href":"https:\/\/topchoicetrends.com\/de\/wp-json\/wp\/v2\/media?parent=604"}],"wp:term":[{"taxonomy":"store","embeddable":true,"href":"https:\/\/topchoicetrends.com\/de\/wp-json\/wp\/v2\/store?post=604"},{"taxonomy":"product_brand","embeddable":true,"href":"https:\/\/topchoicetrends.com\/de\/wp-json\/wp\/v2\/product_brand?post=604"},{"taxonomy":"product_cat","embeddable":true,"href":"https:\/\/topchoicetrends.com\/de\/wp-json\/wp\/v2\/product_cat?post=604"},{"taxonomy":"product_tag","embeddable":true,"href":"https:\/\/topchoicetrends.com\/de\/wp-json\/wp\/v2\/product_tag?post=604"}],"curies":[{"name":"wp","href":"https:\/\/api.w.org\/{rel}","templated":true}]}}