{"id":5158,"date":"2026-02-09T18:58:43","date_gmt":"2026-02-09T18:58:43","guid":{"rendered":"https:\/\/topchoicetrends.com\/de\/product\/hangematte-outdoor-camping-hangematte-mit-moskitonetz-ultraleicht-tragbare-reisehangematte-bis-200kg-reise-waldhangematte-xxl-270x140cm\/"},"modified":"2024-10-30T12:25:00","modified_gmt":"2024-10-30T12:25:00","slug":"hangematte-outdoor-camping-hangematte-mit-moskitonetz-ultraleicht-tragbare-reisehangematte-bis-200kg-reise-waldhangematte-xxl-270x140cm","status":"publish","type":"product","link":"https:\/\/topchoicetrends.com\/de\/product\/hangematte-outdoor-camping-hangematte-mit-moskitonetz-ultraleicht-tragbare-reisehangematte-bis-200kg-reise-waldhangematte-xxl-270x140cm\/","title":{"rendered":"H\u00e4ngematte Outdoor &#8211; Camping..."},"content":{"rendered":"<p><!-- show up to 2 reviews by default --> <\/p>\n<p> <span>Robuste und bequeme Khaki-H\u00e4ngematte f\u00fcr entspannende Auszeiten im Freien Genie\u00dfen Sie die Freiheit und Entspannung in dieser hochwertigen H\u00e4ngematte in trendiger Khaki-Farbe. Die strapazierf\u00e4hige, wasserfeste Konstruktion aus hochwertigem Nylon macht diese H\u00e4ngematte perfekt f\u00fcr den Einsatz im Freien &#8211; egal ob in Ihrem Garten, auf Reisen oder beim Tenting. Mit einer Tragf\u00e4higkeit von bis zu 200 kg bietet diese H\u00e4ngematte Platz f\u00fcr eine oder zwei Personen zum Entspannen, Lesen oder einfach nur f\u00fcr einen gem\u00fctlichen Mittagsschlaf in der Natur. Die speziell entwickelten Aufh\u00e4ngungsseile sorgen f\u00fcr einen sicheren und bequemen Sitz. Dank ihrer kompakten Gr\u00f6\u00dfe von l\u00e4sst sich die H\u00e4ngematte platzsparend verstauen und einfach \u00fcberallhin mitnehmen. Ob zum Relaxen in der Mittagspause, f\u00fcr gem\u00fctliche Stunden in Ihrem Garten oder als perfekte Erg\u00e4nzung f\u00fcr Ihre n\u00e4chste Tenting-Tour &#8211; diese robuste H\u00e4ngematte in Khaki ist ein echter Allrounder f\u00fcr unterwegs. Erleben Sie pure Entspannung in der Natur mit dieser vielseitigen und bequemen H\u00e4ngematte. Bestellen Sie jetzt und genie\u00dfen Sie unbeschwerte Auszeiten im Freien<\/span> <\/p>\n<p>Mit einer Gr\u00f6\u00dfe von 140 x 270 cm und einer beeindruckenden Tragkraft von bis zu 200 kg bietet sie bequemen Platz f\u00fcr und ist damit der ideale Begleiter f\u00fcr Ihre Reise im Wohnmobil, entspannende Tenting-Abenteuer oder einen gem\u00fctlichen Tag im Garten<br \/>\nDank der leichten und robusten ist diese H\u00e4ngematte nicht nur extrem strapazierf\u00e4hig, sondern l\u00e4sst sich auch platzsparend in Ihrer Survival-Ausr\u00fcstung oder Ihren Wander-Devices verstauen. So haben Sie Ihren Ort der Entspannung immer griffbereit, egal ob beim \u00dcberleben in der Wildnis, auf Ihrem n\u00e4chsten Tenting-Journey oder auf Reisen im Wohnmobil<br \/>\nDie einfache Befestigung mit hochwertigen Karabinerhaken erm\u00f6glicht Ihnen einen schnellen und unkomplizierten Aufbau &#8211; egal ob an B\u00e4umen, W\u00e4nden oder Ihrem Tenting-Gadget. Sobald Ihre H\u00e4ngematte h\u00e4ngt, k\u00f6nnen Sie sich sofort in Ihren gem\u00fctlichen H\u00e4ngesessel kuscheln und die Seele baumeln lassen<br \/>\nDank der wetterfesten und UV-best\u00e4ndigen Ausf\u00fchrung k\u00f6nnen Sie diese H\u00e4ngematte das ganze Jahr \u00fcber nutzen. Ob Sonnentage im Garten, gem\u00fctliche Regentage im Wohnmobil oder abenteuerliche Tenting-N\u00e4chte &#8211; sie bietet Ihnen jederzeit ein H\u00f6chstma\u00df an Komfort und Entspannung<br \/>\nEntfliehen Sie dem stressigen Alltag, kuscheln Sie sich ein und genie\u00dfen Sie pure Entspannung &#8211; egal ob auf Ihrem n\u00e4chsten Abenteuertrip, beim Tenting oder einfach zuhause im Garten. Diese H\u00e4ngematte ist Ihr perfekter Begleiter f\u00fcr einen Second der Ruhe inmitten des hektischen Lebens<br \/>\n<div class=\"main-cross-sell\" data-asin=\"B0CRHJPJ5V\">\n\n\t<div class=\"WooZone-cross-sell-loader\">\n\t\t<div>\n\t\t\t<div id=\"floatingBarsG\">\n\t\t\t\t<div class=\"blockG\" id=\"rotateG_01\"><\/div>\n\t\t\t\t<div class=\"blockG\" id=\"rotateG_02\"><\/div>\n\t\t\t\t<div class=\"blockG\" id=\"rotateG_03\"><\/div>\n\t\t\t\t<div class=\"blockG\" id=\"rotateG_04\"><\/div>\n\t\t\t\t<div class=\"blockG\" id=\"rotateG_05\"><\/div>\n\t\t\t\t<div class=\"blockG\" id=\"rotateG_06\"><\/div>\n\t\t\t\t<div class=\"blockG\" id=\"rotateG_07\"><\/div>\n\t\t\t\t<div class=\"blockG\" id=\"rotateG_08\"><\/div>\n\t\t\t<\/div>\n\t\t\t<div class=\"WooZone-cross-sell-loader-text\"><\/div>\n\t\t<\/div>\n\t<\/div>\n\n\t\t\n<\/div>\n<div style=\"clear:both;\"><\/div><\/p>\n","protected":false},"excerpt":{"rendered":"<p>Mit einer Gr\u00f6\u00dfe von 140 x 270 cm und einer beeindruckenden Tragkraft von bis zu 200 kg bietet sie bequemen Platz f\u00fcr und ist damit der ideale Begleiter f\u00fcr Ihre Reise im Wohnmobil, entspannende Camping-Abenteuer oder einen gem\u00fctlichen Tag im Garten<br \/>\nDank der leichten und robusten ist diese H\u00e4ngematte nicht nur extrem strapazierf\u00e4hig, sondern l\u00e4sst sich auch platzsparend in Ihrer Survival-Ausr\u00fcstung oder Ihren Wander-Gadgets verstauen. So haben Sie Ihren Ort der Entspannung immer griffbereit, egal ob beim \u00dcberleben in der Wildnis, auf Ihrem n\u00e4chsten Camping-Trip oder auf Reisen im Wohnmobil<br \/>\nDie einfache Befestigung mit hochwertigen Karabinerhaken erm\u00f6glicht Ihnen einen schnellen und unkomplizierten Aufbau &#8211; egal ob an B\u00e4umen, W\u00e4nden oder Ihrem Camping-Gadget. Sobald Ihre H\u00e4ngematte h\u00e4ngt, k\u00f6nnen Sie sich sofort in Ihren gem\u00fctlichen H\u00e4ngesessel kuscheln und die Seele baumeln lassen<\/p>\n","protected":false},"featured_media":5159,"comment_status":"open","ping_status":"closed","template":"","meta":{"_aipt_faq_data":""},"store":[],"product_brand":[],"product_cat":[28,46],"product_tag":[],"class_list":{"0":"post-5158","1":"product","2":"type-product","3":"status-publish","4":"has-post-thumbnail","6":"product_cat-trending","7":"product_cat-tiktok-trendy-finds","8":"pa_brand-visit-the-expeditionera-store","10":"first","11":"instock","12":"sale","13":"shipping-taxable","14":"product-type-external"},"yoast_head":"<!-- This site is optimized with the Yoast SEO plugin v27.1.1 - https:\/\/yoast.com\/product\/yoast-seo-wordpress\/ -->\n<title>H\u00e4ngematte Outdoor - Camping H\u00e4ngematte mit Moskitonetz - Ultraleicht Tragbare Reiseh\u00e4ngematte bis 200kg - Reise Waldh\u00e4ngematte XXL 270x140cm - TopChoiceTrends<\/title>\n<meta name=\"description\" content=\"Entdecke bei TopChoiceTrends gepr\u00fcfte Bestseller, Trendprodukte und starke Angebote aus vielen Kategorien. Smart vergleichen, besser kaufen \u2013 alles \u00fcber Amazon Deutschland.\" \/>\n<meta name=\"robots\" content=\"index, follow, max-snippet:-1, max-image-preview:large, max-video-preview:-1\" \/>\n<link rel=\"canonical\" href=\"https:\/\/topchoicetrends.com\/de\/product\/hangematte-outdoor-camping-hangematte-mit-moskitonetz-ultraleicht-tragbare-reisehangematte-bis-200kg-reise-waldhangematte-xxl-270x140cm\/\" \/>\n<meta property=\"og:locale\" content=\"de_DE\" \/>\n<meta property=\"og:type\" content=\"article\" \/>\n<meta property=\"og:title\" content=\"H\u00e4ngematte Outdoor - Camping H\u00e4ngematte mit Moskitonetz - Ultraleicht Tragbare Reiseh\u00e4ngematte bis 200kg - Reise Waldh\u00e4ngematte XXL 270x140cm - TopChoiceTrends\" \/>\n<meta property=\"og:description\" content=\"Entdecke bei TopChoiceTrends gepr\u00fcfte Bestseller, Trendprodukte und starke Angebote aus vielen Kategorien. Smart vergleichen, besser kaufen \u2013 alles \u00fcber Amazon Deutschland.\" \/>\n<meta property=\"og:url\" content=\"https:\/\/topchoicetrends.com\/de\/product\/hangematte-outdoor-camping-hangematte-mit-moskitonetz-ultraleicht-tragbare-reisehangematte-bis-200kg-reise-waldhangematte-xxl-270x140cm\/\" \/>\n<meta property=\"og:site_name\" content=\"TopChoiceTrends\" \/>\n<meta property=\"og:image\" content=\"https:\/\/m.media-amazon.com\/images\/I\/51IuIhNnrpL.jpg\" \/>\n\t<meta property=\"og:image:width\" content=\"500\" \/>\n\t<meta property=\"og:image:height\" content=\"500\" \/>\n\t<meta property=\"og:image:type\" content=\"image\/jpeg\" \/>\n<meta name=\"twitter:card\" content=\"summary_large_image\" \/>\n<meta name=\"twitter:label1\" content=\"Gesch\u00e4tzte Lesezeit\" \/>\n\t<meta name=\"twitter:data1\" content=\"2\u00a0Minuten\" \/>\n<script type=\"application\/ld+json\" class=\"yoast-schema-graph\">{\"@context\":\"https:\/\/schema.org\",\"@graph\":[{\"@type\":\"WebPage\",\"@id\":\"https:\/\/topchoicetrends.com\/de\/product\/hangematte-outdoor-camping-hangematte-mit-moskitonetz-ultraleicht-tragbare-reisehangematte-bis-200kg-reise-waldhangematte-xxl-270x140cm\/\",\"url\":\"https:\/\/topchoicetrends.com\/de\/product\/hangematte-outdoor-camping-hangematte-mit-moskitonetz-ultraleicht-tragbare-reisehangematte-bis-200kg-reise-waldhangematte-xxl-270x140cm\/\",\"name\":\"H\u00e4ngematte Outdoor - Camping H\u00e4ngematte mit Moskitonetz - Ultraleicht Tragbare Reiseh\u00e4ngematte bis 200kg - Reise Waldh\u00e4ngematte XXL 270x140cm - TopChoiceTrends\",\"isPartOf\":{\"@id\":\"https:\/\/topchoicetrends.com\/de\/#website\"},\"primaryImageOfPage\":{\"@id\":\"https:\/\/topchoicetrends.com\/de\/product\/hangematte-outdoor-camping-hangematte-mit-moskitonetz-ultraleicht-tragbare-reisehangematte-bis-200kg-reise-waldhangematte-xxl-270x140cm\/#primaryimage\"},\"image\":{\"@id\":\"https:\/\/topchoicetrends.com\/de\/product\/hangematte-outdoor-camping-hangematte-mit-moskitonetz-ultraleicht-tragbare-reisehangematte-bis-200kg-reise-waldhangematte-xxl-270x140cm\/#primaryimage\"},\"thumbnailUrl\":\"https:\/\/m.media-amazon.com\/images\/I\/51IuIhNnrpL.jpg\",\"datePublished\":\"2026-02-09T18:58:43+00:00\",\"description\":\"Entdecke bei TopChoiceTrends gepr\u00fcfte Bestseller, Trendprodukte und starke Angebote aus vielen Kategorien. Smart vergleichen, besser kaufen \u2013 alles \u00fcber Amazon Deutschland.\",\"breadcrumb\":{\"@id\":\"https:\/\/topchoicetrends.com\/de\/product\/hangematte-outdoor-camping-hangematte-mit-moskitonetz-ultraleicht-tragbare-reisehangematte-bis-200kg-reise-waldhangematte-xxl-270x140cm\/#breadcrumb\"},\"inLanguage\":\"de\",\"potentialAction\":[{\"@type\":\"ReadAction\",\"target\":[\"https:\/\/topchoicetrends.com\/de\/product\/hangematte-outdoor-camping-hangematte-mit-moskitonetz-ultraleicht-tragbare-reisehangematte-bis-200kg-reise-waldhangematte-xxl-270x140cm\/\"]}]},{\"@type\":\"ImageObject\",\"inLanguage\":\"de\",\"@id\":\"https:\/\/topchoicetrends.com\/de\/product\/hangematte-outdoor-camping-hangematte-mit-moskitonetz-ultraleicht-tragbare-reisehangematte-bis-200kg-reise-waldhangematte-xxl-270x140cm\/#primaryimage\",\"url\":\"https:\/\/m.media-amazon.com\/images\/I\/51IuIhNnrpL.jpg\",\"contentUrl\":\"https:\/\/m.media-amazon.com\/images\/I\/51IuIhNnrpL.jpg\",\"width\":500,\"height\":500},{\"@type\":\"BreadcrumbList\",\"@id\":\"https:\/\/topchoicetrends.com\/de\/product\/hangematte-outdoor-camping-hangematte-mit-moskitonetz-ultraleicht-tragbare-reisehangematte-bis-200kg-reise-waldhangematte-xxl-270x140cm\/#breadcrumb\",\"itemListElement\":[{\"@type\":\"ListItem\",\"position\":1,\"name\":\"Home\",\"item\":\"https:\/\/topchoicetrends.com\/de\/\"},{\"@type\":\"ListItem\",\"position\":2,\"name\":\"Shop\",\"item\":\"https:\/\/topchoicetrends.com\/de\/shop\/\"},{\"@type\":\"ListItem\",\"position\":3,\"name\":\"H\u00e4ngematte Outdoor &#8211; Camping H\u00e4ngematte mit Moskitonetz &#8211; Ultraleicht Tragbare Reiseh\u00e4ngematte bis 200kg &#8211; Reise Waldh\u00e4ngematte XXL 270x140cm\"}]},{\"@type\":\"WebSite\",\"@id\":\"https:\/\/topchoicetrends.com\/de\/#website\",\"url\":\"https:\/\/topchoicetrends.com\/de\/\",\"name\":\"TopChoiceTrends\",\"description\":\"Beste Produktfunde, Bestseller &amp; Top-Angebote online entdecken\",\"publisher\":{\"@id\":\"https:\/\/topchoicetrends.com\/de\/#organization\"},\"potentialAction\":[{\"@type\":\"SearchAction\",\"target\":{\"@type\":\"EntryPoint\",\"urlTemplate\":\"https:\/\/topchoicetrends.com\/de\/?s={search_term_string}\"},\"query-input\":{\"@type\":\"PropertyValueSpecification\",\"valueRequired\":true,\"valueName\":\"search_term_string\"}}],\"inLanguage\":\"de\"},{\"@type\":\"Organization\",\"@id\":\"https:\/\/topchoicetrends.com\/de\/#organization\",\"name\":\"TopChoiceTrends\",\"url\":\"https:\/\/topchoicetrends.com\/de\/\",\"logo\":{\"@type\":\"ImageObject\",\"inLanguage\":\"de\",\"@id\":\"https:\/\/topchoicetrends.com\/de\/#\/schema\/logo\/image\/\",\"url\":\"https:\/\/topchoicetrends.com\/de\/wp-content\/uploads\/2026\/03\/Screenshot_2025-10-09_at_8.21.29_AM-removebg-preview-2.png\",\"contentUrl\":\"https:\/\/topchoicetrends.com\/de\/wp-content\/uploads\/2026\/03\/Screenshot_2025-10-09_at_8.21.29_AM-removebg-preview-2.png\",\"width\":936,\"height\":267,\"caption\":\"TopChoiceTrends\"},\"image\":{\"@id\":\"https:\/\/topchoicetrends.com\/de\/#\/schema\/logo\/image\/\"}}]}<\/script>\n<!-- \/ Yoast SEO plugin. -->","yoast_head_json":{"title":"H\u00e4ngematte Outdoor - Camping H\u00e4ngematte mit Moskitonetz - Ultraleicht Tragbare Reiseh\u00e4ngematte bis 200kg - Reise Waldh\u00e4ngematte XXL 270x140cm - TopChoiceTrends","description":"Entdecke bei TopChoiceTrends gepr\u00fcfte Bestseller, Trendprodukte und starke Angebote aus vielen Kategorien. Smart vergleichen, besser kaufen \u2013 alles \u00fcber Amazon Deutschland.","robots":{"index":"index","follow":"follow","max-snippet":"max-snippet:-1","max-image-preview":"max-image-preview:large","max-video-preview":"max-video-preview:-1"},"canonical":"https:\/\/topchoicetrends.com\/de\/product\/hangematte-outdoor-camping-hangematte-mit-moskitonetz-ultraleicht-tragbare-reisehangematte-bis-200kg-reise-waldhangematte-xxl-270x140cm\/","og_locale":"de_DE","og_type":"article","og_title":"H\u00e4ngematte Outdoor - Camping H\u00e4ngematte mit Moskitonetz - Ultraleicht Tragbare Reiseh\u00e4ngematte bis 200kg - Reise Waldh\u00e4ngematte XXL 270x140cm - TopChoiceTrends","og_description":"Entdecke bei TopChoiceTrends gepr\u00fcfte Bestseller, Trendprodukte und starke Angebote aus vielen Kategorien. Smart vergleichen, besser kaufen \u2013 alles \u00fcber Amazon Deutschland.","og_url":"https:\/\/topchoicetrends.com\/de\/product\/hangematte-outdoor-camping-hangematte-mit-moskitonetz-ultraleicht-tragbare-reisehangematte-bis-200kg-reise-waldhangematte-xxl-270x140cm\/","og_site_name":"TopChoiceTrends","og_image":[{"width":500,"height":500,"url":"https:\/\/m.media-amazon.com\/images\/I\/51IuIhNnrpL.jpg","type":"image\/jpeg"}],"twitter_card":"summary_large_image","twitter_misc":{"Gesch\u00e4tzte Lesezeit":"2\u00a0Minuten"},"schema":{"@context":"https:\/\/schema.org","@graph":[{"@type":"WebPage","@id":"https:\/\/topchoicetrends.com\/de\/product\/hangematte-outdoor-camping-hangematte-mit-moskitonetz-ultraleicht-tragbare-reisehangematte-bis-200kg-reise-waldhangematte-xxl-270x140cm\/","url":"https:\/\/topchoicetrends.com\/de\/product\/hangematte-outdoor-camping-hangematte-mit-moskitonetz-ultraleicht-tragbare-reisehangematte-bis-200kg-reise-waldhangematte-xxl-270x140cm\/","name":"H\u00e4ngematte Outdoor - Camping H\u00e4ngematte mit Moskitonetz - Ultraleicht Tragbare Reiseh\u00e4ngematte bis 200kg - Reise Waldh\u00e4ngematte XXL 270x140cm - TopChoiceTrends","isPartOf":{"@id":"https:\/\/topchoicetrends.com\/de\/#website"},"primaryImageOfPage":{"@id":"https:\/\/topchoicetrends.com\/de\/product\/hangematte-outdoor-camping-hangematte-mit-moskitonetz-ultraleicht-tragbare-reisehangematte-bis-200kg-reise-waldhangematte-xxl-270x140cm\/#primaryimage"},"image":{"@id":"https:\/\/topchoicetrends.com\/de\/product\/hangematte-outdoor-camping-hangematte-mit-moskitonetz-ultraleicht-tragbare-reisehangematte-bis-200kg-reise-waldhangematte-xxl-270x140cm\/#primaryimage"},"thumbnailUrl":"https:\/\/m.media-amazon.com\/images\/I\/51IuIhNnrpL.jpg","datePublished":"2026-02-09T18:58:43+00:00","description":"Entdecke bei TopChoiceTrends gepr\u00fcfte Bestseller, Trendprodukte und starke Angebote aus vielen Kategorien. Smart vergleichen, besser kaufen \u2013 alles \u00fcber Amazon Deutschland.","breadcrumb":{"@id":"https:\/\/topchoicetrends.com\/de\/product\/hangematte-outdoor-camping-hangematte-mit-moskitonetz-ultraleicht-tragbare-reisehangematte-bis-200kg-reise-waldhangematte-xxl-270x140cm\/#breadcrumb"},"inLanguage":"de","potentialAction":[{"@type":"ReadAction","target":["https:\/\/topchoicetrends.com\/de\/product\/hangematte-outdoor-camping-hangematte-mit-moskitonetz-ultraleicht-tragbare-reisehangematte-bis-200kg-reise-waldhangematte-xxl-270x140cm\/"]}]},{"@type":"ImageObject","inLanguage":"de","@id":"https:\/\/topchoicetrends.com\/de\/product\/hangematte-outdoor-camping-hangematte-mit-moskitonetz-ultraleicht-tragbare-reisehangematte-bis-200kg-reise-waldhangematte-xxl-270x140cm\/#primaryimage","url":"https:\/\/m.media-amazon.com\/images\/I\/51IuIhNnrpL.jpg","contentUrl":"https:\/\/m.media-amazon.com\/images\/I\/51IuIhNnrpL.jpg","width":500,"height":500},{"@type":"BreadcrumbList","@id":"https:\/\/topchoicetrends.com\/de\/product\/hangematte-outdoor-camping-hangematte-mit-moskitonetz-ultraleicht-tragbare-reisehangematte-bis-200kg-reise-waldhangematte-xxl-270x140cm\/#breadcrumb","itemListElement":[{"@type":"ListItem","position":1,"name":"Home","item":"https:\/\/topchoicetrends.com\/de\/"},{"@type":"ListItem","position":2,"name":"Shop","item":"https:\/\/topchoicetrends.com\/de\/shop\/"},{"@type":"ListItem","position":3,"name":"H\u00e4ngematte Outdoor &#8211; Camping H\u00e4ngematte mit Moskitonetz &#8211; Ultraleicht Tragbare Reiseh\u00e4ngematte bis 200kg &#8211; Reise Waldh\u00e4ngematte XXL 270x140cm"}]},{"@type":"WebSite","@id":"https:\/\/topchoicetrends.com\/de\/#website","url":"https:\/\/topchoicetrends.com\/de\/","name":"TopChoiceTrends","description":"Beste Produktfunde, Bestseller &amp; Top-Angebote online entdecken","publisher":{"@id":"https:\/\/topchoicetrends.com\/de\/#organization"},"potentialAction":[{"@type":"SearchAction","target":{"@type":"EntryPoint","urlTemplate":"https:\/\/topchoicetrends.com\/de\/?s={search_term_string}"},"query-input":{"@type":"PropertyValueSpecification","valueRequired":true,"valueName":"search_term_string"}}],"inLanguage":"de"},{"@type":"Organization","@id":"https:\/\/topchoicetrends.com\/de\/#organization","name":"TopChoiceTrends","url":"https:\/\/topchoicetrends.com\/de\/","logo":{"@type":"ImageObject","inLanguage":"de","@id":"https:\/\/topchoicetrends.com\/de\/#\/schema\/logo\/image\/","url":"https:\/\/topchoicetrends.com\/de\/wp-content\/uploads\/2026\/03\/Screenshot_2025-10-09_at_8.21.29_AM-removebg-preview-2.png","contentUrl":"https:\/\/topchoicetrends.com\/de\/wp-content\/uploads\/2026\/03\/Screenshot_2025-10-09_at_8.21.29_AM-removebg-preview-2.png","width":936,"height":267,"caption":"TopChoiceTrends"},"image":{"@id":"https:\/\/topchoicetrends.com\/de\/#\/schema\/logo\/image\/"}}]}},"_links":{"self":[{"href":"https:\/\/topchoicetrends.com\/de\/wp-json\/wp\/v2\/product\/5158","targetHints":{"allow":["GET"]}}],"collection":[{"href":"https:\/\/topchoicetrends.com\/de\/wp-json\/wp\/v2\/product"}],"about":[{"href":"https:\/\/topchoicetrends.com\/de\/wp-json\/wp\/v2\/types\/product"}],"replies":[{"embeddable":true,"href":"https:\/\/topchoicetrends.com\/de\/wp-json\/wp\/v2\/comments?post=5158"}],"wp:featuredmedia":[{"embeddable":true,"href":"https:\/\/topchoicetrends.com\/de\/wp-json\/wp\/v2\/media\/5159"}],"wp:attachment":[{"href":"https:\/\/topchoicetrends.com\/de\/wp-json\/wp\/v2\/media?parent=5158"}],"wp:term":[{"taxonomy":"store","embeddable":true,"href":"https:\/\/topchoicetrends.com\/de\/wp-json\/wp\/v2\/store?post=5158"},{"taxonomy":"product_brand","embeddable":true,"href":"https:\/\/topchoicetrends.com\/de\/wp-json\/wp\/v2\/product_brand?post=5158"},{"taxonomy":"product_cat","embeddable":true,"href":"https:\/\/topchoicetrends.com\/de\/wp-json\/wp\/v2\/product_cat?post=5158"},{"taxonomy":"product_tag","embeddable":true,"href":"https:\/\/topchoicetrends.com\/de\/wp-json\/wp\/v2\/product_tag?post=5158"}],"curies":[{"name":"wp","href":"https:\/\/api.w.org\/{rel}","templated":true}]}}