{"id":5018,"date":"2026-02-09T18:57:58","date_gmt":"2026-02-09T18:57:58","guid":{"rendered":"https:\/\/topchoicetrends.com\/de\/product\/professional-pet-products-styptisches-pulver-42g-schnelle-blutstillung-und-wundversorgung-fur-hunde-und-katzen-stoppt-blutungen-von-schnittwunden-zuverlassig\/"},"modified":"2026-01-01T13:37:30","modified_gmt":"2026-01-01T13:37:30","slug":"professional-pet-products-styptisches-pulver-42g-schnelle-blutstillung-und-wundversorgung-fur-hunde-und-katzen-stoppt-blutungen-von-schnittwunden-zuverlassig","status":"publish","type":"product","link":"https:\/\/topchoicetrends.com\/de\/product\/professional-pet-products-styptisches-pulver-42g-schnelle-blutstillung-und-wundversorgung-fur-hunde-und-katzen-stoppt-blutungen-von-schnittwunden-zuverlassig\/","title":{"rendered":"Professional Pet Products Styptisch..."},"content":{"rendered":"<p><!-- show up to 2 reviews by default --> <\/p>\n<p> <span>Nail clipping is much less disturbing with PPP Nail-Protected Styptic Powder. This highly effective treatment helps cease bleeding and helps scale back ache immediately. So in case you clamp too shut, the aid is prepared. Works even on small cuts. Instructions to be used: Apply generously on to the nail or use a cotton swab when utilized to an open wound.<\/span> <\/p>\n<p>Highly effective energetic components assist cease bleeding instantly<br \/>\nWorks even on small cuts<br \/>\nImportant for nail cliping, as a result of if a nail is clipped too brief, the aid is prepared<br \/>\nHelps cease ache<br \/>\nIs available in a 42g fir tree<br \/>\n<div class=\"main-cross-sell\" data-asin=\"B001IDEGTY\">\n\n\t<div class=\"WooZone-cross-sell-loader\">\n\t\t<div>\n\t\t\t<div id=\"floatingBarsG\">\n\t\t\t\t<div class=\"blockG\" id=\"rotateG_01\"><\/div>\n\t\t\t\t<div class=\"blockG\" id=\"rotateG_02\"><\/div>\n\t\t\t\t<div class=\"blockG\" id=\"rotateG_03\"><\/div>\n\t\t\t\t<div class=\"blockG\" id=\"rotateG_04\"><\/div>\n\t\t\t\t<div class=\"blockG\" id=\"rotateG_05\"><\/div>\n\t\t\t\t<div class=\"blockG\" id=\"rotateG_06\"><\/div>\n\t\t\t\t<div class=\"blockG\" id=\"rotateG_07\"><\/div>\n\t\t\t\t<div class=\"blockG\" id=\"rotateG_08\"><\/div>\n\t\t\t<\/div>\n\t\t\t<div class=\"WooZone-cross-sell-loader-text\"><\/div>\n\t\t<\/div>\n\t<\/div>\n\n\t\t\n<\/div>\n<div style=\"clear:both;\"><\/div><\/p>\n","protected":false},"excerpt":{"rendered":"<p>Powerful active ingredients help stop bleeding immediately<br \/>\nWorks even on small cuts<br \/>\nEssential for nail cliping, because if a nail is clipped too short, the relief is ready<\/p>\n","protected":false},"featured_media":5019,"comment_status":"open","ping_status":"closed","template":"","meta":{"_aipt_faq_data":""},"store":[],"product_brand":[],"product_cat":[39,28],"product_tag":[],"class_list":{"0":"post-5018","1":"product","2":"type-product","3":"status-publish","4":"has-post-thumbnail","6":"product_cat-pet-products","7":"product_cat-trending","8":"pa_batteries-included-no","9":"pa_batteries-required-no","10":"pa_brand-brand-professional-pets","11":"pa_date-first-available-2-oct-2013","12":"pa_is-discontinued-by-manufactur-no","13":"pa_item-model-number-849","14":"pa_item-weight-40-g","15":"pa_number-of-items-78","16":"pa_pet-type-dogs","17":"pa_product-dimensions-4-9-x-4-9-x-6-2-cm-40-g","18":"pa_quantity-78","19":"pa_size-42-g","21":"first","22":"instock","23":"sale","24":"shipping-taxable","25":"product-type-external"},"yoast_head":"<!-- This site is optimized with the Yoast SEO plugin v27.4 - https:\/\/yoast.com\/product\/yoast-seo-wordpress\/ -->\n<title>Professional Pet Products Styptisches Pulver 42g: Schnelle Blutstillung und Wundversorgung f\u00fcr Hunde und Katzen - Stoppt Blutungen von Schnittwunden zuverl\u00e4ssig - TopChoiceTrends<\/title>\n<meta name=\"description\" content=\"Entdecke bei TopChoiceTrends gepr\u00fcfte Bestseller, Trendprodukte und starke Angebote aus vielen Kategorien. Smart vergleichen, besser kaufen \u2013 alles \u00fcber Amazon Deutschland.\" \/>\n<meta name=\"robots\" content=\"index, follow, max-snippet:-1, max-image-preview:large, max-video-preview:-1\" \/>\n<link rel=\"canonical\" href=\"https:\/\/topchoicetrends.com\/de\/product\/professional-pet-products-styptisches-pulver-42g-schnelle-blutstillung-und-wundversorgung-fur-hunde-und-katzen-stoppt-blutungen-von-schnittwunden-zuverlassig\/\" \/>\n<meta property=\"og:locale\" content=\"de_DE\" \/>\n<meta property=\"og:type\" content=\"article\" \/>\n<meta property=\"og:title\" content=\"Professional Pet Products Styptisches Pulver 42g: Schnelle Blutstillung und Wundversorgung f\u00fcr Hunde und Katzen - Stoppt Blutungen von Schnittwunden zuverl\u00e4ssig - TopChoiceTrends\" \/>\n<meta property=\"og:description\" content=\"Entdecke bei TopChoiceTrends gepr\u00fcfte Bestseller, Trendprodukte und starke Angebote aus vielen Kategorien. Smart vergleichen, besser kaufen \u2013 alles \u00fcber Amazon Deutschland.\" \/>\n<meta property=\"og:url\" content=\"https:\/\/topchoicetrends.com\/de\/product\/professional-pet-products-styptisches-pulver-42g-schnelle-blutstillung-und-wundversorgung-fur-hunde-und-katzen-stoppt-blutungen-von-schnittwunden-zuverlassig\/\" \/>\n<meta property=\"og:site_name\" content=\"TopChoiceTrends\" \/>\n<meta property=\"og:image\" content=\"https:\/\/m.media-amazon.com\/images\/I\/413LfhULXLL.jpg\" \/>\n\t<meta property=\"og:image:width\" content=\"500\" \/>\n\t<meta property=\"og:image:height\" content=\"500\" \/>\n\t<meta property=\"og:image:type\" content=\"image\/jpeg\" \/>\n<meta name=\"twitter:card\" content=\"summary_large_image\" \/>\n<meta name=\"twitter:label1\" content=\"Gesch\u00e4tzte Lesezeit\" \/>\n\t<meta name=\"twitter:data1\" content=\"1\u00a0Minute\" \/>\n<script type=\"application\/ld+json\" class=\"yoast-schema-graph\">{\"@context\":\"https:\\\/\\\/schema.org\",\"@graph\":[{\"@type\":\"WebPage\",\"@id\":\"https:\\\/\\\/topchoicetrends.com\\\/de\\\/product\\\/professional-pet-products-styptisches-pulver-42g-schnelle-blutstillung-und-wundversorgung-fur-hunde-und-katzen-stoppt-blutungen-von-schnittwunden-zuverlassig\\\/\",\"url\":\"https:\\\/\\\/topchoicetrends.com\\\/de\\\/product\\\/professional-pet-products-styptisches-pulver-42g-schnelle-blutstillung-und-wundversorgung-fur-hunde-und-katzen-stoppt-blutungen-von-schnittwunden-zuverlassig\\\/\",\"name\":\"Professional Pet Products Styptisches Pulver 42g: Schnelle Blutstillung und Wundversorgung f\u00fcr Hunde und Katzen - Stoppt Blutungen von Schnittwunden zuverl\u00e4ssig - TopChoiceTrends\",\"isPartOf\":{\"@id\":\"https:\\\/\\\/topchoicetrends.com\\\/de\\\/#website\"},\"primaryImageOfPage\":{\"@id\":\"https:\\\/\\\/topchoicetrends.com\\\/de\\\/product\\\/professional-pet-products-styptisches-pulver-42g-schnelle-blutstillung-und-wundversorgung-fur-hunde-und-katzen-stoppt-blutungen-von-schnittwunden-zuverlassig\\\/#primaryimage\"},\"image\":{\"@id\":\"https:\\\/\\\/topchoicetrends.com\\\/de\\\/product\\\/professional-pet-products-styptisches-pulver-42g-schnelle-blutstillung-und-wundversorgung-fur-hunde-und-katzen-stoppt-blutungen-von-schnittwunden-zuverlassig\\\/#primaryimage\"},\"thumbnailUrl\":\"https:\\\/\\\/m.media-amazon.com\\\/images\\\/I\\\/413LfhULXLL.jpg\",\"datePublished\":\"2026-02-09T18:57:58+00:00\",\"description\":\"Entdecke bei TopChoiceTrends gepr\u00fcfte Bestseller, Trendprodukte und starke Angebote aus vielen Kategorien. Smart vergleichen, besser kaufen \u2013 alles \u00fcber Amazon Deutschland.\",\"breadcrumb\":{\"@id\":\"https:\\\/\\\/topchoicetrends.com\\\/de\\\/product\\\/professional-pet-products-styptisches-pulver-42g-schnelle-blutstillung-und-wundversorgung-fur-hunde-und-katzen-stoppt-blutungen-von-schnittwunden-zuverlassig\\\/#breadcrumb\"},\"inLanguage\":\"de\",\"potentialAction\":[{\"@type\":\"ReadAction\",\"target\":[\"https:\\\/\\\/topchoicetrends.com\\\/de\\\/product\\\/professional-pet-products-styptisches-pulver-42g-schnelle-blutstillung-und-wundversorgung-fur-hunde-und-katzen-stoppt-blutungen-von-schnittwunden-zuverlassig\\\/\"]}]},{\"@type\":\"ImageObject\",\"inLanguage\":\"de\",\"@id\":\"https:\\\/\\\/topchoicetrends.com\\\/de\\\/product\\\/professional-pet-products-styptisches-pulver-42g-schnelle-blutstillung-und-wundversorgung-fur-hunde-und-katzen-stoppt-blutungen-von-schnittwunden-zuverlassig\\\/#primaryimage\",\"url\":\"https:\\\/\\\/m.media-amazon.com\\\/images\\\/I\\\/413LfhULXLL.jpg\",\"contentUrl\":\"https:\\\/\\\/m.media-amazon.com\\\/images\\\/I\\\/413LfhULXLL.jpg\",\"width\":500,\"height\":500},{\"@type\":\"BreadcrumbList\",\"@id\":\"https:\\\/\\\/topchoicetrends.com\\\/de\\\/product\\\/professional-pet-products-styptisches-pulver-42g-schnelle-blutstillung-und-wundversorgung-fur-hunde-und-katzen-stoppt-blutungen-von-schnittwunden-zuverlassig\\\/#breadcrumb\",\"itemListElement\":[{\"@type\":\"ListItem\",\"position\":1,\"name\":\"Home\",\"item\":\"https:\\\/\\\/topchoicetrends.com\\\/de\\\/\"},{\"@type\":\"ListItem\",\"position\":2,\"name\":\"Shop\",\"item\":\"https:\\\/\\\/topchoicetrends.com\\\/de\\\/shop\\\/\"},{\"@type\":\"ListItem\",\"position\":3,\"name\":\"Professional Pet Products Styptisches Pulver 42g: Schnelle Blutstillung und Wundversorgung f\u00fcr Hunde und Katzen &#8211; Stoppt Blutungen von Schnittwunden zuverl\u00e4ssig\"}]},{\"@type\":\"WebSite\",\"@id\":\"https:\\\/\\\/topchoicetrends.com\\\/de\\\/#website\",\"url\":\"https:\\\/\\\/topchoicetrends.com\\\/de\\\/\",\"name\":\"TopChoiceTrends\",\"description\":\"Beste Produktfunde, Bestseller &amp; Top-Angebote online entdecken\",\"publisher\":{\"@id\":\"https:\\\/\\\/topchoicetrends.com\\\/de\\\/#organization\"},\"potentialAction\":[{\"@type\":\"SearchAction\",\"target\":{\"@type\":\"EntryPoint\",\"urlTemplate\":\"https:\\\/\\\/topchoicetrends.com\\\/de\\\/?s={search_term_string}\"},\"query-input\":{\"@type\":\"PropertyValueSpecification\",\"valueRequired\":true,\"valueName\":\"search_term_string\"}}],\"inLanguage\":\"de\"},{\"@type\":\"Organization\",\"@id\":\"https:\\\/\\\/topchoicetrends.com\\\/de\\\/#organization\",\"name\":\"TopChoiceTrends\",\"url\":\"https:\\\/\\\/topchoicetrends.com\\\/de\\\/\",\"logo\":{\"@type\":\"ImageObject\",\"inLanguage\":\"de\",\"@id\":\"https:\\\/\\\/topchoicetrends.com\\\/de\\\/#\\\/schema\\\/logo\\\/image\\\/\",\"url\":\"https:\\\/\\\/topchoicetrends.com\\\/de\\\/wp-content\\\/uploads\\\/2026\\\/03\\\/Screenshot_2025-10-09_at_8.21.29_AM-removebg-preview-2.png\",\"contentUrl\":\"https:\\\/\\\/topchoicetrends.com\\\/de\\\/wp-content\\\/uploads\\\/2026\\\/03\\\/Screenshot_2025-10-09_at_8.21.29_AM-removebg-preview-2.png\",\"width\":936,\"height\":267,\"caption\":\"TopChoiceTrends\"},\"image\":{\"@id\":\"https:\\\/\\\/topchoicetrends.com\\\/de\\\/#\\\/schema\\\/logo\\\/image\\\/\"}}]}<\/script>\n<!-- \/ Yoast SEO plugin. -->","yoast_head_json":{"title":"Professional Pet Products Styptisches Pulver 42g: Schnelle Blutstillung und Wundversorgung f\u00fcr Hunde und Katzen - Stoppt Blutungen von Schnittwunden zuverl\u00e4ssig - TopChoiceTrends","description":"Entdecke bei TopChoiceTrends gepr\u00fcfte Bestseller, Trendprodukte und starke Angebote aus vielen Kategorien. Smart vergleichen, besser kaufen \u2013 alles \u00fcber Amazon Deutschland.","robots":{"index":"index","follow":"follow","max-snippet":"max-snippet:-1","max-image-preview":"max-image-preview:large","max-video-preview":"max-video-preview:-1"},"canonical":"https:\/\/topchoicetrends.com\/de\/product\/professional-pet-products-styptisches-pulver-42g-schnelle-blutstillung-und-wundversorgung-fur-hunde-und-katzen-stoppt-blutungen-von-schnittwunden-zuverlassig\/","og_locale":"de_DE","og_type":"article","og_title":"Professional Pet Products Styptisches Pulver 42g: Schnelle Blutstillung und Wundversorgung f\u00fcr Hunde und Katzen - Stoppt Blutungen von Schnittwunden zuverl\u00e4ssig - TopChoiceTrends","og_description":"Entdecke bei TopChoiceTrends gepr\u00fcfte Bestseller, Trendprodukte und starke Angebote aus vielen Kategorien. Smart vergleichen, besser kaufen \u2013 alles \u00fcber Amazon Deutschland.","og_url":"https:\/\/topchoicetrends.com\/de\/product\/professional-pet-products-styptisches-pulver-42g-schnelle-blutstillung-und-wundversorgung-fur-hunde-und-katzen-stoppt-blutungen-von-schnittwunden-zuverlassig\/","og_site_name":"TopChoiceTrends","og_image":[{"width":500,"height":500,"url":"https:\/\/m.media-amazon.com\/images\/I\/413LfhULXLL.jpg","type":"image\/jpeg"}],"twitter_card":"summary_large_image","twitter_misc":{"Gesch\u00e4tzte Lesezeit":"1\u00a0Minute"},"schema":{"@context":"https:\/\/schema.org","@graph":[{"@type":"WebPage","@id":"https:\/\/topchoicetrends.com\/de\/product\/professional-pet-products-styptisches-pulver-42g-schnelle-blutstillung-und-wundversorgung-fur-hunde-und-katzen-stoppt-blutungen-von-schnittwunden-zuverlassig\/","url":"https:\/\/topchoicetrends.com\/de\/product\/professional-pet-products-styptisches-pulver-42g-schnelle-blutstillung-und-wundversorgung-fur-hunde-und-katzen-stoppt-blutungen-von-schnittwunden-zuverlassig\/","name":"Professional Pet Products Styptisches Pulver 42g: Schnelle Blutstillung und Wundversorgung f\u00fcr Hunde und Katzen - Stoppt Blutungen von Schnittwunden zuverl\u00e4ssig - TopChoiceTrends","isPartOf":{"@id":"https:\/\/topchoicetrends.com\/de\/#website"},"primaryImageOfPage":{"@id":"https:\/\/topchoicetrends.com\/de\/product\/professional-pet-products-styptisches-pulver-42g-schnelle-blutstillung-und-wundversorgung-fur-hunde-und-katzen-stoppt-blutungen-von-schnittwunden-zuverlassig\/#primaryimage"},"image":{"@id":"https:\/\/topchoicetrends.com\/de\/product\/professional-pet-products-styptisches-pulver-42g-schnelle-blutstillung-und-wundversorgung-fur-hunde-und-katzen-stoppt-blutungen-von-schnittwunden-zuverlassig\/#primaryimage"},"thumbnailUrl":"https:\/\/m.media-amazon.com\/images\/I\/413LfhULXLL.jpg","datePublished":"2026-02-09T18:57:58+00:00","description":"Entdecke bei TopChoiceTrends gepr\u00fcfte Bestseller, Trendprodukte und starke Angebote aus vielen Kategorien. Smart vergleichen, besser kaufen \u2013 alles \u00fcber Amazon Deutschland.","breadcrumb":{"@id":"https:\/\/topchoicetrends.com\/de\/product\/professional-pet-products-styptisches-pulver-42g-schnelle-blutstillung-und-wundversorgung-fur-hunde-und-katzen-stoppt-blutungen-von-schnittwunden-zuverlassig\/#breadcrumb"},"inLanguage":"de","potentialAction":[{"@type":"ReadAction","target":["https:\/\/topchoicetrends.com\/de\/product\/professional-pet-products-styptisches-pulver-42g-schnelle-blutstillung-und-wundversorgung-fur-hunde-und-katzen-stoppt-blutungen-von-schnittwunden-zuverlassig\/"]}]},{"@type":"ImageObject","inLanguage":"de","@id":"https:\/\/topchoicetrends.com\/de\/product\/professional-pet-products-styptisches-pulver-42g-schnelle-blutstillung-und-wundversorgung-fur-hunde-und-katzen-stoppt-blutungen-von-schnittwunden-zuverlassig\/#primaryimage","url":"https:\/\/m.media-amazon.com\/images\/I\/413LfhULXLL.jpg","contentUrl":"https:\/\/m.media-amazon.com\/images\/I\/413LfhULXLL.jpg","width":500,"height":500},{"@type":"BreadcrumbList","@id":"https:\/\/topchoicetrends.com\/de\/product\/professional-pet-products-styptisches-pulver-42g-schnelle-blutstillung-und-wundversorgung-fur-hunde-und-katzen-stoppt-blutungen-von-schnittwunden-zuverlassig\/#breadcrumb","itemListElement":[{"@type":"ListItem","position":1,"name":"Home","item":"https:\/\/topchoicetrends.com\/de\/"},{"@type":"ListItem","position":2,"name":"Shop","item":"https:\/\/topchoicetrends.com\/de\/shop\/"},{"@type":"ListItem","position":3,"name":"Professional Pet Products Styptisches Pulver 42g: Schnelle Blutstillung und Wundversorgung f\u00fcr Hunde und Katzen &#8211; Stoppt Blutungen von Schnittwunden zuverl\u00e4ssig"}]},{"@type":"WebSite","@id":"https:\/\/topchoicetrends.com\/de\/#website","url":"https:\/\/topchoicetrends.com\/de\/","name":"TopChoiceTrends","description":"Beste Produktfunde, Bestseller &amp; Top-Angebote online entdecken","publisher":{"@id":"https:\/\/topchoicetrends.com\/de\/#organization"},"potentialAction":[{"@type":"SearchAction","target":{"@type":"EntryPoint","urlTemplate":"https:\/\/topchoicetrends.com\/de\/?s={search_term_string}"},"query-input":{"@type":"PropertyValueSpecification","valueRequired":true,"valueName":"search_term_string"}}],"inLanguage":"de"},{"@type":"Organization","@id":"https:\/\/topchoicetrends.com\/de\/#organization","name":"TopChoiceTrends","url":"https:\/\/topchoicetrends.com\/de\/","logo":{"@type":"ImageObject","inLanguage":"de","@id":"https:\/\/topchoicetrends.com\/de\/#\/schema\/logo\/image\/","url":"https:\/\/topchoicetrends.com\/de\/wp-content\/uploads\/2026\/03\/Screenshot_2025-10-09_at_8.21.29_AM-removebg-preview-2.png","contentUrl":"https:\/\/topchoicetrends.com\/de\/wp-content\/uploads\/2026\/03\/Screenshot_2025-10-09_at_8.21.29_AM-removebg-preview-2.png","width":936,"height":267,"caption":"TopChoiceTrends"},"image":{"@id":"https:\/\/topchoicetrends.com\/de\/#\/schema\/logo\/image\/"}}]}},"_links":{"self":[{"href":"https:\/\/topchoicetrends.com\/de\/wp-json\/wp\/v2\/product\/5018","targetHints":{"allow":["GET"]}}],"collection":[{"href":"https:\/\/topchoicetrends.com\/de\/wp-json\/wp\/v2\/product"}],"about":[{"href":"https:\/\/topchoicetrends.com\/de\/wp-json\/wp\/v2\/types\/product"}],"replies":[{"embeddable":true,"href":"https:\/\/topchoicetrends.com\/de\/wp-json\/wp\/v2\/comments?post=5018"}],"wp:featuredmedia":[{"embeddable":true,"href":"https:\/\/topchoicetrends.com\/de\/wp-json\/wp\/v2\/media\/5019"}],"wp:attachment":[{"href":"https:\/\/topchoicetrends.com\/de\/wp-json\/wp\/v2\/media?parent=5018"}],"wp:term":[{"taxonomy":"store","embeddable":true,"href":"https:\/\/topchoicetrends.com\/de\/wp-json\/wp\/v2\/store?post=5018"},{"taxonomy":"product_brand","embeddable":true,"href":"https:\/\/topchoicetrends.com\/de\/wp-json\/wp\/v2\/product_brand?post=5018"},{"taxonomy":"product_cat","embeddable":true,"href":"https:\/\/topchoicetrends.com\/de\/wp-json\/wp\/v2\/product_cat?post=5018"},{"taxonomy":"product_tag","embeddable":true,"href":"https:\/\/topchoicetrends.com\/de\/wp-json\/wp\/v2\/product_tag?post=5018"}],"curies":[{"name":"wp","href":"https:\/\/api.w.org\/{rel}","templated":true}]}}