{"id":4874,"date":"2026-02-09T18:28:08","date_gmt":"2026-02-09T18:28:08","guid":{"rendered":"https:\/\/topchoicetrends.com\/de\/product\/weleda-organic-calendula-shampoo-and-body-wash-1-x-200-ml-200ml\/"},"modified":"2024-10-30T12:25:04","modified_gmt":"2024-10-30T12:25:04","slug":"weleda-organic-calendula-shampoo-and-body-wash-1-x-200-ml-200ml","status":"publish","type":"product","link":"https:\/\/topchoicetrends.com\/de\/product\/weleda-organic-calendula-shampoo-and-body-wash-1-x-200-ml-200ml\/","title":{"rendered":"Weleda Organic Calendula Shampoo an..."},"content":{"rendered":"<p><!-- show up to 2 reviews by default --> <\/p>\n<h3> <span>Product Description<\/span> <\/h3>\n<p> <span>WELEDA Child Calendula Wash Lotion &amp; Shampoo <br \/>Pure bathe look after cleansing from head to toe <\/p>\n<p>The mildly scented child calendula bathe gel and shampoo with an extract of natural calendula cleans delicate child pores and skin significantly gently and ensures simple to comb child hair. <\/p>\n<p>Almond oil and natural sesame oil shield pores and skin and hair from drying out and hold the pores and skin supple. Gentle plant-based washing substances clear significantly gently and are further gentle on the eyes. <\/p>\n<p>The Calendula bathe cleaning soap and shampoo can be appropriate for adults with delicate pores and skin. <\/span><\/p>\n<ul class=\"a-unordered-list a-vertical\">\n<li><span class=\"a-list-item\"><span>Light, mild cleaning of pores and skin and hair <\/span><\/span><\/li>\n<li><span class=\"a-list-item\"><span>Ensures simple to comb child hair <\/span><\/span><\/li>\n<li><span class=\"a-list-item\"><span>Additional gentle on the eyes. <\/span><\/span><\/li>\n<li><span class=\"a-list-item\"><span>Free from artificial fragrances, dyes and preservatives in addition to mineral oil-based uncooked supplies. <\/span><\/span><\/li>\n<li><span class=\"a-list-item\"><span>Vegan. <\/span><\/span><\/li>\n<li><span class=\"a-list-item\"><span>Superb pores and skin compatibility, dermatologically and paediatrician-tested &#8211; additionally for eczema, milk scab and extremely delicate pores and skin. <\/span><\/span><\/li>\n<\/ul>\n<p><span>Software: <br \/>For toddlers who can already sit or stand within the bathe or bathtub, the Calendula bathe gel and shampoo can be utilized from head to toe like a bathe product. <\/p>\n<p>For native cleansing, such because the diaper space, place a small quantity of wash lotion on a moist washcloth. After use, rinse totally with clear water.<\/span> <\/p>\n<h3> <span>Model Description<\/span> <\/h3>\n<p> <span>WELEDA ist der weltweit f\u00fchrende Hersteller von zertifizierter Naturkosmetik und anthroposophischen Arzneimitteln. Die Produkte werden nach einem einzigartigen Menschen- und Naturverst\u00e4ndnis entwickelt.<br \/>WELEDA steht seit mehr als 100 Jahren f\u00fcr hochwertige Naturkosmetik und hat einen reichen Erfahrungsschatz in der Herstellung von ganzheitlichen K\u00f6rperpflegeprodukten.<br \/>WELEDA verwendet ausschlie\u00dflich hochwertige nat\u00fcrliche Rohstoffe aus \u00fcberwiegend kontrolliert biologischem Anbau und zertifizierter Wildsammlung.<\/span> <\/p>\n<div data-a-expander-name=\"toggle_description\" class=\"a-row a-expander-container a-expander-extend-container\">\n<div data-expanded=\"false\" class=\"a-expander-content a-expander-extend-content\">\n<h3> <span>Components<\/span> <\/h3>\n<p> <span>Water, sugar surfactant, almond oil, alcohol*, wash-active amino acid, sesame oil*, glycerine, carrageenan, wash-active amino acid, extract from marigold blossoms*, xanthan gum, lactic acid, perfume, limonene, linalool (*natural high quality)<\/span> <\/p>\n<h3> <span>Security Warning<\/span> <\/h3>\n<p> <span>NaTrue licensed pure cosmetics.<\/span> <\/p>\n<h3> <span>Producer Contact Data<\/span> <\/h3>\n<p> <span>M\u00f6hlerstra\u00dfe 3, 73525 Schw\u00e4bisch Gm\u00fcnd<\/span> <\/p>\n<\/p><\/div>\n<p> <a data-csa-c-func-deps=\"aui-da-a-expander-toggle\" data-csa-c-type=\"widget\" data-csa-interaction-events=\"click\" aria-expanded=\"false\" role=\"button\" href=\"javascript:void(0)\" data-action=\"a-expander-toggle\" class=\"a-expander-header a-declarative a-expander-extend-header\" data-a-expander-toggle=\"{\" allowlinkdefault more less><i class=\"a-icon a-icon-extender-expand\"><\/i><span class=\"a-expander-prompt\">See more<\/span><\/a> <\/div>\n<p>Bundle amount: 200 ml.<br \/>\nNatural certification.<br \/>\n<div class=\"main-cross-sell\" data-asin=\"B00K2Y8WWC\">\n\n\t<div class=\"WooZone-cross-sell-loader\">\n\t\t<div>\n\t\t\t<div id=\"floatingBarsG\">\n\t\t\t\t<div class=\"blockG\" id=\"rotateG_01\"><\/div>\n\t\t\t\t<div class=\"blockG\" id=\"rotateG_02\"><\/div>\n\t\t\t\t<div class=\"blockG\" id=\"rotateG_03\"><\/div>\n\t\t\t\t<div class=\"blockG\" id=\"rotateG_04\"><\/div>\n\t\t\t\t<div class=\"blockG\" id=\"rotateG_05\"><\/div>\n\t\t\t\t<div class=\"blockG\" id=\"rotateG_06\"><\/div>\n\t\t\t\t<div class=\"blockG\" id=\"rotateG_07\"><\/div>\n\t\t\t\t<div class=\"blockG\" id=\"rotateG_08\"><\/div>\n\t\t\t<\/div>\n\t\t\t<div class=\"WooZone-cross-sell-loader-text\"><\/div>\n\t\t<\/div>\n\t<\/div>\n\n\t\t\n<\/div>\n<div style=\"clear:both;\"><\/div><\/p>\n","protected":false},"excerpt":{"rendered":"<p>Package quantity: 200 ml.<br \/>\nOrganic certification.<\/p>\n","protected":false},"featured_media":4875,"comment_status":"open","ping_status":"closed","template":"","meta":{"_aipt_faq_data":""},"store":[],"product_brand":[],"product_cat":[47,28],"product_tag":[],"class_list":{"0":"post-4874","1":"product","2":"type-product","3":"status-publish","4":"has-post-thumbnail","6":"product_cat-baby-care","7":"product_cat-trending","8":"pa_additional-product-features-baby-care-shower-gel-and-shampoo-for-sensitive-baby-skin-especially-mild-on-the-eyes","9":"pa_batteries-required-no","10":"pa_best-uses-cream","11":"pa_brand-visit-the-weleda-store","12":"pa_colour-yellow","13":"pa_date-first-available-1-jan-2007","14":"pa_gs-certified-natrue","15":"pa_is-discontinued-by-manufactur-no","16":"pa_item-weight-204-g","17":"pa_model-name-weleda-baby-calendula-wash-lotion-shampoo","18":"pa_model-number-827","19":"pa_number-of-items-78","20":"pa_product-dimensions-4-45-x-7-62-x-18-42-cm-204-12-g","21":"pa_safety-warning-natrue-certified-natural-cosmetics","22":"pa_style-calendula-wash-lotion-shampoo","24":"first","25":"instock","26":"sale","27":"shipping-taxable","28":"product-type-external"},"yoast_head":"<!-- This site is optimized with the Yoast SEO plugin v27.1.1 - https:\/\/yoast.com\/product\/yoast-seo-wordpress\/ -->\n<title>Weleda Organic Calendula Shampoo and Body Wash (1 x 200 ml) 200ml - TopChoiceTrends<\/title>\n<meta name=\"description\" content=\"Entdecke bei TopChoiceTrends gepr\u00fcfte Bestseller, Trendprodukte und starke Angebote aus vielen Kategorien. Smart vergleichen, besser kaufen \u2013 alles \u00fcber Amazon Deutschland.\" \/>\n<meta name=\"robots\" content=\"index, follow, max-snippet:-1, max-image-preview:large, max-video-preview:-1\" \/>\n<link rel=\"canonical\" href=\"https:\/\/topchoicetrends.com\/de\/product\/weleda-organic-calendula-shampoo-and-body-wash-1-x-200-ml-200ml\/\" \/>\n<meta property=\"og:locale\" content=\"de_DE\" \/>\n<meta property=\"og:type\" content=\"article\" \/>\n<meta property=\"og:title\" content=\"Weleda Organic Calendula Shampoo and Body Wash (1 x 200 ml) 200ml - TopChoiceTrends\" \/>\n<meta property=\"og:description\" content=\"Entdecke bei TopChoiceTrends gepr\u00fcfte Bestseller, Trendprodukte und starke Angebote aus vielen Kategorien. Smart vergleichen, besser kaufen \u2013 alles \u00fcber Amazon Deutschland.\" \/>\n<meta property=\"og:url\" content=\"https:\/\/topchoicetrends.com\/de\/product\/weleda-organic-calendula-shampoo-and-body-wash-1-x-200-ml-200ml\/\" \/>\n<meta property=\"og:site_name\" content=\"TopChoiceTrends\" \/>\n<meta property=\"og:image\" content=\"https:\/\/m.media-amazon.com\/images\/I\/41n1yl0dZOL.jpg\" \/>\n\t<meta property=\"og:image:width\" content=\"500\" \/>\n\t<meta property=\"og:image:height\" content=\"500\" \/>\n\t<meta property=\"og:image:type\" content=\"image\/jpeg\" \/>\n<meta name=\"twitter:card\" content=\"summary_large_image\" \/>\n<meta name=\"twitter:label1\" content=\"Gesch\u00e4tzte Lesezeit\" \/>\n\t<meta name=\"twitter:data1\" content=\"2\u00a0Minuten\" \/>\n<script type=\"application\/ld+json\" class=\"yoast-schema-graph\">{\"@context\":\"https:\/\/schema.org\",\"@graph\":[{\"@type\":\"WebPage\",\"@id\":\"https:\/\/topchoicetrends.com\/de\/product\/weleda-organic-calendula-shampoo-and-body-wash-1-x-200-ml-200ml\/\",\"url\":\"https:\/\/topchoicetrends.com\/de\/product\/weleda-organic-calendula-shampoo-and-body-wash-1-x-200-ml-200ml\/\",\"name\":\"Weleda Organic Calendula Shampoo and Body Wash (1 x 200 ml) 200ml - TopChoiceTrends\",\"isPartOf\":{\"@id\":\"https:\/\/topchoicetrends.com\/de\/#website\"},\"primaryImageOfPage\":{\"@id\":\"https:\/\/topchoicetrends.com\/de\/product\/weleda-organic-calendula-shampoo-and-body-wash-1-x-200-ml-200ml\/#primaryimage\"},\"image\":{\"@id\":\"https:\/\/topchoicetrends.com\/de\/product\/weleda-organic-calendula-shampoo-and-body-wash-1-x-200-ml-200ml\/#primaryimage\"},\"thumbnailUrl\":\"https:\/\/m.media-amazon.com\/images\/I\/41n1yl0dZOL.jpg\",\"datePublished\":\"2026-02-09T18:28:08+00:00\",\"description\":\"Entdecke bei TopChoiceTrends gepr\u00fcfte Bestseller, Trendprodukte und starke Angebote aus vielen Kategorien. Smart vergleichen, besser kaufen \u2013 alles \u00fcber Amazon Deutschland.\",\"breadcrumb\":{\"@id\":\"https:\/\/topchoicetrends.com\/de\/product\/weleda-organic-calendula-shampoo-and-body-wash-1-x-200-ml-200ml\/#breadcrumb\"},\"inLanguage\":\"de\",\"potentialAction\":[{\"@type\":\"ReadAction\",\"target\":[\"https:\/\/topchoicetrends.com\/de\/product\/weleda-organic-calendula-shampoo-and-body-wash-1-x-200-ml-200ml\/\"]}]},{\"@type\":\"ImageObject\",\"inLanguage\":\"de\",\"@id\":\"https:\/\/topchoicetrends.com\/de\/product\/weleda-organic-calendula-shampoo-and-body-wash-1-x-200-ml-200ml\/#primaryimage\",\"url\":\"https:\/\/m.media-amazon.com\/images\/I\/41n1yl0dZOL.jpg\",\"contentUrl\":\"https:\/\/m.media-amazon.com\/images\/I\/41n1yl0dZOL.jpg\",\"width\":500,\"height\":500},{\"@type\":\"BreadcrumbList\",\"@id\":\"https:\/\/topchoicetrends.com\/de\/product\/weleda-organic-calendula-shampoo-and-body-wash-1-x-200-ml-200ml\/#breadcrumb\",\"itemListElement\":[{\"@type\":\"ListItem\",\"position\":1,\"name\":\"Home\",\"item\":\"https:\/\/topchoicetrends.com\/de\/\"},{\"@type\":\"ListItem\",\"position\":2,\"name\":\"Shop\",\"item\":\"https:\/\/topchoicetrends.com\/de\/shop\/\"},{\"@type\":\"ListItem\",\"position\":3,\"name\":\"Weleda Organic Calendula Shampoo and Body Wash (1 x 200 ml) 200ml\"}]},{\"@type\":\"WebSite\",\"@id\":\"https:\/\/topchoicetrends.com\/de\/#website\",\"url\":\"https:\/\/topchoicetrends.com\/de\/\",\"name\":\"TopChoiceTrends\",\"description\":\"Beste Produktfunde, Bestseller &amp; Top-Angebote online entdecken\",\"publisher\":{\"@id\":\"https:\/\/topchoicetrends.com\/de\/#organization\"},\"potentialAction\":[{\"@type\":\"SearchAction\",\"target\":{\"@type\":\"EntryPoint\",\"urlTemplate\":\"https:\/\/topchoicetrends.com\/de\/?s={search_term_string}\"},\"query-input\":{\"@type\":\"PropertyValueSpecification\",\"valueRequired\":true,\"valueName\":\"search_term_string\"}}],\"inLanguage\":\"de\"},{\"@type\":\"Organization\",\"@id\":\"https:\/\/topchoicetrends.com\/de\/#organization\",\"name\":\"TopChoiceTrends\",\"url\":\"https:\/\/topchoicetrends.com\/de\/\",\"logo\":{\"@type\":\"ImageObject\",\"inLanguage\":\"de\",\"@id\":\"https:\/\/topchoicetrends.com\/de\/#\/schema\/logo\/image\/\",\"url\":\"https:\/\/topchoicetrends.com\/de\/wp-content\/uploads\/2026\/03\/Screenshot_2025-10-09_at_8.21.29_AM-removebg-preview-2.png\",\"contentUrl\":\"https:\/\/topchoicetrends.com\/de\/wp-content\/uploads\/2026\/03\/Screenshot_2025-10-09_at_8.21.29_AM-removebg-preview-2.png\",\"width\":936,\"height\":267,\"caption\":\"TopChoiceTrends\"},\"image\":{\"@id\":\"https:\/\/topchoicetrends.com\/de\/#\/schema\/logo\/image\/\"}}]}<\/script>\n<!-- \/ Yoast SEO plugin. -->","yoast_head_json":{"title":"Weleda Organic Calendula Shampoo and Body Wash (1 x 200 ml) 200ml - TopChoiceTrends","description":"Entdecke bei TopChoiceTrends gepr\u00fcfte Bestseller, Trendprodukte und starke Angebote aus vielen Kategorien. Smart vergleichen, besser kaufen \u2013 alles \u00fcber Amazon Deutschland.","robots":{"index":"index","follow":"follow","max-snippet":"max-snippet:-1","max-image-preview":"max-image-preview:large","max-video-preview":"max-video-preview:-1"},"canonical":"https:\/\/topchoicetrends.com\/de\/product\/weleda-organic-calendula-shampoo-and-body-wash-1-x-200-ml-200ml\/","og_locale":"de_DE","og_type":"article","og_title":"Weleda Organic Calendula Shampoo and Body Wash (1 x 200 ml) 200ml - TopChoiceTrends","og_description":"Entdecke bei TopChoiceTrends gepr\u00fcfte Bestseller, Trendprodukte und starke Angebote aus vielen Kategorien. Smart vergleichen, besser kaufen \u2013 alles \u00fcber Amazon Deutschland.","og_url":"https:\/\/topchoicetrends.com\/de\/product\/weleda-organic-calendula-shampoo-and-body-wash-1-x-200-ml-200ml\/","og_site_name":"TopChoiceTrends","og_image":[{"width":500,"height":500,"url":"https:\/\/m.media-amazon.com\/images\/I\/41n1yl0dZOL.jpg","type":"image\/jpeg"}],"twitter_card":"summary_large_image","twitter_misc":{"Gesch\u00e4tzte Lesezeit":"2\u00a0Minuten"},"schema":{"@context":"https:\/\/schema.org","@graph":[{"@type":"WebPage","@id":"https:\/\/topchoicetrends.com\/de\/product\/weleda-organic-calendula-shampoo-and-body-wash-1-x-200-ml-200ml\/","url":"https:\/\/topchoicetrends.com\/de\/product\/weleda-organic-calendula-shampoo-and-body-wash-1-x-200-ml-200ml\/","name":"Weleda Organic Calendula Shampoo and Body Wash (1 x 200 ml) 200ml - TopChoiceTrends","isPartOf":{"@id":"https:\/\/topchoicetrends.com\/de\/#website"},"primaryImageOfPage":{"@id":"https:\/\/topchoicetrends.com\/de\/product\/weleda-organic-calendula-shampoo-and-body-wash-1-x-200-ml-200ml\/#primaryimage"},"image":{"@id":"https:\/\/topchoicetrends.com\/de\/product\/weleda-organic-calendula-shampoo-and-body-wash-1-x-200-ml-200ml\/#primaryimage"},"thumbnailUrl":"https:\/\/m.media-amazon.com\/images\/I\/41n1yl0dZOL.jpg","datePublished":"2026-02-09T18:28:08+00:00","description":"Entdecke bei TopChoiceTrends gepr\u00fcfte Bestseller, Trendprodukte und starke Angebote aus vielen Kategorien. Smart vergleichen, besser kaufen \u2013 alles \u00fcber Amazon Deutschland.","breadcrumb":{"@id":"https:\/\/topchoicetrends.com\/de\/product\/weleda-organic-calendula-shampoo-and-body-wash-1-x-200-ml-200ml\/#breadcrumb"},"inLanguage":"de","potentialAction":[{"@type":"ReadAction","target":["https:\/\/topchoicetrends.com\/de\/product\/weleda-organic-calendula-shampoo-and-body-wash-1-x-200-ml-200ml\/"]}]},{"@type":"ImageObject","inLanguage":"de","@id":"https:\/\/topchoicetrends.com\/de\/product\/weleda-organic-calendula-shampoo-and-body-wash-1-x-200-ml-200ml\/#primaryimage","url":"https:\/\/m.media-amazon.com\/images\/I\/41n1yl0dZOL.jpg","contentUrl":"https:\/\/m.media-amazon.com\/images\/I\/41n1yl0dZOL.jpg","width":500,"height":500},{"@type":"BreadcrumbList","@id":"https:\/\/topchoicetrends.com\/de\/product\/weleda-organic-calendula-shampoo-and-body-wash-1-x-200-ml-200ml\/#breadcrumb","itemListElement":[{"@type":"ListItem","position":1,"name":"Home","item":"https:\/\/topchoicetrends.com\/de\/"},{"@type":"ListItem","position":2,"name":"Shop","item":"https:\/\/topchoicetrends.com\/de\/shop\/"},{"@type":"ListItem","position":3,"name":"Weleda Organic Calendula Shampoo and Body Wash (1 x 200 ml) 200ml"}]},{"@type":"WebSite","@id":"https:\/\/topchoicetrends.com\/de\/#website","url":"https:\/\/topchoicetrends.com\/de\/","name":"TopChoiceTrends","description":"Beste Produktfunde, Bestseller &amp; Top-Angebote online entdecken","publisher":{"@id":"https:\/\/topchoicetrends.com\/de\/#organization"},"potentialAction":[{"@type":"SearchAction","target":{"@type":"EntryPoint","urlTemplate":"https:\/\/topchoicetrends.com\/de\/?s={search_term_string}"},"query-input":{"@type":"PropertyValueSpecification","valueRequired":true,"valueName":"search_term_string"}}],"inLanguage":"de"},{"@type":"Organization","@id":"https:\/\/topchoicetrends.com\/de\/#organization","name":"TopChoiceTrends","url":"https:\/\/topchoicetrends.com\/de\/","logo":{"@type":"ImageObject","inLanguage":"de","@id":"https:\/\/topchoicetrends.com\/de\/#\/schema\/logo\/image\/","url":"https:\/\/topchoicetrends.com\/de\/wp-content\/uploads\/2026\/03\/Screenshot_2025-10-09_at_8.21.29_AM-removebg-preview-2.png","contentUrl":"https:\/\/topchoicetrends.com\/de\/wp-content\/uploads\/2026\/03\/Screenshot_2025-10-09_at_8.21.29_AM-removebg-preview-2.png","width":936,"height":267,"caption":"TopChoiceTrends"},"image":{"@id":"https:\/\/topchoicetrends.com\/de\/#\/schema\/logo\/image\/"}}]}},"_links":{"self":[{"href":"https:\/\/topchoicetrends.com\/de\/wp-json\/wp\/v2\/product\/4874","targetHints":{"allow":["GET"]}}],"collection":[{"href":"https:\/\/topchoicetrends.com\/de\/wp-json\/wp\/v2\/product"}],"about":[{"href":"https:\/\/topchoicetrends.com\/de\/wp-json\/wp\/v2\/types\/product"}],"replies":[{"embeddable":true,"href":"https:\/\/topchoicetrends.com\/de\/wp-json\/wp\/v2\/comments?post=4874"}],"wp:featuredmedia":[{"embeddable":true,"href":"https:\/\/topchoicetrends.com\/de\/wp-json\/wp\/v2\/media\/4875"}],"wp:attachment":[{"href":"https:\/\/topchoicetrends.com\/de\/wp-json\/wp\/v2\/media?parent=4874"}],"wp:term":[{"taxonomy":"store","embeddable":true,"href":"https:\/\/topchoicetrends.com\/de\/wp-json\/wp\/v2\/store?post=4874"},{"taxonomy":"product_brand","embeddable":true,"href":"https:\/\/topchoicetrends.com\/de\/wp-json\/wp\/v2\/product_brand?post=4874"},{"taxonomy":"product_cat","embeddable":true,"href":"https:\/\/topchoicetrends.com\/de\/wp-json\/wp\/v2\/product_cat?post=4874"},{"taxonomy":"product_tag","embeddable":true,"href":"https:\/\/topchoicetrends.com\/de\/wp-json\/wp\/v2\/product_tag?post=4874"}],"curies":[{"name":"wp","href":"https:\/\/api.w.org\/{rel}","templated":true}]}}