{"id":4831,"date":"2026-02-09T18:17:14","date_gmt":"2026-02-09T18:17:14","guid":{"rendered":"https:\/\/topchoicetrends.com\/de\/product\/weleda-bio-baby-calendula-wundschutzcreme-75ml-naturkosmetik-wundsalbe-babycreme-fur-den-schutz-empfindlicher-baby-haut-im-windelbereich-hilft-bei-rotungen-gereizter-haut-und-wundsein\/"},"modified":"2024-10-30T12:25:05","modified_gmt":"2024-10-30T12:25:05","slug":"weleda-bio-baby-calendula-wundschutzcreme-75ml-naturkosmetik-wundsalbe-babycreme-fur-den-schutz-empfindlicher-baby-haut-im-windelbereich-hilft-bei-rotungen-gereizter-haut-und-wundsein","status":"publish","type":"product","link":"https:\/\/topchoicetrends.com\/de\/product\/weleda-bio-baby-calendula-wundschutzcreme-75ml-naturkosmetik-wundsalbe-babycreme-fur-den-schutz-empfindlicher-baby-haut-im-windelbereich-hilft-bei-rotungen-gereizter-haut-und-wundsein\/","title":{"rendered":"WELEDA Bio Baby Calendula Wundschut..."},"content":{"rendered":"<p><!-- show up to 2 reviews by default --> <\/p>\n<h3> <span>Product Description<\/span> <\/h3>\n<p> <span>WELEDA Child Calendula Wound Safety Cream 75 ml <br \/>Successfully nourishes and protects in opposition to nappy rash &#8211; a should for child care. <\/p>\n<p>The wealthy nappy cream with rigorously chosen pure substances nourishes delicate child pores and skin within the nappy space. The pure skincare helps with irritated pores and skin and diaper rash and protects the delicate pores and skin of infants and toddlers. <\/p>\n<p>Pores and skin-related wool wax and zinc oxide reliably defend in opposition to moisture. Almond oil and a helpful extract of natural calendula and chamomile gently nourish and soothe the pores and skin. The skincare cream absorbs shortly into the pores and skin and helps the pores and skin in newborns in its wholesome growth <\/p>\n<p>The Calendula care ointment can be appropriate for aged care and nursing, e.g. for incontinence. <\/span><\/p>\n<ul class=\"a-unordered-list a-vertical\">\n<li><span class=\"a-list-item\"><span>Successfully protects in opposition to moisture and soreness within the nappy space \/ nappy rash. <\/span><\/span><\/li>\n<li><span class=\"a-list-item\"><span>Successfully nourishes irritated and reddened pores and skin <\/span><\/span><\/li>\n<li><span class=\"a-list-item\"><span>Promotes pores and skin regeneration <\/span><\/span><\/li>\n<li><span class=\"a-list-item\"><span>Pores and skin compatibility dermatologically examined &#8211; additionally for delicate pores and skin. <\/span><\/span><\/li>\n<\/ul>\n<p><span><br \/>Utility: <br \/>After thorough cleansing, e.g. with the WELEDA Child Calendula care oil, apply the Child Calendula child cream to the pores and skin within the nappy space and particularly within the pores and skin folds. <\/p>\n<p>WELEDA is the world&#8217;s main producer of licensed pure cosmetics and anthroposophic medicines. The merchandise are developed in response to a singular understanding of individuals and nature. <br \/>WELEDA has stood for high-quality pure cosmetics for greater than 100 years and has a wealth of expertise within the manufacturing of holistic physique care merchandise. <br \/>WELEDA makes use of solely high-quality pure uncooked supplies from primarily managed natural cultivation and licensed wild assortment.<\/span> <\/p>\n<h3> <span>Model Description<\/span> <\/h3>\n<p> <span>WELEDA ist der weltweit f\u00fchrende Hersteller von zertifizierter Naturkosmetik und anthroposophischen Arzneimitteln. Die Produkte werden nach einem einzigartigen Menschen- und Naturverst\u00e4ndnis entwickelt.<br \/>WELEDA steht seit mehr als 90 Jahren f\u00fcr hochwertige Naturkosmetik und hat einen reichen Erfahrungsschatz in der Herstellung von ganzheitlichen K\u00f6rperpflegeprodukten.<br \/>WELEDA verwendet ausschlie\u00dflich hochwertige nat\u00fcrliche Rohstoffe aus \u00fcberwiegend kontrolliert biologischem Anbau und zertifizierter Wildsammlung.<\/span> <\/p>\n<div data-a-expander-name=\"toggle_description\" class=\"a-row a-expander-container a-expander-extend-container\">\n<div data-expanded=\"false\" class=\"a-expander-content a-expander-extend-content\">\n<h3> <span>Elements<\/span> <\/h3>\n<p> <span>Water, almond oil, sesame oil*, zinc oxide, beeswax*, wool wax, fatty acid glyceride, clay, extract from marigold blossoms*, extract from chamomile flowers*, perfume, limonene, linalool, benzyl benzoate, benzyl salicylate, geraniol, farnesol (*natural high quality)<\/span> <\/p>\n<h3> <span>Instructions<\/span> <\/h3>\n<p> <span>Cream for software to the pores and skin<\/span> <\/p>\n<h3> <span>Producer Contact Info<\/span> <\/h3>\n<p> <span>M\u00f6hlerstra\u00dfe 3, 73525 Schw\u00e4bisch Gm\u00fcnd<\/span> <\/p>\n<\/p><\/div>\n<p> <a data-csa-c-func-deps=\"aui-da-a-expander-toggle\" data-csa-c-type=\"widget\" data-csa-interaction-events=\"click\" aria-expanded=\"false\" role=\"button\" href=\"javascript:void(0)\" data-action=\"a-expander-toggle\" class=\"a-expander-header a-declarative a-expander-extend-header\" data-a-expander-toggle=\"{\" allowlinkdefault more less><i class=\"a-icon a-icon-extender-expand\"><\/i><span class=\"a-expander-prompt\">See more<\/span><\/a> <\/div>\n<p>Dependable safety in opposition to nappy rash: the pure Calendula child cream protects the delicate pores and skin of infants and toddlers and successfully nourishes irritated and reddened pores and skin; the nappy care ointment protects in opposition to rash within the nappy space and leaves a long-lasting protecting layer on the pores and skin as moisture safety<br \/>\nOptimum child care: the Calendula care cream absorbs shortly into the pores and skin and helps the pores and skin in newborns in its wholesome growth; the wound ointment with zinc oxide, skin-related wool wax and pure beeswax successfully protects in opposition to moisture and soreness within the nappy space; as well as, helpful almond oil and sesame oil from managed natural cultivation promotes pores and skin regeneration and nourishes delicate pores and skin. Mild<br \/>\nHandmade for the pores and skin: the versatile calendula calendula is processed within the WELEDA core firm in Schw\u00e4bisch Gm\u00fcnd for child care, cosmetics and medicines and grows immediately on website within the medicinal plant backyard; it has a nourishing and skin-soothing impact and offers the wound cream a pleasing, gentle perfume<br \/>\nHighest WELEDA high quality: the infant nappy cream has been developed in collaboration with midwives and is free from artificial fragrances, colors and preservatives, microplastic elements in addition to mineral oil-based uncooked supplies; pores and skin compatibility has been dermatologically examined &#8211; even for delicate pores and skin<br \/>\nField contents: 1 x WELEDA natural child calendula nappy cream \u2013 pure child cream for the care of delicate child pores and skin within the nappy space; protects in opposition to redness, pores and skin irritation and nappy rash; common use and can be utilized from start in newborns, infants, kids and adults<br \/>\n<div class=\"main-cross-sell\" data-asin=\"B00BN8JUCC\">\n\n\t<div class=\"WooZone-cross-sell-loader\">\n\t\t<div>\n\t\t\t<div id=\"floatingBarsG\">\n\t\t\t\t<div class=\"blockG\" id=\"rotateG_01\"><\/div>\n\t\t\t\t<div class=\"blockG\" id=\"rotateG_02\"><\/div>\n\t\t\t\t<div class=\"blockG\" id=\"rotateG_03\"><\/div>\n\t\t\t\t<div class=\"blockG\" id=\"rotateG_04\"><\/div>\n\t\t\t\t<div class=\"blockG\" id=\"rotateG_05\"><\/div>\n\t\t\t\t<div class=\"blockG\" id=\"rotateG_06\"><\/div>\n\t\t\t\t<div class=\"blockG\" id=\"rotateG_07\"><\/div>\n\t\t\t\t<div class=\"blockG\" id=\"rotateG_08\"><\/div>\n\t\t\t<\/div>\n\t\t\t<div class=\"WooZone-cross-sell-loader-text\"><\/div>\n\t\t<\/div>\n\t<\/div>\n\n\t\t\n<\/div>\n<div style=\"clear:both;\"><\/div><\/p>\n","protected":false},"excerpt":{"rendered":"<p>Reliable protection against nappy rash: the natural Calendula baby cream protects the sensitive skin of babies and toddlers and effectively nourishes irritated and reddened skin; the nappy care ointment protects against rash in the nappy area and leaves a long-lasting protective layer on the skin as moisture protection<br \/>\nOptimal baby care: the Calendula care cream absorbs quickly into the skin and supports the skin in newborns in its healthy development; the wound ointment with zinc oxide, skin-related wool wax and pure beeswax effectively protects against moisture and soreness in the nappy area; in addition, valuable almond oil and sesame oil from controlled organic cultivation promotes skin regeneration and nourishes sensitive skin. Gentle<br \/>\nHandmade for the skin: the versatile calendula calendula is processed in the WELEDA core company in Schw\u00e4bisch Gm\u00fcnd for baby care, cosmetics and medicines and grows directly on site in the medicinal plant garden; it has a nourishing and skin-soothing effect and gives the wound cream a pleasant, mild fragrance<\/p>\n","protected":false},"featured_media":4832,"comment_status":"open","ping_status":"closed","template":"","meta":{"_aipt_faq_data":""},"store":[],"product_brand":[],"product_cat":[47,28],"product_tag":[],"class_list":{"0":"post-4831","1":"product","2":"type-product","3":"status-publish","4":"has-post-thumbnail","6":"product_cat-baby-care","7":"product_cat-trending","8":"pa_brand-visit-the-weleda-store","10":"first","11":"instock","12":"sale","13":"shipping-taxable","14":"product-type-external"},"yoast_head":"<!-- This site is optimized with the Yoast SEO plugin v27.1.1 - https:\/\/yoast.com\/product\/yoast-seo-wordpress\/ -->\n<title>WELEDA Bio Baby Calendula Wundschutzcreme 75ml - Naturkosmetik Wundsalbe \/ Babycreme f\u00fcr den Schutz empfindlicher Baby Haut im Windelbereich. Hilft bei R\u00f6tungen, gereizter Haut und Wundsein - TopChoiceTrends<\/title>\n<meta name=\"description\" content=\"Entdecke bei TopChoiceTrends gepr\u00fcfte Bestseller, Trendprodukte und starke Angebote aus vielen Kategorien. Smart vergleichen, besser kaufen \u2013 alles \u00fcber Amazon Deutschland.\" \/>\n<meta name=\"robots\" content=\"index, follow, max-snippet:-1, max-image-preview:large, max-video-preview:-1\" \/>\n<link rel=\"canonical\" href=\"https:\/\/topchoicetrends.com\/de\/product\/weleda-bio-baby-calendula-wundschutzcreme-75ml-naturkosmetik-wundsalbe-babycreme-fur-den-schutz-empfindlicher-baby-haut-im-windelbereich-hilft-bei-rotungen-gereizter-haut-und-wundsein\/\" \/>\n<meta property=\"og:locale\" content=\"de_DE\" \/>\n<meta property=\"og:type\" content=\"article\" \/>\n<meta property=\"og:title\" content=\"WELEDA Bio Baby Calendula Wundschutzcreme 75ml - Naturkosmetik Wundsalbe \/ Babycreme f\u00fcr den Schutz empfindlicher Baby Haut im Windelbereich. Hilft bei R\u00f6tungen, gereizter Haut und Wundsein - TopChoiceTrends\" \/>\n<meta property=\"og:description\" content=\"Entdecke bei TopChoiceTrends gepr\u00fcfte Bestseller, Trendprodukte und starke Angebote aus vielen Kategorien. Smart vergleichen, besser kaufen \u2013 alles \u00fcber Amazon Deutschland.\" \/>\n<meta property=\"og:url\" content=\"https:\/\/topchoicetrends.com\/de\/product\/weleda-bio-baby-calendula-wundschutzcreme-75ml-naturkosmetik-wundsalbe-babycreme-fur-den-schutz-empfindlicher-baby-haut-im-windelbereich-hilft-bei-rotungen-gereizter-haut-und-wundsein\/\" \/>\n<meta property=\"og:site_name\" content=\"TopChoiceTrends\" \/>\n<meta property=\"og:image\" content=\"https:\/\/m.media-amazon.com\/images\/I\/41HX8uLV01L.jpg\" \/>\n\t<meta property=\"og:image:width\" content=\"500\" \/>\n\t<meta property=\"og:image:height\" content=\"500\" \/>\n\t<meta property=\"og:image:type\" content=\"image\/jpeg\" \/>\n<meta name=\"twitter:card\" content=\"summary_large_image\" \/>\n<meta name=\"twitter:label1\" content=\"Gesch\u00e4tzte Lesezeit\" \/>\n\t<meta name=\"twitter:data1\" content=\"3\u00a0Minuten\" \/>\n<script type=\"application\/ld+json\" class=\"yoast-schema-graph\">{\"@context\":\"https:\/\/schema.org\",\"@graph\":[{\"@type\":\"WebPage\",\"@id\":\"https:\/\/topchoicetrends.com\/de\/product\/weleda-bio-baby-calendula-wundschutzcreme-75ml-naturkosmetik-wundsalbe-babycreme-fur-den-schutz-empfindlicher-baby-haut-im-windelbereich-hilft-bei-rotungen-gereizter-haut-und-wundsein\/\",\"url\":\"https:\/\/topchoicetrends.com\/de\/product\/weleda-bio-baby-calendula-wundschutzcreme-75ml-naturkosmetik-wundsalbe-babycreme-fur-den-schutz-empfindlicher-baby-haut-im-windelbereich-hilft-bei-rotungen-gereizter-haut-und-wundsein\/\",\"name\":\"WELEDA Bio Baby Calendula Wundschutzcreme 75ml - Naturkosmetik Wundsalbe \/ Babycreme f\u00fcr den Schutz empfindlicher Baby Haut im Windelbereich. Hilft bei R\u00f6tungen, gereizter Haut und Wundsein - TopChoiceTrends\",\"isPartOf\":{\"@id\":\"https:\/\/topchoicetrends.com\/de\/#website\"},\"primaryImageOfPage\":{\"@id\":\"https:\/\/topchoicetrends.com\/de\/product\/weleda-bio-baby-calendula-wundschutzcreme-75ml-naturkosmetik-wundsalbe-babycreme-fur-den-schutz-empfindlicher-baby-haut-im-windelbereich-hilft-bei-rotungen-gereizter-haut-und-wundsein\/#primaryimage\"},\"image\":{\"@id\":\"https:\/\/topchoicetrends.com\/de\/product\/weleda-bio-baby-calendula-wundschutzcreme-75ml-naturkosmetik-wundsalbe-babycreme-fur-den-schutz-empfindlicher-baby-haut-im-windelbereich-hilft-bei-rotungen-gereizter-haut-und-wundsein\/#primaryimage\"},\"thumbnailUrl\":\"https:\/\/m.media-amazon.com\/images\/I\/41HX8uLV01L.jpg\",\"datePublished\":\"2026-02-09T18:17:14+00:00\",\"description\":\"Entdecke bei TopChoiceTrends gepr\u00fcfte Bestseller, Trendprodukte und starke Angebote aus vielen Kategorien. Smart vergleichen, besser kaufen \u2013 alles \u00fcber Amazon Deutschland.\",\"breadcrumb\":{\"@id\":\"https:\/\/topchoicetrends.com\/de\/product\/weleda-bio-baby-calendula-wundschutzcreme-75ml-naturkosmetik-wundsalbe-babycreme-fur-den-schutz-empfindlicher-baby-haut-im-windelbereich-hilft-bei-rotungen-gereizter-haut-und-wundsein\/#breadcrumb\"},\"inLanguage\":\"de\",\"potentialAction\":[{\"@type\":\"ReadAction\",\"target\":[\"https:\/\/topchoicetrends.com\/de\/product\/weleda-bio-baby-calendula-wundschutzcreme-75ml-naturkosmetik-wundsalbe-babycreme-fur-den-schutz-empfindlicher-baby-haut-im-windelbereich-hilft-bei-rotungen-gereizter-haut-und-wundsein\/\"]}]},{\"@type\":\"ImageObject\",\"inLanguage\":\"de\",\"@id\":\"https:\/\/topchoicetrends.com\/de\/product\/weleda-bio-baby-calendula-wundschutzcreme-75ml-naturkosmetik-wundsalbe-babycreme-fur-den-schutz-empfindlicher-baby-haut-im-windelbereich-hilft-bei-rotungen-gereizter-haut-und-wundsein\/#primaryimage\",\"url\":\"https:\/\/m.media-amazon.com\/images\/I\/41HX8uLV01L.jpg\",\"contentUrl\":\"https:\/\/m.media-amazon.com\/images\/I\/41HX8uLV01L.jpg\",\"width\":500,\"height\":500},{\"@type\":\"BreadcrumbList\",\"@id\":\"https:\/\/topchoicetrends.com\/de\/product\/weleda-bio-baby-calendula-wundschutzcreme-75ml-naturkosmetik-wundsalbe-babycreme-fur-den-schutz-empfindlicher-baby-haut-im-windelbereich-hilft-bei-rotungen-gereizter-haut-und-wundsein\/#breadcrumb\",\"itemListElement\":[{\"@type\":\"ListItem\",\"position\":1,\"name\":\"Home\",\"item\":\"https:\/\/topchoicetrends.com\/de\/\"},{\"@type\":\"ListItem\",\"position\":2,\"name\":\"Shop\",\"item\":\"https:\/\/topchoicetrends.com\/de\/shop\/\"},{\"@type\":\"ListItem\",\"position\":3,\"name\":\"WELEDA Bio Baby Calendula Wundschutzcreme 75ml &#8211; Naturkosmetik Wundsalbe \/ Babycreme f\u00fcr den Schutz empfindlicher Baby Haut im Windelbereich. Hilft bei R\u00f6tungen, gereizter Haut und Wundsein\"}]},{\"@type\":\"WebSite\",\"@id\":\"https:\/\/topchoicetrends.com\/de\/#website\",\"url\":\"https:\/\/topchoicetrends.com\/de\/\",\"name\":\"TopChoiceTrends\",\"description\":\"Beste Produktfunde, Bestseller &amp; Top-Angebote online entdecken\",\"publisher\":{\"@id\":\"https:\/\/topchoicetrends.com\/de\/#organization\"},\"potentialAction\":[{\"@type\":\"SearchAction\",\"target\":{\"@type\":\"EntryPoint\",\"urlTemplate\":\"https:\/\/topchoicetrends.com\/de\/?s={search_term_string}\"},\"query-input\":{\"@type\":\"PropertyValueSpecification\",\"valueRequired\":true,\"valueName\":\"search_term_string\"}}],\"inLanguage\":\"de\"},{\"@type\":\"Organization\",\"@id\":\"https:\/\/topchoicetrends.com\/de\/#organization\",\"name\":\"TopChoiceTrends\",\"url\":\"https:\/\/topchoicetrends.com\/de\/\",\"logo\":{\"@type\":\"ImageObject\",\"inLanguage\":\"de\",\"@id\":\"https:\/\/topchoicetrends.com\/de\/#\/schema\/logo\/image\/\",\"url\":\"https:\/\/topchoicetrends.com\/de\/wp-content\/uploads\/2026\/03\/Screenshot_2025-10-09_at_8.21.29_AM-removebg-preview-2.png\",\"contentUrl\":\"https:\/\/topchoicetrends.com\/de\/wp-content\/uploads\/2026\/03\/Screenshot_2025-10-09_at_8.21.29_AM-removebg-preview-2.png\",\"width\":936,\"height\":267,\"caption\":\"TopChoiceTrends\"},\"image\":{\"@id\":\"https:\/\/topchoicetrends.com\/de\/#\/schema\/logo\/image\/\"}}]}<\/script>\n<!-- \/ Yoast SEO plugin. -->","yoast_head_json":{"title":"WELEDA Bio Baby Calendula Wundschutzcreme 75ml - Naturkosmetik Wundsalbe \/ Babycreme f\u00fcr den Schutz empfindlicher Baby Haut im Windelbereich. Hilft bei R\u00f6tungen, gereizter Haut und Wundsein - TopChoiceTrends","description":"Entdecke bei TopChoiceTrends gepr\u00fcfte Bestseller, Trendprodukte und starke Angebote aus vielen Kategorien. Smart vergleichen, besser kaufen \u2013 alles \u00fcber Amazon Deutschland.","robots":{"index":"index","follow":"follow","max-snippet":"max-snippet:-1","max-image-preview":"max-image-preview:large","max-video-preview":"max-video-preview:-1"},"canonical":"https:\/\/topchoicetrends.com\/de\/product\/weleda-bio-baby-calendula-wundschutzcreme-75ml-naturkosmetik-wundsalbe-babycreme-fur-den-schutz-empfindlicher-baby-haut-im-windelbereich-hilft-bei-rotungen-gereizter-haut-und-wundsein\/","og_locale":"de_DE","og_type":"article","og_title":"WELEDA Bio Baby Calendula Wundschutzcreme 75ml - Naturkosmetik Wundsalbe \/ Babycreme f\u00fcr den Schutz empfindlicher Baby Haut im Windelbereich. Hilft bei R\u00f6tungen, gereizter Haut und Wundsein - TopChoiceTrends","og_description":"Entdecke bei TopChoiceTrends gepr\u00fcfte Bestseller, Trendprodukte und starke Angebote aus vielen Kategorien. Smart vergleichen, besser kaufen \u2013 alles \u00fcber Amazon Deutschland.","og_url":"https:\/\/topchoicetrends.com\/de\/product\/weleda-bio-baby-calendula-wundschutzcreme-75ml-naturkosmetik-wundsalbe-babycreme-fur-den-schutz-empfindlicher-baby-haut-im-windelbereich-hilft-bei-rotungen-gereizter-haut-und-wundsein\/","og_site_name":"TopChoiceTrends","og_image":[{"width":500,"height":500,"url":"https:\/\/m.media-amazon.com\/images\/I\/41HX8uLV01L.jpg","type":"image\/jpeg"}],"twitter_card":"summary_large_image","twitter_misc":{"Gesch\u00e4tzte Lesezeit":"3\u00a0Minuten"},"schema":{"@context":"https:\/\/schema.org","@graph":[{"@type":"WebPage","@id":"https:\/\/topchoicetrends.com\/de\/product\/weleda-bio-baby-calendula-wundschutzcreme-75ml-naturkosmetik-wundsalbe-babycreme-fur-den-schutz-empfindlicher-baby-haut-im-windelbereich-hilft-bei-rotungen-gereizter-haut-und-wundsein\/","url":"https:\/\/topchoicetrends.com\/de\/product\/weleda-bio-baby-calendula-wundschutzcreme-75ml-naturkosmetik-wundsalbe-babycreme-fur-den-schutz-empfindlicher-baby-haut-im-windelbereich-hilft-bei-rotungen-gereizter-haut-und-wundsein\/","name":"WELEDA Bio Baby Calendula Wundschutzcreme 75ml - Naturkosmetik Wundsalbe \/ Babycreme f\u00fcr den Schutz empfindlicher Baby Haut im Windelbereich. Hilft bei R\u00f6tungen, gereizter Haut und Wundsein - TopChoiceTrends","isPartOf":{"@id":"https:\/\/topchoicetrends.com\/de\/#website"},"primaryImageOfPage":{"@id":"https:\/\/topchoicetrends.com\/de\/product\/weleda-bio-baby-calendula-wundschutzcreme-75ml-naturkosmetik-wundsalbe-babycreme-fur-den-schutz-empfindlicher-baby-haut-im-windelbereich-hilft-bei-rotungen-gereizter-haut-und-wundsein\/#primaryimage"},"image":{"@id":"https:\/\/topchoicetrends.com\/de\/product\/weleda-bio-baby-calendula-wundschutzcreme-75ml-naturkosmetik-wundsalbe-babycreme-fur-den-schutz-empfindlicher-baby-haut-im-windelbereich-hilft-bei-rotungen-gereizter-haut-und-wundsein\/#primaryimage"},"thumbnailUrl":"https:\/\/m.media-amazon.com\/images\/I\/41HX8uLV01L.jpg","datePublished":"2026-02-09T18:17:14+00:00","description":"Entdecke bei TopChoiceTrends gepr\u00fcfte Bestseller, Trendprodukte und starke Angebote aus vielen Kategorien. Smart vergleichen, besser kaufen \u2013 alles \u00fcber Amazon Deutschland.","breadcrumb":{"@id":"https:\/\/topchoicetrends.com\/de\/product\/weleda-bio-baby-calendula-wundschutzcreme-75ml-naturkosmetik-wundsalbe-babycreme-fur-den-schutz-empfindlicher-baby-haut-im-windelbereich-hilft-bei-rotungen-gereizter-haut-und-wundsein\/#breadcrumb"},"inLanguage":"de","potentialAction":[{"@type":"ReadAction","target":["https:\/\/topchoicetrends.com\/de\/product\/weleda-bio-baby-calendula-wundschutzcreme-75ml-naturkosmetik-wundsalbe-babycreme-fur-den-schutz-empfindlicher-baby-haut-im-windelbereich-hilft-bei-rotungen-gereizter-haut-und-wundsein\/"]}]},{"@type":"ImageObject","inLanguage":"de","@id":"https:\/\/topchoicetrends.com\/de\/product\/weleda-bio-baby-calendula-wundschutzcreme-75ml-naturkosmetik-wundsalbe-babycreme-fur-den-schutz-empfindlicher-baby-haut-im-windelbereich-hilft-bei-rotungen-gereizter-haut-und-wundsein\/#primaryimage","url":"https:\/\/m.media-amazon.com\/images\/I\/41HX8uLV01L.jpg","contentUrl":"https:\/\/m.media-amazon.com\/images\/I\/41HX8uLV01L.jpg","width":500,"height":500},{"@type":"BreadcrumbList","@id":"https:\/\/topchoicetrends.com\/de\/product\/weleda-bio-baby-calendula-wundschutzcreme-75ml-naturkosmetik-wundsalbe-babycreme-fur-den-schutz-empfindlicher-baby-haut-im-windelbereich-hilft-bei-rotungen-gereizter-haut-und-wundsein\/#breadcrumb","itemListElement":[{"@type":"ListItem","position":1,"name":"Home","item":"https:\/\/topchoicetrends.com\/de\/"},{"@type":"ListItem","position":2,"name":"Shop","item":"https:\/\/topchoicetrends.com\/de\/shop\/"},{"@type":"ListItem","position":3,"name":"WELEDA Bio Baby Calendula Wundschutzcreme 75ml &#8211; Naturkosmetik Wundsalbe \/ Babycreme f\u00fcr den Schutz empfindlicher Baby Haut im Windelbereich. Hilft bei R\u00f6tungen, gereizter Haut und Wundsein"}]},{"@type":"WebSite","@id":"https:\/\/topchoicetrends.com\/de\/#website","url":"https:\/\/topchoicetrends.com\/de\/","name":"TopChoiceTrends","description":"Beste Produktfunde, Bestseller &amp; Top-Angebote online entdecken","publisher":{"@id":"https:\/\/topchoicetrends.com\/de\/#organization"},"potentialAction":[{"@type":"SearchAction","target":{"@type":"EntryPoint","urlTemplate":"https:\/\/topchoicetrends.com\/de\/?s={search_term_string}"},"query-input":{"@type":"PropertyValueSpecification","valueRequired":true,"valueName":"search_term_string"}}],"inLanguage":"de"},{"@type":"Organization","@id":"https:\/\/topchoicetrends.com\/de\/#organization","name":"TopChoiceTrends","url":"https:\/\/topchoicetrends.com\/de\/","logo":{"@type":"ImageObject","inLanguage":"de","@id":"https:\/\/topchoicetrends.com\/de\/#\/schema\/logo\/image\/","url":"https:\/\/topchoicetrends.com\/de\/wp-content\/uploads\/2026\/03\/Screenshot_2025-10-09_at_8.21.29_AM-removebg-preview-2.png","contentUrl":"https:\/\/topchoicetrends.com\/de\/wp-content\/uploads\/2026\/03\/Screenshot_2025-10-09_at_8.21.29_AM-removebg-preview-2.png","width":936,"height":267,"caption":"TopChoiceTrends"},"image":{"@id":"https:\/\/topchoicetrends.com\/de\/#\/schema\/logo\/image\/"}}]}},"_links":{"self":[{"href":"https:\/\/topchoicetrends.com\/de\/wp-json\/wp\/v2\/product\/4831","targetHints":{"allow":["GET"]}}],"collection":[{"href":"https:\/\/topchoicetrends.com\/de\/wp-json\/wp\/v2\/product"}],"about":[{"href":"https:\/\/topchoicetrends.com\/de\/wp-json\/wp\/v2\/types\/product"}],"replies":[{"embeddable":true,"href":"https:\/\/topchoicetrends.com\/de\/wp-json\/wp\/v2\/comments?post=4831"}],"wp:featuredmedia":[{"embeddable":true,"href":"https:\/\/topchoicetrends.com\/de\/wp-json\/wp\/v2\/media\/4832"}],"wp:attachment":[{"href":"https:\/\/topchoicetrends.com\/de\/wp-json\/wp\/v2\/media?parent=4831"}],"wp:term":[{"taxonomy":"store","embeddable":true,"href":"https:\/\/topchoicetrends.com\/de\/wp-json\/wp\/v2\/store?post=4831"},{"taxonomy":"product_brand","embeddable":true,"href":"https:\/\/topchoicetrends.com\/de\/wp-json\/wp\/v2\/product_brand?post=4831"},{"taxonomy":"product_cat","embeddable":true,"href":"https:\/\/topchoicetrends.com\/de\/wp-json\/wp\/v2\/product_cat?post=4831"},{"taxonomy":"product_tag","embeddable":true,"href":"https:\/\/topchoicetrends.com\/de\/wp-json\/wp\/v2\/product_tag?post=4831"}],"curies":[{"name":"wp","href":"https:\/\/api.w.org\/{rel}","templated":true}]}}