{"id":4756,"date":"2026-02-09T18:32:30","date_gmt":"2026-02-09T18:32:30","guid":{"rendered":"https:\/\/topchoicetrends.com\/de\/product\/nivea-baby-soft-cream-feuchttucher-baby-feuchttucher-zur-sanften-reinigung-empfindlicher-babyhaut-hypoallergene-feuchttucher-fur-babys-mit-mandelol-und-vitaminen-4-x-57-stuck\/"},"modified":"2026-01-01T13:37:26","modified_gmt":"2026-01-01T13:37:26","slug":"nivea-baby-soft-cream-feuchttucher-baby-feuchttucher-zur-sanften-reinigung-empfindlicher-babyhaut-hypoallergene-feuchttucher-fur-babys-mit-mandelol-und-vitaminen-4-x-57-stuck","status":"publish","type":"product","link":"https:\/\/topchoicetrends.com\/de\/product\/nivea-baby-soft-cream-feuchttucher-baby-feuchttucher-zur-sanften-reinigung-empfindlicher-babyhaut-hypoallergene-feuchttucher-fur-babys-mit-mandelol-und-vitaminen-4-x-57-stuck\/","title":{"rendered":"NIVEA BABY Soft &#038; Cream Feucht..."},"content":{"rendered":"<p><!-- show up to 2 reviews by default --> <\/p>\n<h3> <span>Product Description<\/span> <\/h3>\n<\/p>\n<p><span>NIVEA Child Tender &amp; Cream Moist Wipes &#8211; for light and thorough cleansing of delicate child pores and skin <\/span><\/p>\n<p><span>The Tender &amp; Cream child wipes gently clear, are significantly nourishing for delicate child pores and skin and due to the compact particular person packs supreme for the altering bag. The child wipes are comprised of 100% fibres of pure origin. Its nourishing formulation comprises 100% pure almond oil in addition to vitamin B5, C &amp; E, is vegan and biodegradable*. The hypoallergenic** formulation of the moist wipes is especially gentle and nourishing for child&#8217;s pores and skin. It&#8217;s free from animal elements, microplastic***, mineral oil and parabens. The pores and skin compatibility of the newborn care wipes is confirmed by paediatricians and moms. NIVEA Child &#8211; skincare with each contact. <\/span><\/p>\n<p><span>Utility: <\/span><\/p>\n<p><span>Gently clear child&#8217;s pores and skin and nappy space with a moist wipe. <\/span><\/p>\n<\/p>\n<p><span>*In accordance with OECD or equal strategies. <\/span><\/p>\n<p><span>**Fragrance oil and different elements with out probably allergenic elements based on EU Cosmetics Regulation and SCCS opinion 1459\/11. <\/span><\/p>\n<p><span>***In accordance with UNEP definition. <\/span><\/p>\n<\/p>\n<\/p>\n<h3> <span>Substances<\/span> <\/h3>\n<p> <span>Aqua,Glycerin,Ethylhexyl Stearate,Isopropyl Palmitate,Phenoxyethanol,Glyceryl Stearate Citrate,Hydroxyacetophenone,Xanthan Gum,Caprylyl Glycol,Prunus Amygdalus Dulcis Oil,Panthenol,Sodium Ascorbyl Phosphate,Tocopheryl Acetate,L Pantolactone, citric acid, fragrance,<\/span> <\/p>\n<div data-a-expander-name=\"toggle_description\" class=\"a-row a-expander-container a-expander-extend-container\">\n<div data-expanded=\"false\" class=\"a-expander-content a-expander-extend-content\">\n<h3> <span>Instructions<\/span> <\/h3>\n<p> <span>The product is used to softly clear delicate child pores and skin by gently wiping the wipes over the pores and skin.<\/span> <\/p>\n<h3> <span>Security Warning<\/span> <\/h3>\n<p> <span>Keep away from direct daylight. (Keep away from direct daylight.)<\/span> <\/p>\n<h3> <span>Producer Contact Info<\/span> <\/h3>\n<p> <span>Unnastra\u00dfe 48, 20245 Hamburg<\/span> <\/p>\n<\/p><\/div>\n<p> <a data-csa-c-func-deps=\"aui-da-a-expander-toggle\" data-csa-c-type=\"widget\" data-csa-interaction-events=\"click\" aria-expanded=\"false\" role=\"button\" href=\"javascript:void(0)\" data-action=\"a-expander-toggle\" class=\"a-expander-header a-declarative a-expander-extend-header\" data-a-expander-toggle=\"{\" allowlinkdefault more less><i class=\"a-icon a-icon-extender-expand\"><\/i><span class=\"a-expander-prompt\">See more<\/span><\/a> <\/div>\n<p>Sanfte Reinigung \u2013 Mit Mandel\u00f6l sowie Vitamin E, B5 und C reinigen die weichen und saugf\u00e4higen Babyt\u00fccher die Babyhaut gr\u00fcndlich und pflegen sie zart.<br \/>\nSauberer Windelbereich \u2013 Dank ihrer pflegenden Formel halten die Reinigungst\u00fccher Haut und Windelbereich sauber, trocken und mit Feuchtigkeit versorgt.<br \/>\nNat\u00fcrlicher Ursprung \u2013 Die feuchten T\u00fccher bestehen aus Fasern 100% nat\u00fcrlichen Ursprungs und haben eine vegane und biologisch abbaubare* Pflegeformel.<br \/>\nBest\u00e4tigte Hautvertr\u00e4glichkeit \u2013 Die Hautvertr\u00e4glichkeit der sanft reinigenden NIVEA Feuchtt\u00fccher f\u00fcr Babys ist von Kinder\u00e4rzten &#038; M\u00fcttern best\u00e4tigt.<br \/>\nLieferumfang &#038; Particulars \u2013 NIVEA Child Tender &#038; Cream Feuchtt\u00fccher, 4 x 57 St\u00fcck, sanfte und gr\u00fcndliche Reinigung zarter Babyhaut, mit hypoallergener** Formel, Mandel\u00f6l und Vitaminen, Artikelnr. 80556<br \/>\n<div class=\"main-cross-sell\" data-asin=\"B0CT5W9X8P\">\n\n\t<div class=\"WooZone-cross-sell-loader\">\n\t\t<div>\n\t\t\t<div id=\"floatingBarsG\">\n\t\t\t\t<div class=\"blockG\" id=\"rotateG_01\"><\/div>\n\t\t\t\t<div class=\"blockG\" id=\"rotateG_02\"><\/div>\n\t\t\t\t<div class=\"blockG\" id=\"rotateG_03\"><\/div>\n\t\t\t\t<div class=\"blockG\" id=\"rotateG_04\"><\/div>\n\t\t\t\t<div class=\"blockG\" id=\"rotateG_05\"><\/div>\n\t\t\t\t<div class=\"blockG\" id=\"rotateG_06\"><\/div>\n\t\t\t\t<div class=\"blockG\" id=\"rotateG_07\"><\/div>\n\t\t\t\t<div class=\"blockG\" id=\"rotateG_08\"><\/div>\n\t\t\t<\/div>\n\t\t\t<div class=\"WooZone-cross-sell-loader-text\"><\/div>\n\t\t<\/div>\n\t<\/div>\n\n\t\t\n<\/div>\n<div style=\"clear:both;\"><\/div><\/p>\n","protected":false},"excerpt":{"rendered":"<p>Sanfte Reinigung \u2013 Mit Mandel\u00f6l sowie Vitamin E, B5 und C reinigen die weichen und saugf\u00e4higen Babyt\u00fccher die Babyhaut gr\u00fcndlich und pflegen sie zart.<br \/>\nSauberer Windelbereich \u2013 Dank ihrer pflegenden Formel halten die Reinigungst\u00fccher Haut und Windelbereich sauber, trocken und mit Feuchtigkeit versorgt.<br \/>\nNat\u00fcrlicher Ursprung \u2013 Die feuchten T\u00fccher bestehen aus Fasern 100% nat\u00fcrlichen Ursprungs und haben eine vegane und biologisch abbaubare* Pflegeformel.<\/p>\n","protected":false},"featured_media":4757,"comment_status":"open","ping_status":"closed","template":"","meta":{"_aipt_faq_data":""},"store":[],"product_brand":[],"product_cat":[47,28],"product_tag":[],"class_list":{"0":"post-4756","1":"product","2":"type-product","3":"status-publish","4":"has-post-thumbnail","6":"product_cat-baby-care","7":"product_cat-trending","8":"pa_brand-visit-the-nivea-store","10":"first","11":"instock","12":"sale","13":"shipping-taxable","14":"product-type-external"},"yoast_head":"<!-- This site is optimized with the Yoast SEO plugin v27.1.1 - https:\/\/yoast.com\/product\/yoast-seo-wordpress\/ -->\n<title>NIVEA BABY Soft &amp; Cream Feuchtt\u00fccher, Baby Feuchtt\u00fccher zur sanften Reinigung empfindlicher Babyhaut, hypoallergene Feuchtt\u00fccher f\u00fcr Babys mit Mandel\u00f6l und Vitaminen (4 x 57 St\u00fcck) - TopChoiceTrends<\/title>\n<meta name=\"description\" content=\"Entdecke bei TopChoiceTrends gepr\u00fcfte Bestseller, Trendprodukte und starke Angebote aus vielen Kategorien. Smart vergleichen, besser kaufen \u2013 alles \u00fcber Amazon Deutschland.\" \/>\n<meta name=\"robots\" content=\"index, follow, max-snippet:-1, max-image-preview:large, max-video-preview:-1\" \/>\n<link rel=\"canonical\" href=\"https:\/\/topchoicetrends.com\/de\/product\/nivea-baby-soft-cream-feuchttucher-baby-feuchttucher-zur-sanften-reinigung-empfindlicher-babyhaut-hypoallergene-feuchttucher-fur-babys-mit-mandelol-und-vitaminen-4-x-57-stuck\/\" \/>\n<meta property=\"og:locale\" content=\"de_DE\" \/>\n<meta property=\"og:type\" content=\"article\" \/>\n<meta property=\"og:title\" content=\"NIVEA BABY Soft &amp; Cream Feuchtt\u00fccher, Baby Feuchtt\u00fccher zur sanften Reinigung empfindlicher Babyhaut, hypoallergene Feuchtt\u00fccher f\u00fcr Babys mit Mandel\u00f6l und Vitaminen (4 x 57 St\u00fcck) - TopChoiceTrends\" \/>\n<meta property=\"og:description\" content=\"Entdecke bei TopChoiceTrends gepr\u00fcfte Bestseller, Trendprodukte und starke Angebote aus vielen Kategorien. Smart vergleichen, besser kaufen \u2013 alles \u00fcber Amazon Deutschland.\" \/>\n<meta property=\"og:url\" content=\"https:\/\/topchoicetrends.com\/de\/product\/nivea-baby-soft-cream-feuchttucher-baby-feuchttucher-zur-sanften-reinigung-empfindlicher-babyhaut-hypoallergene-feuchttucher-fur-babys-mit-mandelol-und-vitaminen-4-x-57-stuck\/\" \/>\n<meta property=\"og:site_name\" content=\"TopChoiceTrends\" \/>\n<meta property=\"og:image\" content=\"https:\/\/m.media-amazon.com\/images\/I\/41BHNkBOYXL.jpg\" \/>\n\t<meta property=\"og:image:width\" content=\"500\" \/>\n\t<meta property=\"og:image:height\" content=\"500\" \/>\n\t<meta property=\"og:image:type\" content=\"image\/jpeg\" \/>\n<meta name=\"twitter:card\" content=\"summary_large_image\" \/>\n<meta name=\"twitter:label1\" content=\"Gesch\u00e4tzte Lesezeit\" \/>\n\t<meta name=\"twitter:data1\" content=\"2\u00a0Minuten\" \/>\n<script type=\"application\/ld+json\" class=\"yoast-schema-graph\">{\"@context\":\"https:\/\/schema.org\",\"@graph\":[{\"@type\":\"WebPage\",\"@id\":\"https:\/\/topchoicetrends.com\/de\/product\/nivea-baby-soft-cream-feuchttucher-baby-feuchttucher-zur-sanften-reinigung-empfindlicher-babyhaut-hypoallergene-feuchttucher-fur-babys-mit-mandelol-und-vitaminen-4-x-57-stuck\/\",\"url\":\"https:\/\/topchoicetrends.com\/de\/product\/nivea-baby-soft-cream-feuchttucher-baby-feuchttucher-zur-sanften-reinigung-empfindlicher-babyhaut-hypoallergene-feuchttucher-fur-babys-mit-mandelol-und-vitaminen-4-x-57-stuck\/\",\"name\":\"NIVEA BABY Soft & Cream Feuchtt\u00fccher, Baby Feuchtt\u00fccher zur sanften Reinigung empfindlicher Babyhaut, hypoallergene Feuchtt\u00fccher f\u00fcr Babys mit Mandel\u00f6l und Vitaminen (4 x 57 St\u00fcck) - TopChoiceTrends\",\"isPartOf\":{\"@id\":\"https:\/\/topchoicetrends.com\/de\/#website\"},\"primaryImageOfPage\":{\"@id\":\"https:\/\/topchoicetrends.com\/de\/product\/nivea-baby-soft-cream-feuchttucher-baby-feuchttucher-zur-sanften-reinigung-empfindlicher-babyhaut-hypoallergene-feuchttucher-fur-babys-mit-mandelol-und-vitaminen-4-x-57-stuck\/#primaryimage\"},\"image\":{\"@id\":\"https:\/\/topchoicetrends.com\/de\/product\/nivea-baby-soft-cream-feuchttucher-baby-feuchttucher-zur-sanften-reinigung-empfindlicher-babyhaut-hypoallergene-feuchttucher-fur-babys-mit-mandelol-und-vitaminen-4-x-57-stuck\/#primaryimage\"},\"thumbnailUrl\":\"https:\/\/m.media-amazon.com\/images\/I\/41BHNkBOYXL.jpg\",\"datePublished\":\"2026-02-09T18:32:30+00:00\",\"description\":\"Entdecke bei TopChoiceTrends gepr\u00fcfte Bestseller, Trendprodukte und starke Angebote aus vielen Kategorien. Smart vergleichen, besser kaufen \u2013 alles \u00fcber Amazon Deutschland.\",\"breadcrumb\":{\"@id\":\"https:\/\/topchoicetrends.com\/de\/product\/nivea-baby-soft-cream-feuchttucher-baby-feuchttucher-zur-sanften-reinigung-empfindlicher-babyhaut-hypoallergene-feuchttucher-fur-babys-mit-mandelol-und-vitaminen-4-x-57-stuck\/#breadcrumb\"},\"inLanguage\":\"de\",\"potentialAction\":[{\"@type\":\"ReadAction\",\"target\":[\"https:\/\/topchoicetrends.com\/de\/product\/nivea-baby-soft-cream-feuchttucher-baby-feuchttucher-zur-sanften-reinigung-empfindlicher-babyhaut-hypoallergene-feuchttucher-fur-babys-mit-mandelol-und-vitaminen-4-x-57-stuck\/\"]}]},{\"@type\":\"ImageObject\",\"inLanguage\":\"de\",\"@id\":\"https:\/\/topchoicetrends.com\/de\/product\/nivea-baby-soft-cream-feuchttucher-baby-feuchttucher-zur-sanften-reinigung-empfindlicher-babyhaut-hypoallergene-feuchttucher-fur-babys-mit-mandelol-und-vitaminen-4-x-57-stuck\/#primaryimage\",\"url\":\"https:\/\/m.media-amazon.com\/images\/I\/41BHNkBOYXL.jpg\",\"contentUrl\":\"https:\/\/m.media-amazon.com\/images\/I\/41BHNkBOYXL.jpg\",\"width\":500,\"height\":500},{\"@type\":\"BreadcrumbList\",\"@id\":\"https:\/\/topchoicetrends.com\/de\/product\/nivea-baby-soft-cream-feuchttucher-baby-feuchttucher-zur-sanften-reinigung-empfindlicher-babyhaut-hypoallergene-feuchttucher-fur-babys-mit-mandelol-und-vitaminen-4-x-57-stuck\/#breadcrumb\",\"itemListElement\":[{\"@type\":\"ListItem\",\"position\":1,\"name\":\"Home\",\"item\":\"https:\/\/topchoicetrends.com\/de\/\"},{\"@type\":\"ListItem\",\"position\":2,\"name\":\"Shop\",\"item\":\"https:\/\/topchoicetrends.com\/de\/shop\/\"},{\"@type\":\"ListItem\",\"position\":3,\"name\":\"NIVEA BABY Soft &#038; Cream Feuchtt\u00fccher, Baby Feuchtt\u00fccher zur sanften Reinigung empfindlicher Babyhaut, hypoallergene Feuchtt\u00fccher f\u00fcr Babys mit Mandel\u00f6l und Vitaminen (4 x 57 St\u00fcck)\"}]},{\"@type\":\"WebSite\",\"@id\":\"https:\/\/topchoicetrends.com\/de\/#website\",\"url\":\"https:\/\/topchoicetrends.com\/de\/\",\"name\":\"TopChoiceTrends\",\"description\":\"Beste Produktfunde, Bestseller &amp; Top-Angebote online entdecken\",\"publisher\":{\"@id\":\"https:\/\/topchoicetrends.com\/de\/#organization\"},\"potentialAction\":[{\"@type\":\"SearchAction\",\"target\":{\"@type\":\"EntryPoint\",\"urlTemplate\":\"https:\/\/topchoicetrends.com\/de\/?s={search_term_string}\"},\"query-input\":{\"@type\":\"PropertyValueSpecification\",\"valueRequired\":true,\"valueName\":\"search_term_string\"}}],\"inLanguage\":\"de\"},{\"@type\":\"Organization\",\"@id\":\"https:\/\/topchoicetrends.com\/de\/#organization\",\"name\":\"TopChoiceTrends\",\"url\":\"https:\/\/topchoicetrends.com\/de\/\",\"logo\":{\"@type\":\"ImageObject\",\"inLanguage\":\"de\",\"@id\":\"https:\/\/topchoicetrends.com\/de\/#\/schema\/logo\/image\/\",\"url\":\"https:\/\/topchoicetrends.com\/de\/wp-content\/uploads\/2026\/03\/Screenshot_2025-10-09_at_8.21.29_AM-removebg-preview-2.png\",\"contentUrl\":\"https:\/\/topchoicetrends.com\/de\/wp-content\/uploads\/2026\/03\/Screenshot_2025-10-09_at_8.21.29_AM-removebg-preview-2.png\",\"width\":936,\"height\":267,\"caption\":\"TopChoiceTrends\"},\"image\":{\"@id\":\"https:\/\/topchoicetrends.com\/de\/#\/schema\/logo\/image\/\"}}]}<\/script>\n<!-- \/ Yoast SEO plugin. -->","yoast_head_json":{"title":"NIVEA BABY Soft & Cream Feuchtt\u00fccher, Baby Feuchtt\u00fccher zur sanften Reinigung empfindlicher Babyhaut, hypoallergene Feuchtt\u00fccher f\u00fcr Babys mit Mandel\u00f6l und Vitaminen (4 x 57 St\u00fcck) - TopChoiceTrends","description":"Entdecke bei TopChoiceTrends gepr\u00fcfte Bestseller, Trendprodukte und starke Angebote aus vielen Kategorien. Smart vergleichen, besser kaufen \u2013 alles \u00fcber Amazon Deutschland.","robots":{"index":"index","follow":"follow","max-snippet":"max-snippet:-1","max-image-preview":"max-image-preview:large","max-video-preview":"max-video-preview:-1"},"canonical":"https:\/\/topchoicetrends.com\/de\/product\/nivea-baby-soft-cream-feuchttucher-baby-feuchttucher-zur-sanften-reinigung-empfindlicher-babyhaut-hypoallergene-feuchttucher-fur-babys-mit-mandelol-und-vitaminen-4-x-57-stuck\/","og_locale":"de_DE","og_type":"article","og_title":"NIVEA BABY Soft & Cream Feuchtt\u00fccher, Baby Feuchtt\u00fccher zur sanften Reinigung empfindlicher Babyhaut, hypoallergene Feuchtt\u00fccher f\u00fcr Babys mit Mandel\u00f6l und Vitaminen (4 x 57 St\u00fcck) - TopChoiceTrends","og_description":"Entdecke bei TopChoiceTrends gepr\u00fcfte Bestseller, Trendprodukte und starke Angebote aus vielen Kategorien. Smart vergleichen, besser kaufen \u2013 alles \u00fcber Amazon Deutschland.","og_url":"https:\/\/topchoicetrends.com\/de\/product\/nivea-baby-soft-cream-feuchttucher-baby-feuchttucher-zur-sanften-reinigung-empfindlicher-babyhaut-hypoallergene-feuchttucher-fur-babys-mit-mandelol-und-vitaminen-4-x-57-stuck\/","og_site_name":"TopChoiceTrends","og_image":[{"width":500,"height":500,"url":"https:\/\/m.media-amazon.com\/images\/I\/41BHNkBOYXL.jpg","type":"image\/jpeg"}],"twitter_card":"summary_large_image","twitter_misc":{"Gesch\u00e4tzte Lesezeit":"2\u00a0Minuten"},"schema":{"@context":"https:\/\/schema.org","@graph":[{"@type":"WebPage","@id":"https:\/\/topchoicetrends.com\/de\/product\/nivea-baby-soft-cream-feuchttucher-baby-feuchttucher-zur-sanften-reinigung-empfindlicher-babyhaut-hypoallergene-feuchttucher-fur-babys-mit-mandelol-und-vitaminen-4-x-57-stuck\/","url":"https:\/\/topchoicetrends.com\/de\/product\/nivea-baby-soft-cream-feuchttucher-baby-feuchttucher-zur-sanften-reinigung-empfindlicher-babyhaut-hypoallergene-feuchttucher-fur-babys-mit-mandelol-und-vitaminen-4-x-57-stuck\/","name":"NIVEA BABY Soft & Cream Feuchtt\u00fccher, Baby Feuchtt\u00fccher zur sanften Reinigung empfindlicher Babyhaut, hypoallergene Feuchtt\u00fccher f\u00fcr Babys mit Mandel\u00f6l und Vitaminen (4 x 57 St\u00fcck) - TopChoiceTrends","isPartOf":{"@id":"https:\/\/topchoicetrends.com\/de\/#website"},"primaryImageOfPage":{"@id":"https:\/\/topchoicetrends.com\/de\/product\/nivea-baby-soft-cream-feuchttucher-baby-feuchttucher-zur-sanften-reinigung-empfindlicher-babyhaut-hypoallergene-feuchttucher-fur-babys-mit-mandelol-und-vitaminen-4-x-57-stuck\/#primaryimage"},"image":{"@id":"https:\/\/topchoicetrends.com\/de\/product\/nivea-baby-soft-cream-feuchttucher-baby-feuchttucher-zur-sanften-reinigung-empfindlicher-babyhaut-hypoallergene-feuchttucher-fur-babys-mit-mandelol-und-vitaminen-4-x-57-stuck\/#primaryimage"},"thumbnailUrl":"https:\/\/m.media-amazon.com\/images\/I\/41BHNkBOYXL.jpg","datePublished":"2026-02-09T18:32:30+00:00","description":"Entdecke bei TopChoiceTrends gepr\u00fcfte Bestseller, Trendprodukte und starke Angebote aus vielen Kategorien. Smart vergleichen, besser kaufen \u2013 alles \u00fcber Amazon Deutschland.","breadcrumb":{"@id":"https:\/\/topchoicetrends.com\/de\/product\/nivea-baby-soft-cream-feuchttucher-baby-feuchttucher-zur-sanften-reinigung-empfindlicher-babyhaut-hypoallergene-feuchttucher-fur-babys-mit-mandelol-und-vitaminen-4-x-57-stuck\/#breadcrumb"},"inLanguage":"de","potentialAction":[{"@type":"ReadAction","target":["https:\/\/topchoicetrends.com\/de\/product\/nivea-baby-soft-cream-feuchttucher-baby-feuchttucher-zur-sanften-reinigung-empfindlicher-babyhaut-hypoallergene-feuchttucher-fur-babys-mit-mandelol-und-vitaminen-4-x-57-stuck\/"]}]},{"@type":"ImageObject","inLanguage":"de","@id":"https:\/\/topchoicetrends.com\/de\/product\/nivea-baby-soft-cream-feuchttucher-baby-feuchttucher-zur-sanften-reinigung-empfindlicher-babyhaut-hypoallergene-feuchttucher-fur-babys-mit-mandelol-und-vitaminen-4-x-57-stuck\/#primaryimage","url":"https:\/\/m.media-amazon.com\/images\/I\/41BHNkBOYXL.jpg","contentUrl":"https:\/\/m.media-amazon.com\/images\/I\/41BHNkBOYXL.jpg","width":500,"height":500},{"@type":"BreadcrumbList","@id":"https:\/\/topchoicetrends.com\/de\/product\/nivea-baby-soft-cream-feuchttucher-baby-feuchttucher-zur-sanften-reinigung-empfindlicher-babyhaut-hypoallergene-feuchttucher-fur-babys-mit-mandelol-und-vitaminen-4-x-57-stuck\/#breadcrumb","itemListElement":[{"@type":"ListItem","position":1,"name":"Home","item":"https:\/\/topchoicetrends.com\/de\/"},{"@type":"ListItem","position":2,"name":"Shop","item":"https:\/\/topchoicetrends.com\/de\/shop\/"},{"@type":"ListItem","position":3,"name":"NIVEA BABY Soft &#038; Cream Feuchtt\u00fccher, Baby Feuchtt\u00fccher zur sanften Reinigung empfindlicher Babyhaut, hypoallergene Feuchtt\u00fccher f\u00fcr Babys mit Mandel\u00f6l und Vitaminen (4 x 57 St\u00fcck)"}]},{"@type":"WebSite","@id":"https:\/\/topchoicetrends.com\/de\/#website","url":"https:\/\/topchoicetrends.com\/de\/","name":"TopChoiceTrends","description":"Beste Produktfunde, Bestseller &amp; Top-Angebote online entdecken","publisher":{"@id":"https:\/\/topchoicetrends.com\/de\/#organization"},"potentialAction":[{"@type":"SearchAction","target":{"@type":"EntryPoint","urlTemplate":"https:\/\/topchoicetrends.com\/de\/?s={search_term_string}"},"query-input":{"@type":"PropertyValueSpecification","valueRequired":true,"valueName":"search_term_string"}}],"inLanguage":"de"},{"@type":"Organization","@id":"https:\/\/topchoicetrends.com\/de\/#organization","name":"TopChoiceTrends","url":"https:\/\/topchoicetrends.com\/de\/","logo":{"@type":"ImageObject","inLanguage":"de","@id":"https:\/\/topchoicetrends.com\/de\/#\/schema\/logo\/image\/","url":"https:\/\/topchoicetrends.com\/de\/wp-content\/uploads\/2026\/03\/Screenshot_2025-10-09_at_8.21.29_AM-removebg-preview-2.png","contentUrl":"https:\/\/topchoicetrends.com\/de\/wp-content\/uploads\/2026\/03\/Screenshot_2025-10-09_at_8.21.29_AM-removebg-preview-2.png","width":936,"height":267,"caption":"TopChoiceTrends"},"image":{"@id":"https:\/\/topchoicetrends.com\/de\/#\/schema\/logo\/image\/"}}]}},"_links":{"self":[{"href":"https:\/\/topchoicetrends.com\/de\/wp-json\/wp\/v2\/product\/4756","targetHints":{"allow":["GET"]}}],"collection":[{"href":"https:\/\/topchoicetrends.com\/de\/wp-json\/wp\/v2\/product"}],"about":[{"href":"https:\/\/topchoicetrends.com\/de\/wp-json\/wp\/v2\/types\/product"}],"replies":[{"embeddable":true,"href":"https:\/\/topchoicetrends.com\/de\/wp-json\/wp\/v2\/comments?post=4756"}],"wp:featuredmedia":[{"embeddable":true,"href":"https:\/\/topchoicetrends.com\/de\/wp-json\/wp\/v2\/media\/4757"}],"wp:attachment":[{"href":"https:\/\/topchoicetrends.com\/de\/wp-json\/wp\/v2\/media?parent=4756"}],"wp:term":[{"taxonomy":"store","embeddable":true,"href":"https:\/\/topchoicetrends.com\/de\/wp-json\/wp\/v2\/store?post=4756"},{"taxonomy":"product_brand","embeddable":true,"href":"https:\/\/topchoicetrends.com\/de\/wp-json\/wp\/v2\/product_brand?post=4756"},{"taxonomy":"product_cat","embeddable":true,"href":"https:\/\/topchoicetrends.com\/de\/wp-json\/wp\/v2\/product_cat?post=4756"},{"taxonomy":"product_tag","embeddable":true,"href":"https:\/\/topchoicetrends.com\/de\/wp-json\/wp\/v2\/product_tag?post=4756"}],"curies":[{"name":"wp","href":"https:\/\/api.w.org\/{rel}","templated":true}]}}