{"id":4594,"date":"2026-02-09T19:03:13","date_gmt":"2026-02-09T19:03:13","guid":{"rendered":"https:\/\/topchoicetrends.com\/de\/product\/weleda-baby-abdominal-oil-natural-cosmetics-massage-oil-for-abdominal-pain-and-cramps-in-babies-and-toddlers-care-oil-to-promote-digestion-1-x-50-ml\/"},"modified":"2024-10-30T12:25:08","modified_gmt":"2024-10-30T12:25:08","slug":"weleda-baby-abdominal-oil-natural-cosmetics-massage-oil-for-abdominal-pain-and-cramps-in-babies-and-toddlers-care-oil-to-promote-digestion-1-x-50-ml","status":"publish","type":"product","link":"https:\/\/topchoicetrends.com\/de\/product\/weleda-baby-abdominal-oil-natural-cosmetics-massage-oil-for-abdominal-pain-and-cramps-in-babies-and-toddlers-care-oil-to-promote-digestion-1-x-50-ml\/","title":{"rendered":"Weleda Baby Abdominal Oil, Natural ..."},"content":{"rendered":"<p><!-- show up to 2 reviews by default --> <\/p>\n<h3> <span>Product Description<\/span> <\/h3>\n<p> <span>WELEDA Child Stomach Oil <br \/>Nourishes and relaxes <\/p>\n<p>Child stomach oil is good for light belly therapeutic massage. The important oils are used to advertise digestion and stop disagreeable winds and bloating. It incorporates finely tuned, valuable all-natural oils &#8211; delicate almond oil and important oils of marjoram, Roman chamomile and cardamom &#8211; and is good for enjoyable belly massages. <br \/><\/span><\/p>\n<ul class=\"a-unordered-list a-vertical\">\n<li><span class=\"a-list-item\"><span>Relaxed <\/span><\/span><\/li>\n<li><span class=\"a-list-item\"><span>Promotes digestion due to therapeutic massage. <\/span><\/span><\/li>\n<li><span class=\"a-list-item\"><span>Prevents disagreeable winds. <\/span><\/span><\/li>\n<li><span class=\"a-list-item\"><span>Free from artificial fragrances, colors and preservatives in addition to mineral oil-based uncooked supplies. <\/span><\/span><\/li>\n<li><span class=\"a-list-item\"><span>Vegan. <\/span><\/span><\/li>\n<\/ul>\n<p><span><br \/>Software: Throughout the therapeutic massage, care should be taken to take care of a heat setting in addition to heat arms (heat forearms and arms in tempered water earlier than massaging). Then warmth some Weleda child stomach oil in your hand and rub gently across the stomach button clockwise. Midwives advocate making use of the spiral therapeutic massage to the left thigh. This therapeutic massage approach is particularly really helpful for leisure and bloating. <\/p>\n<p>Pores and skin compatibility dermatologically examined. <\/p>\n<p>WELEDA is the world&#8217;s main producer of licensed pure cosmetics and anthroposophic medicines. The merchandise are developed in accordance with a singular understanding of individuals and nature. <br \/>WELEDA has stood for high-quality pure cosmetics for greater than 90 years and has a wealth of expertise within the manufacturing of holistic physique care merchandise. <br \/>WELEDA solely makes use of high-quality pure uncooked supplies from primarily managed natural cultivation and licensed wild assortment.<\/span> <\/p>\n<h3> <span>Security Warning<\/span> <\/h3>\n<p> <span>Keep away from contact with eyes<\/span> <\/p>\n<div data-a-expander-name=\"toggle_description\" class=\"a-row a-expander-container a-expander-extend-container\">\n<div data-expanded=\"false\" class=\"a-expander-content a-expander-extend-content\">\n<h3> <span>Producer Contact Info<\/span> <\/h3>\n<p> <span>M\u00f6hlerstra\u00dfe 3, 73525 Schw\u00e4bisch Gm\u00fcnd<\/span> <\/p>\n<\/p><\/div>\n<p> <a data-csa-c-func-deps=\"aui-da-a-expander-toggle\" data-csa-c-type=\"widget\" data-csa-interaction-events=\"click\" aria-expanded=\"false\" role=\"button\" href=\"javascript:void(0)\" data-action=\"a-expander-toggle\" class=\"a-expander-header a-declarative a-expander-extend-header\" data-a-expander-toggle=\"{\" allowlinkdefault more less><i class=\"a-icon a-icon-extender-expand\"><\/i><span class=\"a-expander-prompt\">See more<\/span><\/a> <\/div>\n<p>For enjoyable belly massages: The Weleda child belly oil is a fastidiously chosen composition primarily based on delicate almond oil and is particularly designed for enjoyable belly massages.<br \/>\nAids digestion: The pure important oils of marjoran, Roman chamomile and cardamom are used to advertise digestion.<br \/>\nMounted routine: Common use helps the kid to discover a mounted routine in life, which is important for harmonious growth.<br \/>\nHighest Weleda high quality: one hundred pc pure cosmetics and NaTrue certification.<br \/>\nSupply contents: 1 x Weleda child tummy oil for infants and toddlers.<br \/>\n<div class=\"main-cross-sell\" data-asin=\"B000ORYEF6\">\n\n\t<div class=\"WooZone-cross-sell-loader\">\n\t\t<div>\n\t\t\t<div id=\"floatingBarsG\">\n\t\t\t\t<div class=\"blockG\" id=\"rotateG_01\"><\/div>\n\t\t\t\t<div class=\"blockG\" id=\"rotateG_02\"><\/div>\n\t\t\t\t<div class=\"blockG\" id=\"rotateG_03\"><\/div>\n\t\t\t\t<div class=\"blockG\" id=\"rotateG_04\"><\/div>\n\t\t\t\t<div class=\"blockG\" id=\"rotateG_05\"><\/div>\n\t\t\t\t<div class=\"blockG\" id=\"rotateG_06\"><\/div>\n\t\t\t\t<div class=\"blockG\" id=\"rotateG_07\"><\/div>\n\t\t\t\t<div class=\"blockG\" id=\"rotateG_08\"><\/div>\n\t\t\t<\/div>\n\t\t\t<div class=\"WooZone-cross-sell-loader-text\"><\/div>\n\t\t<\/div>\n\t<\/div>\n\n\t\t\n<\/div>\n<div style=\"clear:both;\"><\/div><\/p>\n","protected":false},"excerpt":{"rendered":"<p>For relaxing abdominal massages: The Weleda baby abdominal oil is a carefully selected composition based on mild almond oil and is specifically designed for relaxing abdominal massages.<br \/>\nAids digestion: The natural essential oils of marjoran, Roman chamomile and cardamom are used to promote digestion.<br \/>\nFixed routine: Regular use helps the child to find a fixed routine in life, which is essential for harmonious development.<\/p>\n","protected":false},"featured_media":4595,"comment_status":"open","ping_status":"closed","template":"","meta":{"_aipt_faq_data":""},"store":[],"product_brand":[],"product_cat":[47,28],"product_tag":[],"class_list":{"0":"post-4594","1":"product","2":"type-product","3":"status-publish","4":"has-post-thumbnail","6":"product_cat-baby-care","7":"product_cat-trending","8":"pa_brand-visit-the-weleda-store","10":"first","11":"instock","12":"sale","13":"shipping-taxable","14":"product-type-external"},"yoast_head":"<!-- This site is optimized with the Yoast SEO plugin v27.1.1 - https:\/\/yoast.com\/product\/yoast-seo-wordpress\/ -->\n<title>Weleda Baby Abdominal Oil, Natural Cosmetics, Massage Oil for Abdominal Pain and Cramps in Babies and Toddlers, Care Oil to Promote Digestion (1 x 50 ml) - TopChoiceTrends<\/title>\n<meta name=\"description\" content=\"Entdecke bei TopChoiceTrends gepr\u00fcfte Bestseller, Trendprodukte und starke Angebote aus vielen Kategorien. Smart vergleichen, besser kaufen \u2013 alles \u00fcber Amazon Deutschland.\" \/>\n<meta name=\"robots\" content=\"index, follow, max-snippet:-1, max-image-preview:large, max-video-preview:-1\" \/>\n<link rel=\"canonical\" href=\"https:\/\/topchoicetrends.com\/de\/product\/weleda-baby-abdominal-oil-natural-cosmetics-massage-oil-for-abdominal-pain-and-cramps-in-babies-and-toddlers-care-oil-to-promote-digestion-1-x-50-ml\/\" \/>\n<meta property=\"og:locale\" content=\"de_DE\" \/>\n<meta property=\"og:type\" content=\"article\" \/>\n<meta property=\"og:title\" content=\"Weleda Baby Abdominal Oil, Natural Cosmetics, Massage Oil for Abdominal Pain and Cramps in Babies and Toddlers, Care Oil to Promote Digestion (1 x 50 ml) - TopChoiceTrends\" \/>\n<meta property=\"og:description\" content=\"Entdecke bei TopChoiceTrends gepr\u00fcfte Bestseller, Trendprodukte und starke Angebote aus vielen Kategorien. Smart vergleichen, besser kaufen \u2013 alles \u00fcber Amazon Deutschland.\" \/>\n<meta property=\"og:url\" content=\"https:\/\/topchoicetrends.com\/de\/product\/weleda-baby-abdominal-oil-natural-cosmetics-massage-oil-for-abdominal-pain-and-cramps-in-babies-and-toddlers-care-oil-to-promote-digestion-1-x-50-ml\/\" \/>\n<meta property=\"og:site_name\" content=\"TopChoiceTrends\" \/>\n<meta property=\"og:image\" content=\"https:\/\/m.media-amazon.com\/images\/I\/51pp3AjKzHL.jpg\" \/>\n\t<meta property=\"og:image:width\" content=\"500\" \/>\n\t<meta property=\"og:image:height\" content=\"500\" \/>\n\t<meta property=\"og:image:type\" content=\"image\/jpeg\" \/>\n<meta name=\"twitter:card\" content=\"summary_large_image\" \/>\n<meta name=\"twitter:label1\" content=\"Gesch\u00e4tzte Lesezeit\" \/>\n\t<meta name=\"twitter:data1\" content=\"2\u00a0Minuten\" \/>\n<script type=\"application\/ld+json\" class=\"yoast-schema-graph\">{\"@context\":\"https:\/\/schema.org\",\"@graph\":[{\"@type\":\"WebPage\",\"@id\":\"https:\/\/topchoicetrends.com\/de\/product\/weleda-baby-abdominal-oil-natural-cosmetics-massage-oil-for-abdominal-pain-and-cramps-in-babies-and-toddlers-care-oil-to-promote-digestion-1-x-50-ml\/\",\"url\":\"https:\/\/topchoicetrends.com\/de\/product\/weleda-baby-abdominal-oil-natural-cosmetics-massage-oil-for-abdominal-pain-and-cramps-in-babies-and-toddlers-care-oil-to-promote-digestion-1-x-50-ml\/\",\"name\":\"Weleda Baby Abdominal Oil, Natural Cosmetics, Massage Oil for Abdominal Pain and Cramps in Babies and Toddlers, Care Oil to Promote Digestion (1 x 50 ml) - TopChoiceTrends\",\"isPartOf\":{\"@id\":\"https:\/\/topchoicetrends.com\/de\/#website\"},\"primaryImageOfPage\":{\"@id\":\"https:\/\/topchoicetrends.com\/de\/product\/weleda-baby-abdominal-oil-natural-cosmetics-massage-oil-for-abdominal-pain-and-cramps-in-babies-and-toddlers-care-oil-to-promote-digestion-1-x-50-ml\/#primaryimage\"},\"image\":{\"@id\":\"https:\/\/topchoicetrends.com\/de\/product\/weleda-baby-abdominal-oil-natural-cosmetics-massage-oil-for-abdominal-pain-and-cramps-in-babies-and-toddlers-care-oil-to-promote-digestion-1-x-50-ml\/#primaryimage\"},\"thumbnailUrl\":\"https:\/\/m.media-amazon.com\/images\/I\/51pp3AjKzHL.jpg\",\"datePublished\":\"2026-02-09T19:03:13+00:00\",\"description\":\"Entdecke bei TopChoiceTrends gepr\u00fcfte Bestseller, Trendprodukte und starke Angebote aus vielen Kategorien. Smart vergleichen, besser kaufen \u2013 alles \u00fcber Amazon Deutschland.\",\"breadcrumb\":{\"@id\":\"https:\/\/topchoicetrends.com\/de\/product\/weleda-baby-abdominal-oil-natural-cosmetics-massage-oil-for-abdominal-pain-and-cramps-in-babies-and-toddlers-care-oil-to-promote-digestion-1-x-50-ml\/#breadcrumb\"},\"inLanguage\":\"de\",\"potentialAction\":[{\"@type\":\"ReadAction\",\"target\":[\"https:\/\/topchoicetrends.com\/de\/product\/weleda-baby-abdominal-oil-natural-cosmetics-massage-oil-for-abdominal-pain-and-cramps-in-babies-and-toddlers-care-oil-to-promote-digestion-1-x-50-ml\/\"]}]},{\"@type\":\"ImageObject\",\"inLanguage\":\"de\",\"@id\":\"https:\/\/topchoicetrends.com\/de\/product\/weleda-baby-abdominal-oil-natural-cosmetics-massage-oil-for-abdominal-pain-and-cramps-in-babies-and-toddlers-care-oil-to-promote-digestion-1-x-50-ml\/#primaryimage\",\"url\":\"https:\/\/m.media-amazon.com\/images\/I\/51pp3AjKzHL.jpg\",\"contentUrl\":\"https:\/\/m.media-amazon.com\/images\/I\/51pp3AjKzHL.jpg\",\"width\":500,\"height\":500},{\"@type\":\"BreadcrumbList\",\"@id\":\"https:\/\/topchoicetrends.com\/de\/product\/weleda-baby-abdominal-oil-natural-cosmetics-massage-oil-for-abdominal-pain-and-cramps-in-babies-and-toddlers-care-oil-to-promote-digestion-1-x-50-ml\/#breadcrumb\",\"itemListElement\":[{\"@type\":\"ListItem\",\"position\":1,\"name\":\"Home\",\"item\":\"https:\/\/topchoicetrends.com\/de\/\"},{\"@type\":\"ListItem\",\"position\":2,\"name\":\"Shop\",\"item\":\"https:\/\/topchoicetrends.com\/de\/shop\/\"},{\"@type\":\"ListItem\",\"position\":3,\"name\":\"Weleda Baby Abdominal Oil, Natural Cosmetics, Massage Oil for Abdominal Pain and Cramps in Babies and Toddlers, Care Oil to Promote Digestion (1 x 50 ml)\"}]},{\"@type\":\"WebSite\",\"@id\":\"https:\/\/topchoicetrends.com\/de\/#website\",\"url\":\"https:\/\/topchoicetrends.com\/de\/\",\"name\":\"TopChoiceTrends\",\"description\":\"Beste Produktfunde, Bestseller &amp; Top-Angebote online entdecken\",\"publisher\":{\"@id\":\"https:\/\/topchoicetrends.com\/de\/#organization\"},\"potentialAction\":[{\"@type\":\"SearchAction\",\"target\":{\"@type\":\"EntryPoint\",\"urlTemplate\":\"https:\/\/topchoicetrends.com\/de\/?s={search_term_string}\"},\"query-input\":{\"@type\":\"PropertyValueSpecification\",\"valueRequired\":true,\"valueName\":\"search_term_string\"}}],\"inLanguage\":\"de\"},{\"@type\":\"Organization\",\"@id\":\"https:\/\/topchoicetrends.com\/de\/#organization\",\"name\":\"TopChoiceTrends\",\"url\":\"https:\/\/topchoicetrends.com\/de\/\",\"logo\":{\"@type\":\"ImageObject\",\"inLanguage\":\"de\",\"@id\":\"https:\/\/topchoicetrends.com\/de\/#\/schema\/logo\/image\/\",\"url\":\"https:\/\/topchoicetrends.com\/de\/wp-content\/uploads\/2026\/03\/Screenshot_2025-10-09_at_8.21.29_AM-removebg-preview-2.png\",\"contentUrl\":\"https:\/\/topchoicetrends.com\/de\/wp-content\/uploads\/2026\/03\/Screenshot_2025-10-09_at_8.21.29_AM-removebg-preview-2.png\",\"width\":936,\"height\":267,\"caption\":\"TopChoiceTrends\"},\"image\":{\"@id\":\"https:\/\/topchoicetrends.com\/de\/#\/schema\/logo\/image\/\"}}]}<\/script>\n<!-- \/ Yoast SEO plugin. -->","yoast_head_json":{"title":"Weleda Baby Abdominal Oil, Natural Cosmetics, Massage Oil for Abdominal Pain and Cramps in Babies and Toddlers, Care Oil to Promote Digestion (1 x 50 ml) - TopChoiceTrends","description":"Entdecke bei TopChoiceTrends gepr\u00fcfte Bestseller, Trendprodukte und starke Angebote aus vielen Kategorien. Smart vergleichen, besser kaufen \u2013 alles \u00fcber Amazon Deutschland.","robots":{"index":"index","follow":"follow","max-snippet":"max-snippet:-1","max-image-preview":"max-image-preview:large","max-video-preview":"max-video-preview:-1"},"canonical":"https:\/\/topchoicetrends.com\/de\/product\/weleda-baby-abdominal-oil-natural-cosmetics-massage-oil-for-abdominal-pain-and-cramps-in-babies-and-toddlers-care-oil-to-promote-digestion-1-x-50-ml\/","og_locale":"de_DE","og_type":"article","og_title":"Weleda Baby Abdominal Oil, Natural Cosmetics, Massage Oil for Abdominal Pain and Cramps in Babies and Toddlers, Care Oil to Promote Digestion (1 x 50 ml) - TopChoiceTrends","og_description":"Entdecke bei TopChoiceTrends gepr\u00fcfte Bestseller, Trendprodukte und starke Angebote aus vielen Kategorien. Smart vergleichen, besser kaufen \u2013 alles \u00fcber Amazon Deutschland.","og_url":"https:\/\/topchoicetrends.com\/de\/product\/weleda-baby-abdominal-oil-natural-cosmetics-massage-oil-for-abdominal-pain-and-cramps-in-babies-and-toddlers-care-oil-to-promote-digestion-1-x-50-ml\/","og_site_name":"TopChoiceTrends","og_image":[{"width":500,"height":500,"url":"https:\/\/m.media-amazon.com\/images\/I\/51pp3AjKzHL.jpg","type":"image\/jpeg"}],"twitter_card":"summary_large_image","twitter_misc":{"Gesch\u00e4tzte Lesezeit":"2\u00a0Minuten"},"schema":{"@context":"https:\/\/schema.org","@graph":[{"@type":"WebPage","@id":"https:\/\/topchoicetrends.com\/de\/product\/weleda-baby-abdominal-oil-natural-cosmetics-massage-oil-for-abdominal-pain-and-cramps-in-babies-and-toddlers-care-oil-to-promote-digestion-1-x-50-ml\/","url":"https:\/\/topchoicetrends.com\/de\/product\/weleda-baby-abdominal-oil-natural-cosmetics-massage-oil-for-abdominal-pain-and-cramps-in-babies-and-toddlers-care-oil-to-promote-digestion-1-x-50-ml\/","name":"Weleda Baby Abdominal Oil, Natural Cosmetics, Massage Oil for Abdominal Pain and Cramps in Babies and Toddlers, Care Oil to Promote Digestion (1 x 50 ml) - TopChoiceTrends","isPartOf":{"@id":"https:\/\/topchoicetrends.com\/de\/#website"},"primaryImageOfPage":{"@id":"https:\/\/topchoicetrends.com\/de\/product\/weleda-baby-abdominal-oil-natural-cosmetics-massage-oil-for-abdominal-pain-and-cramps-in-babies-and-toddlers-care-oil-to-promote-digestion-1-x-50-ml\/#primaryimage"},"image":{"@id":"https:\/\/topchoicetrends.com\/de\/product\/weleda-baby-abdominal-oil-natural-cosmetics-massage-oil-for-abdominal-pain-and-cramps-in-babies-and-toddlers-care-oil-to-promote-digestion-1-x-50-ml\/#primaryimage"},"thumbnailUrl":"https:\/\/m.media-amazon.com\/images\/I\/51pp3AjKzHL.jpg","datePublished":"2026-02-09T19:03:13+00:00","description":"Entdecke bei TopChoiceTrends gepr\u00fcfte Bestseller, Trendprodukte und starke Angebote aus vielen Kategorien. Smart vergleichen, besser kaufen \u2013 alles \u00fcber Amazon Deutschland.","breadcrumb":{"@id":"https:\/\/topchoicetrends.com\/de\/product\/weleda-baby-abdominal-oil-natural-cosmetics-massage-oil-for-abdominal-pain-and-cramps-in-babies-and-toddlers-care-oil-to-promote-digestion-1-x-50-ml\/#breadcrumb"},"inLanguage":"de","potentialAction":[{"@type":"ReadAction","target":["https:\/\/topchoicetrends.com\/de\/product\/weleda-baby-abdominal-oil-natural-cosmetics-massage-oil-for-abdominal-pain-and-cramps-in-babies-and-toddlers-care-oil-to-promote-digestion-1-x-50-ml\/"]}]},{"@type":"ImageObject","inLanguage":"de","@id":"https:\/\/topchoicetrends.com\/de\/product\/weleda-baby-abdominal-oil-natural-cosmetics-massage-oil-for-abdominal-pain-and-cramps-in-babies-and-toddlers-care-oil-to-promote-digestion-1-x-50-ml\/#primaryimage","url":"https:\/\/m.media-amazon.com\/images\/I\/51pp3AjKzHL.jpg","contentUrl":"https:\/\/m.media-amazon.com\/images\/I\/51pp3AjKzHL.jpg","width":500,"height":500},{"@type":"BreadcrumbList","@id":"https:\/\/topchoicetrends.com\/de\/product\/weleda-baby-abdominal-oil-natural-cosmetics-massage-oil-for-abdominal-pain-and-cramps-in-babies-and-toddlers-care-oil-to-promote-digestion-1-x-50-ml\/#breadcrumb","itemListElement":[{"@type":"ListItem","position":1,"name":"Home","item":"https:\/\/topchoicetrends.com\/de\/"},{"@type":"ListItem","position":2,"name":"Shop","item":"https:\/\/topchoicetrends.com\/de\/shop\/"},{"@type":"ListItem","position":3,"name":"Weleda Baby Abdominal Oil, Natural Cosmetics, Massage Oil for Abdominal Pain and Cramps in Babies and Toddlers, Care Oil to Promote Digestion (1 x 50 ml)"}]},{"@type":"WebSite","@id":"https:\/\/topchoicetrends.com\/de\/#website","url":"https:\/\/topchoicetrends.com\/de\/","name":"TopChoiceTrends","description":"Beste Produktfunde, Bestseller &amp; Top-Angebote online entdecken","publisher":{"@id":"https:\/\/topchoicetrends.com\/de\/#organization"},"potentialAction":[{"@type":"SearchAction","target":{"@type":"EntryPoint","urlTemplate":"https:\/\/topchoicetrends.com\/de\/?s={search_term_string}"},"query-input":{"@type":"PropertyValueSpecification","valueRequired":true,"valueName":"search_term_string"}}],"inLanguage":"de"},{"@type":"Organization","@id":"https:\/\/topchoicetrends.com\/de\/#organization","name":"TopChoiceTrends","url":"https:\/\/topchoicetrends.com\/de\/","logo":{"@type":"ImageObject","inLanguage":"de","@id":"https:\/\/topchoicetrends.com\/de\/#\/schema\/logo\/image\/","url":"https:\/\/topchoicetrends.com\/de\/wp-content\/uploads\/2026\/03\/Screenshot_2025-10-09_at_8.21.29_AM-removebg-preview-2.png","contentUrl":"https:\/\/topchoicetrends.com\/de\/wp-content\/uploads\/2026\/03\/Screenshot_2025-10-09_at_8.21.29_AM-removebg-preview-2.png","width":936,"height":267,"caption":"TopChoiceTrends"},"image":{"@id":"https:\/\/topchoicetrends.com\/de\/#\/schema\/logo\/image\/"}}]}},"_links":{"self":[{"href":"https:\/\/topchoicetrends.com\/de\/wp-json\/wp\/v2\/product\/4594","targetHints":{"allow":["GET"]}}],"collection":[{"href":"https:\/\/topchoicetrends.com\/de\/wp-json\/wp\/v2\/product"}],"about":[{"href":"https:\/\/topchoicetrends.com\/de\/wp-json\/wp\/v2\/types\/product"}],"replies":[{"embeddable":true,"href":"https:\/\/topchoicetrends.com\/de\/wp-json\/wp\/v2\/comments?post=4594"}],"wp:featuredmedia":[{"embeddable":true,"href":"https:\/\/topchoicetrends.com\/de\/wp-json\/wp\/v2\/media\/4595"}],"wp:attachment":[{"href":"https:\/\/topchoicetrends.com\/de\/wp-json\/wp\/v2\/media?parent=4594"}],"wp:term":[{"taxonomy":"store","embeddable":true,"href":"https:\/\/topchoicetrends.com\/de\/wp-json\/wp\/v2\/store?post=4594"},{"taxonomy":"product_brand","embeddable":true,"href":"https:\/\/topchoicetrends.com\/de\/wp-json\/wp\/v2\/product_brand?post=4594"},{"taxonomy":"product_cat","embeddable":true,"href":"https:\/\/topchoicetrends.com\/de\/wp-json\/wp\/v2\/product_cat?post=4594"},{"taxonomy":"product_tag","embeddable":true,"href":"https:\/\/topchoicetrends.com\/de\/wp-json\/wp\/v2\/product_tag?post=4594"}],"curies":[{"name":"wp","href":"https:\/\/api.w.org\/{rel}","templated":true}]}}