{"id":4586,"date":"2026-02-09T18:41:38","date_gmt":"2026-02-09T18:41:38","guid":{"rendered":"https:\/\/topchoicetrends.com\/de\/product\/weleda-organic-baby-calendula-magic-balm-natural-cosmetics-universal-balm-for-face-body-for-care-soothing-dry-skin-and-lips-rich-all-purpose-balm-for-babies-children-1-x-25-g\/"},"modified":"2024-10-30T12:25:08","modified_gmt":"2024-10-30T12:25:08","slug":"weleda-organic-baby-calendula-magic-balm-natural-cosmetics-universal-balm-for-face-body-for-care-soothing-dry-skin-and-lips-rich-all-purpose-balm-for-babies-children-1-x-25-g","status":"publish","type":"product","link":"https:\/\/topchoicetrends.com\/de\/product\/weleda-organic-baby-calendula-magic-balm-natural-cosmetics-universal-balm-for-face-body-for-care-soothing-dry-skin-and-lips-rich-all-purpose-balm-for-babies-children-1-x-25-g\/","title":{"rendered":"WELEDA Organic Baby Calendula Magic..."},"content":{"rendered":"<p><!-- show up to 2 reviews by default --> <\/p>\n<h3> <span>Product Description<\/span> <\/h3>\n<p> <span>WELEDA Natural Child Calendula Magic Balm <br \/>100% pure all-purpose balm for delicate child pores and skin <\/p>\n<p>The 100% pure and vegan all-purpose balm intensively nourishes, soothes and protects delicate child pores and skin. The water, alcohol and fragrance-free formulation with natural calendula extract and high-quality waxes and oils nourishes and softens the fragile pores and skin of infants and toddlers. The agency balm gives instantaneous aid for tough pores and skin and soothes very dry pores and skin, chapped pores and skin and dry lips. It gives quick pure safety from drying out the pores and skin and helps restore the pores and skin&#8217;s personal barrier operate. <\/p>\n<p>Because of the sensible aluminium tin, the magic balm is the perfect companion for on the go and may be saved simply and space-saving, e.g. within the pram, altering bag or purse. So you possibly can defend your child&#8217;s delicate pores and skin anytime and anyplace. <\/p>\n<p>It gives instantaneous pure safety in opposition to drying out of the pores and skin in chilly, windy, moist and harsh climate and is appropriate for reddened cheeks and saliva-irritated child pores and skin on the chin throughout teething. <\/p>\n<p>Software: <br \/>The common balm may be utilized as typically as obligatory from day one to dry, chapped or reddened pores and skin areas. Apply a skinny layer of the wealthy child magic balm to uncovered pores and skin areas as wanted. It may be used as a protecting layer in opposition to drying out on arms, cheeks, chin and lips and is appropriate for the delicate pores and skin of infants, kids and adults. <\/p>\n<p>Pores and skin compatibility clinically and dermatologically examined &#8211; even for very delicate pores and skin. <\/span><\/p>\n<ul class=\"a-unordered-list a-vertical\">\n<li><span class=\"a-list-item\"><span>16% much less pores and skin roughness after 4 weeks with 2 makes use of a day <\/span><\/span><\/li>\n<li><span class=\"a-list-item\"><span>38% extra pores and skin moisture after 4 weeks with 2 functions a day <\/span><\/span><\/li>\n<\/ul>\n<h3> <span>Model Description<\/span> <\/h3>\n<p> <span>WELEDA ist der weltweit f\u00fchrende Hersteller von zertifizierter Naturkosmetik und anthroposophischen Arzneimitteln. Die Produkte werden nach einem einzigartigen Menschen- und Naturverst\u00e4ndnis entwickelt.<br \/>WELEDA steht seit mehr als 100 Jahren f\u00fcr hochwertige Naturkosmetik und hat einen reichen Erfahrungsschatz in der Herstellung von ganzheitlichen K\u00f6rperpflegeprodukten.<br \/>WELEDA verwendet ausschlie\u00dflich hochwertige nat\u00fcrliche Rohstoffe aus \u00fcberwiegend kontrolliert biologischem Anbau und zertifizierter Wildsammlung.<\/span> <\/p>\n<div data-a-expander-name=\"toggle_description\" class=\"a-row a-expander-container a-expander-extend-container\">\n<div data-expanded=\"false\" class=\"a-expander-content a-expander-extend-content\">\n<h3> <span>Instructions<\/span> <\/h3>\n<p> <span>Use as a protecting layer in opposition to drying out on arms, cheeks, chin and lips. Apply to dry, chapped or reddened pores and skin areas. Appropriate for delicate child and grownup pores and skin. Can be utilized as typically as obligatory from day one.<\/span> <\/p>\n<h3> <span>Security Warning<\/span> <\/h3>\n<p> <span>Nicht zutreffend<\/span> <\/p>\n<\/p><\/div>\n<p> <a data-csa-c-func-deps=\"aui-da-a-expander-toggle\" data-csa-c-type=\"widget\" data-csa-interaction-events=\"click\" aria-expanded=\"false\" role=\"button\" href=\"javascript:void(0)\" data-action=\"a-expander-toggle\" class=\"a-expander-header a-declarative a-expander-extend-header\" data-a-expander-toggle=\"{\" allowlinkdefault more less><i class=\"a-icon a-icon-extender-expand\"><\/i><span class=\"a-expander-prompt\">See more<\/span><\/a> <\/div>\n<p>Common take care of dry pores and skin: the WELEDA Child magic balm intensively nourishes dry pores and skin areas and protects the pores and skin barrier; because of the recyclable aluminium can, the all-purpose balm is right for on the go and can be utilized selectively all 12 months spherical<br \/>\nAppropriate for all physique \/ face areas: the agency child balm soothes dry lips and relieves chapped pores and skin on the cheeks, chin and arms of kids and infants; the vegan all-round care gives quick pure safety in opposition to drying out of the pores and skin and can be utilized as typically as obligatory throughout childbirth<br \/>\nPREMIUM INGREDIENTS Whereas natural cocoa butter retains moisture within the pores and skin, candelilla and carnauba wax has a pores and skin protecting impact; natural sesame oil makes the pores and skin supple and the precious extract of natural calendula has a nourishing and pores and skin soothing impact<br \/>\nHighest WELEDA high quality: the newborn magic balm is free from artificial fragrances, colors and preservatives in addition to mineral oil-based uncooked supplies; it&#8217;s 100% vegan and free from fragrance, alcohol and water; the pores and skin compatibility has been clinically and dermatologically examined &#8211; even for very delicate pores and skin<br \/>\nField contents: 1 x WELEDA natural child calendula magic balm &#8211; 100% pure and vegan all-purpose balm in a sensible aluminium tin for delicate pores and skin of infants, kids and adults<br \/>\n<div class=\"main-cross-sell\" data-asin=\"B0BB7412ST\">\n\n\t<div class=\"WooZone-cross-sell-loader\">\n\t\t<div>\n\t\t\t<div id=\"floatingBarsG\">\n\t\t\t\t<div class=\"blockG\" id=\"rotateG_01\"><\/div>\n\t\t\t\t<div class=\"blockG\" id=\"rotateG_02\"><\/div>\n\t\t\t\t<div class=\"blockG\" id=\"rotateG_03\"><\/div>\n\t\t\t\t<div class=\"blockG\" id=\"rotateG_04\"><\/div>\n\t\t\t\t<div class=\"blockG\" id=\"rotateG_05\"><\/div>\n\t\t\t\t<div class=\"blockG\" id=\"rotateG_06\"><\/div>\n\t\t\t\t<div class=\"blockG\" id=\"rotateG_07\"><\/div>\n\t\t\t\t<div class=\"blockG\" id=\"rotateG_08\"><\/div>\n\t\t\t<\/div>\n\t\t\t<div class=\"WooZone-cross-sell-loader-text\"><\/div>\n\t\t<\/div>\n\t<\/div>\n\n\t\t\n<\/div>\n<div style=\"clear:both;\"><\/div><\/p>\n","protected":false},"excerpt":{"rendered":"<p>Universal care for dry skin: the WELEDA Baby magic balm intensively nourishes dry skin areas and protects the skin barrier; thanks to the recyclable aluminium can, the all-purpose balm is ideal for on the go and can be used selectively all year round<br \/>\nSuitable for all body \/ face areas: the firm baby balm soothes dry lips and relieves chapped skin on the cheeks, chin and hands of children and babies; the vegan all-round care provides immediate natural protection against drying out of the skin and can be used as often as necessary during childbirth<br \/>\nPREMIUM INGREDIENTS While organic cocoa butter retains moisture in the skin, candelilla and carnauba wax has a skin protective effect; organic sesame oil makes the skin supple and the valuable extract of organic calendula has a nourishing and skin soothing effect<\/p>\n","protected":false},"featured_media":4587,"comment_status":"open","ping_status":"closed","template":"","meta":{"_aipt_faq_data":""},"store":[],"product_brand":[],"product_cat":[47,28],"product_tag":[],"class_list":{"0":"post-4586","1":"product","2":"type-product","3":"status-publish","4":"has-post-thumbnail","6":"product_cat-baby-care","7":"product_cat-trending","8":"pa_brand-visit-the-weleda-store","10":"first","11":"instock","12":"sale","13":"shipping-taxable","14":"product-type-external"},"yoast_head":"<!-- This site is optimized with the Yoast SEO plugin v27.1.1 - https:\/\/yoast.com\/product\/yoast-seo-wordpress\/ -->\n<title>WELEDA Organic Baby Calendula Magic Balm - Natural Cosmetics Universal Balm for Face &amp; Body for Care &amp; Soothing Dry Skin and Lips. Rich All-Purpose Balm for Babies &amp; Children (1 x 25 g) - TopChoiceTrends<\/title>\n<meta name=\"description\" content=\"Entdecke bei TopChoiceTrends gepr\u00fcfte Bestseller, Trendprodukte und starke Angebote aus vielen Kategorien. Smart vergleichen, besser kaufen \u2013 alles \u00fcber Amazon Deutschland.\" \/>\n<meta name=\"robots\" content=\"index, follow, max-snippet:-1, max-image-preview:large, max-video-preview:-1\" \/>\n<link rel=\"canonical\" href=\"https:\/\/topchoicetrends.com\/de\/product\/weleda-organic-baby-calendula-magic-balm-natural-cosmetics-universal-balm-for-face-body-for-care-soothing-dry-skin-and-lips-rich-all-purpose-balm-for-babies-children-1-x-25-g\/\" \/>\n<meta property=\"og:locale\" content=\"de_DE\" \/>\n<meta property=\"og:type\" content=\"article\" \/>\n<meta property=\"og:title\" content=\"WELEDA Organic Baby Calendula Magic Balm - Natural Cosmetics Universal Balm for Face &amp; Body for Care &amp; Soothing Dry Skin and Lips. Rich All-Purpose Balm for Babies &amp; Children (1 x 25 g) - TopChoiceTrends\" \/>\n<meta property=\"og:description\" content=\"Entdecke bei TopChoiceTrends gepr\u00fcfte Bestseller, Trendprodukte und starke Angebote aus vielen Kategorien. Smart vergleichen, besser kaufen \u2013 alles \u00fcber Amazon Deutschland.\" \/>\n<meta property=\"og:url\" content=\"https:\/\/topchoicetrends.com\/de\/product\/weleda-organic-baby-calendula-magic-balm-natural-cosmetics-universal-balm-for-face-body-for-care-soothing-dry-skin-and-lips-rich-all-purpose-balm-for-babies-children-1-x-25-g\/\" \/>\n<meta property=\"og:site_name\" content=\"TopChoiceTrends\" \/>\n<meta property=\"og:image\" content=\"https:\/\/m.media-amazon.com\/images\/I\/51DxLGOCkVL.jpg\" \/>\n\t<meta property=\"og:image:width\" content=\"500\" \/>\n\t<meta property=\"og:image:height\" content=\"500\" \/>\n\t<meta property=\"og:image:type\" content=\"image\/jpeg\" \/>\n<meta name=\"twitter:card\" content=\"summary_large_image\" \/>\n<meta name=\"twitter:label1\" content=\"Gesch\u00e4tzte Lesezeit\" \/>\n\t<meta name=\"twitter:data1\" content=\"3\u00a0Minuten\" \/>\n<script type=\"application\/ld+json\" class=\"yoast-schema-graph\">{\"@context\":\"https:\/\/schema.org\",\"@graph\":[{\"@type\":\"WebPage\",\"@id\":\"https:\/\/topchoicetrends.com\/de\/product\/weleda-organic-baby-calendula-magic-balm-natural-cosmetics-universal-balm-for-face-body-for-care-soothing-dry-skin-and-lips-rich-all-purpose-balm-for-babies-children-1-x-25-g\/\",\"url\":\"https:\/\/topchoicetrends.com\/de\/product\/weleda-organic-baby-calendula-magic-balm-natural-cosmetics-universal-balm-for-face-body-for-care-soothing-dry-skin-and-lips-rich-all-purpose-balm-for-babies-children-1-x-25-g\/\",\"name\":\"WELEDA Organic Baby Calendula Magic Balm - Natural Cosmetics Universal Balm for Face & Body for Care & Soothing Dry Skin and Lips. Rich All-Purpose Balm for Babies & Children (1 x 25 g) - TopChoiceTrends\",\"isPartOf\":{\"@id\":\"https:\/\/topchoicetrends.com\/de\/#website\"},\"primaryImageOfPage\":{\"@id\":\"https:\/\/topchoicetrends.com\/de\/product\/weleda-organic-baby-calendula-magic-balm-natural-cosmetics-universal-balm-for-face-body-for-care-soothing-dry-skin-and-lips-rich-all-purpose-balm-for-babies-children-1-x-25-g\/#primaryimage\"},\"image\":{\"@id\":\"https:\/\/topchoicetrends.com\/de\/product\/weleda-organic-baby-calendula-magic-balm-natural-cosmetics-universal-balm-for-face-body-for-care-soothing-dry-skin-and-lips-rich-all-purpose-balm-for-babies-children-1-x-25-g\/#primaryimage\"},\"thumbnailUrl\":\"https:\/\/m.media-amazon.com\/images\/I\/51DxLGOCkVL.jpg\",\"datePublished\":\"2026-02-09T18:41:38+00:00\",\"description\":\"Entdecke bei TopChoiceTrends gepr\u00fcfte Bestseller, Trendprodukte und starke Angebote aus vielen Kategorien. Smart vergleichen, besser kaufen \u2013 alles \u00fcber Amazon Deutschland.\",\"breadcrumb\":{\"@id\":\"https:\/\/topchoicetrends.com\/de\/product\/weleda-organic-baby-calendula-magic-balm-natural-cosmetics-universal-balm-for-face-body-for-care-soothing-dry-skin-and-lips-rich-all-purpose-balm-for-babies-children-1-x-25-g\/#breadcrumb\"},\"inLanguage\":\"de\",\"potentialAction\":[{\"@type\":\"ReadAction\",\"target\":[\"https:\/\/topchoicetrends.com\/de\/product\/weleda-organic-baby-calendula-magic-balm-natural-cosmetics-universal-balm-for-face-body-for-care-soothing-dry-skin-and-lips-rich-all-purpose-balm-for-babies-children-1-x-25-g\/\"]}]},{\"@type\":\"ImageObject\",\"inLanguage\":\"de\",\"@id\":\"https:\/\/topchoicetrends.com\/de\/product\/weleda-organic-baby-calendula-magic-balm-natural-cosmetics-universal-balm-for-face-body-for-care-soothing-dry-skin-and-lips-rich-all-purpose-balm-for-babies-children-1-x-25-g\/#primaryimage\",\"url\":\"https:\/\/m.media-amazon.com\/images\/I\/51DxLGOCkVL.jpg\",\"contentUrl\":\"https:\/\/m.media-amazon.com\/images\/I\/51DxLGOCkVL.jpg\",\"width\":500,\"height\":500},{\"@type\":\"BreadcrumbList\",\"@id\":\"https:\/\/topchoicetrends.com\/de\/product\/weleda-organic-baby-calendula-magic-balm-natural-cosmetics-universal-balm-for-face-body-for-care-soothing-dry-skin-and-lips-rich-all-purpose-balm-for-babies-children-1-x-25-g\/#breadcrumb\",\"itemListElement\":[{\"@type\":\"ListItem\",\"position\":1,\"name\":\"Home\",\"item\":\"https:\/\/topchoicetrends.com\/de\/\"},{\"@type\":\"ListItem\",\"position\":2,\"name\":\"Shop\",\"item\":\"https:\/\/topchoicetrends.com\/de\/shop\/\"},{\"@type\":\"ListItem\",\"position\":3,\"name\":\"WELEDA Organic Baby Calendula Magic Balm &#8211; Natural Cosmetics Universal Balm for Face &#038; Body for Care &#038; Soothing Dry Skin and Lips. Rich All-Purpose Balm for Babies &#038; Children (1 x 25 g)\"}]},{\"@type\":\"WebSite\",\"@id\":\"https:\/\/topchoicetrends.com\/de\/#website\",\"url\":\"https:\/\/topchoicetrends.com\/de\/\",\"name\":\"TopChoiceTrends\",\"description\":\"Beste Produktfunde, Bestseller &amp; Top-Angebote online entdecken\",\"publisher\":{\"@id\":\"https:\/\/topchoicetrends.com\/de\/#organization\"},\"potentialAction\":[{\"@type\":\"SearchAction\",\"target\":{\"@type\":\"EntryPoint\",\"urlTemplate\":\"https:\/\/topchoicetrends.com\/de\/?s={search_term_string}\"},\"query-input\":{\"@type\":\"PropertyValueSpecification\",\"valueRequired\":true,\"valueName\":\"search_term_string\"}}],\"inLanguage\":\"de\"},{\"@type\":\"Organization\",\"@id\":\"https:\/\/topchoicetrends.com\/de\/#organization\",\"name\":\"TopChoiceTrends\",\"url\":\"https:\/\/topchoicetrends.com\/de\/\",\"logo\":{\"@type\":\"ImageObject\",\"inLanguage\":\"de\",\"@id\":\"https:\/\/topchoicetrends.com\/de\/#\/schema\/logo\/image\/\",\"url\":\"https:\/\/topchoicetrends.com\/de\/wp-content\/uploads\/2026\/03\/Screenshot_2025-10-09_at_8.21.29_AM-removebg-preview-2.png\",\"contentUrl\":\"https:\/\/topchoicetrends.com\/de\/wp-content\/uploads\/2026\/03\/Screenshot_2025-10-09_at_8.21.29_AM-removebg-preview-2.png\",\"width\":936,\"height\":267,\"caption\":\"TopChoiceTrends\"},\"image\":{\"@id\":\"https:\/\/topchoicetrends.com\/de\/#\/schema\/logo\/image\/\"}}]}<\/script>\n<!-- \/ Yoast SEO plugin. -->","yoast_head_json":{"title":"WELEDA Organic Baby Calendula Magic Balm - Natural Cosmetics Universal Balm for Face & Body for Care & Soothing Dry Skin and Lips. Rich All-Purpose Balm for Babies & Children (1 x 25 g) - TopChoiceTrends","description":"Entdecke bei TopChoiceTrends gepr\u00fcfte Bestseller, Trendprodukte und starke Angebote aus vielen Kategorien. Smart vergleichen, besser kaufen \u2013 alles \u00fcber Amazon Deutschland.","robots":{"index":"index","follow":"follow","max-snippet":"max-snippet:-1","max-image-preview":"max-image-preview:large","max-video-preview":"max-video-preview:-1"},"canonical":"https:\/\/topchoicetrends.com\/de\/product\/weleda-organic-baby-calendula-magic-balm-natural-cosmetics-universal-balm-for-face-body-for-care-soothing-dry-skin-and-lips-rich-all-purpose-balm-for-babies-children-1-x-25-g\/","og_locale":"de_DE","og_type":"article","og_title":"WELEDA Organic Baby Calendula Magic Balm - Natural Cosmetics Universal Balm for Face & Body for Care & Soothing Dry Skin and Lips. Rich All-Purpose Balm for Babies & Children (1 x 25 g) - TopChoiceTrends","og_description":"Entdecke bei TopChoiceTrends gepr\u00fcfte Bestseller, Trendprodukte und starke Angebote aus vielen Kategorien. Smart vergleichen, besser kaufen \u2013 alles \u00fcber Amazon Deutschland.","og_url":"https:\/\/topchoicetrends.com\/de\/product\/weleda-organic-baby-calendula-magic-balm-natural-cosmetics-universal-balm-for-face-body-for-care-soothing-dry-skin-and-lips-rich-all-purpose-balm-for-babies-children-1-x-25-g\/","og_site_name":"TopChoiceTrends","og_image":[{"width":500,"height":500,"url":"https:\/\/m.media-amazon.com\/images\/I\/51DxLGOCkVL.jpg","type":"image\/jpeg"}],"twitter_card":"summary_large_image","twitter_misc":{"Gesch\u00e4tzte Lesezeit":"3\u00a0Minuten"},"schema":{"@context":"https:\/\/schema.org","@graph":[{"@type":"WebPage","@id":"https:\/\/topchoicetrends.com\/de\/product\/weleda-organic-baby-calendula-magic-balm-natural-cosmetics-universal-balm-for-face-body-for-care-soothing-dry-skin-and-lips-rich-all-purpose-balm-for-babies-children-1-x-25-g\/","url":"https:\/\/topchoicetrends.com\/de\/product\/weleda-organic-baby-calendula-magic-balm-natural-cosmetics-universal-balm-for-face-body-for-care-soothing-dry-skin-and-lips-rich-all-purpose-balm-for-babies-children-1-x-25-g\/","name":"WELEDA Organic Baby Calendula Magic Balm - Natural Cosmetics Universal Balm for Face & Body for Care & Soothing Dry Skin and Lips. Rich All-Purpose Balm for Babies & Children (1 x 25 g) - TopChoiceTrends","isPartOf":{"@id":"https:\/\/topchoicetrends.com\/de\/#website"},"primaryImageOfPage":{"@id":"https:\/\/topchoicetrends.com\/de\/product\/weleda-organic-baby-calendula-magic-balm-natural-cosmetics-universal-balm-for-face-body-for-care-soothing-dry-skin-and-lips-rich-all-purpose-balm-for-babies-children-1-x-25-g\/#primaryimage"},"image":{"@id":"https:\/\/topchoicetrends.com\/de\/product\/weleda-organic-baby-calendula-magic-balm-natural-cosmetics-universal-balm-for-face-body-for-care-soothing-dry-skin-and-lips-rich-all-purpose-balm-for-babies-children-1-x-25-g\/#primaryimage"},"thumbnailUrl":"https:\/\/m.media-amazon.com\/images\/I\/51DxLGOCkVL.jpg","datePublished":"2026-02-09T18:41:38+00:00","description":"Entdecke bei TopChoiceTrends gepr\u00fcfte Bestseller, Trendprodukte und starke Angebote aus vielen Kategorien. Smart vergleichen, besser kaufen \u2013 alles \u00fcber Amazon Deutschland.","breadcrumb":{"@id":"https:\/\/topchoicetrends.com\/de\/product\/weleda-organic-baby-calendula-magic-balm-natural-cosmetics-universal-balm-for-face-body-for-care-soothing-dry-skin-and-lips-rich-all-purpose-balm-for-babies-children-1-x-25-g\/#breadcrumb"},"inLanguage":"de","potentialAction":[{"@type":"ReadAction","target":["https:\/\/topchoicetrends.com\/de\/product\/weleda-organic-baby-calendula-magic-balm-natural-cosmetics-universal-balm-for-face-body-for-care-soothing-dry-skin-and-lips-rich-all-purpose-balm-for-babies-children-1-x-25-g\/"]}]},{"@type":"ImageObject","inLanguage":"de","@id":"https:\/\/topchoicetrends.com\/de\/product\/weleda-organic-baby-calendula-magic-balm-natural-cosmetics-universal-balm-for-face-body-for-care-soothing-dry-skin-and-lips-rich-all-purpose-balm-for-babies-children-1-x-25-g\/#primaryimage","url":"https:\/\/m.media-amazon.com\/images\/I\/51DxLGOCkVL.jpg","contentUrl":"https:\/\/m.media-amazon.com\/images\/I\/51DxLGOCkVL.jpg","width":500,"height":500},{"@type":"BreadcrumbList","@id":"https:\/\/topchoicetrends.com\/de\/product\/weleda-organic-baby-calendula-magic-balm-natural-cosmetics-universal-balm-for-face-body-for-care-soothing-dry-skin-and-lips-rich-all-purpose-balm-for-babies-children-1-x-25-g\/#breadcrumb","itemListElement":[{"@type":"ListItem","position":1,"name":"Home","item":"https:\/\/topchoicetrends.com\/de\/"},{"@type":"ListItem","position":2,"name":"Shop","item":"https:\/\/topchoicetrends.com\/de\/shop\/"},{"@type":"ListItem","position":3,"name":"WELEDA Organic Baby Calendula Magic Balm &#8211; Natural Cosmetics Universal Balm for Face &#038; Body for Care &#038; Soothing Dry Skin and Lips. Rich All-Purpose Balm for Babies &#038; Children (1 x 25 g)"}]},{"@type":"WebSite","@id":"https:\/\/topchoicetrends.com\/de\/#website","url":"https:\/\/topchoicetrends.com\/de\/","name":"TopChoiceTrends","description":"Beste Produktfunde, Bestseller &amp; Top-Angebote online entdecken","publisher":{"@id":"https:\/\/topchoicetrends.com\/de\/#organization"},"potentialAction":[{"@type":"SearchAction","target":{"@type":"EntryPoint","urlTemplate":"https:\/\/topchoicetrends.com\/de\/?s={search_term_string}"},"query-input":{"@type":"PropertyValueSpecification","valueRequired":true,"valueName":"search_term_string"}}],"inLanguage":"de"},{"@type":"Organization","@id":"https:\/\/topchoicetrends.com\/de\/#organization","name":"TopChoiceTrends","url":"https:\/\/topchoicetrends.com\/de\/","logo":{"@type":"ImageObject","inLanguage":"de","@id":"https:\/\/topchoicetrends.com\/de\/#\/schema\/logo\/image\/","url":"https:\/\/topchoicetrends.com\/de\/wp-content\/uploads\/2026\/03\/Screenshot_2025-10-09_at_8.21.29_AM-removebg-preview-2.png","contentUrl":"https:\/\/topchoicetrends.com\/de\/wp-content\/uploads\/2026\/03\/Screenshot_2025-10-09_at_8.21.29_AM-removebg-preview-2.png","width":936,"height":267,"caption":"TopChoiceTrends"},"image":{"@id":"https:\/\/topchoicetrends.com\/de\/#\/schema\/logo\/image\/"}}]}},"_links":{"self":[{"href":"https:\/\/topchoicetrends.com\/de\/wp-json\/wp\/v2\/product\/4586","targetHints":{"allow":["GET"]}}],"collection":[{"href":"https:\/\/topchoicetrends.com\/de\/wp-json\/wp\/v2\/product"}],"about":[{"href":"https:\/\/topchoicetrends.com\/de\/wp-json\/wp\/v2\/types\/product"}],"replies":[{"embeddable":true,"href":"https:\/\/topchoicetrends.com\/de\/wp-json\/wp\/v2\/comments?post=4586"}],"wp:featuredmedia":[{"embeddable":true,"href":"https:\/\/topchoicetrends.com\/de\/wp-json\/wp\/v2\/media\/4587"}],"wp:attachment":[{"href":"https:\/\/topchoicetrends.com\/de\/wp-json\/wp\/v2\/media?parent=4586"}],"wp:term":[{"taxonomy":"store","embeddable":true,"href":"https:\/\/topchoicetrends.com\/de\/wp-json\/wp\/v2\/store?post=4586"},{"taxonomy":"product_brand","embeddable":true,"href":"https:\/\/topchoicetrends.com\/de\/wp-json\/wp\/v2\/product_brand?post=4586"},{"taxonomy":"product_cat","embeddable":true,"href":"https:\/\/topchoicetrends.com\/de\/wp-json\/wp\/v2\/product_cat?post=4586"},{"taxonomy":"product_tag","embeddable":true,"href":"https:\/\/topchoicetrends.com\/de\/wp-json\/wp\/v2\/product_tag?post=4586"}],"curies":[{"name":"wp","href":"https:\/\/api.w.org\/{rel}","templated":true}]}}