{"id":4467,"date":"2026-02-09T19:15:31","date_gmt":"2026-02-09T19:15:31","guid":{"rendered":"https:\/\/topchoicetrends.com\/de\/product\/weleda-baby-moisturising-body-cream-885574458255-75-ml-1\/"},"modified":"2024-10-30T12:25:10","modified_gmt":"2024-10-30T12:25:10","slug":"weleda-baby-moisturising-body-cream-885574458255-75-ml-1","status":"publish","type":"product","link":"https:\/\/topchoicetrends.com\/de\/product\/weleda-baby-moisturising-body-cream-885574458255-75-ml-1\/","title":{"rendered":"Weleda Baby Moisturising Body Cream..."},"content":{"rendered":"<p><!-- show up to 2 reviews by default --> <\/p>\n<h3> <span>Product Description<\/span> <\/h3>\n<p> <span>WELEDA Child Calendula Care Cream <br \/>Intensively nourishes and protects richly &#8211; a should for child care. <\/p>\n<p>The wealthy child care cream with fastidiously chosen pure substances intensively nourishes delicate child pores and skin, retains it supple comfortable and protects the delicate pores and skin of infants and toddlers from drying out. <\/p>\n<p>Whereas skin-related wool wax protects the pores and skin, a worthwhile extract of natural calendula and natural sesame oil gently nourishes and soothes the pores and skin. The skincare cream helps the pores and skin of newborns in its wholesome improvement. <\/span><\/p>\n<ul class=\"a-unordered-list a-vertical\">\n<li><span class=\"a-list-item\"><span>Nourishes dry pores and skin areas <\/span><\/span><\/li>\n<li><span class=\"a-list-item\"><span>Helps pure pores and skin perform <\/span><\/span><\/li>\n<li><span class=\"a-list-item\"><span>Retains pores and skin comfortable and supple <\/span><\/span><\/li>\n<li><span class=\"a-list-item\"><span>Protects and soothes the pores and skin <\/span><\/span><\/li>\n<li><span class=\"a-list-item\"><span>Pores and skin compatibility dermatologically examined &#8211; additionally for delicate pores and skin. <\/span><\/span><\/li>\n<\/ul>\n<p><span>Utility: <br \/>Unfold a small quantity of cream within the palms and gently apply to the pores and skin on the physique and face. The cream can be used within the nappy space if there isn&#8217;t any tendency to irritation attributable to moisture. Unfold abundantly on the pores and skin to create a protecting layer. <\/p>\n<p>WELEDA is the world&#8217;s main producer of licensed pure cosmetics and anthroposophic medicines. The merchandise are developed in keeping with a singular understanding of individuals and nature. <br \/>WELEDA has stood for high-quality pure cosmetics for greater than 100 years and has a wealth of expertise within the manufacturing of holistic physique care merchandise. <br \/>WELEDA solely makes use of high-quality pure uncooked supplies from primarily managed natural cultivation and authorized wild assortment.<\/span> <\/p>\n<h3> <span>Elements<\/span> <\/h3>\n<p> <span>Sesame oil*, water, wool wax, glycerine, alcohol*, beeswax hydrolysate, fatty acid glyceride, clay, silica, extract from marigold blossoms*, perfume, limonene, linalool, geraniol, citral (*natural high quality)<\/span> <\/p>\n<div data-a-expander-name=\"toggle_description\" class=\"a-row a-expander-container a-expander-extend-container\">\n<div data-expanded=\"false\" class=\"a-expander-content a-expander-extend-content\">\n<h3> <span>Instructions<\/span> <\/h3>\n<p> <span>Cream for utility to the pores and skin<\/span> <\/p>\n<h3> <span>Security Warning<\/span> <\/h3>\n<p> <span>For dangers and uncomfortable side effects, learn the bundle leaflet (English language not assured) and seek the advice of your physician or pharmacist.<\/span> <\/p>\n<h3> <span>Producer Contact Data<\/span> <\/h3>\n<p> <span>M\u00f6hlerstra\u00dfe 3, 73525 Schw\u00e4bisch Gm\u00fcnd<\/span> <\/p>\n<\/p><\/div>\n<p> <a data-csa-c-func-deps=\"aui-da-a-expander-toggle\" data-csa-c-type=\"widget\" data-csa-interaction-events=\"click\" aria-expanded=\"false\" role=\"button\" href=\"javascript:void(0)\" data-action=\"a-expander-toggle\" class=\"a-expander-header a-declarative a-expander-extend-header\" data-a-expander-toggle=\"{\" allowlinkdefault more less><i class=\"a-icon a-icon-extender-expand\"><\/i><span class=\"a-expander-prompt\">See more<\/span><\/a> <\/div>\n<p>Particularly for child pores and skin: the pure calendula care cream intensively nourishes the delicate pores and skin of infants and toddlers and protects it from drying out; the child cream is appropriate for physique, face and can be used within the nappy space, so long as there aren&#8217;t any wet-related pores and skin irritations<br \/>\nOptimum child care: the Calendula care cream is right for the day by day physique care of infants and kids; it helps the pores and skin of newborns in its wholesome improvement; skin-related wool wax and natural sesame oil shield the fragile pores and skin and maintain it supple<br \/>\nHandmade for the pores and skin: the versatile calendula calendula is processed within the WELEDA core firm in Schw\u00e4bisch Gm\u00fcnd for child care, cosmetics and medicines and grows instantly on web site within the medicinal plant backyard; it has a nourishing and skin-soothing impact and provides the pores and skin cream a pleasing perfume<br \/>\nHighest WELEDA high quality: the child care cream has been developed in collaboration with midwives and is free from artificial fragrances, dyes and preservatives, microplastic components and uncooked supplies primarily based on mineral oil; pores and skin compatibility has been dermatologically examined &#8211; even for delicate pores and skin<br \/>\nField contents: 1 x WELEDA natural child calendula care cream \u2013 pure face cream \/ physique cream for the care of delicate child pores and skin; common use from beginning for newborns, infants, kids and adults<br \/>\n<div class=\"main-cross-sell\" data-asin=\"B00B7268UQ\">\n\n\t<div class=\"WooZone-cross-sell-loader\">\n\t\t<div>\n\t\t\t<div id=\"floatingBarsG\">\n\t\t\t\t<div class=\"blockG\" id=\"rotateG_01\"><\/div>\n\t\t\t\t<div class=\"blockG\" id=\"rotateG_02\"><\/div>\n\t\t\t\t<div class=\"blockG\" id=\"rotateG_03\"><\/div>\n\t\t\t\t<div class=\"blockG\" id=\"rotateG_04\"><\/div>\n\t\t\t\t<div class=\"blockG\" id=\"rotateG_05\"><\/div>\n\t\t\t\t<div class=\"blockG\" id=\"rotateG_06\"><\/div>\n\t\t\t\t<div class=\"blockG\" id=\"rotateG_07\"><\/div>\n\t\t\t\t<div class=\"blockG\" id=\"rotateG_08\"><\/div>\n\t\t\t<\/div>\n\t\t\t<div class=\"WooZone-cross-sell-loader-text\"><\/div>\n\t\t<\/div>\n\t<\/div>\n\n\t\t\n<\/div>\n<div style=\"clear:both;\"><\/div><\/p>\n","protected":false},"excerpt":{"rendered":"<p>Especially for baby skin: the natural calendula care cream intensively nourishes the sensitive skin of babies and toddlers and protects it from drying out; the baby cream is suitable for body, face and can also be used in the nappy area, as long as there are no wet-related skin irritations<br \/>\nOptimal baby care: the Calendula care cream is ideal for the daily body care of babies and children; it supports the skin of newborns in its healthy development; skin-related wool wax and organic sesame oil protect the delicate skin and keep it supple<br \/>\nHandmade for the skin: the versatile calendula calendula is processed in the WELEDA core company in Schw\u00e4bisch Gm\u00fcnd for baby care, cosmetics and medicines and grows directly on site in the medicinal plant garden; it has a nourishing and skin-soothing effect and gives the skin cream a pleasant fragrance<\/p>\n","protected":false},"featured_media":4468,"comment_status":"open","ping_status":"closed","template":"","meta":{"_aipt_faq_data":""},"store":[],"product_brand":[],"product_cat":[47,28],"product_tag":[],"class_list":{"0":"post-4467","1":"product","2":"type-product","3":"status-publish","4":"has-post-thumbnail","6":"product_cat-baby-care","7":"product_cat-trending","8":"pa_brand-visit-the-weleda-store","10":"first","11":"instock","12":"sale","13":"shipping-taxable","14":"product-type-external"},"yoast_head":"<!-- This site is optimized with the Yoast SEO plugin v27.1.1 - https:\/\/yoast.com\/product\/yoast-seo-wordpress\/ -->\n<title>Weleda Baby Moisturising Body Cream 885574458255 75 ml 1 - TopChoiceTrends<\/title>\n<meta name=\"description\" content=\"Entdecke bei TopChoiceTrends gepr\u00fcfte Bestseller, Trendprodukte und starke Angebote aus vielen Kategorien. Smart vergleichen, besser kaufen \u2013 alles \u00fcber Amazon Deutschland.\" \/>\n<meta name=\"robots\" content=\"index, follow, max-snippet:-1, max-image-preview:large, max-video-preview:-1\" \/>\n<link rel=\"canonical\" href=\"https:\/\/topchoicetrends.com\/de\/product\/weleda-baby-moisturising-body-cream-885574458255-75-ml-1\/\" \/>\n<meta property=\"og:locale\" content=\"de_DE\" \/>\n<meta property=\"og:type\" content=\"article\" \/>\n<meta property=\"og:title\" content=\"Weleda Baby Moisturising Body Cream 885574458255 75 ml 1 - TopChoiceTrends\" \/>\n<meta property=\"og:description\" content=\"Entdecke bei TopChoiceTrends gepr\u00fcfte Bestseller, Trendprodukte und starke Angebote aus vielen Kategorien. Smart vergleichen, besser kaufen \u2013 alles \u00fcber Amazon Deutschland.\" \/>\n<meta property=\"og:url\" content=\"https:\/\/topchoicetrends.com\/de\/product\/weleda-baby-moisturising-body-cream-885574458255-75-ml-1\/\" \/>\n<meta property=\"og:site_name\" content=\"TopChoiceTrends\" \/>\n<meta property=\"og:image\" content=\"https:\/\/m.media-amazon.com\/images\/I\/51k6i969yLL.jpg\" \/>\n\t<meta property=\"og:image:width\" content=\"500\" \/>\n\t<meta property=\"og:image:height\" content=\"500\" \/>\n\t<meta property=\"og:image:type\" content=\"image\/jpeg\" \/>\n<meta name=\"twitter:card\" content=\"summary_large_image\" \/>\n<meta name=\"twitter:label1\" content=\"Gesch\u00e4tzte Lesezeit\" \/>\n\t<meta name=\"twitter:data1\" content=\"3\u00a0Minuten\" \/>\n<script type=\"application\/ld+json\" class=\"yoast-schema-graph\">{\"@context\":\"https:\/\/schema.org\",\"@graph\":[{\"@type\":\"WebPage\",\"@id\":\"https:\/\/topchoicetrends.com\/de\/product\/weleda-baby-moisturising-body-cream-885574458255-75-ml-1\/\",\"url\":\"https:\/\/topchoicetrends.com\/de\/product\/weleda-baby-moisturising-body-cream-885574458255-75-ml-1\/\",\"name\":\"Weleda Baby Moisturising Body Cream 885574458255 75 ml 1 - TopChoiceTrends\",\"isPartOf\":{\"@id\":\"https:\/\/topchoicetrends.com\/de\/#website\"},\"primaryImageOfPage\":{\"@id\":\"https:\/\/topchoicetrends.com\/de\/product\/weleda-baby-moisturising-body-cream-885574458255-75-ml-1\/#primaryimage\"},\"image\":{\"@id\":\"https:\/\/topchoicetrends.com\/de\/product\/weleda-baby-moisturising-body-cream-885574458255-75-ml-1\/#primaryimage\"},\"thumbnailUrl\":\"https:\/\/m.media-amazon.com\/images\/I\/51k6i969yLL.jpg\",\"datePublished\":\"2026-02-09T19:15:31+00:00\",\"description\":\"Entdecke bei TopChoiceTrends gepr\u00fcfte Bestseller, Trendprodukte und starke Angebote aus vielen Kategorien. Smart vergleichen, besser kaufen \u2013 alles \u00fcber Amazon Deutschland.\",\"breadcrumb\":{\"@id\":\"https:\/\/topchoicetrends.com\/de\/product\/weleda-baby-moisturising-body-cream-885574458255-75-ml-1\/#breadcrumb\"},\"inLanguage\":\"de\",\"potentialAction\":[{\"@type\":\"ReadAction\",\"target\":[\"https:\/\/topchoicetrends.com\/de\/product\/weleda-baby-moisturising-body-cream-885574458255-75-ml-1\/\"]}]},{\"@type\":\"ImageObject\",\"inLanguage\":\"de\",\"@id\":\"https:\/\/topchoicetrends.com\/de\/product\/weleda-baby-moisturising-body-cream-885574458255-75-ml-1\/#primaryimage\",\"url\":\"https:\/\/m.media-amazon.com\/images\/I\/51k6i969yLL.jpg\",\"contentUrl\":\"https:\/\/m.media-amazon.com\/images\/I\/51k6i969yLL.jpg\",\"width\":500,\"height\":500},{\"@type\":\"BreadcrumbList\",\"@id\":\"https:\/\/topchoicetrends.com\/de\/product\/weleda-baby-moisturising-body-cream-885574458255-75-ml-1\/#breadcrumb\",\"itemListElement\":[{\"@type\":\"ListItem\",\"position\":1,\"name\":\"Home\",\"item\":\"https:\/\/topchoicetrends.com\/de\/\"},{\"@type\":\"ListItem\",\"position\":2,\"name\":\"Shop\",\"item\":\"https:\/\/topchoicetrends.com\/de\/shop\/\"},{\"@type\":\"ListItem\",\"position\":3,\"name\":\"Weleda Baby Moisturising Body Cream 885574458255 75 ml 1\"}]},{\"@type\":\"WebSite\",\"@id\":\"https:\/\/topchoicetrends.com\/de\/#website\",\"url\":\"https:\/\/topchoicetrends.com\/de\/\",\"name\":\"TopChoiceTrends\",\"description\":\"Beste Produktfunde, Bestseller &amp; Top-Angebote online entdecken\",\"publisher\":{\"@id\":\"https:\/\/topchoicetrends.com\/de\/#organization\"},\"potentialAction\":[{\"@type\":\"SearchAction\",\"target\":{\"@type\":\"EntryPoint\",\"urlTemplate\":\"https:\/\/topchoicetrends.com\/de\/?s={search_term_string}\"},\"query-input\":{\"@type\":\"PropertyValueSpecification\",\"valueRequired\":true,\"valueName\":\"search_term_string\"}}],\"inLanguage\":\"de\"},{\"@type\":\"Organization\",\"@id\":\"https:\/\/topchoicetrends.com\/de\/#organization\",\"name\":\"TopChoiceTrends\",\"url\":\"https:\/\/topchoicetrends.com\/de\/\",\"logo\":{\"@type\":\"ImageObject\",\"inLanguage\":\"de\",\"@id\":\"https:\/\/topchoicetrends.com\/de\/#\/schema\/logo\/image\/\",\"url\":\"https:\/\/topchoicetrends.com\/de\/wp-content\/uploads\/2026\/03\/Screenshot_2025-10-09_at_8.21.29_AM-removebg-preview-2.png\",\"contentUrl\":\"https:\/\/topchoicetrends.com\/de\/wp-content\/uploads\/2026\/03\/Screenshot_2025-10-09_at_8.21.29_AM-removebg-preview-2.png\",\"width\":936,\"height\":267,\"caption\":\"TopChoiceTrends\"},\"image\":{\"@id\":\"https:\/\/topchoicetrends.com\/de\/#\/schema\/logo\/image\/\"}}]}<\/script>\n<!-- \/ Yoast SEO plugin. -->","yoast_head_json":{"title":"Weleda Baby Moisturising Body Cream 885574458255 75 ml 1 - TopChoiceTrends","description":"Entdecke bei TopChoiceTrends gepr\u00fcfte Bestseller, Trendprodukte und starke Angebote aus vielen Kategorien. Smart vergleichen, besser kaufen \u2013 alles \u00fcber Amazon Deutschland.","robots":{"index":"index","follow":"follow","max-snippet":"max-snippet:-1","max-image-preview":"max-image-preview:large","max-video-preview":"max-video-preview:-1"},"canonical":"https:\/\/topchoicetrends.com\/de\/product\/weleda-baby-moisturising-body-cream-885574458255-75-ml-1\/","og_locale":"de_DE","og_type":"article","og_title":"Weleda Baby Moisturising Body Cream 885574458255 75 ml 1 - TopChoiceTrends","og_description":"Entdecke bei TopChoiceTrends gepr\u00fcfte Bestseller, Trendprodukte und starke Angebote aus vielen Kategorien. Smart vergleichen, besser kaufen \u2013 alles \u00fcber Amazon Deutschland.","og_url":"https:\/\/topchoicetrends.com\/de\/product\/weleda-baby-moisturising-body-cream-885574458255-75-ml-1\/","og_site_name":"TopChoiceTrends","og_image":[{"width":500,"height":500,"url":"https:\/\/m.media-amazon.com\/images\/I\/51k6i969yLL.jpg","type":"image\/jpeg"}],"twitter_card":"summary_large_image","twitter_misc":{"Gesch\u00e4tzte Lesezeit":"3\u00a0Minuten"},"schema":{"@context":"https:\/\/schema.org","@graph":[{"@type":"WebPage","@id":"https:\/\/topchoicetrends.com\/de\/product\/weleda-baby-moisturising-body-cream-885574458255-75-ml-1\/","url":"https:\/\/topchoicetrends.com\/de\/product\/weleda-baby-moisturising-body-cream-885574458255-75-ml-1\/","name":"Weleda Baby Moisturising Body Cream 885574458255 75 ml 1 - TopChoiceTrends","isPartOf":{"@id":"https:\/\/topchoicetrends.com\/de\/#website"},"primaryImageOfPage":{"@id":"https:\/\/topchoicetrends.com\/de\/product\/weleda-baby-moisturising-body-cream-885574458255-75-ml-1\/#primaryimage"},"image":{"@id":"https:\/\/topchoicetrends.com\/de\/product\/weleda-baby-moisturising-body-cream-885574458255-75-ml-1\/#primaryimage"},"thumbnailUrl":"https:\/\/m.media-amazon.com\/images\/I\/51k6i969yLL.jpg","datePublished":"2026-02-09T19:15:31+00:00","description":"Entdecke bei TopChoiceTrends gepr\u00fcfte Bestseller, Trendprodukte und starke Angebote aus vielen Kategorien. Smart vergleichen, besser kaufen \u2013 alles \u00fcber Amazon Deutschland.","breadcrumb":{"@id":"https:\/\/topchoicetrends.com\/de\/product\/weleda-baby-moisturising-body-cream-885574458255-75-ml-1\/#breadcrumb"},"inLanguage":"de","potentialAction":[{"@type":"ReadAction","target":["https:\/\/topchoicetrends.com\/de\/product\/weleda-baby-moisturising-body-cream-885574458255-75-ml-1\/"]}]},{"@type":"ImageObject","inLanguage":"de","@id":"https:\/\/topchoicetrends.com\/de\/product\/weleda-baby-moisturising-body-cream-885574458255-75-ml-1\/#primaryimage","url":"https:\/\/m.media-amazon.com\/images\/I\/51k6i969yLL.jpg","contentUrl":"https:\/\/m.media-amazon.com\/images\/I\/51k6i969yLL.jpg","width":500,"height":500},{"@type":"BreadcrumbList","@id":"https:\/\/topchoicetrends.com\/de\/product\/weleda-baby-moisturising-body-cream-885574458255-75-ml-1\/#breadcrumb","itemListElement":[{"@type":"ListItem","position":1,"name":"Home","item":"https:\/\/topchoicetrends.com\/de\/"},{"@type":"ListItem","position":2,"name":"Shop","item":"https:\/\/topchoicetrends.com\/de\/shop\/"},{"@type":"ListItem","position":3,"name":"Weleda Baby Moisturising Body Cream 885574458255 75 ml 1"}]},{"@type":"WebSite","@id":"https:\/\/topchoicetrends.com\/de\/#website","url":"https:\/\/topchoicetrends.com\/de\/","name":"TopChoiceTrends","description":"Beste Produktfunde, Bestseller &amp; Top-Angebote online entdecken","publisher":{"@id":"https:\/\/topchoicetrends.com\/de\/#organization"},"potentialAction":[{"@type":"SearchAction","target":{"@type":"EntryPoint","urlTemplate":"https:\/\/topchoicetrends.com\/de\/?s={search_term_string}"},"query-input":{"@type":"PropertyValueSpecification","valueRequired":true,"valueName":"search_term_string"}}],"inLanguage":"de"},{"@type":"Organization","@id":"https:\/\/topchoicetrends.com\/de\/#organization","name":"TopChoiceTrends","url":"https:\/\/topchoicetrends.com\/de\/","logo":{"@type":"ImageObject","inLanguage":"de","@id":"https:\/\/topchoicetrends.com\/de\/#\/schema\/logo\/image\/","url":"https:\/\/topchoicetrends.com\/de\/wp-content\/uploads\/2026\/03\/Screenshot_2025-10-09_at_8.21.29_AM-removebg-preview-2.png","contentUrl":"https:\/\/topchoicetrends.com\/de\/wp-content\/uploads\/2026\/03\/Screenshot_2025-10-09_at_8.21.29_AM-removebg-preview-2.png","width":936,"height":267,"caption":"TopChoiceTrends"},"image":{"@id":"https:\/\/topchoicetrends.com\/de\/#\/schema\/logo\/image\/"}}]}},"_links":{"self":[{"href":"https:\/\/topchoicetrends.com\/de\/wp-json\/wp\/v2\/product\/4467","targetHints":{"allow":["GET"]}}],"collection":[{"href":"https:\/\/topchoicetrends.com\/de\/wp-json\/wp\/v2\/product"}],"about":[{"href":"https:\/\/topchoicetrends.com\/de\/wp-json\/wp\/v2\/types\/product"}],"replies":[{"embeddable":true,"href":"https:\/\/topchoicetrends.com\/de\/wp-json\/wp\/v2\/comments?post=4467"}],"wp:featuredmedia":[{"embeddable":true,"href":"https:\/\/topchoicetrends.com\/de\/wp-json\/wp\/v2\/media\/4468"}],"wp:attachment":[{"href":"https:\/\/topchoicetrends.com\/de\/wp-json\/wp\/v2\/media?parent=4467"}],"wp:term":[{"taxonomy":"store","embeddable":true,"href":"https:\/\/topchoicetrends.com\/de\/wp-json\/wp\/v2\/store?post=4467"},{"taxonomy":"product_brand","embeddable":true,"href":"https:\/\/topchoicetrends.com\/de\/wp-json\/wp\/v2\/product_brand?post=4467"},{"taxonomy":"product_cat","embeddable":true,"href":"https:\/\/topchoicetrends.com\/de\/wp-json\/wp\/v2\/product_cat?post=4467"},{"taxonomy":"product_tag","embeddable":true,"href":"https:\/\/topchoicetrends.com\/de\/wp-json\/wp\/v2\/product_tag?post=4467"}],"curies":[{"name":"wp","href":"https:\/\/api.w.org\/{rel}","templated":true}]}}