{"id":4413,"date":"2026-02-09T18:21:16","date_gmt":"2026-02-09T18:21:16","guid":{"rendered":"https:\/\/topchoicetrends.com\/de\/product\/parent830638-0-parentv3-skincare-oil-200-ml\/"},"modified":"2024-10-30T12:25:11","modified_gmt":"2024-10-30T12:25:11","slug":"parent830638-0-parentv3-skincare-oil-200-ml","status":"publish","type":"product","link":"https:\/\/topchoicetrends.com\/de\/product\/parent830638-0-parentv3-skincare-oil-200-ml\/","title":{"rendered":"parent830638-0 parentv3 Skincare Oi..."},"content":{"rendered":"<p><!-- show up to 2 reviews by default --> <\/p>\n<h3> <span>Product Description<\/span> <\/h3>\n<p> <span>WELEDA Child Calendula Care Oil Fragrance-Free <br \/>Perfume-neutral, nourishes, protects and cleans mildly <\/p>\n<p>The warming care oil is good for each day skincare, gentle cleaning within the nappy space and for light child therapeutic massage. The fragrance-free care oil helps stop pores and skin irritation and sores. An extract of natural calendula has a soothing impact on the pores and skin. <br \/><\/span><\/p>\n<ul class=\"a-unordered-list a-vertical\">\n<li><span class=\"a-list-item\"><span>Gently nourishes and helps stop pores and skin irritation and sores. <\/span><\/span><\/li>\n<li><span class=\"a-list-item\"><span>Helps the pores and skin&#8217;s resistance <\/span><\/span><\/li>\n<li><span class=\"a-list-item\"><span>Free from artificial fragrances, colors and preservatives in addition to mineral oil-based uncooked supplies. <\/span><\/span><\/li>\n<li><span class=\"a-list-item\"><span>Vegan. <\/span><\/span><\/li>\n<\/ul>\n<p><span><br \/>Methods to use: after bathing or washing, unfold a small quantity of oil between the palms and gently apply to child&#8217;s dried pores and skin. For cleansing within the nappy space, add some care oil to a cotton ball. <\/p>\n<p>WELEDA is likely one of the pioneers in pure child care and the one model to use a holistic strategy to child care. We use high-quality, pure and natural substances. The newborn care accommodates 100% pure perfume compositions developed in our home, that are ideally matched to delicate child pores and skin. The formulation are developed in collaboration with midwives and specifically tailored to the wants of weak child and youngsters&#8217;s pores and skin. <\/p>\n<p>WELEDA is the world&#8217;s main producer of licensed pure cosmetics and anthroposophic medicines. The merchandise are developed in line with a novel understanding of individuals and nature. <br \/>WELEDA has stood for high-quality pure cosmetics for greater than 90 years and has a wealth of expertise within the manufacturing of holistic physique care merchandise. <br \/>WELEDA makes use of solely high-quality pure uncooked supplies from primarily managed natural cultivation and authorized wild assortment.<\/span> <\/p>\n<h3> <span>Substances<\/span> <\/h3>\n<p> <span>Sesame oil*, extract of marigold blossoms (*Natural high quality)<\/span> <\/p>\n<div data-a-expander-name=\"toggle_description\" class=\"a-row a-expander-container a-expander-extend-container\">\n<div data-expanded=\"false\" class=\"a-expander-content a-expander-extend-content\">\n<h3> <span>Instructions<\/span> <\/h3>\n<p> <span>For light child therapeutic massage, merely unfold a small quantity of oil on the palms and therapeutic massage into the pores and skin with round actions.<\/span> <\/p>\n<h3> <span>Security Warning<\/span> <\/h3>\n<p> <span>NaTrue licensed pure cosmetics.<\/span> <\/p>\n<h3> <span>Producer Contact Data<\/span> <\/h3>\n<p> <span>M\u00f6hlerstra\u00dfe 3, 73525 Schw\u00e4bisch Gm\u00fcnd<\/span> <\/p>\n<\/p><\/div>\n<p> <a data-csa-c-func-deps=\"aui-da-a-expander-toggle\" data-csa-c-type=\"widget\" data-csa-interaction-events=\"click\" aria-expanded=\"false\" role=\"button\" href=\"javascript:void(0)\" data-action=\"a-expander-toggle\" class=\"a-expander-header a-declarative a-expander-extend-header\" data-a-expander-toggle=\"{\" allowlinkdefault more less><i class=\"a-icon a-icon-extender-expand\"><\/i><span class=\"a-expander-prompt\">See more<\/span><\/a> <\/div>\n<p>Best for each day care: Weleda unscented calendula nourishing oil is good for each day skincare and gentle cleaning within the nappy space<br \/>\nMild massages: because of the included sesame oil from managed natural cultivation, the calendula care oil has a pleasantly warming impact and is due to this fact additionally very appropriate for light child therapeutic massage<br \/>\nHandmade for the pores and skin: the versatile calendula calendula is processed within the WELEDA core firm in Schw\u00e4bisch Gm\u00fcnd to child care, cosmetics and medicines<br \/>\nHighest WELEDA high quality: pure beeswax and skin-related wool wax present complete safety. Medicinal plant extracts calendula and chamomile flowers have a soothing impact on the pores and skin<br \/>\nField contents: 1 x WELEDA Calendula care oil fragrance-free for infants, youngsters and adults<br \/>\n<div class=\"main-cross-sell\" data-asin=\"B00B25PIXG\">\n\n\t<div class=\"WooZone-cross-sell-loader\">\n\t\t<div>\n\t\t\t<div id=\"floatingBarsG\">\n\t\t\t\t<div class=\"blockG\" id=\"rotateG_01\"><\/div>\n\t\t\t\t<div class=\"blockG\" id=\"rotateG_02\"><\/div>\n\t\t\t\t<div class=\"blockG\" id=\"rotateG_03\"><\/div>\n\t\t\t\t<div class=\"blockG\" id=\"rotateG_04\"><\/div>\n\t\t\t\t<div class=\"blockG\" id=\"rotateG_05\"><\/div>\n\t\t\t\t<div class=\"blockG\" id=\"rotateG_06\"><\/div>\n\t\t\t\t<div class=\"blockG\" id=\"rotateG_07\"><\/div>\n\t\t\t\t<div class=\"blockG\" id=\"rotateG_08\"><\/div>\n\t\t\t<\/div>\n\t\t\t<div class=\"WooZone-cross-sell-loader-text\"><\/div>\n\t\t<\/div>\n\t<\/div>\n\n\t\t\n<\/div>\n<div style=\"clear:both;\"><\/div><\/p>\n","protected":false},"excerpt":{"rendered":"<p>Ideal for daily care: Weleda unscented calendula nourishing oil is ideal for daily skin care and mild cleansing in the nappy area<br \/>\nGentle massages: thanks to the included sesame oil from controlled organic cultivation, the calendula care oil has a pleasantly warming effect and is therefore also very suitable for gentle baby massage<br \/>\nHandmade for the skin: the versatile calendula calendula is processed in the WELEDA core company in Schw\u00e4bisch Gm\u00fcnd to baby care, cosmetics and medicines<\/p>\n","protected":false},"featured_media":4414,"comment_status":"open","ping_status":"closed","template":"","meta":{"_aipt_faq_data":""},"store":[],"product_brand":[],"product_cat":[47,28],"product_tag":[],"class_list":{"0":"post-4413","1":"product","2":"type-product","3":"status-publish","4":"has-post-thumbnail","6":"product_cat-baby-care","7":"product_cat-trending","8":"pa_brand-visit-the-weleda-store","10":"first","11":"instock","12":"sale","13":"shipping-taxable","14":"product-type-external"},"yoast_head":"<!-- This site is optimized with the Yoast SEO plugin v27.1.1 - https:\/\/yoast.com\/product\/yoast-seo-wordpress\/ -->\n<title>parent830638-0 parentv3 Skincare Oil 200 ml - TopChoiceTrends<\/title>\n<meta name=\"description\" content=\"Entdecke bei TopChoiceTrends gepr\u00fcfte Bestseller, Trendprodukte und starke Angebote aus vielen Kategorien. Smart vergleichen, besser kaufen \u2013 alles \u00fcber Amazon Deutschland.\" \/>\n<meta name=\"robots\" content=\"index, follow, max-snippet:-1, max-image-preview:large, max-video-preview:-1\" \/>\n<link rel=\"canonical\" href=\"https:\/\/topchoicetrends.com\/de\/product\/parent830638-0-parentv3-skincare-oil-200-ml\/\" \/>\n<meta property=\"og:locale\" content=\"de_DE\" \/>\n<meta property=\"og:type\" content=\"article\" \/>\n<meta property=\"og:title\" content=\"parent830638-0 parentv3 Skincare Oil 200 ml - TopChoiceTrends\" \/>\n<meta property=\"og:description\" content=\"Entdecke bei TopChoiceTrends gepr\u00fcfte Bestseller, Trendprodukte und starke Angebote aus vielen Kategorien. Smart vergleichen, besser kaufen \u2013 alles \u00fcber Amazon Deutschland.\" \/>\n<meta property=\"og:url\" content=\"https:\/\/topchoicetrends.com\/de\/product\/parent830638-0-parentv3-skincare-oil-200-ml\/\" \/>\n<meta property=\"og:site_name\" content=\"TopChoiceTrends\" \/>\n<meta property=\"og:image\" content=\"https:\/\/m.media-amazon.com\/images\/I\/41X-ntFec7L.jpg\" \/>\n\t<meta property=\"og:image:width\" content=\"500\" \/>\n\t<meta property=\"og:image:height\" content=\"500\" \/>\n\t<meta property=\"og:image:type\" content=\"image\/jpeg\" \/>\n<meta name=\"twitter:card\" content=\"summary_large_image\" \/>\n<meta name=\"twitter:label1\" content=\"Gesch\u00e4tzte Lesezeit\" \/>\n\t<meta name=\"twitter:data1\" content=\"2\u00a0Minuten\" \/>\n<script type=\"application\/ld+json\" class=\"yoast-schema-graph\">{\"@context\":\"https:\/\/schema.org\",\"@graph\":[{\"@type\":\"WebPage\",\"@id\":\"https:\/\/topchoicetrends.com\/de\/product\/parent830638-0-parentv3-skincare-oil-200-ml\/\",\"url\":\"https:\/\/topchoicetrends.com\/de\/product\/parent830638-0-parentv3-skincare-oil-200-ml\/\",\"name\":\"parent830638-0 parentv3 Skincare Oil 200 ml - TopChoiceTrends\",\"isPartOf\":{\"@id\":\"https:\/\/topchoicetrends.com\/de\/#website\"},\"primaryImageOfPage\":{\"@id\":\"https:\/\/topchoicetrends.com\/de\/product\/parent830638-0-parentv3-skincare-oil-200-ml\/#primaryimage\"},\"image\":{\"@id\":\"https:\/\/topchoicetrends.com\/de\/product\/parent830638-0-parentv3-skincare-oil-200-ml\/#primaryimage\"},\"thumbnailUrl\":\"https:\/\/m.media-amazon.com\/images\/I\/41X-ntFec7L.jpg\",\"datePublished\":\"2026-02-09T18:21:16+00:00\",\"description\":\"Entdecke bei TopChoiceTrends gepr\u00fcfte Bestseller, Trendprodukte und starke Angebote aus vielen Kategorien. Smart vergleichen, besser kaufen \u2013 alles \u00fcber Amazon Deutschland.\",\"breadcrumb\":{\"@id\":\"https:\/\/topchoicetrends.com\/de\/product\/parent830638-0-parentv3-skincare-oil-200-ml\/#breadcrumb\"},\"inLanguage\":\"de\",\"potentialAction\":[{\"@type\":\"ReadAction\",\"target\":[\"https:\/\/topchoicetrends.com\/de\/product\/parent830638-0-parentv3-skincare-oil-200-ml\/\"]}]},{\"@type\":\"ImageObject\",\"inLanguage\":\"de\",\"@id\":\"https:\/\/topchoicetrends.com\/de\/product\/parent830638-0-parentv3-skincare-oil-200-ml\/#primaryimage\",\"url\":\"https:\/\/m.media-amazon.com\/images\/I\/41X-ntFec7L.jpg\",\"contentUrl\":\"https:\/\/m.media-amazon.com\/images\/I\/41X-ntFec7L.jpg\",\"width\":500,\"height\":500},{\"@type\":\"BreadcrumbList\",\"@id\":\"https:\/\/topchoicetrends.com\/de\/product\/parent830638-0-parentv3-skincare-oil-200-ml\/#breadcrumb\",\"itemListElement\":[{\"@type\":\"ListItem\",\"position\":1,\"name\":\"Home\",\"item\":\"https:\/\/topchoicetrends.com\/de\/\"},{\"@type\":\"ListItem\",\"position\":2,\"name\":\"Shop\",\"item\":\"https:\/\/topchoicetrends.com\/de\/shop\/\"},{\"@type\":\"ListItem\",\"position\":3,\"name\":\"parent830638-0 parentv3 Skincare Oil 200 ml\"}]},{\"@type\":\"WebSite\",\"@id\":\"https:\/\/topchoicetrends.com\/de\/#website\",\"url\":\"https:\/\/topchoicetrends.com\/de\/\",\"name\":\"TopChoiceTrends\",\"description\":\"Beste Produktfunde, Bestseller &amp; Top-Angebote online entdecken\",\"publisher\":{\"@id\":\"https:\/\/topchoicetrends.com\/de\/#organization\"},\"potentialAction\":[{\"@type\":\"SearchAction\",\"target\":{\"@type\":\"EntryPoint\",\"urlTemplate\":\"https:\/\/topchoicetrends.com\/de\/?s={search_term_string}\"},\"query-input\":{\"@type\":\"PropertyValueSpecification\",\"valueRequired\":true,\"valueName\":\"search_term_string\"}}],\"inLanguage\":\"de\"},{\"@type\":\"Organization\",\"@id\":\"https:\/\/topchoicetrends.com\/de\/#organization\",\"name\":\"TopChoiceTrends\",\"url\":\"https:\/\/topchoicetrends.com\/de\/\",\"logo\":{\"@type\":\"ImageObject\",\"inLanguage\":\"de\",\"@id\":\"https:\/\/topchoicetrends.com\/de\/#\/schema\/logo\/image\/\",\"url\":\"https:\/\/topchoicetrends.com\/de\/wp-content\/uploads\/2026\/03\/Screenshot_2025-10-09_at_8.21.29_AM-removebg-preview-2.png\",\"contentUrl\":\"https:\/\/topchoicetrends.com\/de\/wp-content\/uploads\/2026\/03\/Screenshot_2025-10-09_at_8.21.29_AM-removebg-preview-2.png\",\"width\":936,\"height\":267,\"caption\":\"TopChoiceTrends\"},\"image\":{\"@id\":\"https:\/\/topchoicetrends.com\/de\/#\/schema\/logo\/image\/\"}}]}<\/script>\n<!-- \/ Yoast SEO plugin. -->","yoast_head_json":{"title":"parent830638-0 parentv3 Skincare Oil 200 ml - TopChoiceTrends","description":"Entdecke bei TopChoiceTrends gepr\u00fcfte Bestseller, Trendprodukte und starke Angebote aus vielen Kategorien. Smart vergleichen, besser kaufen \u2013 alles \u00fcber Amazon Deutschland.","robots":{"index":"index","follow":"follow","max-snippet":"max-snippet:-1","max-image-preview":"max-image-preview:large","max-video-preview":"max-video-preview:-1"},"canonical":"https:\/\/topchoicetrends.com\/de\/product\/parent830638-0-parentv3-skincare-oil-200-ml\/","og_locale":"de_DE","og_type":"article","og_title":"parent830638-0 parentv3 Skincare Oil 200 ml - TopChoiceTrends","og_description":"Entdecke bei TopChoiceTrends gepr\u00fcfte Bestseller, Trendprodukte und starke Angebote aus vielen Kategorien. Smart vergleichen, besser kaufen \u2013 alles \u00fcber Amazon Deutschland.","og_url":"https:\/\/topchoicetrends.com\/de\/product\/parent830638-0-parentv3-skincare-oil-200-ml\/","og_site_name":"TopChoiceTrends","og_image":[{"width":500,"height":500,"url":"https:\/\/m.media-amazon.com\/images\/I\/41X-ntFec7L.jpg","type":"image\/jpeg"}],"twitter_card":"summary_large_image","twitter_misc":{"Gesch\u00e4tzte Lesezeit":"2\u00a0Minuten"},"schema":{"@context":"https:\/\/schema.org","@graph":[{"@type":"WebPage","@id":"https:\/\/topchoicetrends.com\/de\/product\/parent830638-0-parentv3-skincare-oil-200-ml\/","url":"https:\/\/topchoicetrends.com\/de\/product\/parent830638-0-parentv3-skincare-oil-200-ml\/","name":"parent830638-0 parentv3 Skincare Oil 200 ml - TopChoiceTrends","isPartOf":{"@id":"https:\/\/topchoicetrends.com\/de\/#website"},"primaryImageOfPage":{"@id":"https:\/\/topchoicetrends.com\/de\/product\/parent830638-0-parentv3-skincare-oil-200-ml\/#primaryimage"},"image":{"@id":"https:\/\/topchoicetrends.com\/de\/product\/parent830638-0-parentv3-skincare-oil-200-ml\/#primaryimage"},"thumbnailUrl":"https:\/\/m.media-amazon.com\/images\/I\/41X-ntFec7L.jpg","datePublished":"2026-02-09T18:21:16+00:00","description":"Entdecke bei TopChoiceTrends gepr\u00fcfte Bestseller, Trendprodukte und starke Angebote aus vielen Kategorien. Smart vergleichen, besser kaufen \u2013 alles \u00fcber Amazon Deutschland.","breadcrumb":{"@id":"https:\/\/topchoicetrends.com\/de\/product\/parent830638-0-parentv3-skincare-oil-200-ml\/#breadcrumb"},"inLanguage":"de","potentialAction":[{"@type":"ReadAction","target":["https:\/\/topchoicetrends.com\/de\/product\/parent830638-0-parentv3-skincare-oil-200-ml\/"]}]},{"@type":"ImageObject","inLanguage":"de","@id":"https:\/\/topchoicetrends.com\/de\/product\/parent830638-0-parentv3-skincare-oil-200-ml\/#primaryimage","url":"https:\/\/m.media-amazon.com\/images\/I\/41X-ntFec7L.jpg","contentUrl":"https:\/\/m.media-amazon.com\/images\/I\/41X-ntFec7L.jpg","width":500,"height":500},{"@type":"BreadcrumbList","@id":"https:\/\/topchoicetrends.com\/de\/product\/parent830638-0-parentv3-skincare-oil-200-ml\/#breadcrumb","itemListElement":[{"@type":"ListItem","position":1,"name":"Home","item":"https:\/\/topchoicetrends.com\/de\/"},{"@type":"ListItem","position":2,"name":"Shop","item":"https:\/\/topchoicetrends.com\/de\/shop\/"},{"@type":"ListItem","position":3,"name":"parent830638-0 parentv3 Skincare Oil 200 ml"}]},{"@type":"WebSite","@id":"https:\/\/topchoicetrends.com\/de\/#website","url":"https:\/\/topchoicetrends.com\/de\/","name":"TopChoiceTrends","description":"Beste Produktfunde, Bestseller &amp; Top-Angebote online entdecken","publisher":{"@id":"https:\/\/topchoicetrends.com\/de\/#organization"},"potentialAction":[{"@type":"SearchAction","target":{"@type":"EntryPoint","urlTemplate":"https:\/\/topchoicetrends.com\/de\/?s={search_term_string}"},"query-input":{"@type":"PropertyValueSpecification","valueRequired":true,"valueName":"search_term_string"}}],"inLanguage":"de"},{"@type":"Organization","@id":"https:\/\/topchoicetrends.com\/de\/#organization","name":"TopChoiceTrends","url":"https:\/\/topchoicetrends.com\/de\/","logo":{"@type":"ImageObject","inLanguage":"de","@id":"https:\/\/topchoicetrends.com\/de\/#\/schema\/logo\/image\/","url":"https:\/\/topchoicetrends.com\/de\/wp-content\/uploads\/2026\/03\/Screenshot_2025-10-09_at_8.21.29_AM-removebg-preview-2.png","contentUrl":"https:\/\/topchoicetrends.com\/de\/wp-content\/uploads\/2026\/03\/Screenshot_2025-10-09_at_8.21.29_AM-removebg-preview-2.png","width":936,"height":267,"caption":"TopChoiceTrends"},"image":{"@id":"https:\/\/topchoicetrends.com\/de\/#\/schema\/logo\/image\/"}}]}},"_links":{"self":[{"href":"https:\/\/topchoicetrends.com\/de\/wp-json\/wp\/v2\/product\/4413","targetHints":{"allow":["GET"]}}],"collection":[{"href":"https:\/\/topchoicetrends.com\/de\/wp-json\/wp\/v2\/product"}],"about":[{"href":"https:\/\/topchoicetrends.com\/de\/wp-json\/wp\/v2\/types\/product"}],"replies":[{"embeddable":true,"href":"https:\/\/topchoicetrends.com\/de\/wp-json\/wp\/v2\/comments?post=4413"}],"wp:featuredmedia":[{"embeddable":true,"href":"https:\/\/topchoicetrends.com\/de\/wp-json\/wp\/v2\/media\/4414"}],"wp:attachment":[{"href":"https:\/\/topchoicetrends.com\/de\/wp-json\/wp\/v2\/media?parent=4413"}],"wp:term":[{"taxonomy":"store","embeddable":true,"href":"https:\/\/topchoicetrends.com\/de\/wp-json\/wp\/v2\/store?post=4413"},{"taxonomy":"product_brand","embeddable":true,"href":"https:\/\/topchoicetrends.com\/de\/wp-json\/wp\/v2\/product_brand?post=4413"},{"taxonomy":"product_cat","embeddable":true,"href":"https:\/\/topchoicetrends.com\/de\/wp-json\/wp\/v2\/product_cat?post=4413"},{"taxonomy":"product_tag","embeddable":true,"href":"https:\/\/topchoicetrends.com\/de\/wp-json\/wp\/v2\/product_tag?post=4413"}],"curies":[{"name":"wp","href":"https:\/\/api.w.org\/{rel}","templated":true}]}}