{"id":4328,"date":"2026-02-09T18:43:35","date_gmt":"2026-02-09T18:43:35","guid":{"rendered":"https:\/\/topchoicetrends.com\/de\/product\/weleda-organic-baby-calendula-relaxation-bath-vegan-natural-cosmetics-bath-additive-with-organic-thyme-nourishes-the-skin-promotes-a-peaceful-sleep-baby-bath-without-surfactants-for-babies-and\/"},"modified":"2024-10-30T12:25:12","modified_gmt":"2024-10-30T12:25:12","slug":"weleda-organic-baby-calendula-relaxation-bath-vegan-natural-cosmetics-bath-additive-with-organic-thyme-nourishes-the-skin-promotes-a-peaceful-sleep-baby-bath-without-surfactants-for-babies-and","status":"publish","type":"product","link":"https:\/\/topchoicetrends.com\/de\/product\/weleda-organic-baby-calendula-relaxation-bath-vegan-natural-cosmetics-bath-additive-with-organic-thyme-nourishes-the-skin-promotes-a-peaceful-sleep-baby-bath-without-surfactants-for-babies-and\/","title":{"rendered":"WELEDA Organic Baby Calendula Relax..."},"content":{"rendered":"<p><!-- show up to 2 reviews by default --> <\/p>\n<h3> <span>Product Description<\/span> <\/h3>\n<p> <span>WELEDA Child Calendula Rest Bathtub <br \/>Balances, nourishes and soothes irritated pores and skin <\/p>\n<p>The WELEDA Calendula tub helps the soothing, warming energy of the water for a delicate stability after an lively day. With precious plant extracts, it nourishes and soothes irritated pores and skin. A heat tub has a balancing impact and promotes a peaceable sleep even for overexcited infants and youngsters. The surfactant-free, skin-soothing method, with chosen plant extracts of natural calendula and natural thyme, helps the pure pores and skin capabilities. <br \/><\/span><\/p>\n<ul class=\"a-unordered-list a-vertical\">\n<li><span class=\"a-list-item\"><span>A heat tub promotes a peaceable sleep <\/span><\/span><\/li>\n<li><span class=\"a-list-item\"><span>Nourishes and soothes irritated pores and skin <\/span><\/span><\/li>\n<li><span class=\"a-list-item\"><span>Free from artificial fragrances, colors and preservatives in addition to mineral oil-based uncooked supplies. <\/span><\/span><\/li>\n<li><span class=\"a-list-item\"><span>Vegan. <\/span><\/span><\/li>\n<\/ul>\n<p><span><br \/>Software: after the bathtub water has run in approx. Add 2-3 splashes of Weleda Calendula tub. <br \/>After the bathtub, different merchandise from the Calendula collection help the pores and skin nourishing impact: apply a small quantity of calendula care milk or calendula care oil to the pores and skin and gently therapeutic massage in. <\/p>\n<p>Excellent pores and skin compatibility dermatologically examined. <\/p>\n<p>WELEDA is the world&#8217;s main producer of licensed pure cosmetics and anthroposophic medicines. The merchandise are developed in keeping with a singular understanding of individuals and nature. <br \/>WELEDA has stood for high-quality pure cosmetics for greater than 90 years and has a wealth of expertise within the manufacturing of holistic physique care merchandise. <br \/>WELEDA makes use of solely high-quality pure uncooked supplies from primarily managed natural cultivation and licensed wild assortment.<\/span> <\/p>\n<h3> <span>Producer Contact Info<\/span> <\/h3>\n<p> <span>M\u00f6hlerstra\u00dfe 3, 73525 Schw\u00e4bisch Gm\u00fcnd<\/span> <\/p>\n<p>Soothes child&#8217;s pores and skin: the calendula leisure tub helps the soothing energy of the water for a delicate stability after an lively day; an extract of calendula has a soothing impact on irritated pores and skin<br \/>\nPromotes peaceable sleep: the surfactant-free, skin-soothing composition of the calendula tub helps the kid&#8217;s pure pores and skin capabilities and promotes a peaceable sleep<br \/>\nHelps heap capabilities: the surfactant-free, skin-soothing composition of the calendula tub helps the kid&#8217;s pure pores and skin capabilities and promotes a peaceable sleep<br \/>\nHighest WELEDA high quality: free from artificial fragrances, dyes and preservatives in addition to uncooked supplies based mostly on mineral oil; pores and skin compatibility is dermatologically examined<br \/>\nField contents: 1 x WELEDA Calendula leisure tub for infants, kids and toddlers<br \/>\n<div class=\"main-cross-sell\" data-asin=\"B00B25PI90\">\n\n\t<div class=\"WooZone-cross-sell-loader\">\n\t\t<div>\n\t\t\t<div id=\"floatingBarsG\">\n\t\t\t\t<div class=\"blockG\" id=\"rotateG_01\"><\/div>\n\t\t\t\t<div class=\"blockG\" id=\"rotateG_02\"><\/div>\n\t\t\t\t<div class=\"blockG\" id=\"rotateG_03\"><\/div>\n\t\t\t\t<div class=\"blockG\" id=\"rotateG_04\"><\/div>\n\t\t\t\t<div class=\"blockG\" id=\"rotateG_05\"><\/div>\n\t\t\t\t<div class=\"blockG\" id=\"rotateG_06\"><\/div>\n\t\t\t\t<div class=\"blockG\" id=\"rotateG_07\"><\/div>\n\t\t\t\t<div class=\"blockG\" id=\"rotateG_08\"><\/div>\n\t\t\t<\/div>\n\t\t\t<div class=\"WooZone-cross-sell-loader-text\"><\/div>\n\t\t<\/div>\n\t<\/div>\n\n\t\t\n<\/div>\n<div style=\"clear:both;\"><\/div><\/p>\n","protected":false},"excerpt":{"rendered":"<p>Soothes baby&#8217;s skin: the calendula relaxation bath supports the soothing power of the water for a gentle balance after an active day; an extract of calendula has a soothing effect on irritated skin<br \/>\nPromotes peaceful sleep: the surfactant-free, skin-soothing composition of the calendula bath supports the child&#8217;s natural skin functions and promotes a peaceful sleep<br \/>\nSupports heap functions: the surfactant-free, skin-soothing composition of the calendula bath supports the child&#8217;s natural skin functions and promotes a peaceful sleep<\/p>\n","protected":false},"featured_media":4329,"comment_status":"open","ping_status":"closed","template":"","meta":{"_aipt_faq_data":""},"store":[],"product_brand":[],"product_cat":[47,28],"product_tag":[],"class_list":{"0":"post-4328","1":"product","2":"type-product","3":"status-publish","4":"has-post-thumbnail","6":"product_cat-baby-care","7":"product_cat-trending","8":"pa_brand-visit-the-weleda-store","10":"first","11":"instock","12":"sale","13":"shipping-taxable","14":"product-type-external"},"yoast_head":"<!-- This site is optimized with the Yoast SEO plugin v27.1.1 - https:\/\/yoast.com\/product\/yoast-seo-wordpress\/ -->\n<title>WELEDA Organic Baby Calendula Relaxation Bath - Vegan Natural Cosmetics Bath Additive with Organic Thyme Nourishes the Skin &amp; Promotes a Peaceful Sleep. Baby Bath without Surfactants for Babies and - TopChoiceTrends<\/title>\n<meta name=\"description\" content=\"Entdecke bei TopChoiceTrends gepr\u00fcfte Bestseller, Trendprodukte und starke Angebote aus vielen Kategorien. Smart vergleichen, besser kaufen \u2013 alles \u00fcber Amazon Deutschland.\" \/>\n<meta name=\"robots\" content=\"index, follow, max-snippet:-1, max-image-preview:large, max-video-preview:-1\" \/>\n<link rel=\"canonical\" href=\"https:\/\/topchoicetrends.com\/de\/product\/weleda-organic-baby-calendula-relaxation-bath-vegan-natural-cosmetics-bath-additive-with-organic-thyme-nourishes-the-skin-promotes-a-peaceful-sleep-baby-bath-without-surfactants-for-babies-and\/\" \/>\n<meta property=\"og:locale\" content=\"de_DE\" \/>\n<meta property=\"og:type\" content=\"article\" \/>\n<meta property=\"og:title\" content=\"WELEDA Organic Baby Calendula Relaxation Bath - Vegan Natural Cosmetics Bath Additive with Organic Thyme Nourishes the Skin &amp; Promotes a Peaceful Sleep. Baby Bath without Surfactants for Babies and - TopChoiceTrends\" \/>\n<meta property=\"og:description\" content=\"Entdecke bei TopChoiceTrends gepr\u00fcfte Bestseller, Trendprodukte und starke Angebote aus vielen Kategorien. Smart vergleichen, besser kaufen \u2013 alles \u00fcber Amazon Deutschland.\" \/>\n<meta property=\"og:url\" content=\"https:\/\/topchoicetrends.com\/de\/product\/weleda-organic-baby-calendula-relaxation-bath-vegan-natural-cosmetics-bath-additive-with-organic-thyme-nourishes-the-skin-promotes-a-peaceful-sleep-baby-bath-without-surfactants-for-babies-and\/\" \/>\n<meta property=\"og:site_name\" content=\"TopChoiceTrends\" \/>\n<meta property=\"og:image\" content=\"https:\/\/m.media-amazon.com\/images\/I\/417-dXhEBiL.jpg\" \/>\n\t<meta property=\"og:image:width\" content=\"500\" \/>\n\t<meta property=\"og:image:height\" content=\"500\" \/>\n\t<meta property=\"og:image:type\" content=\"image\/jpeg\" \/>\n<meta name=\"twitter:card\" content=\"summary_large_image\" \/>\n<meta name=\"twitter:label1\" content=\"Gesch\u00e4tzte Lesezeit\" \/>\n\t<meta name=\"twitter:data1\" content=\"2\u00a0Minuten\" \/>\n<script type=\"application\/ld+json\" class=\"yoast-schema-graph\">{\"@context\":\"https:\/\/schema.org\",\"@graph\":[{\"@type\":\"WebPage\",\"@id\":\"https:\/\/topchoicetrends.com\/de\/product\/weleda-organic-baby-calendula-relaxation-bath-vegan-natural-cosmetics-bath-additive-with-organic-thyme-nourishes-the-skin-promotes-a-peaceful-sleep-baby-bath-without-surfactants-for-babies-and\/\",\"url\":\"https:\/\/topchoicetrends.com\/de\/product\/weleda-organic-baby-calendula-relaxation-bath-vegan-natural-cosmetics-bath-additive-with-organic-thyme-nourishes-the-skin-promotes-a-peaceful-sleep-baby-bath-without-surfactants-for-babies-and\/\",\"name\":\"WELEDA Organic Baby Calendula Relaxation Bath - Vegan Natural Cosmetics Bath Additive with Organic Thyme Nourishes the Skin & Promotes a Peaceful Sleep. Baby Bath without Surfactants for Babies and - TopChoiceTrends\",\"isPartOf\":{\"@id\":\"https:\/\/topchoicetrends.com\/de\/#website\"},\"primaryImageOfPage\":{\"@id\":\"https:\/\/topchoicetrends.com\/de\/product\/weleda-organic-baby-calendula-relaxation-bath-vegan-natural-cosmetics-bath-additive-with-organic-thyme-nourishes-the-skin-promotes-a-peaceful-sleep-baby-bath-without-surfactants-for-babies-and\/#primaryimage\"},\"image\":{\"@id\":\"https:\/\/topchoicetrends.com\/de\/product\/weleda-organic-baby-calendula-relaxation-bath-vegan-natural-cosmetics-bath-additive-with-organic-thyme-nourishes-the-skin-promotes-a-peaceful-sleep-baby-bath-without-surfactants-for-babies-and\/#primaryimage\"},\"thumbnailUrl\":\"https:\/\/m.media-amazon.com\/images\/I\/417-dXhEBiL.jpg\",\"datePublished\":\"2026-02-09T18:43:35+00:00\",\"description\":\"Entdecke bei TopChoiceTrends gepr\u00fcfte Bestseller, Trendprodukte und starke Angebote aus vielen Kategorien. Smart vergleichen, besser kaufen \u2013 alles \u00fcber Amazon Deutschland.\",\"breadcrumb\":{\"@id\":\"https:\/\/topchoicetrends.com\/de\/product\/weleda-organic-baby-calendula-relaxation-bath-vegan-natural-cosmetics-bath-additive-with-organic-thyme-nourishes-the-skin-promotes-a-peaceful-sleep-baby-bath-without-surfactants-for-babies-and\/#breadcrumb\"},\"inLanguage\":\"de\",\"potentialAction\":[{\"@type\":\"ReadAction\",\"target\":[\"https:\/\/topchoicetrends.com\/de\/product\/weleda-organic-baby-calendula-relaxation-bath-vegan-natural-cosmetics-bath-additive-with-organic-thyme-nourishes-the-skin-promotes-a-peaceful-sleep-baby-bath-without-surfactants-for-babies-and\/\"]}]},{\"@type\":\"ImageObject\",\"inLanguage\":\"de\",\"@id\":\"https:\/\/topchoicetrends.com\/de\/product\/weleda-organic-baby-calendula-relaxation-bath-vegan-natural-cosmetics-bath-additive-with-organic-thyme-nourishes-the-skin-promotes-a-peaceful-sleep-baby-bath-without-surfactants-for-babies-and\/#primaryimage\",\"url\":\"https:\/\/m.media-amazon.com\/images\/I\/417-dXhEBiL.jpg\",\"contentUrl\":\"https:\/\/m.media-amazon.com\/images\/I\/417-dXhEBiL.jpg\",\"width\":500,\"height\":500},{\"@type\":\"BreadcrumbList\",\"@id\":\"https:\/\/topchoicetrends.com\/de\/product\/weleda-organic-baby-calendula-relaxation-bath-vegan-natural-cosmetics-bath-additive-with-organic-thyme-nourishes-the-skin-promotes-a-peaceful-sleep-baby-bath-without-surfactants-for-babies-and\/#breadcrumb\",\"itemListElement\":[{\"@type\":\"ListItem\",\"position\":1,\"name\":\"Home\",\"item\":\"https:\/\/topchoicetrends.com\/de\/\"},{\"@type\":\"ListItem\",\"position\":2,\"name\":\"Shop\",\"item\":\"https:\/\/topchoicetrends.com\/de\/shop\/\"},{\"@type\":\"ListItem\",\"position\":3,\"name\":\"WELEDA Organic Baby Calendula Relaxation Bath &#8211; Vegan Natural Cosmetics Bath Additive with Organic Thyme Nourishes the Skin &#038; Promotes a Peaceful Sleep. Baby Bath without Surfactants for Babies and\"}]},{\"@type\":\"WebSite\",\"@id\":\"https:\/\/topchoicetrends.com\/de\/#website\",\"url\":\"https:\/\/topchoicetrends.com\/de\/\",\"name\":\"TopChoiceTrends\",\"description\":\"Beste Produktfunde, Bestseller &amp; Top-Angebote online entdecken\",\"publisher\":{\"@id\":\"https:\/\/topchoicetrends.com\/de\/#organization\"},\"potentialAction\":[{\"@type\":\"SearchAction\",\"target\":{\"@type\":\"EntryPoint\",\"urlTemplate\":\"https:\/\/topchoicetrends.com\/de\/?s={search_term_string}\"},\"query-input\":{\"@type\":\"PropertyValueSpecification\",\"valueRequired\":true,\"valueName\":\"search_term_string\"}}],\"inLanguage\":\"de\"},{\"@type\":\"Organization\",\"@id\":\"https:\/\/topchoicetrends.com\/de\/#organization\",\"name\":\"TopChoiceTrends\",\"url\":\"https:\/\/topchoicetrends.com\/de\/\",\"logo\":{\"@type\":\"ImageObject\",\"inLanguage\":\"de\",\"@id\":\"https:\/\/topchoicetrends.com\/de\/#\/schema\/logo\/image\/\",\"url\":\"https:\/\/topchoicetrends.com\/de\/wp-content\/uploads\/2026\/03\/Screenshot_2025-10-09_at_8.21.29_AM-removebg-preview-2.png\",\"contentUrl\":\"https:\/\/topchoicetrends.com\/de\/wp-content\/uploads\/2026\/03\/Screenshot_2025-10-09_at_8.21.29_AM-removebg-preview-2.png\",\"width\":936,\"height\":267,\"caption\":\"TopChoiceTrends\"},\"image\":{\"@id\":\"https:\/\/topchoicetrends.com\/de\/#\/schema\/logo\/image\/\"}}]}<\/script>\n<!-- \/ Yoast SEO plugin. -->","yoast_head_json":{"title":"WELEDA Organic Baby Calendula Relaxation Bath - Vegan Natural Cosmetics Bath Additive with Organic Thyme Nourishes the Skin & Promotes a Peaceful Sleep. Baby Bath without Surfactants for Babies and - TopChoiceTrends","description":"Entdecke bei TopChoiceTrends gepr\u00fcfte Bestseller, Trendprodukte und starke Angebote aus vielen Kategorien. Smart vergleichen, besser kaufen \u2013 alles \u00fcber Amazon Deutschland.","robots":{"index":"index","follow":"follow","max-snippet":"max-snippet:-1","max-image-preview":"max-image-preview:large","max-video-preview":"max-video-preview:-1"},"canonical":"https:\/\/topchoicetrends.com\/de\/product\/weleda-organic-baby-calendula-relaxation-bath-vegan-natural-cosmetics-bath-additive-with-organic-thyme-nourishes-the-skin-promotes-a-peaceful-sleep-baby-bath-without-surfactants-for-babies-and\/","og_locale":"de_DE","og_type":"article","og_title":"WELEDA Organic Baby Calendula Relaxation Bath - Vegan Natural Cosmetics Bath Additive with Organic Thyme Nourishes the Skin & Promotes a Peaceful Sleep. Baby Bath without Surfactants for Babies and - TopChoiceTrends","og_description":"Entdecke bei TopChoiceTrends gepr\u00fcfte Bestseller, Trendprodukte und starke Angebote aus vielen Kategorien. Smart vergleichen, besser kaufen \u2013 alles \u00fcber Amazon Deutschland.","og_url":"https:\/\/topchoicetrends.com\/de\/product\/weleda-organic-baby-calendula-relaxation-bath-vegan-natural-cosmetics-bath-additive-with-organic-thyme-nourishes-the-skin-promotes-a-peaceful-sleep-baby-bath-without-surfactants-for-babies-and\/","og_site_name":"TopChoiceTrends","og_image":[{"width":500,"height":500,"url":"https:\/\/m.media-amazon.com\/images\/I\/417-dXhEBiL.jpg","type":"image\/jpeg"}],"twitter_card":"summary_large_image","twitter_misc":{"Gesch\u00e4tzte Lesezeit":"2\u00a0Minuten"},"schema":{"@context":"https:\/\/schema.org","@graph":[{"@type":"WebPage","@id":"https:\/\/topchoicetrends.com\/de\/product\/weleda-organic-baby-calendula-relaxation-bath-vegan-natural-cosmetics-bath-additive-with-organic-thyme-nourishes-the-skin-promotes-a-peaceful-sleep-baby-bath-without-surfactants-for-babies-and\/","url":"https:\/\/topchoicetrends.com\/de\/product\/weleda-organic-baby-calendula-relaxation-bath-vegan-natural-cosmetics-bath-additive-with-organic-thyme-nourishes-the-skin-promotes-a-peaceful-sleep-baby-bath-without-surfactants-for-babies-and\/","name":"WELEDA Organic Baby Calendula Relaxation Bath - Vegan Natural Cosmetics Bath Additive with Organic Thyme Nourishes the Skin & Promotes a Peaceful Sleep. Baby Bath without Surfactants for Babies and - TopChoiceTrends","isPartOf":{"@id":"https:\/\/topchoicetrends.com\/de\/#website"},"primaryImageOfPage":{"@id":"https:\/\/topchoicetrends.com\/de\/product\/weleda-organic-baby-calendula-relaxation-bath-vegan-natural-cosmetics-bath-additive-with-organic-thyme-nourishes-the-skin-promotes-a-peaceful-sleep-baby-bath-without-surfactants-for-babies-and\/#primaryimage"},"image":{"@id":"https:\/\/topchoicetrends.com\/de\/product\/weleda-organic-baby-calendula-relaxation-bath-vegan-natural-cosmetics-bath-additive-with-organic-thyme-nourishes-the-skin-promotes-a-peaceful-sleep-baby-bath-without-surfactants-for-babies-and\/#primaryimage"},"thumbnailUrl":"https:\/\/m.media-amazon.com\/images\/I\/417-dXhEBiL.jpg","datePublished":"2026-02-09T18:43:35+00:00","description":"Entdecke bei TopChoiceTrends gepr\u00fcfte Bestseller, Trendprodukte und starke Angebote aus vielen Kategorien. Smart vergleichen, besser kaufen \u2013 alles \u00fcber Amazon Deutschland.","breadcrumb":{"@id":"https:\/\/topchoicetrends.com\/de\/product\/weleda-organic-baby-calendula-relaxation-bath-vegan-natural-cosmetics-bath-additive-with-organic-thyme-nourishes-the-skin-promotes-a-peaceful-sleep-baby-bath-without-surfactants-for-babies-and\/#breadcrumb"},"inLanguage":"de","potentialAction":[{"@type":"ReadAction","target":["https:\/\/topchoicetrends.com\/de\/product\/weleda-organic-baby-calendula-relaxation-bath-vegan-natural-cosmetics-bath-additive-with-organic-thyme-nourishes-the-skin-promotes-a-peaceful-sleep-baby-bath-without-surfactants-for-babies-and\/"]}]},{"@type":"ImageObject","inLanguage":"de","@id":"https:\/\/topchoicetrends.com\/de\/product\/weleda-organic-baby-calendula-relaxation-bath-vegan-natural-cosmetics-bath-additive-with-organic-thyme-nourishes-the-skin-promotes-a-peaceful-sleep-baby-bath-without-surfactants-for-babies-and\/#primaryimage","url":"https:\/\/m.media-amazon.com\/images\/I\/417-dXhEBiL.jpg","contentUrl":"https:\/\/m.media-amazon.com\/images\/I\/417-dXhEBiL.jpg","width":500,"height":500},{"@type":"BreadcrumbList","@id":"https:\/\/topchoicetrends.com\/de\/product\/weleda-organic-baby-calendula-relaxation-bath-vegan-natural-cosmetics-bath-additive-with-organic-thyme-nourishes-the-skin-promotes-a-peaceful-sleep-baby-bath-without-surfactants-for-babies-and\/#breadcrumb","itemListElement":[{"@type":"ListItem","position":1,"name":"Home","item":"https:\/\/topchoicetrends.com\/de\/"},{"@type":"ListItem","position":2,"name":"Shop","item":"https:\/\/topchoicetrends.com\/de\/shop\/"},{"@type":"ListItem","position":3,"name":"WELEDA Organic Baby Calendula Relaxation Bath &#8211; Vegan Natural Cosmetics Bath Additive with Organic Thyme Nourishes the Skin &#038; Promotes a Peaceful Sleep. Baby Bath without Surfactants for Babies and"}]},{"@type":"WebSite","@id":"https:\/\/topchoicetrends.com\/de\/#website","url":"https:\/\/topchoicetrends.com\/de\/","name":"TopChoiceTrends","description":"Beste Produktfunde, Bestseller &amp; Top-Angebote online entdecken","publisher":{"@id":"https:\/\/topchoicetrends.com\/de\/#organization"},"potentialAction":[{"@type":"SearchAction","target":{"@type":"EntryPoint","urlTemplate":"https:\/\/topchoicetrends.com\/de\/?s={search_term_string}"},"query-input":{"@type":"PropertyValueSpecification","valueRequired":true,"valueName":"search_term_string"}}],"inLanguage":"de"},{"@type":"Organization","@id":"https:\/\/topchoicetrends.com\/de\/#organization","name":"TopChoiceTrends","url":"https:\/\/topchoicetrends.com\/de\/","logo":{"@type":"ImageObject","inLanguage":"de","@id":"https:\/\/topchoicetrends.com\/de\/#\/schema\/logo\/image\/","url":"https:\/\/topchoicetrends.com\/de\/wp-content\/uploads\/2026\/03\/Screenshot_2025-10-09_at_8.21.29_AM-removebg-preview-2.png","contentUrl":"https:\/\/topchoicetrends.com\/de\/wp-content\/uploads\/2026\/03\/Screenshot_2025-10-09_at_8.21.29_AM-removebg-preview-2.png","width":936,"height":267,"caption":"TopChoiceTrends"},"image":{"@id":"https:\/\/topchoicetrends.com\/de\/#\/schema\/logo\/image\/"}}]}},"_links":{"self":[{"href":"https:\/\/topchoicetrends.com\/de\/wp-json\/wp\/v2\/product\/4328","targetHints":{"allow":["GET"]}}],"collection":[{"href":"https:\/\/topchoicetrends.com\/de\/wp-json\/wp\/v2\/product"}],"about":[{"href":"https:\/\/topchoicetrends.com\/de\/wp-json\/wp\/v2\/types\/product"}],"replies":[{"embeddable":true,"href":"https:\/\/topchoicetrends.com\/de\/wp-json\/wp\/v2\/comments?post=4328"}],"wp:featuredmedia":[{"embeddable":true,"href":"https:\/\/topchoicetrends.com\/de\/wp-json\/wp\/v2\/media\/4329"}],"wp:attachment":[{"href":"https:\/\/topchoicetrends.com\/de\/wp-json\/wp\/v2\/media?parent=4328"}],"wp:term":[{"taxonomy":"store","embeddable":true,"href":"https:\/\/topchoicetrends.com\/de\/wp-json\/wp\/v2\/store?post=4328"},{"taxonomy":"product_brand","embeddable":true,"href":"https:\/\/topchoicetrends.com\/de\/wp-json\/wp\/v2\/product_brand?post=4328"},{"taxonomy":"product_cat","embeddable":true,"href":"https:\/\/topchoicetrends.com\/de\/wp-json\/wp\/v2\/product_cat?post=4328"},{"taxonomy":"product_tag","embeddable":true,"href":"https:\/\/topchoicetrends.com\/de\/wp-json\/wp\/v2\/product_tag?post=4328"}],"curies":[{"name":"wp","href":"https:\/\/api.w.org\/{rel}","templated":true}]}}