{"id":4280,"date":"2026-02-09T18:45:06","date_gmt":"2026-02-09T18:45:06","guid":{"rendered":"https:\/\/topchoicetrends.com\/de\/product\/lictin-baby-pflegeset-neugeborene-12-teilige-baby-pflegeset-mit-thermometer-baby-nagelschere-baby-nagelfeile-baby-baby-haarburste-baby-burste-fingerzahnburste-schere-nasenaspirator-blau\/"},"modified":"2026-01-01T13:37:22","modified_gmt":"2026-01-01T13:37:22","slug":"lictin-baby-pflegeset-neugeborene-12-teilige-baby-pflegeset-mit-thermometer-baby-nagelschere-baby-nagelfeile-baby-baby-haarburste-baby-burste-fingerzahnburste-schere-nasenaspirator-blau","status":"publish","type":"product","link":"https:\/\/topchoicetrends.com\/de\/product\/lictin-baby-pflegeset-neugeborene-12-teilige-baby-pflegeset-mit-thermometer-baby-nagelschere-baby-nagelfeile-baby-baby-haarburste-baby-burste-fingerzahnburste-schere-nasenaspirator-blau\/","title":{"rendered":"Lictin Baby Pflegeset Neugeborene 1..."},"content":{"rendered":"<p>Multi Child Gesundheitssets: Lictin Babypflege set umfasst eine Babyb\u00fcrste, einen Child kamm, eine Schere mit runder Spitze, eine Badeb\u00fcrste, eine Nasenpinzette, eine Fingerzahnb\u00fcrste aus Silikon, einen Nasensauger, ein Schutzetui, einen nagelschere child, eine nagelfeile child und einen Medikamentenspender, die alle in einem exquisiten Aufbewahrungsetui untergebracht sind<br \/>\nSicher f\u00fcr das Child: Alle Child Pflegeset Accessoires im sind aus BPA-freien Materialien hergestellt und sind die beste Wahl f\u00fcr die t\u00e4gliche Babypflege. Ungiftig, sicher und langlebig, um die Sicherheit von S\u00e4uglingen und Kindern zu gew\u00e4hrleisten<br \/>\nPraktisches Set f\u00fcr junge M\u00fctter Alle Lictin Babypflege sind nach ergonomischen Gesichtspunkten entworfen, mit weichen und glatten Kanten und runden Spitzen, um Sicherheit und ein optimales Benutzererlebnis zu gew\u00e4hrleisten<br \/>\nTragbares Aufbewahrungsetui Mit dem exquisiten und robusten Aufbewahrungsetui sind alle Artikel intestine organisiert und gesch\u00fctzt, ob zu Hause oder unterwegs<br \/>\nChild Important Geschenk Set Unser Geschenkset f\u00fcr Neugeborene ist das ideale Geschenk f\u00fcr werdende M\u00fctter oder frischgebackene Eltern. Eine detaillierte Anleitung ist enthalten<br \/>\n<div class=\"main-cross-sell\" data-asin=\"B0CDQ74THH\">\n\n\t<div class=\"WooZone-cross-sell-loader\">\n\t\t<div>\n\t\t\t<div id=\"floatingBarsG\">\n\t\t\t\t<div class=\"blockG\" id=\"rotateG_01\"><\/div>\n\t\t\t\t<div class=\"blockG\" id=\"rotateG_02\"><\/div>\n\t\t\t\t<div class=\"blockG\" id=\"rotateG_03\"><\/div>\n\t\t\t\t<div class=\"blockG\" id=\"rotateG_04\"><\/div>\n\t\t\t\t<div class=\"blockG\" id=\"rotateG_05\"><\/div>\n\t\t\t\t<div class=\"blockG\" id=\"rotateG_06\"><\/div>\n\t\t\t\t<div class=\"blockG\" id=\"rotateG_07\"><\/div>\n\t\t\t\t<div class=\"blockG\" id=\"rotateG_08\"><\/div>\n\t\t\t<\/div>\n\t\t\t<div class=\"WooZone-cross-sell-loader-text\"><\/div>\n\t\t<\/div>\n\t<\/div>\n\n\t\t\n<\/div>\n<div style=\"clear:both;\"><\/div><\/p>\n","protected":false},"excerpt":{"rendered":"<p>Multi Baby Gesundheitssets: Lictin Babypflege set umfasst eine Babyb\u00fcrste, einen Baby kamm, eine Schere mit runder Spitze, eine Badeb\u00fcrste, eine Nasenpinzette, eine Fingerzahnb\u00fcrste aus Silikon, einen Nasensauger, ein Schutzetui, einen nagelschere baby, eine nagelfeile baby und einen Medikamentenspender, die alle in einem exquisiten Aufbewahrungsetui untergebracht sind<br \/>\nSicher f\u00fcr das Baby: Alle Baby Pflegeset Accessoires im sind aus BPA-freien Materialien hergestellt und sind die beste Wahl f\u00fcr die t\u00e4gliche Babypflege. Ungiftig, sicher und langlebig, um die Sicherheit von S\u00e4uglingen und Kindern zu gew\u00e4hrleisten<br \/>\nPraktisches Set f\u00fcr junge M\u00fctter Alle Lictin Babypflege sind nach ergonomischen Gesichtspunkten entworfen, mit weichen und glatten Kanten und runden Spitzen, um Sicherheit und ein optimales Benutzererlebnis zu gew\u00e4hrleisten<\/p>\n","protected":false},"featured_media":4281,"comment_status":"open","ping_status":"closed","template":"","meta":{"_aipt_faq_data":""},"store":[],"product_brand":[],"product_cat":[47,28],"product_tag":[],"class_list":{"0":"post-4280","1":"product","2":"type-product","3":"status-publish","4":"has-post-thumbnail","6":"product_cat-baby-care","7":"product_cat-trending","8":"pa_batteries-required-no","9":"pa_brand-visit-the-lictin-store","10":"pa_colour-blau","11":"pa_date-first-available-4-aug-2023","12":"pa_item-weight-210-g","13":"pa_package-dimensions-17-5-x-13-1-x-5-8-cm-210-g","15":"first","16":"instock","17":"sale","18":"shipping-taxable","19":"product-type-external"},"yoast_head":"<!-- This site is optimized with the Yoast SEO plugin v27.1.1 - https:\/\/yoast.com\/product\/yoast-seo-wordpress\/ -->\n<title>Lictin Baby Pflegeset Neugeborene 12 teilige, Baby Pflegeset mit Thermometer Baby, Nagelschere baby, Nagelfeile Baby, Baby Haarb\u00fcrste, Baby B\u00fcrste, Fingerzahnb\u00fcrste, Schere, Nasenaspirator (Blau) - TopChoiceTrends<\/title>\n<meta name=\"description\" content=\"Entdecke bei TopChoiceTrends gepr\u00fcfte Bestseller, Trendprodukte und starke Angebote aus vielen Kategorien. Smart vergleichen, besser kaufen \u2013 alles \u00fcber Amazon Deutschland.\" \/>\n<meta name=\"robots\" content=\"index, follow, max-snippet:-1, max-image-preview:large, max-video-preview:-1\" \/>\n<link rel=\"canonical\" href=\"https:\/\/topchoicetrends.com\/de\/product\/lictin-baby-pflegeset-neugeborene-12-teilige-baby-pflegeset-mit-thermometer-baby-nagelschere-baby-nagelfeile-baby-baby-haarburste-baby-burste-fingerzahnburste-schere-nasenaspirator-blau\/\" \/>\n<meta property=\"og:locale\" content=\"de_DE\" \/>\n<meta property=\"og:type\" content=\"article\" \/>\n<meta property=\"og:title\" content=\"Lictin Baby Pflegeset Neugeborene 12 teilige, Baby Pflegeset mit Thermometer Baby, Nagelschere baby, Nagelfeile Baby, Baby Haarb\u00fcrste, Baby B\u00fcrste, Fingerzahnb\u00fcrste, Schere, Nasenaspirator (Blau) - TopChoiceTrends\" \/>\n<meta property=\"og:description\" content=\"Entdecke bei TopChoiceTrends gepr\u00fcfte Bestseller, Trendprodukte und starke Angebote aus vielen Kategorien. Smart vergleichen, besser kaufen \u2013 alles \u00fcber Amazon Deutschland.\" \/>\n<meta property=\"og:url\" content=\"https:\/\/topchoicetrends.com\/de\/product\/lictin-baby-pflegeset-neugeborene-12-teilige-baby-pflegeset-mit-thermometer-baby-nagelschere-baby-nagelfeile-baby-baby-haarburste-baby-burste-fingerzahnburste-schere-nasenaspirator-blau\/\" \/>\n<meta property=\"og:site_name\" content=\"TopChoiceTrends\" \/>\n<meta property=\"og:image\" content=\"https:\/\/m.media-amazon.com\/images\/I\/5184-aWW-sL.jpg\" \/>\n\t<meta property=\"og:image:width\" content=\"500\" \/>\n\t<meta property=\"og:image:height\" content=\"500\" \/>\n\t<meta property=\"og:image:type\" content=\"image\/jpeg\" \/>\n<meta name=\"twitter:card\" content=\"summary_large_image\" \/>\n<meta name=\"twitter:label1\" content=\"Gesch\u00e4tzte Lesezeit\" \/>\n\t<meta name=\"twitter:data1\" content=\"1\u00a0Minute\" \/>\n<script type=\"application\/ld+json\" class=\"yoast-schema-graph\">{\"@context\":\"https:\/\/schema.org\",\"@graph\":[{\"@type\":\"WebPage\",\"@id\":\"https:\/\/topchoicetrends.com\/de\/product\/lictin-baby-pflegeset-neugeborene-12-teilige-baby-pflegeset-mit-thermometer-baby-nagelschere-baby-nagelfeile-baby-baby-haarburste-baby-burste-fingerzahnburste-schere-nasenaspirator-blau\/\",\"url\":\"https:\/\/topchoicetrends.com\/de\/product\/lictin-baby-pflegeset-neugeborene-12-teilige-baby-pflegeset-mit-thermometer-baby-nagelschere-baby-nagelfeile-baby-baby-haarburste-baby-burste-fingerzahnburste-schere-nasenaspirator-blau\/\",\"name\":\"Lictin Baby Pflegeset Neugeborene 12 teilige, Baby Pflegeset mit Thermometer Baby, Nagelschere baby, Nagelfeile Baby, Baby Haarb\u00fcrste, Baby B\u00fcrste, Fingerzahnb\u00fcrste, Schere, Nasenaspirator (Blau) - TopChoiceTrends\",\"isPartOf\":{\"@id\":\"https:\/\/topchoicetrends.com\/de\/#website\"},\"primaryImageOfPage\":{\"@id\":\"https:\/\/topchoicetrends.com\/de\/product\/lictin-baby-pflegeset-neugeborene-12-teilige-baby-pflegeset-mit-thermometer-baby-nagelschere-baby-nagelfeile-baby-baby-haarburste-baby-burste-fingerzahnburste-schere-nasenaspirator-blau\/#primaryimage\"},\"image\":{\"@id\":\"https:\/\/topchoicetrends.com\/de\/product\/lictin-baby-pflegeset-neugeborene-12-teilige-baby-pflegeset-mit-thermometer-baby-nagelschere-baby-nagelfeile-baby-baby-haarburste-baby-burste-fingerzahnburste-schere-nasenaspirator-blau\/#primaryimage\"},\"thumbnailUrl\":\"https:\/\/m.media-amazon.com\/images\/I\/5184-aWW-sL.jpg\",\"datePublished\":\"2026-02-09T18:45:06+00:00\",\"description\":\"Entdecke bei TopChoiceTrends gepr\u00fcfte Bestseller, Trendprodukte und starke Angebote aus vielen Kategorien. Smart vergleichen, besser kaufen \u2013 alles \u00fcber Amazon Deutschland.\",\"breadcrumb\":{\"@id\":\"https:\/\/topchoicetrends.com\/de\/product\/lictin-baby-pflegeset-neugeborene-12-teilige-baby-pflegeset-mit-thermometer-baby-nagelschere-baby-nagelfeile-baby-baby-haarburste-baby-burste-fingerzahnburste-schere-nasenaspirator-blau\/#breadcrumb\"},\"inLanguage\":\"de\",\"potentialAction\":[{\"@type\":\"ReadAction\",\"target\":[\"https:\/\/topchoicetrends.com\/de\/product\/lictin-baby-pflegeset-neugeborene-12-teilige-baby-pflegeset-mit-thermometer-baby-nagelschere-baby-nagelfeile-baby-baby-haarburste-baby-burste-fingerzahnburste-schere-nasenaspirator-blau\/\"]}]},{\"@type\":\"ImageObject\",\"inLanguage\":\"de\",\"@id\":\"https:\/\/topchoicetrends.com\/de\/product\/lictin-baby-pflegeset-neugeborene-12-teilige-baby-pflegeset-mit-thermometer-baby-nagelschere-baby-nagelfeile-baby-baby-haarburste-baby-burste-fingerzahnburste-schere-nasenaspirator-blau\/#primaryimage\",\"url\":\"https:\/\/m.media-amazon.com\/images\/I\/5184-aWW-sL.jpg\",\"contentUrl\":\"https:\/\/m.media-amazon.com\/images\/I\/5184-aWW-sL.jpg\",\"width\":500,\"height\":500},{\"@type\":\"BreadcrumbList\",\"@id\":\"https:\/\/topchoicetrends.com\/de\/product\/lictin-baby-pflegeset-neugeborene-12-teilige-baby-pflegeset-mit-thermometer-baby-nagelschere-baby-nagelfeile-baby-baby-haarburste-baby-burste-fingerzahnburste-schere-nasenaspirator-blau\/#breadcrumb\",\"itemListElement\":[{\"@type\":\"ListItem\",\"position\":1,\"name\":\"Home\",\"item\":\"https:\/\/topchoicetrends.com\/de\/\"},{\"@type\":\"ListItem\",\"position\":2,\"name\":\"Shop\",\"item\":\"https:\/\/topchoicetrends.com\/de\/shop\/\"},{\"@type\":\"ListItem\",\"position\":3,\"name\":\"Lictin Baby Pflegeset Neugeborene 12 teilige, Baby Pflegeset mit Thermometer Baby, Nagelschere baby, Nagelfeile Baby, Baby Haarb\u00fcrste, Baby B\u00fcrste, Fingerzahnb\u00fcrste, Schere, Nasenaspirator (Blau)\"}]},{\"@type\":\"WebSite\",\"@id\":\"https:\/\/topchoicetrends.com\/de\/#website\",\"url\":\"https:\/\/topchoicetrends.com\/de\/\",\"name\":\"TopChoiceTrends\",\"description\":\"Beste Produktfunde, Bestseller &amp; Top-Angebote online entdecken\",\"publisher\":{\"@id\":\"https:\/\/topchoicetrends.com\/de\/#organization\"},\"potentialAction\":[{\"@type\":\"SearchAction\",\"target\":{\"@type\":\"EntryPoint\",\"urlTemplate\":\"https:\/\/topchoicetrends.com\/de\/?s={search_term_string}\"},\"query-input\":{\"@type\":\"PropertyValueSpecification\",\"valueRequired\":true,\"valueName\":\"search_term_string\"}}],\"inLanguage\":\"de\"},{\"@type\":\"Organization\",\"@id\":\"https:\/\/topchoicetrends.com\/de\/#organization\",\"name\":\"TopChoiceTrends\",\"url\":\"https:\/\/topchoicetrends.com\/de\/\",\"logo\":{\"@type\":\"ImageObject\",\"inLanguage\":\"de\",\"@id\":\"https:\/\/topchoicetrends.com\/de\/#\/schema\/logo\/image\/\",\"url\":\"https:\/\/topchoicetrends.com\/de\/wp-content\/uploads\/2026\/03\/Screenshot_2025-10-09_at_8.21.29_AM-removebg-preview-2.png\",\"contentUrl\":\"https:\/\/topchoicetrends.com\/de\/wp-content\/uploads\/2026\/03\/Screenshot_2025-10-09_at_8.21.29_AM-removebg-preview-2.png\",\"width\":936,\"height\":267,\"caption\":\"TopChoiceTrends\"},\"image\":{\"@id\":\"https:\/\/topchoicetrends.com\/de\/#\/schema\/logo\/image\/\"}}]}<\/script>\n<!-- \/ Yoast SEO plugin. -->","yoast_head_json":{"title":"Lictin Baby Pflegeset Neugeborene 12 teilige, Baby Pflegeset mit Thermometer Baby, Nagelschere baby, Nagelfeile Baby, Baby Haarb\u00fcrste, Baby B\u00fcrste, Fingerzahnb\u00fcrste, Schere, Nasenaspirator (Blau) - TopChoiceTrends","description":"Entdecke bei TopChoiceTrends gepr\u00fcfte Bestseller, Trendprodukte und starke Angebote aus vielen Kategorien. Smart vergleichen, besser kaufen \u2013 alles \u00fcber Amazon Deutschland.","robots":{"index":"index","follow":"follow","max-snippet":"max-snippet:-1","max-image-preview":"max-image-preview:large","max-video-preview":"max-video-preview:-1"},"canonical":"https:\/\/topchoicetrends.com\/de\/product\/lictin-baby-pflegeset-neugeborene-12-teilige-baby-pflegeset-mit-thermometer-baby-nagelschere-baby-nagelfeile-baby-baby-haarburste-baby-burste-fingerzahnburste-schere-nasenaspirator-blau\/","og_locale":"de_DE","og_type":"article","og_title":"Lictin Baby Pflegeset Neugeborene 12 teilige, Baby Pflegeset mit Thermometer Baby, Nagelschere baby, Nagelfeile Baby, Baby Haarb\u00fcrste, Baby B\u00fcrste, Fingerzahnb\u00fcrste, Schere, Nasenaspirator (Blau) - TopChoiceTrends","og_description":"Entdecke bei TopChoiceTrends gepr\u00fcfte Bestseller, Trendprodukte und starke Angebote aus vielen Kategorien. Smart vergleichen, besser kaufen \u2013 alles \u00fcber Amazon Deutschland.","og_url":"https:\/\/topchoicetrends.com\/de\/product\/lictin-baby-pflegeset-neugeborene-12-teilige-baby-pflegeset-mit-thermometer-baby-nagelschere-baby-nagelfeile-baby-baby-haarburste-baby-burste-fingerzahnburste-schere-nasenaspirator-blau\/","og_site_name":"TopChoiceTrends","og_image":[{"width":500,"height":500,"url":"https:\/\/m.media-amazon.com\/images\/I\/5184-aWW-sL.jpg","type":"image\/jpeg"}],"twitter_card":"summary_large_image","twitter_misc":{"Gesch\u00e4tzte Lesezeit":"1\u00a0Minute"},"schema":{"@context":"https:\/\/schema.org","@graph":[{"@type":"WebPage","@id":"https:\/\/topchoicetrends.com\/de\/product\/lictin-baby-pflegeset-neugeborene-12-teilige-baby-pflegeset-mit-thermometer-baby-nagelschere-baby-nagelfeile-baby-baby-haarburste-baby-burste-fingerzahnburste-schere-nasenaspirator-blau\/","url":"https:\/\/topchoicetrends.com\/de\/product\/lictin-baby-pflegeset-neugeborene-12-teilige-baby-pflegeset-mit-thermometer-baby-nagelschere-baby-nagelfeile-baby-baby-haarburste-baby-burste-fingerzahnburste-schere-nasenaspirator-blau\/","name":"Lictin Baby Pflegeset Neugeborene 12 teilige, Baby Pflegeset mit Thermometer Baby, Nagelschere baby, Nagelfeile Baby, Baby Haarb\u00fcrste, Baby B\u00fcrste, Fingerzahnb\u00fcrste, Schere, Nasenaspirator (Blau) - TopChoiceTrends","isPartOf":{"@id":"https:\/\/topchoicetrends.com\/de\/#website"},"primaryImageOfPage":{"@id":"https:\/\/topchoicetrends.com\/de\/product\/lictin-baby-pflegeset-neugeborene-12-teilige-baby-pflegeset-mit-thermometer-baby-nagelschere-baby-nagelfeile-baby-baby-haarburste-baby-burste-fingerzahnburste-schere-nasenaspirator-blau\/#primaryimage"},"image":{"@id":"https:\/\/topchoicetrends.com\/de\/product\/lictin-baby-pflegeset-neugeborene-12-teilige-baby-pflegeset-mit-thermometer-baby-nagelschere-baby-nagelfeile-baby-baby-haarburste-baby-burste-fingerzahnburste-schere-nasenaspirator-blau\/#primaryimage"},"thumbnailUrl":"https:\/\/m.media-amazon.com\/images\/I\/5184-aWW-sL.jpg","datePublished":"2026-02-09T18:45:06+00:00","description":"Entdecke bei TopChoiceTrends gepr\u00fcfte Bestseller, Trendprodukte und starke Angebote aus vielen Kategorien. Smart vergleichen, besser kaufen \u2013 alles \u00fcber Amazon Deutschland.","breadcrumb":{"@id":"https:\/\/topchoicetrends.com\/de\/product\/lictin-baby-pflegeset-neugeborene-12-teilige-baby-pflegeset-mit-thermometer-baby-nagelschere-baby-nagelfeile-baby-baby-haarburste-baby-burste-fingerzahnburste-schere-nasenaspirator-blau\/#breadcrumb"},"inLanguage":"de","potentialAction":[{"@type":"ReadAction","target":["https:\/\/topchoicetrends.com\/de\/product\/lictin-baby-pflegeset-neugeborene-12-teilige-baby-pflegeset-mit-thermometer-baby-nagelschere-baby-nagelfeile-baby-baby-haarburste-baby-burste-fingerzahnburste-schere-nasenaspirator-blau\/"]}]},{"@type":"ImageObject","inLanguage":"de","@id":"https:\/\/topchoicetrends.com\/de\/product\/lictin-baby-pflegeset-neugeborene-12-teilige-baby-pflegeset-mit-thermometer-baby-nagelschere-baby-nagelfeile-baby-baby-haarburste-baby-burste-fingerzahnburste-schere-nasenaspirator-blau\/#primaryimage","url":"https:\/\/m.media-amazon.com\/images\/I\/5184-aWW-sL.jpg","contentUrl":"https:\/\/m.media-amazon.com\/images\/I\/5184-aWW-sL.jpg","width":500,"height":500},{"@type":"BreadcrumbList","@id":"https:\/\/topchoicetrends.com\/de\/product\/lictin-baby-pflegeset-neugeborene-12-teilige-baby-pflegeset-mit-thermometer-baby-nagelschere-baby-nagelfeile-baby-baby-haarburste-baby-burste-fingerzahnburste-schere-nasenaspirator-blau\/#breadcrumb","itemListElement":[{"@type":"ListItem","position":1,"name":"Home","item":"https:\/\/topchoicetrends.com\/de\/"},{"@type":"ListItem","position":2,"name":"Shop","item":"https:\/\/topchoicetrends.com\/de\/shop\/"},{"@type":"ListItem","position":3,"name":"Lictin Baby Pflegeset Neugeborene 12 teilige, Baby Pflegeset mit Thermometer Baby, Nagelschere baby, Nagelfeile Baby, Baby Haarb\u00fcrste, Baby B\u00fcrste, Fingerzahnb\u00fcrste, Schere, Nasenaspirator (Blau)"}]},{"@type":"WebSite","@id":"https:\/\/topchoicetrends.com\/de\/#website","url":"https:\/\/topchoicetrends.com\/de\/","name":"TopChoiceTrends","description":"Beste Produktfunde, Bestseller &amp; Top-Angebote online entdecken","publisher":{"@id":"https:\/\/topchoicetrends.com\/de\/#organization"},"potentialAction":[{"@type":"SearchAction","target":{"@type":"EntryPoint","urlTemplate":"https:\/\/topchoicetrends.com\/de\/?s={search_term_string}"},"query-input":{"@type":"PropertyValueSpecification","valueRequired":true,"valueName":"search_term_string"}}],"inLanguage":"de"},{"@type":"Organization","@id":"https:\/\/topchoicetrends.com\/de\/#organization","name":"TopChoiceTrends","url":"https:\/\/topchoicetrends.com\/de\/","logo":{"@type":"ImageObject","inLanguage":"de","@id":"https:\/\/topchoicetrends.com\/de\/#\/schema\/logo\/image\/","url":"https:\/\/topchoicetrends.com\/de\/wp-content\/uploads\/2026\/03\/Screenshot_2025-10-09_at_8.21.29_AM-removebg-preview-2.png","contentUrl":"https:\/\/topchoicetrends.com\/de\/wp-content\/uploads\/2026\/03\/Screenshot_2025-10-09_at_8.21.29_AM-removebg-preview-2.png","width":936,"height":267,"caption":"TopChoiceTrends"},"image":{"@id":"https:\/\/topchoicetrends.com\/de\/#\/schema\/logo\/image\/"}}]}},"_links":{"self":[{"href":"https:\/\/topchoicetrends.com\/de\/wp-json\/wp\/v2\/product\/4280","targetHints":{"allow":["GET"]}}],"collection":[{"href":"https:\/\/topchoicetrends.com\/de\/wp-json\/wp\/v2\/product"}],"about":[{"href":"https:\/\/topchoicetrends.com\/de\/wp-json\/wp\/v2\/types\/product"}],"replies":[{"embeddable":true,"href":"https:\/\/topchoicetrends.com\/de\/wp-json\/wp\/v2\/comments?post=4280"}],"wp:featuredmedia":[{"embeddable":true,"href":"https:\/\/topchoicetrends.com\/de\/wp-json\/wp\/v2\/media\/4281"}],"wp:attachment":[{"href":"https:\/\/topchoicetrends.com\/de\/wp-json\/wp\/v2\/media?parent=4280"}],"wp:term":[{"taxonomy":"store","embeddable":true,"href":"https:\/\/topchoicetrends.com\/de\/wp-json\/wp\/v2\/store?post=4280"},{"taxonomy":"product_brand","embeddable":true,"href":"https:\/\/topchoicetrends.com\/de\/wp-json\/wp\/v2\/product_brand?post=4280"},{"taxonomy":"product_cat","embeddable":true,"href":"https:\/\/topchoicetrends.com\/de\/wp-json\/wp\/v2\/product_cat?post=4280"},{"taxonomy":"product_tag","embeddable":true,"href":"https:\/\/topchoicetrends.com\/de\/wp-json\/wp\/v2\/product_tag?post=4280"}],"curies":[{"name":"wp","href":"https:\/\/api.w.org\/{rel}","templated":true}]}}