{"id":3852,"date":"2026-02-09T19:07:45","date_gmt":"2026-02-09T19:07:45","guid":{"rendered":"https:\/\/topchoicetrends.com\/de\/product\/mycarbon-digitale-kofferwaage-gepackwaage-analog-fur-reisekoffer-kuche-angeln-50kg-110-lb-hangewaage-digitalwaage-fischwaage-silber3\/"},"modified":"2026-01-01T13:37:22","modified_gmt":"2026-01-01T13:37:22","slug":"mycarbon-digitale-kofferwaage-gepackwaage-analog-fur-reisekoffer-kuche-angeln-50kg-110-lb-hangewaage-digitalwaage-fischwaage-silber3","status":"publish","type":"product","link":"https:\/\/topchoicetrends.com\/de\/product\/mycarbon-digitale-kofferwaage-gepackwaage-analog-fur-reisekoffer-kuche-angeln-50kg-110-lb-hangewaage-digitalwaage-fischwaage-silber3\/","title":{"rendered":"MYCARBON Digitale Kofferwaage Gep\u00e4..."},"content":{"rendered":"<p>Digital baggage scales with clear LCD show. The backlight makes weighing at evening or at the hours of darkness very straightforward and clear<br \/>\nMeasurement as much as 50 kg\/110 lb with accuracy of fifty g\/0.1 lb. Sensible, fast and straightforward to verify the packing whether or not you adjust to the bounds of the free suitcase weight<br \/>\nAlong with the burden, the digital baggage scales can be found in 4 weight models (lb, g, ounce, kg). You could possibly additionally use this scales as a dangling child scale<br \/>\nBaggage scale shops measurement worth for 5s, and routinely switches off after 60. With tare perform and auto-zero perform<br \/>\nSecure and top quality, however small and helpful design, this hanging scale takes up hardly any house in your baggage, and due to this fact splendid for taking it with you when travelling. Superb Christmas items to your ladies, males, dad, mum and youngsters<br \/>\n<div class=\"main-cross-sell\" data-asin=\"B01IDJM8OA\">\n\n\t<div class=\"WooZone-cross-sell-loader\">\n\t\t<div>\n\t\t\t<div id=\"floatingBarsG\">\n\t\t\t\t<div class=\"blockG\" id=\"rotateG_01\"><\/div>\n\t\t\t\t<div class=\"blockG\" id=\"rotateG_02\"><\/div>\n\t\t\t\t<div class=\"blockG\" id=\"rotateG_03\"><\/div>\n\t\t\t\t<div class=\"blockG\" id=\"rotateG_04\"><\/div>\n\t\t\t\t<div class=\"blockG\" id=\"rotateG_05\"><\/div>\n\t\t\t\t<div class=\"blockG\" id=\"rotateG_06\"><\/div>\n\t\t\t\t<div class=\"blockG\" id=\"rotateG_07\"><\/div>\n\t\t\t\t<div class=\"blockG\" id=\"rotateG_08\"><\/div>\n\t\t\t<\/div>\n\t\t\t<div class=\"WooZone-cross-sell-loader-text\"><\/div>\n\t\t<\/div>\n\t<\/div>\n\n\t\t\n<\/div>\n<div style=\"clear:both;\"><\/div><\/p>\n","protected":false},"excerpt":{"rendered":"<p>Digital luggage scales with clear LCD display. The backlight makes weighing at night or in the dark very easy and clear<br \/>\nMeasurement up to 50 kg\/110 lb with accuracy of 50 g\/0.1 lb. Practical, quick and easy to check the packing whether you comply with the limits of the free suitcase weight<br \/>\nIn addition to the weight, the digital luggage scales are available in 4 weight units (lb, g, ounce, kg). You could also use this scales as a hanging baby scale<\/p>\n","protected":false},"featured_media":3853,"comment_status":"open","ping_status":"closed","template":"","meta":{"_aipt_faq_data":""},"store":[],"product_brand":[],"product_cat":[28,38],"product_tag":[],"class_list":{"0":"post-3852","1":"product","2":"type-product","3":"status-publish","4":"has-post-thumbnail","6":"product_cat-trending","7":"product_cat-travel-gear","8":"pa_brand-visit-the-mycarbon-store","10":"first","11":"instock","12":"sale","13":"shipping-taxable","14":"product-type-external"},"yoast_head":"<!-- This site is optimized with the Yoast SEO plugin v27.4 - https:\/\/yoast.com\/product\/yoast-seo-wordpress\/ -->\n<title>MYCARBON Digitale Kofferwaage Gep\u00e4ckwaage Analog f\u00fcr Reisekoffer K\u00fcche Angeln 50KG \/ 110 lb H\u00e4ngewaage Digitalwaage Fischwaage (Silber3) - TopChoiceTrends<\/title>\n<meta name=\"description\" content=\"Entdecke bei TopChoiceTrends gepr\u00fcfte Bestseller, Trendprodukte und starke Angebote aus vielen Kategorien. Smart vergleichen, besser kaufen \u2013 alles \u00fcber Amazon Deutschland.\" \/>\n<meta name=\"robots\" content=\"index, follow, max-snippet:-1, max-image-preview:large, max-video-preview:-1\" \/>\n<link rel=\"canonical\" href=\"https:\/\/topchoicetrends.com\/de\/product\/mycarbon-digitale-kofferwaage-gepackwaage-analog-fur-reisekoffer-kuche-angeln-50kg-110-lb-hangewaage-digitalwaage-fischwaage-silber3\/\" \/>\n<meta property=\"og:locale\" content=\"de_DE\" \/>\n<meta property=\"og:type\" content=\"article\" \/>\n<meta property=\"og:title\" content=\"MYCARBON Digitale Kofferwaage Gep\u00e4ckwaage Analog f\u00fcr Reisekoffer K\u00fcche Angeln 50KG \/ 110 lb H\u00e4ngewaage Digitalwaage Fischwaage (Silber3) - TopChoiceTrends\" \/>\n<meta property=\"og:description\" content=\"Entdecke bei TopChoiceTrends gepr\u00fcfte Bestseller, Trendprodukte und starke Angebote aus vielen Kategorien. Smart vergleichen, besser kaufen \u2013 alles \u00fcber Amazon Deutschland.\" \/>\n<meta property=\"og:url\" content=\"https:\/\/topchoicetrends.com\/de\/product\/mycarbon-digitale-kofferwaage-gepackwaage-analog-fur-reisekoffer-kuche-angeln-50kg-110-lb-hangewaage-digitalwaage-fischwaage-silber3\/\" \/>\n<meta property=\"og:site_name\" content=\"TopChoiceTrends\" \/>\n<meta property=\"og:image\" content=\"https:\/\/m.media-amazon.com\/images\/I\/41BdIEXOkeL.jpg\" \/>\n\t<meta property=\"og:image:width\" content=\"500\" \/>\n\t<meta property=\"og:image:height\" content=\"500\" \/>\n\t<meta property=\"og:image:type\" content=\"image\/jpeg\" \/>\n<meta name=\"twitter:card\" content=\"summary_large_image\" \/>\n<meta name=\"twitter:label1\" content=\"Gesch\u00e4tzte Lesezeit\" \/>\n\t<meta name=\"twitter:data1\" content=\"1\u00a0Minute\" \/>\n<script type=\"application\/ld+json\" class=\"yoast-schema-graph\">{\"@context\":\"https:\\\/\\\/schema.org\",\"@graph\":[{\"@type\":\"WebPage\",\"@id\":\"https:\\\/\\\/topchoicetrends.com\\\/de\\\/product\\\/mycarbon-digitale-kofferwaage-gepackwaage-analog-fur-reisekoffer-kuche-angeln-50kg-110-lb-hangewaage-digitalwaage-fischwaage-silber3\\\/\",\"url\":\"https:\\\/\\\/topchoicetrends.com\\\/de\\\/product\\\/mycarbon-digitale-kofferwaage-gepackwaage-analog-fur-reisekoffer-kuche-angeln-50kg-110-lb-hangewaage-digitalwaage-fischwaage-silber3\\\/\",\"name\":\"MYCARBON Digitale Kofferwaage Gep\u00e4ckwaage Analog f\u00fcr Reisekoffer K\u00fcche Angeln 50KG \\\/ 110 lb H\u00e4ngewaage Digitalwaage Fischwaage (Silber3) - TopChoiceTrends\",\"isPartOf\":{\"@id\":\"https:\\\/\\\/topchoicetrends.com\\\/de\\\/#website\"},\"primaryImageOfPage\":{\"@id\":\"https:\\\/\\\/topchoicetrends.com\\\/de\\\/product\\\/mycarbon-digitale-kofferwaage-gepackwaage-analog-fur-reisekoffer-kuche-angeln-50kg-110-lb-hangewaage-digitalwaage-fischwaage-silber3\\\/#primaryimage\"},\"image\":{\"@id\":\"https:\\\/\\\/topchoicetrends.com\\\/de\\\/product\\\/mycarbon-digitale-kofferwaage-gepackwaage-analog-fur-reisekoffer-kuche-angeln-50kg-110-lb-hangewaage-digitalwaage-fischwaage-silber3\\\/#primaryimage\"},\"thumbnailUrl\":\"https:\\\/\\\/m.media-amazon.com\\\/images\\\/I\\\/41BdIEXOkeL.jpg\",\"datePublished\":\"2026-02-09T19:07:45+00:00\",\"description\":\"Entdecke bei TopChoiceTrends gepr\u00fcfte Bestseller, Trendprodukte und starke Angebote aus vielen Kategorien. Smart vergleichen, besser kaufen \u2013 alles \u00fcber Amazon Deutschland.\",\"breadcrumb\":{\"@id\":\"https:\\\/\\\/topchoicetrends.com\\\/de\\\/product\\\/mycarbon-digitale-kofferwaage-gepackwaage-analog-fur-reisekoffer-kuche-angeln-50kg-110-lb-hangewaage-digitalwaage-fischwaage-silber3\\\/#breadcrumb\"},\"inLanguage\":\"de\",\"potentialAction\":[{\"@type\":\"ReadAction\",\"target\":[\"https:\\\/\\\/topchoicetrends.com\\\/de\\\/product\\\/mycarbon-digitale-kofferwaage-gepackwaage-analog-fur-reisekoffer-kuche-angeln-50kg-110-lb-hangewaage-digitalwaage-fischwaage-silber3\\\/\"]}]},{\"@type\":\"ImageObject\",\"inLanguage\":\"de\",\"@id\":\"https:\\\/\\\/topchoicetrends.com\\\/de\\\/product\\\/mycarbon-digitale-kofferwaage-gepackwaage-analog-fur-reisekoffer-kuche-angeln-50kg-110-lb-hangewaage-digitalwaage-fischwaage-silber3\\\/#primaryimage\",\"url\":\"https:\\\/\\\/m.media-amazon.com\\\/images\\\/I\\\/41BdIEXOkeL.jpg\",\"contentUrl\":\"https:\\\/\\\/m.media-amazon.com\\\/images\\\/I\\\/41BdIEXOkeL.jpg\",\"width\":500,\"height\":500},{\"@type\":\"BreadcrumbList\",\"@id\":\"https:\\\/\\\/topchoicetrends.com\\\/de\\\/product\\\/mycarbon-digitale-kofferwaage-gepackwaage-analog-fur-reisekoffer-kuche-angeln-50kg-110-lb-hangewaage-digitalwaage-fischwaage-silber3\\\/#breadcrumb\",\"itemListElement\":[{\"@type\":\"ListItem\",\"position\":1,\"name\":\"Home\",\"item\":\"https:\\\/\\\/topchoicetrends.com\\\/de\\\/\"},{\"@type\":\"ListItem\",\"position\":2,\"name\":\"Shop\",\"item\":\"https:\\\/\\\/topchoicetrends.com\\\/de\\\/shop\\\/\"},{\"@type\":\"ListItem\",\"position\":3,\"name\":\"MYCARBON Digitale Kofferwaage Gep\u00e4ckwaage Analog f\u00fcr Reisekoffer K\u00fcche Angeln 50KG \\\/ 110 lb H\u00e4ngewaage Digitalwaage Fischwaage (Silber3)\"}]},{\"@type\":\"WebSite\",\"@id\":\"https:\\\/\\\/topchoicetrends.com\\\/de\\\/#website\",\"url\":\"https:\\\/\\\/topchoicetrends.com\\\/de\\\/\",\"name\":\"TopChoiceTrends\",\"description\":\"Beste Produktfunde, Bestseller &amp; Top-Angebote online entdecken\",\"publisher\":{\"@id\":\"https:\\\/\\\/topchoicetrends.com\\\/de\\\/#organization\"},\"potentialAction\":[{\"@type\":\"SearchAction\",\"target\":{\"@type\":\"EntryPoint\",\"urlTemplate\":\"https:\\\/\\\/topchoicetrends.com\\\/de\\\/?s={search_term_string}\"},\"query-input\":{\"@type\":\"PropertyValueSpecification\",\"valueRequired\":true,\"valueName\":\"search_term_string\"}}],\"inLanguage\":\"de\"},{\"@type\":\"Organization\",\"@id\":\"https:\\\/\\\/topchoicetrends.com\\\/de\\\/#organization\",\"name\":\"TopChoiceTrends\",\"url\":\"https:\\\/\\\/topchoicetrends.com\\\/de\\\/\",\"logo\":{\"@type\":\"ImageObject\",\"inLanguage\":\"de\",\"@id\":\"https:\\\/\\\/topchoicetrends.com\\\/de\\\/#\\\/schema\\\/logo\\\/image\\\/\",\"url\":\"https:\\\/\\\/topchoicetrends.com\\\/de\\\/wp-content\\\/uploads\\\/2026\\\/03\\\/Screenshot_2025-10-09_at_8.21.29_AM-removebg-preview-2.png\",\"contentUrl\":\"https:\\\/\\\/topchoicetrends.com\\\/de\\\/wp-content\\\/uploads\\\/2026\\\/03\\\/Screenshot_2025-10-09_at_8.21.29_AM-removebg-preview-2.png\",\"width\":936,\"height\":267,\"caption\":\"TopChoiceTrends\"},\"image\":{\"@id\":\"https:\\\/\\\/topchoicetrends.com\\\/de\\\/#\\\/schema\\\/logo\\\/image\\\/\"}}]}<\/script>\n<!-- \/ Yoast SEO plugin. -->","yoast_head_json":{"title":"MYCARBON Digitale Kofferwaage Gep\u00e4ckwaage Analog f\u00fcr Reisekoffer K\u00fcche Angeln 50KG \/ 110 lb H\u00e4ngewaage Digitalwaage Fischwaage (Silber3) - TopChoiceTrends","description":"Entdecke bei TopChoiceTrends gepr\u00fcfte Bestseller, Trendprodukte und starke Angebote aus vielen Kategorien. Smart vergleichen, besser kaufen \u2013 alles \u00fcber Amazon Deutschland.","robots":{"index":"index","follow":"follow","max-snippet":"max-snippet:-1","max-image-preview":"max-image-preview:large","max-video-preview":"max-video-preview:-1"},"canonical":"https:\/\/topchoicetrends.com\/de\/product\/mycarbon-digitale-kofferwaage-gepackwaage-analog-fur-reisekoffer-kuche-angeln-50kg-110-lb-hangewaage-digitalwaage-fischwaage-silber3\/","og_locale":"de_DE","og_type":"article","og_title":"MYCARBON Digitale Kofferwaage Gep\u00e4ckwaage Analog f\u00fcr Reisekoffer K\u00fcche Angeln 50KG \/ 110 lb H\u00e4ngewaage Digitalwaage Fischwaage (Silber3) - TopChoiceTrends","og_description":"Entdecke bei TopChoiceTrends gepr\u00fcfte Bestseller, Trendprodukte und starke Angebote aus vielen Kategorien. Smart vergleichen, besser kaufen \u2013 alles \u00fcber Amazon Deutschland.","og_url":"https:\/\/topchoicetrends.com\/de\/product\/mycarbon-digitale-kofferwaage-gepackwaage-analog-fur-reisekoffer-kuche-angeln-50kg-110-lb-hangewaage-digitalwaage-fischwaage-silber3\/","og_site_name":"TopChoiceTrends","og_image":[{"width":500,"height":500,"url":"https:\/\/m.media-amazon.com\/images\/I\/41BdIEXOkeL.jpg","type":"image\/jpeg"}],"twitter_card":"summary_large_image","twitter_misc":{"Gesch\u00e4tzte Lesezeit":"1\u00a0Minute"},"schema":{"@context":"https:\/\/schema.org","@graph":[{"@type":"WebPage","@id":"https:\/\/topchoicetrends.com\/de\/product\/mycarbon-digitale-kofferwaage-gepackwaage-analog-fur-reisekoffer-kuche-angeln-50kg-110-lb-hangewaage-digitalwaage-fischwaage-silber3\/","url":"https:\/\/topchoicetrends.com\/de\/product\/mycarbon-digitale-kofferwaage-gepackwaage-analog-fur-reisekoffer-kuche-angeln-50kg-110-lb-hangewaage-digitalwaage-fischwaage-silber3\/","name":"MYCARBON Digitale Kofferwaage Gep\u00e4ckwaage Analog f\u00fcr Reisekoffer K\u00fcche Angeln 50KG \/ 110 lb H\u00e4ngewaage Digitalwaage Fischwaage (Silber3) - TopChoiceTrends","isPartOf":{"@id":"https:\/\/topchoicetrends.com\/de\/#website"},"primaryImageOfPage":{"@id":"https:\/\/topchoicetrends.com\/de\/product\/mycarbon-digitale-kofferwaage-gepackwaage-analog-fur-reisekoffer-kuche-angeln-50kg-110-lb-hangewaage-digitalwaage-fischwaage-silber3\/#primaryimage"},"image":{"@id":"https:\/\/topchoicetrends.com\/de\/product\/mycarbon-digitale-kofferwaage-gepackwaage-analog-fur-reisekoffer-kuche-angeln-50kg-110-lb-hangewaage-digitalwaage-fischwaage-silber3\/#primaryimage"},"thumbnailUrl":"https:\/\/m.media-amazon.com\/images\/I\/41BdIEXOkeL.jpg","datePublished":"2026-02-09T19:07:45+00:00","description":"Entdecke bei TopChoiceTrends gepr\u00fcfte Bestseller, Trendprodukte und starke Angebote aus vielen Kategorien. Smart vergleichen, besser kaufen \u2013 alles \u00fcber Amazon Deutschland.","breadcrumb":{"@id":"https:\/\/topchoicetrends.com\/de\/product\/mycarbon-digitale-kofferwaage-gepackwaage-analog-fur-reisekoffer-kuche-angeln-50kg-110-lb-hangewaage-digitalwaage-fischwaage-silber3\/#breadcrumb"},"inLanguage":"de","potentialAction":[{"@type":"ReadAction","target":["https:\/\/topchoicetrends.com\/de\/product\/mycarbon-digitale-kofferwaage-gepackwaage-analog-fur-reisekoffer-kuche-angeln-50kg-110-lb-hangewaage-digitalwaage-fischwaage-silber3\/"]}]},{"@type":"ImageObject","inLanguage":"de","@id":"https:\/\/topchoicetrends.com\/de\/product\/mycarbon-digitale-kofferwaage-gepackwaage-analog-fur-reisekoffer-kuche-angeln-50kg-110-lb-hangewaage-digitalwaage-fischwaage-silber3\/#primaryimage","url":"https:\/\/m.media-amazon.com\/images\/I\/41BdIEXOkeL.jpg","contentUrl":"https:\/\/m.media-amazon.com\/images\/I\/41BdIEXOkeL.jpg","width":500,"height":500},{"@type":"BreadcrumbList","@id":"https:\/\/topchoicetrends.com\/de\/product\/mycarbon-digitale-kofferwaage-gepackwaage-analog-fur-reisekoffer-kuche-angeln-50kg-110-lb-hangewaage-digitalwaage-fischwaage-silber3\/#breadcrumb","itemListElement":[{"@type":"ListItem","position":1,"name":"Home","item":"https:\/\/topchoicetrends.com\/de\/"},{"@type":"ListItem","position":2,"name":"Shop","item":"https:\/\/topchoicetrends.com\/de\/shop\/"},{"@type":"ListItem","position":3,"name":"MYCARBON Digitale Kofferwaage Gep\u00e4ckwaage Analog f\u00fcr Reisekoffer K\u00fcche Angeln 50KG \/ 110 lb H\u00e4ngewaage Digitalwaage Fischwaage (Silber3)"}]},{"@type":"WebSite","@id":"https:\/\/topchoicetrends.com\/de\/#website","url":"https:\/\/topchoicetrends.com\/de\/","name":"TopChoiceTrends","description":"Beste Produktfunde, Bestseller &amp; Top-Angebote online entdecken","publisher":{"@id":"https:\/\/topchoicetrends.com\/de\/#organization"},"potentialAction":[{"@type":"SearchAction","target":{"@type":"EntryPoint","urlTemplate":"https:\/\/topchoicetrends.com\/de\/?s={search_term_string}"},"query-input":{"@type":"PropertyValueSpecification","valueRequired":true,"valueName":"search_term_string"}}],"inLanguage":"de"},{"@type":"Organization","@id":"https:\/\/topchoicetrends.com\/de\/#organization","name":"TopChoiceTrends","url":"https:\/\/topchoicetrends.com\/de\/","logo":{"@type":"ImageObject","inLanguage":"de","@id":"https:\/\/topchoicetrends.com\/de\/#\/schema\/logo\/image\/","url":"https:\/\/topchoicetrends.com\/de\/wp-content\/uploads\/2026\/03\/Screenshot_2025-10-09_at_8.21.29_AM-removebg-preview-2.png","contentUrl":"https:\/\/topchoicetrends.com\/de\/wp-content\/uploads\/2026\/03\/Screenshot_2025-10-09_at_8.21.29_AM-removebg-preview-2.png","width":936,"height":267,"caption":"TopChoiceTrends"},"image":{"@id":"https:\/\/topchoicetrends.com\/de\/#\/schema\/logo\/image\/"}}]}},"_links":{"self":[{"href":"https:\/\/topchoicetrends.com\/de\/wp-json\/wp\/v2\/product\/3852","targetHints":{"allow":["GET"]}}],"collection":[{"href":"https:\/\/topchoicetrends.com\/de\/wp-json\/wp\/v2\/product"}],"about":[{"href":"https:\/\/topchoicetrends.com\/de\/wp-json\/wp\/v2\/types\/product"}],"replies":[{"embeddable":true,"href":"https:\/\/topchoicetrends.com\/de\/wp-json\/wp\/v2\/comments?post=3852"}],"wp:featuredmedia":[{"embeddable":true,"href":"https:\/\/topchoicetrends.com\/de\/wp-json\/wp\/v2\/media\/3853"}],"wp:attachment":[{"href":"https:\/\/topchoicetrends.com\/de\/wp-json\/wp\/v2\/media?parent=3852"}],"wp:term":[{"taxonomy":"store","embeddable":true,"href":"https:\/\/topchoicetrends.com\/de\/wp-json\/wp\/v2\/store?post=3852"},{"taxonomy":"product_brand","embeddable":true,"href":"https:\/\/topchoicetrends.com\/de\/wp-json\/wp\/v2\/product_brand?post=3852"},{"taxonomy":"product_cat","embeddable":true,"href":"https:\/\/topchoicetrends.com\/de\/wp-json\/wp\/v2\/product_cat?post=3852"},{"taxonomy":"product_tag","embeddable":true,"href":"https:\/\/topchoicetrends.com\/de\/wp-json\/wp\/v2\/product_tag?post=3852"}],"curies":[{"name":"wp","href":"https:\/\/api.w.org\/{rel}","templated":true}]}}