{"id":3269,"date":"2026-02-09T18:30:57","date_gmt":"2026-02-09T18:30:57","guid":{"rendered":"https:\/\/topchoicetrends.com\/de\/product\/survival-feuerstein-feuerstahl-xl-10mm-uber-15-000-anwendungen-hochwertiges-ferrocerium-feuerstarter-mit-feueranzunder-set-fur-outdoor-bushcraft\/"},"modified":"2026-01-01T13:37:30","modified_gmt":"2026-01-01T13:37:30","slug":"survival-feuerstein-feuerstahl-xl-10mm-uber-15-000-anwendungen-hochwertiges-ferrocerium-feuerstarter-mit-feueranzunder-set-fur-outdoor-bushcraft","status":"publish","type":"product","link":"https:\/\/topchoicetrends.com\/de\/product\/survival-feuerstein-feuerstahl-xl-10mm-uber-15-000-anwendungen-hochwertiges-ferrocerium-feuerstarter-mit-feueranzunder-set-fur-outdoor-bushcraft\/","title":{"rendered":"Survival Feuerstein &#8211; Feuerst..."},"content":{"rendered":"<p>High quality and effectiveness \u2013 Our hearth starter is made from high-quality ferrocerium, which is environment friendly and sturdy. Can be utilized as much as 15,000 instances (50% greater than common)<br \/>\nExcessive situations \u2013 Our hearth stick and its kienchip can be used when moist. Very best for all of your out of doors actions, survival, climbing, tenting, trekking, bushcraft<br \/>\nFull set \u2013 Firesteel comes with a hearth starter, a cloth bag, a Firestarter scraper that additionally serves as a bottle opener, a precision ruler and a hex key<br \/>\nEnvironmentally pleasant \u2013 a deal with made from pure wooden and a product of higher high quality and longer service life. Packaging produced from 100% recyclable supplies, no outer packaging or plastic<br \/>\nOURS FURTIF &#8211; Shopping for from us means the assure of responsive, obtainable assist that listens to each buyer. But additionally entry to unique content material and person manuals<br \/>\n<div class=\"main-cross-sell\" data-asin=\"B07W3FCH5N\">\n\n\t<div class=\"WooZone-cross-sell-loader\">\n\t\t<div>\n\t\t\t<div id=\"floatingBarsG\">\n\t\t\t\t<div class=\"blockG\" id=\"rotateG_01\"><\/div>\n\t\t\t\t<div class=\"blockG\" id=\"rotateG_02\"><\/div>\n\t\t\t\t<div class=\"blockG\" id=\"rotateG_03\"><\/div>\n\t\t\t\t<div class=\"blockG\" id=\"rotateG_04\"><\/div>\n\t\t\t\t<div class=\"blockG\" id=\"rotateG_05\"><\/div>\n\t\t\t\t<div class=\"blockG\" id=\"rotateG_06\"><\/div>\n\t\t\t\t<div class=\"blockG\" id=\"rotateG_07\"><\/div>\n\t\t\t\t<div class=\"blockG\" id=\"rotateG_08\"><\/div>\n\t\t\t<\/div>\n\t\t\t<div class=\"WooZone-cross-sell-loader-text\"><\/div>\n\t\t<\/div>\n\t<\/div>\n\n\t\t\n<\/div>\n<div style=\"clear:both;\"><\/div><\/p>\n","protected":false},"excerpt":{"rendered":"<p>Quality and effectiveness \u2013 Our fire starter is made of high-quality ferrocerium, which is efficient and durable. Can be used up to 15,000 times (50% more than average)<br \/>\nExtreme conditions \u2013 Our fire stick and its kienchip can also be used when wet. Ideal for all your outdoor activities, survival, hiking, camping, trekking, bushcraft<br \/>\nComplete set \u2013 Firesteel comes with a fire starter, a fabric bag, a Firestarter scraper that also serves as a bottle opener, a precision ruler and a hex key<\/p>\n","protected":false},"featured_media":3270,"comment_status":"open","ping_status":"closed","template":"","meta":{"_aipt_faq_data":""},"store":[],"product_brand":[],"product_cat":[44,28],"product_tag":[],"class_list":{"0":"post-3269","1":"product","2":"type-product","3":"status-publish","4":"has-post-thumbnail","6":"product_cat-camping-gear","7":"product_cat-trending","8":"pa_brand-visit-the-ours-furtif-store","10":"first","11":"instock","12":"sale","13":"shipping-taxable","14":"product-type-external"},"yoast_head":"<!-- This site is optimized with the Yoast SEO plugin v27.4 - https:\/\/yoast.com\/product\/yoast-seo-wordpress\/ -->\n<title>Survival Feuerstein - Feuerstahl XL 10mm - \u00dcber 15 000 Anwendungen - Hochwertiges Ferrocerium - Feuerstarter mit Feueranz\u00fcnder Set f\u00fcr Outdoor, Bushcraft - TopChoiceTrends<\/title>\n<meta name=\"description\" content=\"Entdecke bei TopChoiceTrends gepr\u00fcfte Bestseller, Trendprodukte und starke Angebote aus vielen Kategorien. Smart vergleichen, besser kaufen \u2013 alles \u00fcber Amazon Deutschland.\" \/>\n<meta name=\"robots\" content=\"index, follow, max-snippet:-1, max-image-preview:large, max-video-preview:-1\" \/>\n<link rel=\"canonical\" href=\"https:\/\/topchoicetrends.com\/de\/product\/survival-feuerstein-feuerstahl-xl-10mm-uber-15-000-anwendungen-hochwertiges-ferrocerium-feuerstarter-mit-feueranzunder-set-fur-outdoor-bushcraft\/\" \/>\n<meta property=\"og:locale\" content=\"de_DE\" \/>\n<meta property=\"og:type\" content=\"article\" \/>\n<meta property=\"og:title\" content=\"Survival Feuerstein - Feuerstahl XL 10mm - \u00dcber 15 000 Anwendungen - Hochwertiges Ferrocerium - Feuerstarter mit Feueranz\u00fcnder Set f\u00fcr Outdoor, Bushcraft - TopChoiceTrends\" \/>\n<meta property=\"og:description\" content=\"Entdecke bei TopChoiceTrends gepr\u00fcfte Bestseller, Trendprodukte und starke Angebote aus vielen Kategorien. Smart vergleichen, besser kaufen \u2013 alles \u00fcber Amazon Deutschland.\" \/>\n<meta property=\"og:url\" content=\"https:\/\/topchoicetrends.com\/de\/product\/survival-feuerstein-feuerstahl-xl-10mm-uber-15-000-anwendungen-hochwertiges-ferrocerium-feuerstarter-mit-feueranzunder-set-fur-outdoor-bushcraft\/\" \/>\n<meta property=\"og:site_name\" content=\"TopChoiceTrends\" \/>\n<meta property=\"og:image\" content=\"https:\/\/m.media-amazon.com\/images\/I\/51F7bN2ESjL.jpg\" \/>\n\t<meta property=\"og:image:width\" content=\"500\" \/>\n\t<meta property=\"og:image:height\" content=\"500\" \/>\n\t<meta property=\"og:image:type\" content=\"image\/jpeg\" \/>\n<meta name=\"twitter:card\" content=\"summary_large_image\" \/>\n<meta name=\"twitter:label1\" content=\"Gesch\u00e4tzte Lesezeit\" \/>\n\t<meta name=\"twitter:data1\" content=\"1\u00a0Minute\" \/>\n<script type=\"application\/ld+json\" class=\"yoast-schema-graph\">{\"@context\":\"https:\\\/\\\/schema.org\",\"@graph\":[{\"@type\":\"WebPage\",\"@id\":\"https:\\\/\\\/topchoicetrends.com\\\/de\\\/product\\\/survival-feuerstein-feuerstahl-xl-10mm-uber-15-000-anwendungen-hochwertiges-ferrocerium-feuerstarter-mit-feueranzunder-set-fur-outdoor-bushcraft\\\/\",\"url\":\"https:\\\/\\\/topchoicetrends.com\\\/de\\\/product\\\/survival-feuerstein-feuerstahl-xl-10mm-uber-15-000-anwendungen-hochwertiges-ferrocerium-feuerstarter-mit-feueranzunder-set-fur-outdoor-bushcraft\\\/\",\"name\":\"Survival Feuerstein - Feuerstahl XL 10mm - \u00dcber 15 000 Anwendungen - Hochwertiges Ferrocerium - Feuerstarter mit Feueranz\u00fcnder Set f\u00fcr Outdoor, Bushcraft - TopChoiceTrends\",\"isPartOf\":{\"@id\":\"https:\\\/\\\/topchoicetrends.com\\\/de\\\/#website\"},\"primaryImageOfPage\":{\"@id\":\"https:\\\/\\\/topchoicetrends.com\\\/de\\\/product\\\/survival-feuerstein-feuerstahl-xl-10mm-uber-15-000-anwendungen-hochwertiges-ferrocerium-feuerstarter-mit-feueranzunder-set-fur-outdoor-bushcraft\\\/#primaryimage\"},\"image\":{\"@id\":\"https:\\\/\\\/topchoicetrends.com\\\/de\\\/product\\\/survival-feuerstein-feuerstahl-xl-10mm-uber-15-000-anwendungen-hochwertiges-ferrocerium-feuerstarter-mit-feueranzunder-set-fur-outdoor-bushcraft\\\/#primaryimage\"},\"thumbnailUrl\":\"https:\\\/\\\/m.media-amazon.com\\\/images\\\/I\\\/51F7bN2ESjL.jpg\",\"datePublished\":\"2026-02-09T18:30:57+00:00\",\"description\":\"Entdecke bei TopChoiceTrends gepr\u00fcfte Bestseller, Trendprodukte und starke Angebote aus vielen Kategorien. Smart vergleichen, besser kaufen \u2013 alles \u00fcber Amazon Deutschland.\",\"breadcrumb\":{\"@id\":\"https:\\\/\\\/topchoicetrends.com\\\/de\\\/product\\\/survival-feuerstein-feuerstahl-xl-10mm-uber-15-000-anwendungen-hochwertiges-ferrocerium-feuerstarter-mit-feueranzunder-set-fur-outdoor-bushcraft\\\/#breadcrumb\"},\"inLanguage\":\"de\",\"potentialAction\":[{\"@type\":\"ReadAction\",\"target\":[\"https:\\\/\\\/topchoicetrends.com\\\/de\\\/product\\\/survival-feuerstein-feuerstahl-xl-10mm-uber-15-000-anwendungen-hochwertiges-ferrocerium-feuerstarter-mit-feueranzunder-set-fur-outdoor-bushcraft\\\/\"]}]},{\"@type\":\"ImageObject\",\"inLanguage\":\"de\",\"@id\":\"https:\\\/\\\/topchoicetrends.com\\\/de\\\/product\\\/survival-feuerstein-feuerstahl-xl-10mm-uber-15-000-anwendungen-hochwertiges-ferrocerium-feuerstarter-mit-feueranzunder-set-fur-outdoor-bushcraft\\\/#primaryimage\",\"url\":\"https:\\\/\\\/m.media-amazon.com\\\/images\\\/I\\\/51F7bN2ESjL.jpg\",\"contentUrl\":\"https:\\\/\\\/m.media-amazon.com\\\/images\\\/I\\\/51F7bN2ESjL.jpg\",\"width\":500,\"height\":500},{\"@type\":\"BreadcrumbList\",\"@id\":\"https:\\\/\\\/topchoicetrends.com\\\/de\\\/product\\\/survival-feuerstein-feuerstahl-xl-10mm-uber-15-000-anwendungen-hochwertiges-ferrocerium-feuerstarter-mit-feueranzunder-set-fur-outdoor-bushcraft\\\/#breadcrumb\",\"itemListElement\":[{\"@type\":\"ListItem\",\"position\":1,\"name\":\"Home\",\"item\":\"https:\\\/\\\/topchoicetrends.com\\\/de\\\/\"},{\"@type\":\"ListItem\",\"position\":2,\"name\":\"Shop\",\"item\":\"https:\\\/\\\/topchoicetrends.com\\\/de\\\/shop\\\/\"},{\"@type\":\"ListItem\",\"position\":3,\"name\":\"Survival Feuerstein &#8211; Feuerstahl XL 10mm &#8211; \u00dcber 15 000 Anwendungen &#8211; Hochwertiges Ferrocerium &#8211; Feuerstarter mit Feueranz\u00fcnder Set f\u00fcr Outdoor, Bushcraft\"}]},{\"@type\":\"WebSite\",\"@id\":\"https:\\\/\\\/topchoicetrends.com\\\/de\\\/#website\",\"url\":\"https:\\\/\\\/topchoicetrends.com\\\/de\\\/\",\"name\":\"TopChoiceTrends\",\"description\":\"Beste Produktfunde, Bestseller &amp; Top-Angebote online entdecken\",\"publisher\":{\"@id\":\"https:\\\/\\\/topchoicetrends.com\\\/de\\\/#organization\"},\"potentialAction\":[{\"@type\":\"SearchAction\",\"target\":{\"@type\":\"EntryPoint\",\"urlTemplate\":\"https:\\\/\\\/topchoicetrends.com\\\/de\\\/?s={search_term_string}\"},\"query-input\":{\"@type\":\"PropertyValueSpecification\",\"valueRequired\":true,\"valueName\":\"search_term_string\"}}],\"inLanguage\":\"de\"},{\"@type\":\"Organization\",\"@id\":\"https:\\\/\\\/topchoicetrends.com\\\/de\\\/#organization\",\"name\":\"TopChoiceTrends\",\"url\":\"https:\\\/\\\/topchoicetrends.com\\\/de\\\/\",\"logo\":{\"@type\":\"ImageObject\",\"inLanguage\":\"de\",\"@id\":\"https:\\\/\\\/topchoicetrends.com\\\/de\\\/#\\\/schema\\\/logo\\\/image\\\/\",\"url\":\"https:\\\/\\\/topchoicetrends.com\\\/de\\\/wp-content\\\/uploads\\\/2026\\\/03\\\/Screenshot_2025-10-09_at_8.21.29_AM-removebg-preview-2.png\",\"contentUrl\":\"https:\\\/\\\/topchoicetrends.com\\\/de\\\/wp-content\\\/uploads\\\/2026\\\/03\\\/Screenshot_2025-10-09_at_8.21.29_AM-removebg-preview-2.png\",\"width\":936,\"height\":267,\"caption\":\"TopChoiceTrends\"},\"image\":{\"@id\":\"https:\\\/\\\/topchoicetrends.com\\\/de\\\/#\\\/schema\\\/logo\\\/image\\\/\"}}]}<\/script>\n<!-- \/ Yoast SEO plugin. -->","yoast_head_json":{"title":"Survival Feuerstein - Feuerstahl XL 10mm - \u00dcber 15 000 Anwendungen - Hochwertiges Ferrocerium - Feuerstarter mit Feueranz\u00fcnder Set f\u00fcr Outdoor, Bushcraft - TopChoiceTrends","description":"Entdecke bei TopChoiceTrends gepr\u00fcfte Bestseller, Trendprodukte und starke Angebote aus vielen Kategorien. Smart vergleichen, besser kaufen \u2013 alles \u00fcber Amazon Deutschland.","robots":{"index":"index","follow":"follow","max-snippet":"max-snippet:-1","max-image-preview":"max-image-preview:large","max-video-preview":"max-video-preview:-1"},"canonical":"https:\/\/topchoicetrends.com\/de\/product\/survival-feuerstein-feuerstahl-xl-10mm-uber-15-000-anwendungen-hochwertiges-ferrocerium-feuerstarter-mit-feueranzunder-set-fur-outdoor-bushcraft\/","og_locale":"de_DE","og_type":"article","og_title":"Survival Feuerstein - Feuerstahl XL 10mm - \u00dcber 15 000 Anwendungen - Hochwertiges Ferrocerium - Feuerstarter mit Feueranz\u00fcnder Set f\u00fcr Outdoor, Bushcraft - TopChoiceTrends","og_description":"Entdecke bei TopChoiceTrends gepr\u00fcfte Bestseller, Trendprodukte und starke Angebote aus vielen Kategorien. Smart vergleichen, besser kaufen \u2013 alles \u00fcber Amazon Deutschland.","og_url":"https:\/\/topchoicetrends.com\/de\/product\/survival-feuerstein-feuerstahl-xl-10mm-uber-15-000-anwendungen-hochwertiges-ferrocerium-feuerstarter-mit-feueranzunder-set-fur-outdoor-bushcraft\/","og_site_name":"TopChoiceTrends","og_image":[{"width":500,"height":500,"url":"https:\/\/m.media-amazon.com\/images\/I\/51F7bN2ESjL.jpg","type":"image\/jpeg"}],"twitter_card":"summary_large_image","twitter_misc":{"Gesch\u00e4tzte Lesezeit":"1\u00a0Minute"},"schema":{"@context":"https:\/\/schema.org","@graph":[{"@type":"WebPage","@id":"https:\/\/topchoicetrends.com\/de\/product\/survival-feuerstein-feuerstahl-xl-10mm-uber-15-000-anwendungen-hochwertiges-ferrocerium-feuerstarter-mit-feueranzunder-set-fur-outdoor-bushcraft\/","url":"https:\/\/topchoicetrends.com\/de\/product\/survival-feuerstein-feuerstahl-xl-10mm-uber-15-000-anwendungen-hochwertiges-ferrocerium-feuerstarter-mit-feueranzunder-set-fur-outdoor-bushcraft\/","name":"Survival Feuerstein - Feuerstahl XL 10mm - \u00dcber 15 000 Anwendungen - Hochwertiges Ferrocerium - Feuerstarter mit Feueranz\u00fcnder Set f\u00fcr Outdoor, Bushcraft - TopChoiceTrends","isPartOf":{"@id":"https:\/\/topchoicetrends.com\/de\/#website"},"primaryImageOfPage":{"@id":"https:\/\/topchoicetrends.com\/de\/product\/survival-feuerstein-feuerstahl-xl-10mm-uber-15-000-anwendungen-hochwertiges-ferrocerium-feuerstarter-mit-feueranzunder-set-fur-outdoor-bushcraft\/#primaryimage"},"image":{"@id":"https:\/\/topchoicetrends.com\/de\/product\/survival-feuerstein-feuerstahl-xl-10mm-uber-15-000-anwendungen-hochwertiges-ferrocerium-feuerstarter-mit-feueranzunder-set-fur-outdoor-bushcraft\/#primaryimage"},"thumbnailUrl":"https:\/\/m.media-amazon.com\/images\/I\/51F7bN2ESjL.jpg","datePublished":"2026-02-09T18:30:57+00:00","description":"Entdecke bei TopChoiceTrends gepr\u00fcfte Bestseller, Trendprodukte und starke Angebote aus vielen Kategorien. Smart vergleichen, besser kaufen \u2013 alles \u00fcber Amazon Deutschland.","breadcrumb":{"@id":"https:\/\/topchoicetrends.com\/de\/product\/survival-feuerstein-feuerstahl-xl-10mm-uber-15-000-anwendungen-hochwertiges-ferrocerium-feuerstarter-mit-feueranzunder-set-fur-outdoor-bushcraft\/#breadcrumb"},"inLanguage":"de","potentialAction":[{"@type":"ReadAction","target":["https:\/\/topchoicetrends.com\/de\/product\/survival-feuerstein-feuerstahl-xl-10mm-uber-15-000-anwendungen-hochwertiges-ferrocerium-feuerstarter-mit-feueranzunder-set-fur-outdoor-bushcraft\/"]}]},{"@type":"ImageObject","inLanguage":"de","@id":"https:\/\/topchoicetrends.com\/de\/product\/survival-feuerstein-feuerstahl-xl-10mm-uber-15-000-anwendungen-hochwertiges-ferrocerium-feuerstarter-mit-feueranzunder-set-fur-outdoor-bushcraft\/#primaryimage","url":"https:\/\/m.media-amazon.com\/images\/I\/51F7bN2ESjL.jpg","contentUrl":"https:\/\/m.media-amazon.com\/images\/I\/51F7bN2ESjL.jpg","width":500,"height":500},{"@type":"BreadcrumbList","@id":"https:\/\/topchoicetrends.com\/de\/product\/survival-feuerstein-feuerstahl-xl-10mm-uber-15-000-anwendungen-hochwertiges-ferrocerium-feuerstarter-mit-feueranzunder-set-fur-outdoor-bushcraft\/#breadcrumb","itemListElement":[{"@type":"ListItem","position":1,"name":"Home","item":"https:\/\/topchoicetrends.com\/de\/"},{"@type":"ListItem","position":2,"name":"Shop","item":"https:\/\/topchoicetrends.com\/de\/shop\/"},{"@type":"ListItem","position":3,"name":"Survival Feuerstein &#8211; Feuerstahl XL 10mm &#8211; \u00dcber 15 000 Anwendungen &#8211; Hochwertiges Ferrocerium &#8211; Feuerstarter mit Feueranz\u00fcnder Set f\u00fcr Outdoor, Bushcraft"}]},{"@type":"WebSite","@id":"https:\/\/topchoicetrends.com\/de\/#website","url":"https:\/\/topchoicetrends.com\/de\/","name":"TopChoiceTrends","description":"Beste Produktfunde, Bestseller &amp; Top-Angebote online entdecken","publisher":{"@id":"https:\/\/topchoicetrends.com\/de\/#organization"},"potentialAction":[{"@type":"SearchAction","target":{"@type":"EntryPoint","urlTemplate":"https:\/\/topchoicetrends.com\/de\/?s={search_term_string}"},"query-input":{"@type":"PropertyValueSpecification","valueRequired":true,"valueName":"search_term_string"}}],"inLanguage":"de"},{"@type":"Organization","@id":"https:\/\/topchoicetrends.com\/de\/#organization","name":"TopChoiceTrends","url":"https:\/\/topchoicetrends.com\/de\/","logo":{"@type":"ImageObject","inLanguage":"de","@id":"https:\/\/topchoicetrends.com\/de\/#\/schema\/logo\/image\/","url":"https:\/\/topchoicetrends.com\/de\/wp-content\/uploads\/2026\/03\/Screenshot_2025-10-09_at_8.21.29_AM-removebg-preview-2.png","contentUrl":"https:\/\/topchoicetrends.com\/de\/wp-content\/uploads\/2026\/03\/Screenshot_2025-10-09_at_8.21.29_AM-removebg-preview-2.png","width":936,"height":267,"caption":"TopChoiceTrends"},"image":{"@id":"https:\/\/topchoicetrends.com\/de\/#\/schema\/logo\/image\/"}}]}},"_links":{"self":[{"href":"https:\/\/topchoicetrends.com\/de\/wp-json\/wp\/v2\/product\/3269","targetHints":{"allow":["GET"]}}],"collection":[{"href":"https:\/\/topchoicetrends.com\/de\/wp-json\/wp\/v2\/product"}],"about":[{"href":"https:\/\/topchoicetrends.com\/de\/wp-json\/wp\/v2\/types\/product"}],"replies":[{"embeddable":true,"href":"https:\/\/topchoicetrends.com\/de\/wp-json\/wp\/v2\/comments?post=3269"}],"wp:featuredmedia":[{"embeddable":true,"href":"https:\/\/topchoicetrends.com\/de\/wp-json\/wp\/v2\/media\/3270"}],"wp:attachment":[{"href":"https:\/\/topchoicetrends.com\/de\/wp-json\/wp\/v2\/media?parent=3269"}],"wp:term":[{"taxonomy":"store","embeddable":true,"href":"https:\/\/topchoicetrends.com\/de\/wp-json\/wp\/v2\/store?post=3269"},{"taxonomy":"product_brand","embeddable":true,"href":"https:\/\/topchoicetrends.com\/de\/wp-json\/wp\/v2\/product_brand?post=3269"},{"taxonomy":"product_cat","embeddable":true,"href":"https:\/\/topchoicetrends.com\/de\/wp-json\/wp\/v2\/product_cat?post=3269"},{"taxonomy":"product_tag","embeddable":true,"href":"https:\/\/topchoicetrends.com\/de\/wp-json\/wp\/v2\/product_tag?post=3269"}],"curies":[{"name":"wp","href":"https:\/\/api.w.org\/{rel}","templated":true}]}}