{"id":3042,"date":"2026-02-09T19:02:27","date_gmt":"2026-02-09T19:02:27","guid":{"rendered":"https:\/\/topchoicetrends.com\/de\/product\/hapbear-resistance-bands-fitnessbander-widerstandsbander-set-5-pull-up-band-klimmzugband-fur-krafttraining-training-stretching-physikalische-therapie-muskeltraining\/"},"modified":"2024-10-30T12:25:34","modified_gmt":"2024-10-30T12:25:34","slug":"hapbear-resistance-bands-fitnessbander-widerstandsbander-set-5-pull-up-band-klimmzugband-fur-krafttraining-training-stretching-physikalische-therapie-muskeltraining","status":"publish","type":"product","link":"https:\/\/topchoicetrends.com\/de\/product\/hapbear-resistance-bands-fitnessbander-widerstandsbander-set-5-pull-up-band-klimmzugband-fur-krafttraining-training-stretching-physikalische-therapie-muskeltraining\/","title":{"rendered":"HAPBEAR Resistance Bands &#8211; Fi..."},"content":{"rendered":"<p><!-- show up to 2 reviews by default --><br \/>\n[VERSATILE RESISTANCE BANDS FOR VARIETY WORKOUTS]:Enhance your exercise program with HAPBEAR multifunctional pull-up auxiliary bands. Very best for supporting pull-ups, bettering push-ups, velocity coaching, squats, shoulder presses, barbells, dumbbells and extra<br \/>\n[Full Body Workout Solution]: The HAPBEAR resistance bands are appropriate for women and men and prepare arms, again, legs, buttocks, chest, core and abs whereas bettering flexibility. They are perfect for physiotherapy, weight reduction, damage prevention and velocity coaching.<br \/>\n[5 Resistance Levels for All Skill Levels]: Select from 5 resistance ranges to satisfy your wants, from yellow (5-10 lbs) to purple (100-125 lbs). These 81 inch lengthy resistance bands for coaching are versatile and can be utilized individually or mixed to create an extra problem. Good for folks of all energy ranges to form your dream physique.<br \/>\n[YOUR GYM COMPANION ON THE GO]: Our resistance bands set with waterproof bag is light-weight and moveable, permitting you to train at dwelling, gymnasium or journey. It&#8217;s appropriate for learners and superior customers and helps you increase your gymnasium at dwelling, set health objectives and prepare on the go.<br \/>\n[Perfect Gift &#038; Exceptional Service]:This reward set contains 5 pull up bands, a storage bag and a person guide. Share the reward of well being and happiness with your loved ones and buddies. As well as, we provide first-class customer support that&#8217;s at your aspect with all questions and considerations. Contact us anytime; we&#8217;re right here for you!<br \/>\n<div class=\"main-cross-sell\" data-asin=\"B0CSFWTV8F\">\n\n\t<div class=\"WooZone-cross-sell-loader\">\n\t\t<div>\n\t\t\t<div id=\"floatingBarsG\">\n\t\t\t\t<div class=\"blockG\" id=\"rotateG_01\"><\/div>\n\t\t\t\t<div class=\"blockG\" id=\"rotateG_02\"><\/div>\n\t\t\t\t<div class=\"blockG\" id=\"rotateG_03\"><\/div>\n\t\t\t\t<div class=\"blockG\" id=\"rotateG_04\"><\/div>\n\t\t\t\t<div class=\"blockG\" id=\"rotateG_05\"><\/div>\n\t\t\t\t<div class=\"blockG\" id=\"rotateG_06\"><\/div>\n\t\t\t\t<div class=\"blockG\" id=\"rotateG_07\"><\/div>\n\t\t\t\t<div class=\"blockG\" id=\"rotateG_08\"><\/div>\n\t\t\t<\/div>\n\t\t\t<div class=\"WooZone-cross-sell-loader-text\"><\/div>\n\t\t<\/div>\n\t<\/div>\n\n\t\t\n<\/div>\n<div style=\"clear:both;\"><\/div><\/p>\n","protected":false},"excerpt":{"rendered":"<p>[VERSATILE RESISTANCE BANDS FOR VARIETY WORKOUTS]:Improve your workout program with HAPBEAR multifunctional pull-up auxiliary bands. Ideal for supporting pull-ups, improving push-ups, speed training, squats, shoulder presses, barbells, dumbbells and more<br \/>\n[Full Body Workout Solution]: The HAPBEAR resistance bands are suitable for men and women and train arms, back, legs, buttocks, chest, core and abs while improving flexibility. They are ideal for physiotherapy, weight loss, injury prevention and speed training.<br \/>\n[5 Resistance Levels for All Skill Levels]: Choose from 5 resistance levels to meet your needs, from yellow (5-10 lbs) to purple (100-125 lbs). These 81 inch long resistance bands for training are versatile and can be used individually or combined to create an additional challenge. Perfect for people of all power levels to shape your dream body.<\/p>\n","protected":false},"featured_media":3043,"comment_status":"open","ping_status":"closed","template":"","meta":{"_aipt_faq_data":""},"store":[],"product_brand":[],"product_cat":[40,28],"product_tag":[],"class_list":{"0":"post-3042","1":"product","2":"type-product","3":"status-publish","4":"has-post-thumbnail","6":"product_cat-fitness-gear","7":"product_cat-trending","8":"pa_brand-visit-the-hapbear-store","10":"first","11":"instock","12":"sale","13":"shipping-taxable","14":"product-type-external"},"yoast_head":"<!-- This site is optimized with the Yoast SEO plugin v27.1.1 - https:\/\/yoast.com\/product\/yoast-seo-wordpress\/ -->\n<title>HAPBEAR Resistance Bands - Fitnessb\u00e4nder Widerstandsb\u00e4nder Set 5 - Pull up Band &amp; Klimmzugband F\u00fcr Krafttraining, Training, Stretching, Physikalische Therapie, Muskeltraining - TopChoiceTrends<\/title>\n<meta name=\"description\" content=\"Entdecke bei TopChoiceTrends gepr\u00fcfte Bestseller, Trendprodukte und starke Angebote aus vielen Kategorien. Smart vergleichen, besser kaufen \u2013 alles \u00fcber Amazon Deutschland.\" \/>\n<meta name=\"robots\" content=\"index, follow, max-snippet:-1, max-image-preview:large, max-video-preview:-1\" \/>\n<link rel=\"canonical\" href=\"https:\/\/topchoicetrends.com\/de\/product\/hapbear-resistance-bands-fitnessbander-widerstandsbander-set-5-pull-up-band-klimmzugband-fur-krafttraining-training-stretching-physikalische-therapie-muskeltraining\/\" \/>\n<meta property=\"og:locale\" content=\"de_DE\" \/>\n<meta property=\"og:type\" content=\"article\" \/>\n<meta property=\"og:title\" content=\"HAPBEAR Resistance Bands - Fitnessb\u00e4nder Widerstandsb\u00e4nder Set 5 - Pull up Band &amp; Klimmzugband F\u00fcr Krafttraining, Training, Stretching, Physikalische Therapie, Muskeltraining - TopChoiceTrends\" \/>\n<meta property=\"og:description\" content=\"Entdecke bei TopChoiceTrends gepr\u00fcfte Bestseller, Trendprodukte und starke Angebote aus vielen Kategorien. Smart vergleichen, besser kaufen \u2013 alles \u00fcber Amazon Deutschland.\" \/>\n<meta property=\"og:url\" content=\"https:\/\/topchoicetrends.com\/de\/product\/hapbear-resistance-bands-fitnessbander-widerstandsbander-set-5-pull-up-band-klimmzugband-fur-krafttraining-training-stretching-physikalische-therapie-muskeltraining\/\" \/>\n<meta property=\"og:site_name\" content=\"TopChoiceTrends\" \/>\n<meta property=\"og:image\" content=\"https:\/\/m.media-amazon.com\/images\/I\/51HCzKmrTwL.jpg\" \/>\n\t<meta property=\"og:image:width\" content=\"500\" \/>\n\t<meta property=\"og:image:height\" content=\"500\" \/>\n\t<meta property=\"og:image:type\" content=\"image\/jpeg\" \/>\n<meta name=\"twitter:card\" content=\"summary_large_image\" \/>\n<meta name=\"twitter:label1\" content=\"Gesch\u00e4tzte Lesezeit\" \/>\n\t<meta name=\"twitter:data1\" content=\"1\u00a0Minute\" \/>\n<script type=\"application\/ld+json\" class=\"yoast-schema-graph\">{\"@context\":\"https:\/\/schema.org\",\"@graph\":[{\"@type\":\"WebPage\",\"@id\":\"https:\/\/topchoicetrends.com\/de\/product\/hapbear-resistance-bands-fitnessbander-widerstandsbander-set-5-pull-up-band-klimmzugband-fur-krafttraining-training-stretching-physikalische-therapie-muskeltraining\/\",\"url\":\"https:\/\/topchoicetrends.com\/de\/product\/hapbear-resistance-bands-fitnessbander-widerstandsbander-set-5-pull-up-band-klimmzugband-fur-krafttraining-training-stretching-physikalische-therapie-muskeltraining\/\",\"name\":\"HAPBEAR Resistance Bands - Fitnessb\u00e4nder Widerstandsb\u00e4nder Set 5 - Pull up Band & Klimmzugband F\u00fcr Krafttraining, Training, Stretching, Physikalische Therapie, Muskeltraining - TopChoiceTrends\",\"isPartOf\":{\"@id\":\"https:\/\/topchoicetrends.com\/de\/#website\"},\"primaryImageOfPage\":{\"@id\":\"https:\/\/topchoicetrends.com\/de\/product\/hapbear-resistance-bands-fitnessbander-widerstandsbander-set-5-pull-up-band-klimmzugband-fur-krafttraining-training-stretching-physikalische-therapie-muskeltraining\/#primaryimage\"},\"image\":{\"@id\":\"https:\/\/topchoicetrends.com\/de\/product\/hapbear-resistance-bands-fitnessbander-widerstandsbander-set-5-pull-up-band-klimmzugband-fur-krafttraining-training-stretching-physikalische-therapie-muskeltraining\/#primaryimage\"},\"thumbnailUrl\":\"https:\/\/m.media-amazon.com\/images\/I\/51HCzKmrTwL.jpg\",\"datePublished\":\"2026-02-09T19:02:27+00:00\",\"description\":\"Entdecke bei TopChoiceTrends gepr\u00fcfte Bestseller, Trendprodukte und starke Angebote aus vielen Kategorien. Smart vergleichen, besser kaufen \u2013 alles \u00fcber Amazon Deutschland.\",\"breadcrumb\":{\"@id\":\"https:\/\/topchoicetrends.com\/de\/product\/hapbear-resistance-bands-fitnessbander-widerstandsbander-set-5-pull-up-band-klimmzugband-fur-krafttraining-training-stretching-physikalische-therapie-muskeltraining\/#breadcrumb\"},\"inLanguage\":\"de\",\"potentialAction\":[{\"@type\":\"ReadAction\",\"target\":[\"https:\/\/topchoicetrends.com\/de\/product\/hapbear-resistance-bands-fitnessbander-widerstandsbander-set-5-pull-up-band-klimmzugband-fur-krafttraining-training-stretching-physikalische-therapie-muskeltraining\/\"]}]},{\"@type\":\"ImageObject\",\"inLanguage\":\"de\",\"@id\":\"https:\/\/topchoicetrends.com\/de\/product\/hapbear-resistance-bands-fitnessbander-widerstandsbander-set-5-pull-up-band-klimmzugband-fur-krafttraining-training-stretching-physikalische-therapie-muskeltraining\/#primaryimage\",\"url\":\"https:\/\/m.media-amazon.com\/images\/I\/51HCzKmrTwL.jpg\",\"contentUrl\":\"https:\/\/m.media-amazon.com\/images\/I\/51HCzKmrTwL.jpg\",\"width\":500,\"height\":500},{\"@type\":\"BreadcrumbList\",\"@id\":\"https:\/\/topchoicetrends.com\/de\/product\/hapbear-resistance-bands-fitnessbander-widerstandsbander-set-5-pull-up-band-klimmzugband-fur-krafttraining-training-stretching-physikalische-therapie-muskeltraining\/#breadcrumb\",\"itemListElement\":[{\"@type\":\"ListItem\",\"position\":1,\"name\":\"Home\",\"item\":\"https:\/\/topchoicetrends.com\/de\/\"},{\"@type\":\"ListItem\",\"position\":2,\"name\":\"Shop\",\"item\":\"https:\/\/topchoicetrends.com\/de\/shop\/\"},{\"@type\":\"ListItem\",\"position\":3,\"name\":\"HAPBEAR Resistance Bands &#8211; Fitnessb\u00e4nder Widerstandsb\u00e4nder Set 5 &#8211; Pull up Band &#038; Klimmzugband F\u00fcr Krafttraining, Training, Stretching, Physikalische Therapie, Muskeltraining\"}]},{\"@type\":\"WebSite\",\"@id\":\"https:\/\/topchoicetrends.com\/de\/#website\",\"url\":\"https:\/\/topchoicetrends.com\/de\/\",\"name\":\"TopChoiceTrends\",\"description\":\"Beste Produktfunde, Bestseller &amp; Top-Angebote online entdecken\",\"publisher\":{\"@id\":\"https:\/\/topchoicetrends.com\/de\/#organization\"},\"potentialAction\":[{\"@type\":\"SearchAction\",\"target\":{\"@type\":\"EntryPoint\",\"urlTemplate\":\"https:\/\/topchoicetrends.com\/de\/?s={search_term_string}\"},\"query-input\":{\"@type\":\"PropertyValueSpecification\",\"valueRequired\":true,\"valueName\":\"search_term_string\"}}],\"inLanguage\":\"de\"},{\"@type\":\"Organization\",\"@id\":\"https:\/\/topchoicetrends.com\/de\/#organization\",\"name\":\"TopChoiceTrends\",\"url\":\"https:\/\/topchoicetrends.com\/de\/\",\"logo\":{\"@type\":\"ImageObject\",\"inLanguage\":\"de\",\"@id\":\"https:\/\/topchoicetrends.com\/de\/#\/schema\/logo\/image\/\",\"url\":\"https:\/\/topchoicetrends.com\/de\/wp-content\/uploads\/2026\/03\/Screenshot_2025-10-09_at_8.21.29_AM-removebg-preview-2.png\",\"contentUrl\":\"https:\/\/topchoicetrends.com\/de\/wp-content\/uploads\/2026\/03\/Screenshot_2025-10-09_at_8.21.29_AM-removebg-preview-2.png\",\"width\":936,\"height\":267,\"caption\":\"TopChoiceTrends\"},\"image\":{\"@id\":\"https:\/\/topchoicetrends.com\/de\/#\/schema\/logo\/image\/\"}}]}<\/script>\n<!-- \/ Yoast SEO plugin. -->","yoast_head_json":{"title":"HAPBEAR Resistance Bands - Fitnessb\u00e4nder Widerstandsb\u00e4nder Set 5 - Pull up Band & Klimmzugband F\u00fcr Krafttraining, Training, Stretching, Physikalische Therapie, Muskeltraining - TopChoiceTrends","description":"Entdecke bei TopChoiceTrends gepr\u00fcfte Bestseller, Trendprodukte und starke Angebote aus vielen Kategorien. Smart vergleichen, besser kaufen \u2013 alles \u00fcber Amazon Deutschland.","robots":{"index":"index","follow":"follow","max-snippet":"max-snippet:-1","max-image-preview":"max-image-preview:large","max-video-preview":"max-video-preview:-1"},"canonical":"https:\/\/topchoicetrends.com\/de\/product\/hapbear-resistance-bands-fitnessbander-widerstandsbander-set-5-pull-up-band-klimmzugband-fur-krafttraining-training-stretching-physikalische-therapie-muskeltraining\/","og_locale":"de_DE","og_type":"article","og_title":"HAPBEAR Resistance Bands - Fitnessb\u00e4nder Widerstandsb\u00e4nder Set 5 - Pull up Band & Klimmzugband F\u00fcr Krafttraining, Training, Stretching, Physikalische Therapie, Muskeltraining - TopChoiceTrends","og_description":"Entdecke bei TopChoiceTrends gepr\u00fcfte Bestseller, Trendprodukte und starke Angebote aus vielen Kategorien. Smart vergleichen, besser kaufen \u2013 alles \u00fcber Amazon Deutschland.","og_url":"https:\/\/topchoicetrends.com\/de\/product\/hapbear-resistance-bands-fitnessbander-widerstandsbander-set-5-pull-up-band-klimmzugband-fur-krafttraining-training-stretching-physikalische-therapie-muskeltraining\/","og_site_name":"TopChoiceTrends","og_image":[{"width":500,"height":500,"url":"https:\/\/m.media-amazon.com\/images\/I\/51HCzKmrTwL.jpg","type":"image\/jpeg"}],"twitter_card":"summary_large_image","twitter_misc":{"Gesch\u00e4tzte Lesezeit":"1\u00a0Minute"},"schema":{"@context":"https:\/\/schema.org","@graph":[{"@type":"WebPage","@id":"https:\/\/topchoicetrends.com\/de\/product\/hapbear-resistance-bands-fitnessbander-widerstandsbander-set-5-pull-up-band-klimmzugband-fur-krafttraining-training-stretching-physikalische-therapie-muskeltraining\/","url":"https:\/\/topchoicetrends.com\/de\/product\/hapbear-resistance-bands-fitnessbander-widerstandsbander-set-5-pull-up-band-klimmzugband-fur-krafttraining-training-stretching-physikalische-therapie-muskeltraining\/","name":"HAPBEAR Resistance Bands - Fitnessb\u00e4nder Widerstandsb\u00e4nder Set 5 - Pull up Band & Klimmzugband F\u00fcr Krafttraining, Training, Stretching, Physikalische Therapie, Muskeltraining - TopChoiceTrends","isPartOf":{"@id":"https:\/\/topchoicetrends.com\/de\/#website"},"primaryImageOfPage":{"@id":"https:\/\/topchoicetrends.com\/de\/product\/hapbear-resistance-bands-fitnessbander-widerstandsbander-set-5-pull-up-band-klimmzugband-fur-krafttraining-training-stretching-physikalische-therapie-muskeltraining\/#primaryimage"},"image":{"@id":"https:\/\/topchoicetrends.com\/de\/product\/hapbear-resistance-bands-fitnessbander-widerstandsbander-set-5-pull-up-band-klimmzugband-fur-krafttraining-training-stretching-physikalische-therapie-muskeltraining\/#primaryimage"},"thumbnailUrl":"https:\/\/m.media-amazon.com\/images\/I\/51HCzKmrTwL.jpg","datePublished":"2026-02-09T19:02:27+00:00","description":"Entdecke bei TopChoiceTrends gepr\u00fcfte Bestseller, Trendprodukte und starke Angebote aus vielen Kategorien. Smart vergleichen, besser kaufen \u2013 alles \u00fcber Amazon Deutschland.","breadcrumb":{"@id":"https:\/\/topchoicetrends.com\/de\/product\/hapbear-resistance-bands-fitnessbander-widerstandsbander-set-5-pull-up-band-klimmzugband-fur-krafttraining-training-stretching-physikalische-therapie-muskeltraining\/#breadcrumb"},"inLanguage":"de","potentialAction":[{"@type":"ReadAction","target":["https:\/\/topchoicetrends.com\/de\/product\/hapbear-resistance-bands-fitnessbander-widerstandsbander-set-5-pull-up-band-klimmzugband-fur-krafttraining-training-stretching-physikalische-therapie-muskeltraining\/"]}]},{"@type":"ImageObject","inLanguage":"de","@id":"https:\/\/topchoicetrends.com\/de\/product\/hapbear-resistance-bands-fitnessbander-widerstandsbander-set-5-pull-up-band-klimmzugband-fur-krafttraining-training-stretching-physikalische-therapie-muskeltraining\/#primaryimage","url":"https:\/\/m.media-amazon.com\/images\/I\/51HCzKmrTwL.jpg","contentUrl":"https:\/\/m.media-amazon.com\/images\/I\/51HCzKmrTwL.jpg","width":500,"height":500},{"@type":"BreadcrumbList","@id":"https:\/\/topchoicetrends.com\/de\/product\/hapbear-resistance-bands-fitnessbander-widerstandsbander-set-5-pull-up-band-klimmzugband-fur-krafttraining-training-stretching-physikalische-therapie-muskeltraining\/#breadcrumb","itemListElement":[{"@type":"ListItem","position":1,"name":"Home","item":"https:\/\/topchoicetrends.com\/de\/"},{"@type":"ListItem","position":2,"name":"Shop","item":"https:\/\/topchoicetrends.com\/de\/shop\/"},{"@type":"ListItem","position":3,"name":"HAPBEAR Resistance Bands &#8211; Fitnessb\u00e4nder Widerstandsb\u00e4nder Set 5 &#8211; Pull up Band &#038; Klimmzugband F\u00fcr Krafttraining, Training, Stretching, Physikalische Therapie, Muskeltraining"}]},{"@type":"WebSite","@id":"https:\/\/topchoicetrends.com\/de\/#website","url":"https:\/\/topchoicetrends.com\/de\/","name":"TopChoiceTrends","description":"Beste Produktfunde, Bestseller &amp; Top-Angebote online entdecken","publisher":{"@id":"https:\/\/topchoicetrends.com\/de\/#organization"},"potentialAction":[{"@type":"SearchAction","target":{"@type":"EntryPoint","urlTemplate":"https:\/\/topchoicetrends.com\/de\/?s={search_term_string}"},"query-input":{"@type":"PropertyValueSpecification","valueRequired":true,"valueName":"search_term_string"}}],"inLanguage":"de"},{"@type":"Organization","@id":"https:\/\/topchoicetrends.com\/de\/#organization","name":"TopChoiceTrends","url":"https:\/\/topchoicetrends.com\/de\/","logo":{"@type":"ImageObject","inLanguage":"de","@id":"https:\/\/topchoicetrends.com\/de\/#\/schema\/logo\/image\/","url":"https:\/\/topchoicetrends.com\/de\/wp-content\/uploads\/2026\/03\/Screenshot_2025-10-09_at_8.21.29_AM-removebg-preview-2.png","contentUrl":"https:\/\/topchoicetrends.com\/de\/wp-content\/uploads\/2026\/03\/Screenshot_2025-10-09_at_8.21.29_AM-removebg-preview-2.png","width":936,"height":267,"caption":"TopChoiceTrends"},"image":{"@id":"https:\/\/topchoicetrends.com\/de\/#\/schema\/logo\/image\/"}}]}},"_links":{"self":[{"href":"https:\/\/topchoicetrends.com\/de\/wp-json\/wp\/v2\/product\/3042","targetHints":{"allow":["GET"]}}],"collection":[{"href":"https:\/\/topchoicetrends.com\/de\/wp-json\/wp\/v2\/product"}],"about":[{"href":"https:\/\/topchoicetrends.com\/de\/wp-json\/wp\/v2\/types\/product"}],"replies":[{"embeddable":true,"href":"https:\/\/topchoicetrends.com\/de\/wp-json\/wp\/v2\/comments?post=3042"}],"wp:featuredmedia":[{"embeddable":true,"href":"https:\/\/topchoicetrends.com\/de\/wp-json\/wp\/v2\/media\/3043"}],"wp:attachment":[{"href":"https:\/\/topchoicetrends.com\/de\/wp-json\/wp\/v2\/media?parent=3042"}],"wp:term":[{"taxonomy":"store","embeddable":true,"href":"https:\/\/topchoicetrends.com\/de\/wp-json\/wp\/v2\/store?post=3042"},{"taxonomy":"product_brand","embeddable":true,"href":"https:\/\/topchoicetrends.com\/de\/wp-json\/wp\/v2\/product_brand?post=3042"},{"taxonomy":"product_cat","embeddable":true,"href":"https:\/\/topchoicetrends.com\/de\/wp-json\/wp\/v2\/product_cat?post=3042"},{"taxonomy":"product_tag","embeddable":true,"href":"https:\/\/topchoicetrends.com\/de\/wp-json\/wp\/v2\/product_tag?post=3042"}],"curies":[{"name":"wp","href":"https:\/\/api.w.org\/{rel}","templated":true}]}}