{"id":3010,"date":"2026-02-09T19:01:20","date_gmt":"2026-02-09T19:01:20","guid":{"rendered":"https:\/\/topchoicetrends.com\/de\/product\/alongsong-fitnessbander-pilates-bar-set-mit-widerstandsbander-20-360lbs-trainingsbander-krafttraining-fitnessgerate-fur-zuhause-resistance-bands-verstellbare-pilates-stange-griffe-turanker\/"},"modified":"2024-10-30T12:25:35","modified_gmt":"2024-10-30T12:25:35","slug":"alongsong-fitnessbander-pilates-bar-set-mit-widerstandsbander-20-360lbs-trainingsbander-krafttraining-fitnessgerate-fur-zuhause-resistance-bands-verstellbare-pilates-stange-griffe-turanker","status":"publish","type":"product","link":"https:\/\/topchoicetrends.com\/de\/product\/alongsong-fitnessbander-pilates-bar-set-mit-widerstandsbander-20-360lbs-trainingsbander-krafttraining-fitnessgerate-fur-zuhause-resistance-bands-verstellbare-pilates-stange-griffe-turanker\/","title":{"rendered":"ALongSong Fitnessb\u00e4nder Pilates Ba..."},"content":{"rendered":"<p><!-- show up to 2 reviews by default --><br \/>\n\u3010All-in-ONE Resistance Bands Set\u3011ALongSong Pilates Bar gives exercise outcomes by combining a number of health gear reminiscent of train bike, dumbbell, resistance bands, yoga, and so on. Appropriate for full physique workout routines. Train information included.<br \/>\n\u30106 Pure Latex Resistance Bands\u3011: ALongSong lengthy bar band consists of three pairs of resistance bands product of sturdy shatter-resistant latex (20lbs\/9kg, 30lbs\/13.6kg, 40lbs\/18kg) with bars and carabiners to regulate the coaching depth based on your degree.<br \/>\n\u3010Detachable Pilates Bar\u3011: The ALongSong Pilates bar consists of three detachable stainless-steel rods. You possibly can shortly disassemble and assemble them and are very simple to hold. Each women and men can use them at house, fitness center, workplace or journey. Its floor is roofed with extremely elastic comfortable foam, which is simple to wash, not simple to squeeze or deform and presents you a snug grip.<br \/>\n\u3010Equipment\u3011The bungee set consists of 2 hand and ankle handles and 1 door anchor. Our adjustable strap options non-slip gears. Don&#8217;t be concerned about it slipping. You can too modify the size based on your peak and train part. No matter gender, age, peak or weight, the ALongSong Pilates barbell is the right coaching instrument for you.<br \/>\nTrain directions: We provide Pilates train directions (English language not assured) and a free video. Your full satisfaction is our final purpose. We assure that you&#8217;ll love this house coaching machine. If in case you have any questions on utilizing the product, please contact us instantly.<br \/>\n<div class=\"main-cross-sell\" data-asin=\"B0C62572RX\">\n\n\t<div class=\"WooZone-cross-sell-loader\">\n\t\t<div>\n\t\t\t<div id=\"floatingBarsG\">\n\t\t\t\t<div class=\"blockG\" id=\"rotateG_01\"><\/div>\n\t\t\t\t<div class=\"blockG\" id=\"rotateG_02\"><\/div>\n\t\t\t\t<div class=\"blockG\" id=\"rotateG_03\"><\/div>\n\t\t\t\t<div class=\"blockG\" id=\"rotateG_04\"><\/div>\n\t\t\t\t<div class=\"blockG\" id=\"rotateG_05\"><\/div>\n\t\t\t\t<div class=\"blockG\" id=\"rotateG_06\"><\/div>\n\t\t\t\t<div class=\"blockG\" id=\"rotateG_07\"><\/div>\n\t\t\t\t<div class=\"blockG\" id=\"rotateG_08\"><\/div>\n\t\t\t<\/div>\n\t\t\t<div class=\"WooZone-cross-sell-loader-text\"><\/div>\n\t\t<\/div>\n\t<\/div>\n\n\t\t\n<\/div>\n<div style=\"clear:both;\"><\/div><\/p>\n","protected":false},"excerpt":{"rendered":"<p>\u3010All-in-ONE Resistance Bands Set\u3011ALongSong Pilates Bar provides workout results by combining multiple fitness equipment such as exercise bike, dumbbell, resistance bands, yoga, etc. Suitable for full body exercises. Exercise guide included.<br \/>\n\u30106 Natural Latex Resistance Bands\u3011: ALongSong long bar band consists of 3 pairs of resistance bands made of durable shatter-resistant latex (20lbs\/9kg, 30lbs\/13.6kg, 40lbs\/18kg) with bars and carabiners to adjust the training intensity according to your level.<br \/>\n\u3010Removable Pilates Bar\u3011: The ALongSong Pilates bar consists of 3 removable stainless steel rods. You can quickly disassemble and assemble them and are very easy to carry. Both men and women can use them at home, gym, office or travel. Its surface is covered with highly elastic soft foam, which is easy to clean, not easy to squeeze or deform and offers you a comfortable grip.<\/p>\n","protected":false},"featured_media":3011,"comment_status":"open","ping_status":"closed","template":"","meta":{"_aipt_faq_data":""},"store":[],"product_brand":[],"product_cat":[40,28],"product_tag":[],"class_list":{"0":"post-3010","1":"product","2":"type-product","3":"status-publish","4":"has-post-thumbnail","6":"product_cat-fitness-gear","7":"product_cat-trending","8":"pa_brand-visit-the-alongsong-store","10":"first","11":"instock","12":"sale","13":"shipping-taxable","14":"product-type-external"},"yoast_head":"<!-- This site is optimized with the Yoast SEO plugin v27.1.1 - https:\/\/yoast.com\/product\/yoast-seo-wordpress\/ -->\n<title>ALongSong Fitnessb\u00e4nder Pilates Bar Set mit Widerstandsb\u00e4nder 20-360lbs, Trainingsb\u00e4nder Krafttraining Fitnessger\u00e4te f\u00fcr Zuhause Resistance Bands Verstellbare Pilates-Stange Griffe, T\u00fcranker - TopChoiceTrends<\/title>\n<meta name=\"description\" content=\"Entdecke bei TopChoiceTrends gepr\u00fcfte Bestseller, Trendprodukte und starke Angebote aus vielen Kategorien. Smart vergleichen, besser kaufen \u2013 alles \u00fcber Amazon Deutschland.\" \/>\n<meta name=\"robots\" content=\"index, follow, max-snippet:-1, max-image-preview:large, max-video-preview:-1\" \/>\n<link rel=\"canonical\" href=\"https:\/\/topchoicetrends.com\/de\/product\/alongsong-fitnessbander-pilates-bar-set-mit-widerstandsbander-20-360lbs-trainingsbander-krafttraining-fitnessgerate-fur-zuhause-resistance-bands-verstellbare-pilates-stange-griffe-turanker\/\" \/>\n<meta property=\"og:locale\" content=\"de_DE\" \/>\n<meta property=\"og:type\" content=\"article\" \/>\n<meta property=\"og:title\" content=\"ALongSong Fitnessb\u00e4nder Pilates Bar Set mit Widerstandsb\u00e4nder 20-360lbs, Trainingsb\u00e4nder Krafttraining Fitnessger\u00e4te f\u00fcr Zuhause Resistance Bands Verstellbare Pilates-Stange Griffe, T\u00fcranker - TopChoiceTrends\" \/>\n<meta property=\"og:description\" content=\"Entdecke bei TopChoiceTrends gepr\u00fcfte Bestseller, Trendprodukte und starke Angebote aus vielen Kategorien. Smart vergleichen, besser kaufen \u2013 alles \u00fcber Amazon Deutschland.\" \/>\n<meta property=\"og:url\" content=\"https:\/\/topchoicetrends.com\/de\/product\/alongsong-fitnessbander-pilates-bar-set-mit-widerstandsbander-20-360lbs-trainingsbander-krafttraining-fitnessgerate-fur-zuhause-resistance-bands-verstellbare-pilates-stange-griffe-turanker\/\" \/>\n<meta property=\"og:site_name\" content=\"TopChoiceTrends\" \/>\n<meta property=\"og:image\" content=\"https:\/\/m.media-amazon.com\/images\/I\/51GaLYAgORL.jpg\" \/>\n\t<meta property=\"og:image:width\" content=\"500\" \/>\n\t<meta property=\"og:image:height\" content=\"500\" \/>\n\t<meta property=\"og:image:type\" content=\"image\/jpeg\" \/>\n<meta name=\"twitter:card\" content=\"summary_large_image\" \/>\n<meta name=\"twitter:label1\" content=\"Gesch\u00e4tzte Lesezeit\" \/>\n\t<meta name=\"twitter:data1\" content=\"1\u00a0Minute\" \/>\n<script type=\"application\/ld+json\" class=\"yoast-schema-graph\">{\"@context\":\"https:\/\/schema.org\",\"@graph\":[{\"@type\":\"WebPage\",\"@id\":\"https:\/\/topchoicetrends.com\/de\/product\/alongsong-fitnessbander-pilates-bar-set-mit-widerstandsbander-20-360lbs-trainingsbander-krafttraining-fitnessgerate-fur-zuhause-resistance-bands-verstellbare-pilates-stange-griffe-turanker\/\",\"url\":\"https:\/\/topchoicetrends.com\/de\/product\/alongsong-fitnessbander-pilates-bar-set-mit-widerstandsbander-20-360lbs-trainingsbander-krafttraining-fitnessgerate-fur-zuhause-resistance-bands-verstellbare-pilates-stange-griffe-turanker\/\",\"name\":\"ALongSong Fitnessb\u00e4nder Pilates Bar Set mit Widerstandsb\u00e4nder 20-360lbs, Trainingsb\u00e4nder Krafttraining Fitnessger\u00e4te f\u00fcr Zuhause Resistance Bands Verstellbare Pilates-Stange Griffe, T\u00fcranker - TopChoiceTrends\",\"isPartOf\":{\"@id\":\"https:\/\/topchoicetrends.com\/de\/#website\"},\"primaryImageOfPage\":{\"@id\":\"https:\/\/topchoicetrends.com\/de\/product\/alongsong-fitnessbander-pilates-bar-set-mit-widerstandsbander-20-360lbs-trainingsbander-krafttraining-fitnessgerate-fur-zuhause-resistance-bands-verstellbare-pilates-stange-griffe-turanker\/#primaryimage\"},\"image\":{\"@id\":\"https:\/\/topchoicetrends.com\/de\/product\/alongsong-fitnessbander-pilates-bar-set-mit-widerstandsbander-20-360lbs-trainingsbander-krafttraining-fitnessgerate-fur-zuhause-resistance-bands-verstellbare-pilates-stange-griffe-turanker\/#primaryimage\"},\"thumbnailUrl\":\"https:\/\/m.media-amazon.com\/images\/I\/51GaLYAgORL.jpg\",\"datePublished\":\"2026-02-09T19:01:20+00:00\",\"description\":\"Entdecke bei TopChoiceTrends gepr\u00fcfte Bestseller, Trendprodukte und starke Angebote aus vielen Kategorien. Smart vergleichen, besser kaufen \u2013 alles \u00fcber Amazon Deutschland.\",\"breadcrumb\":{\"@id\":\"https:\/\/topchoicetrends.com\/de\/product\/alongsong-fitnessbander-pilates-bar-set-mit-widerstandsbander-20-360lbs-trainingsbander-krafttraining-fitnessgerate-fur-zuhause-resistance-bands-verstellbare-pilates-stange-griffe-turanker\/#breadcrumb\"},\"inLanguage\":\"de\",\"potentialAction\":[{\"@type\":\"ReadAction\",\"target\":[\"https:\/\/topchoicetrends.com\/de\/product\/alongsong-fitnessbander-pilates-bar-set-mit-widerstandsbander-20-360lbs-trainingsbander-krafttraining-fitnessgerate-fur-zuhause-resistance-bands-verstellbare-pilates-stange-griffe-turanker\/\"]}]},{\"@type\":\"ImageObject\",\"inLanguage\":\"de\",\"@id\":\"https:\/\/topchoicetrends.com\/de\/product\/alongsong-fitnessbander-pilates-bar-set-mit-widerstandsbander-20-360lbs-trainingsbander-krafttraining-fitnessgerate-fur-zuhause-resistance-bands-verstellbare-pilates-stange-griffe-turanker\/#primaryimage\",\"url\":\"https:\/\/m.media-amazon.com\/images\/I\/51GaLYAgORL.jpg\",\"contentUrl\":\"https:\/\/m.media-amazon.com\/images\/I\/51GaLYAgORL.jpg\",\"width\":500,\"height\":500},{\"@type\":\"BreadcrumbList\",\"@id\":\"https:\/\/topchoicetrends.com\/de\/product\/alongsong-fitnessbander-pilates-bar-set-mit-widerstandsbander-20-360lbs-trainingsbander-krafttraining-fitnessgerate-fur-zuhause-resistance-bands-verstellbare-pilates-stange-griffe-turanker\/#breadcrumb\",\"itemListElement\":[{\"@type\":\"ListItem\",\"position\":1,\"name\":\"Home\",\"item\":\"https:\/\/topchoicetrends.com\/de\/\"},{\"@type\":\"ListItem\",\"position\":2,\"name\":\"Shop\",\"item\":\"https:\/\/topchoicetrends.com\/de\/shop\/\"},{\"@type\":\"ListItem\",\"position\":3,\"name\":\"ALongSong Fitnessb\u00e4nder Pilates Bar Set mit Widerstandsb\u00e4nder 20-360lbs, Trainingsb\u00e4nder Krafttraining Fitnessger\u00e4te f\u00fcr Zuhause Resistance Bands Verstellbare Pilates-Stange Griffe, T\u00fcranker\"}]},{\"@type\":\"WebSite\",\"@id\":\"https:\/\/topchoicetrends.com\/de\/#website\",\"url\":\"https:\/\/topchoicetrends.com\/de\/\",\"name\":\"TopChoiceTrends\",\"description\":\"Beste Produktfunde, Bestseller &amp; Top-Angebote online entdecken\",\"publisher\":{\"@id\":\"https:\/\/topchoicetrends.com\/de\/#organization\"},\"potentialAction\":[{\"@type\":\"SearchAction\",\"target\":{\"@type\":\"EntryPoint\",\"urlTemplate\":\"https:\/\/topchoicetrends.com\/de\/?s={search_term_string}\"},\"query-input\":{\"@type\":\"PropertyValueSpecification\",\"valueRequired\":true,\"valueName\":\"search_term_string\"}}],\"inLanguage\":\"de\"},{\"@type\":\"Organization\",\"@id\":\"https:\/\/topchoicetrends.com\/de\/#organization\",\"name\":\"TopChoiceTrends\",\"url\":\"https:\/\/topchoicetrends.com\/de\/\",\"logo\":{\"@type\":\"ImageObject\",\"inLanguage\":\"de\",\"@id\":\"https:\/\/topchoicetrends.com\/de\/#\/schema\/logo\/image\/\",\"url\":\"https:\/\/topchoicetrends.com\/de\/wp-content\/uploads\/2026\/03\/Screenshot_2025-10-09_at_8.21.29_AM-removebg-preview-2.png\",\"contentUrl\":\"https:\/\/topchoicetrends.com\/de\/wp-content\/uploads\/2026\/03\/Screenshot_2025-10-09_at_8.21.29_AM-removebg-preview-2.png\",\"width\":936,\"height\":267,\"caption\":\"TopChoiceTrends\"},\"image\":{\"@id\":\"https:\/\/topchoicetrends.com\/de\/#\/schema\/logo\/image\/\"}}]}<\/script>\n<!-- \/ Yoast SEO plugin. -->","yoast_head_json":{"title":"ALongSong Fitnessb\u00e4nder Pilates Bar Set mit Widerstandsb\u00e4nder 20-360lbs, Trainingsb\u00e4nder Krafttraining Fitnessger\u00e4te f\u00fcr Zuhause Resistance Bands Verstellbare Pilates-Stange Griffe, T\u00fcranker - TopChoiceTrends","description":"Entdecke bei TopChoiceTrends gepr\u00fcfte Bestseller, Trendprodukte und starke Angebote aus vielen Kategorien. Smart vergleichen, besser kaufen \u2013 alles \u00fcber Amazon Deutschland.","robots":{"index":"index","follow":"follow","max-snippet":"max-snippet:-1","max-image-preview":"max-image-preview:large","max-video-preview":"max-video-preview:-1"},"canonical":"https:\/\/topchoicetrends.com\/de\/product\/alongsong-fitnessbander-pilates-bar-set-mit-widerstandsbander-20-360lbs-trainingsbander-krafttraining-fitnessgerate-fur-zuhause-resistance-bands-verstellbare-pilates-stange-griffe-turanker\/","og_locale":"de_DE","og_type":"article","og_title":"ALongSong Fitnessb\u00e4nder Pilates Bar Set mit Widerstandsb\u00e4nder 20-360lbs, Trainingsb\u00e4nder Krafttraining Fitnessger\u00e4te f\u00fcr Zuhause Resistance Bands Verstellbare Pilates-Stange Griffe, T\u00fcranker - TopChoiceTrends","og_description":"Entdecke bei TopChoiceTrends gepr\u00fcfte Bestseller, Trendprodukte und starke Angebote aus vielen Kategorien. Smart vergleichen, besser kaufen \u2013 alles \u00fcber Amazon Deutschland.","og_url":"https:\/\/topchoicetrends.com\/de\/product\/alongsong-fitnessbander-pilates-bar-set-mit-widerstandsbander-20-360lbs-trainingsbander-krafttraining-fitnessgerate-fur-zuhause-resistance-bands-verstellbare-pilates-stange-griffe-turanker\/","og_site_name":"TopChoiceTrends","og_image":[{"width":500,"height":500,"url":"https:\/\/m.media-amazon.com\/images\/I\/51GaLYAgORL.jpg","type":"image\/jpeg"}],"twitter_card":"summary_large_image","twitter_misc":{"Gesch\u00e4tzte Lesezeit":"1\u00a0Minute"},"schema":{"@context":"https:\/\/schema.org","@graph":[{"@type":"WebPage","@id":"https:\/\/topchoicetrends.com\/de\/product\/alongsong-fitnessbander-pilates-bar-set-mit-widerstandsbander-20-360lbs-trainingsbander-krafttraining-fitnessgerate-fur-zuhause-resistance-bands-verstellbare-pilates-stange-griffe-turanker\/","url":"https:\/\/topchoicetrends.com\/de\/product\/alongsong-fitnessbander-pilates-bar-set-mit-widerstandsbander-20-360lbs-trainingsbander-krafttraining-fitnessgerate-fur-zuhause-resistance-bands-verstellbare-pilates-stange-griffe-turanker\/","name":"ALongSong Fitnessb\u00e4nder Pilates Bar Set mit Widerstandsb\u00e4nder 20-360lbs, Trainingsb\u00e4nder Krafttraining Fitnessger\u00e4te f\u00fcr Zuhause Resistance Bands Verstellbare Pilates-Stange Griffe, T\u00fcranker - TopChoiceTrends","isPartOf":{"@id":"https:\/\/topchoicetrends.com\/de\/#website"},"primaryImageOfPage":{"@id":"https:\/\/topchoicetrends.com\/de\/product\/alongsong-fitnessbander-pilates-bar-set-mit-widerstandsbander-20-360lbs-trainingsbander-krafttraining-fitnessgerate-fur-zuhause-resistance-bands-verstellbare-pilates-stange-griffe-turanker\/#primaryimage"},"image":{"@id":"https:\/\/topchoicetrends.com\/de\/product\/alongsong-fitnessbander-pilates-bar-set-mit-widerstandsbander-20-360lbs-trainingsbander-krafttraining-fitnessgerate-fur-zuhause-resistance-bands-verstellbare-pilates-stange-griffe-turanker\/#primaryimage"},"thumbnailUrl":"https:\/\/m.media-amazon.com\/images\/I\/51GaLYAgORL.jpg","datePublished":"2026-02-09T19:01:20+00:00","description":"Entdecke bei TopChoiceTrends gepr\u00fcfte Bestseller, Trendprodukte und starke Angebote aus vielen Kategorien. Smart vergleichen, besser kaufen \u2013 alles \u00fcber Amazon Deutschland.","breadcrumb":{"@id":"https:\/\/topchoicetrends.com\/de\/product\/alongsong-fitnessbander-pilates-bar-set-mit-widerstandsbander-20-360lbs-trainingsbander-krafttraining-fitnessgerate-fur-zuhause-resistance-bands-verstellbare-pilates-stange-griffe-turanker\/#breadcrumb"},"inLanguage":"de","potentialAction":[{"@type":"ReadAction","target":["https:\/\/topchoicetrends.com\/de\/product\/alongsong-fitnessbander-pilates-bar-set-mit-widerstandsbander-20-360lbs-trainingsbander-krafttraining-fitnessgerate-fur-zuhause-resistance-bands-verstellbare-pilates-stange-griffe-turanker\/"]}]},{"@type":"ImageObject","inLanguage":"de","@id":"https:\/\/topchoicetrends.com\/de\/product\/alongsong-fitnessbander-pilates-bar-set-mit-widerstandsbander-20-360lbs-trainingsbander-krafttraining-fitnessgerate-fur-zuhause-resistance-bands-verstellbare-pilates-stange-griffe-turanker\/#primaryimage","url":"https:\/\/m.media-amazon.com\/images\/I\/51GaLYAgORL.jpg","contentUrl":"https:\/\/m.media-amazon.com\/images\/I\/51GaLYAgORL.jpg","width":500,"height":500},{"@type":"BreadcrumbList","@id":"https:\/\/topchoicetrends.com\/de\/product\/alongsong-fitnessbander-pilates-bar-set-mit-widerstandsbander-20-360lbs-trainingsbander-krafttraining-fitnessgerate-fur-zuhause-resistance-bands-verstellbare-pilates-stange-griffe-turanker\/#breadcrumb","itemListElement":[{"@type":"ListItem","position":1,"name":"Home","item":"https:\/\/topchoicetrends.com\/de\/"},{"@type":"ListItem","position":2,"name":"Shop","item":"https:\/\/topchoicetrends.com\/de\/shop\/"},{"@type":"ListItem","position":3,"name":"ALongSong Fitnessb\u00e4nder Pilates Bar Set mit Widerstandsb\u00e4nder 20-360lbs, Trainingsb\u00e4nder Krafttraining Fitnessger\u00e4te f\u00fcr Zuhause Resistance Bands Verstellbare Pilates-Stange Griffe, T\u00fcranker"}]},{"@type":"WebSite","@id":"https:\/\/topchoicetrends.com\/de\/#website","url":"https:\/\/topchoicetrends.com\/de\/","name":"TopChoiceTrends","description":"Beste Produktfunde, Bestseller &amp; Top-Angebote online entdecken","publisher":{"@id":"https:\/\/topchoicetrends.com\/de\/#organization"},"potentialAction":[{"@type":"SearchAction","target":{"@type":"EntryPoint","urlTemplate":"https:\/\/topchoicetrends.com\/de\/?s={search_term_string}"},"query-input":{"@type":"PropertyValueSpecification","valueRequired":true,"valueName":"search_term_string"}}],"inLanguage":"de"},{"@type":"Organization","@id":"https:\/\/topchoicetrends.com\/de\/#organization","name":"TopChoiceTrends","url":"https:\/\/topchoicetrends.com\/de\/","logo":{"@type":"ImageObject","inLanguage":"de","@id":"https:\/\/topchoicetrends.com\/de\/#\/schema\/logo\/image\/","url":"https:\/\/topchoicetrends.com\/de\/wp-content\/uploads\/2026\/03\/Screenshot_2025-10-09_at_8.21.29_AM-removebg-preview-2.png","contentUrl":"https:\/\/topchoicetrends.com\/de\/wp-content\/uploads\/2026\/03\/Screenshot_2025-10-09_at_8.21.29_AM-removebg-preview-2.png","width":936,"height":267,"caption":"TopChoiceTrends"},"image":{"@id":"https:\/\/topchoicetrends.com\/de\/#\/schema\/logo\/image\/"}}]}},"_links":{"self":[{"href":"https:\/\/topchoicetrends.com\/de\/wp-json\/wp\/v2\/product\/3010","targetHints":{"allow":["GET"]}}],"collection":[{"href":"https:\/\/topchoicetrends.com\/de\/wp-json\/wp\/v2\/product"}],"about":[{"href":"https:\/\/topchoicetrends.com\/de\/wp-json\/wp\/v2\/types\/product"}],"replies":[{"embeddable":true,"href":"https:\/\/topchoicetrends.com\/de\/wp-json\/wp\/v2\/comments?post=3010"}],"wp:featuredmedia":[{"embeddable":true,"href":"https:\/\/topchoicetrends.com\/de\/wp-json\/wp\/v2\/media\/3011"}],"wp:attachment":[{"href":"https:\/\/topchoicetrends.com\/de\/wp-json\/wp\/v2\/media?parent=3010"}],"wp:term":[{"taxonomy":"store","embeddable":true,"href":"https:\/\/topchoicetrends.com\/de\/wp-json\/wp\/v2\/store?post=3010"},{"taxonomy":"product_brand","embeddable":true,"href":"https:\/\/topchoicetrends.com\/de\/wp-json\/wp\/v2\/product_brand?post=3010"},{"taxonomy":"product_cat","embeddable":true,"href":"https:\/\/topchoicetrends.com\/de\/wp-json\/wp\/v2\/product_cat?post=3010"},{"taxonomy":"product_tag","embeddable":true,"href":"https:\/\/topchoicetrends.com\/de\/wp-json\/wp\/v2\/product_tag?post=3010"}],"curies":[{"name":"wp","href":"https:\/\/api.w.org\/{rel}","templated":true}]}}