{"id":2668,"date":"2026-02-09T18:58:15","date_gmt":"2026-02-09T18:58:15","guid":{"rendered":"https:\/\/topchoicetrends.com\/de\/product\/gymform-ab-booster-bauchtrainer-trainingsgerat-fur-bauchmuskeln-arme-beine-rucken-und-gesas\/"},"modified":"2026-01-01T13:37:30","modified_gmt":"2026-01-01T13:37:30","slug":"gymform-ab-booster-bauchtrainer-trainingsgerat-fur-bauchmuskeln-arme-beine-rucken-und-gesas","status":"publish","type":"product","link":"https:\/\/topchoicetrends.com\/de\/product\/gymform-ab-booster-bauchtrainer-trainingsgerat-fur-bauchmuskeln-arme-beine-rucken-und-gesas\/","title":{"rendered":"GYMFORM AB Booster Bauchtrainer, Tr..."},"content":{"rendered":"<p><!-- show up to 2 reviews by default --> <\/p>\n<p> <span>Stabil &amp; sicher ab Booster; Authentic wie aus dem TV gesehen, die Bauch- und Foundation-Trainingsmaschine f\u00fcr sofortige und sichtbare Ergebnisse. In wenigen Minuten am Tag k\u00f6nnen Sie Beine, Arme, Ges\u00e4\u00df und Bauchmuskeln trainieren und trainieren. Eine lustige und einfach zu bedienende Maschine, um Ihr t\u00e4gliches Coaching zu genie\u00dfen. MEHRERE TRAININGSMODI &#8211; Sie k\u00f6nnen Ihren ganzen K\u00f6rper zu Hause f\u00fcr ein komplettes Coaching trainieren, das Herz-Kreislauf-\u00dcbungen und Firming-\u00dcbungen kombiniert. Beim Auf- und Absteigen mit der Maschine wird der K\u00f6rper eine konstante Bewegung haben und Sie k\u00f6nnen alle Muskeln in einer Bewegung straffen und trainieren. Durch: Bauchmuskeln, Arme, Beine, R\u00fccken, Ges\u00e4\u00df. Achtung: Wenn die \u00dcbung nicht korrekt ausgef\u00fchrt wird, kann es zu Bruch kommen.<\/span> <\/p>\n<p>For work the abs, again, leg and arm muscle tissue<br \/>\nInstruction guide (is probably not in English), coaching with guide (for superior riders) and handbook (with weight loss plan information to all in French)<br \/>\nGeared up with a mini laptop with completely different capabilities (chronometer, calorie calculator, motion counter)<br \/>\nProduct Dimensions: 80 x 41 x 44 inches; Weight: 7 kg<br \/>\nProducer&#8217;s guarantee: 1 yr<br \/>\n<div class=\"main-cross-sell\" data-asin=\"B00XN2WANM\">\n\n\t<div class=\"WooZone-cross-sell-loader\">\n\t\t<div>\n\t\t\t<div id=\"floatingBarsG\">\n\t\t\t\t<div class=\"blockG\" id=\"rotateG_01\"><\/div>\n\t\t\t\t<div class=\"blockG\" id=\"rotateG_02\"><\/div>\n\t\t\t\t<div class=\"blockG\" id=\"rotateG_03\"><\/div>\n\t\t\t\t<div class=\"blockG\" id=\"rotateG_04\"><\/div>\n\t\t\t\t<div class=\"blockG\" id=\"rotateG_05\"><\/div>\n\t\t\t\t<div class=\"blockG\" id=\"rotateG_06\"><\/div>\n\t\t\t\t<div class=\"blockG\" id=\"rotateG_07\"><\/div>\n\t\t\t\t<div class=\"blockG\" id=\"rotateG_08\"><\/div>\n\t\t\t<\/div>\n\t\t\t<div class=\"WooZone-cross-sell-loader-text\"><\/div>\n\t\t<\/div>\n\t<\/div>\n\n\t\t\n<\/div>\n<div style=\"clear:both;\"><\/div><\/p>\n","protected":false},"excerpt":{"rendered":"<p>For work the abs, back, leg and arm muscles<br \/>\nInstruction manual (may not be in English), training with book (for advanced riders) and handbook (with diet guide to all in French)<br \/>\nEquipped with a mini computer with different functions (chronometer, calorie calculator, movement counter)<\/p>\n","protected":false},"featured_media":2669,"comment_status":"open","ping_status":"closed","template":"","meta":{"_aipt_faq_data":""},"store":[],"product_brand":[],"product_cat":[40,28],"product_tag":[],"class_list":{"0":"post-2668","1":"product","2":"type-product","3":"status-publish","4":"has-post-thumbnail","6":"product_cat-fitness-gear","7":"product_cat-trending","8":"pa_brand-visit-the-gymform-store","10":"first","11":"instock","12":"sale","13":"shipping-taxable","14":"product-type-external"},"yoast_head":"<!-- This site is optimized with the Yoast SEO plugin v27.1.1 - https:\/\/yoast.com\/product\/yoast-seo-wordpress\/ -->\n<title>GYMFORM AB Booster Bauchtrainer, Trainingsger\u00e4t f\u00fcr Bauchmuskeln, Arme, Beine, R\u00fccken und Ges\u00e4\u00df - TopChoiceTrends<\/title>\n<meta name=\"description\" content=\"Entdecke bei TopChoiceTrends gepr\u00fcfte Bestseller, Trendprodukte und starke Angebote aus vielen Kategorien. Smart vergleichen, besser kaufen \u2013 alles \u00fcber Amazon Deutschland.\" \/>\n<meta name=\"robots\" content=\"index, follow, max-snippet:-1, max-image-preview:large, max-video-preview:-1\" \/>\n<link rel=\"canonical\" href=\"https:\/\/topchoicetrends.com\/de\/product\/gymform-ab-booster-bauchtrainer-trainingsgerat-fur-bauchmuskeln-arme-beine-rucken-und-gesas\/\" \/>\n<meta property=\"og:locale\" content=\"de_DE\" \/>\n<meta property=\"og:type\" content=\"article\" \/>\n<meta property=\"og:title\" content=\"GYMFORM AB Booster Bauchtrainer, Trainingsger\u00e4t f\u00fcr Bauchmuskeln, Arme, Beine, R\u00fccken und Ges\u00e4\u00df - TopChoiceTrends\" \/>\n<meta property=\"og:description\" content=\"Entdecke bei TopChoiceTrends gepr\u00fcfte Bestseller, Trendprodukte und starke Angebote aus vielen Kategorien. Smart vergleichen, besser kaufen \u2013 alles \u00fcber Amazon Deutschland.\" \/>\n<meta property=\"og:url\" content=\"https:\/\/topchoicetrends.com\/de\/product\/gymform-ab-booster-bauchtrainer-trainingsgerat-fur-bauchmuskeln-arme-beine-rucken-und-gesas\/\" \/>\n<meta property=\"og:site_name\" content=\"TopChoiceTrends\" \/>\n<meta property=\"og:image\" content=\"https:\/\/m.media-amazon.com\/images\/I\/41ActnlnyML.jpg\" \/>\n\t<meta property=\"og:image:width\" content=\"500\" \/>\n\t<meta property=\"og:image:height\" content=\"500\" \/>\n\t<meta property=\"og:image:type\" content=\"image\/jpeg\" \/>\n<meta name=\"twitter:card\" content=\"summary_large_image\" \/>\n<meta name=\"twitter:label1\" content=\"Gesch\u00e4tzte Lesezeit\" \/>\n\t<meta name=\"twitter:data1\" content=\"1\u00a0Minute\" \/>\n<script type=\"application\/ld+json\" class=\"yoast-schema-graph\">{\"@context\":\"https:\/\/schema.org\",\"@graph\":[{\"@type\":\"WebPage\",\"@id\":\"https:\/\/topchoicetrends.com\/de\/product\/gymform-ab-booster-bauchtrainer-trainingsgerat-fur-bauchmuskeln-arme-beine-rucken-und-gesas\/\",\"url\":\"https:\/\/topchoicetrends.com\/de\/product\/gymform-ab-booster-bauchtrainer-trainingsgerat-fur-bauchmuskeln-arme-beine-rucken-und-gesas\/\",\"name\":\"GYMFORM AB Booster Bauchtrainer, Trainingsger\u00e4t f\u00fcr Bauchmuskeln, Arme, Beine, R\u00fccken und Ges\u00e4\u00df - TopChoiceTrends\",\"isPartOf\":{\"@id\":\"https:\/\/topchoicetrends.com\/de\/#website\"},\"primaryImageOfPage\":{\"@id\":\"https:\/\/topchoicetrends.com\/de\/product\/gymform-ab-booster-bauchtrainer-trainingsgerat-fur-bauchmuskeln-arme-beine-rucken-und-gesas\/#primaryimage\"},\"image\":{\"@id\":\"https:\/\/topchoicetrends.com\/de\/product\/gymform-ab-booster-bauchtrainer-trainingsgerat-fur-bauchmuskeln-arme-beine-rucken-und-gesas\/#primaryimage\"},\"thumbnailUrl\":\"https:\/\/m.media-amazon.com\/images\/I\/41ActnlnyML.jpg\",\"datePublished\":\"2026-02-09T18:58:15+00:00\",\"description\":\"Entdecke bei TopChoiceTrends gepr\u00fcfte Bestseller, Trendprodukte und starke Angebote aus vielen Kategorien. Smart vergleichen, besser kaufen \u2013 alles \u00fcber Amazon Deutschland.\",\"breadcrumb\":{\"@id\":\"https:\/\/topchoicetrends.com\/de\/product\/gymform-ab-booster-bauchtrainer-trainingsgerat-fur-bauchmuskeln-arme-beine-rucken-und-gesas\/#breadcrumb\"},\"inLanguage\":\"de\",\"potentialAction\":[{\"@type\":\"ReadAction\",\"target\":[\"https:\/\/topchoicetrends.com\/de\/product\/gymform-ab-booster-bauchtrainer-trainingsgerat-fur-bauchmuskeln-arme-beine-rucken-und-gesas\/\"]}]},{\"@type\":\"ImageObject\",\"inLanguage\":\"de\",\"@id\":\"https:\/\/topchoicetrends.com\/de\/product\/gymform-ab-booster-bauchtrainer-trainingsgerat-fur-bauchmuskeln-arme-beine-rucken-und-gesas\/#primaryimage\",\"url\":\"https:\/\/m.media-amazon.com\/images\/I\/41ActnlnyML.jpg\",\"contentUrl\":\"https:\/\/m.media-amazon.com\/images\/I\/41ActnlnyML.jpg\",\"width\":500,\"height\":500},{\"@type\":\"BreadcrumbList\",\"@id\":\"https:\/\/topchoicetrends.com\/de\/product\/gymform-ab-booster-bauchtrainer-trainingsgerat-fur-bauchmuskeln-arme-beine-rucken-und-gesas\/#breadcrumb\",\"itemListElement\":[{\"@type\":\"ListItem\",\"position\":1,\"name\":\"Home\",\"item\":\"https:\/\/topchoicetrends.com\/de\/\"},{\"@type\":\"ListItem\",\"position\":2,\"name\":\"Shop\",\"item\":\"https:\/\/topchoicetrends.com\/de\/shop\/\"},{\"@type\":\"ListItem\",\"position\":3,\"name\":\"GYMFORM AB Booster Bauchtrainer, Trainingsger\u00e4t f\u00fcr Bauchmuskeln, Arme, Beine, R\u00fccken und Ges\u00e4\u00df\"}]},{\"@type\":\"WebSite\",\"@id\":\"https:\/\/topchoicetrends.com\/de\/#website\",\"url\":\"https:\/\/topchoicetrends.com\/de\/\",\"name\":\"TopChoiceTrends\",\"description\":\"Beste Produktfunde, Bestseller &amp; Top-Angebote online entdecken\",\"publisher\":{\"@id\":\"https:\/\/topchoicetrends.com\/de\/#organization\"},\"potentialAction\":[{\"@type\":\"SearchAction\",\"target\":{\"@type\":\"EntryPoint\",\"urlTemplate\":\"https:\/\/topchoicetrends.com\/de\/?s={search_term_string}\"},\"query-input\":{\"@type\":\"PropertyValueSpecification\",\"valueRequired\":true,\"valueName\":\"search_term_string\"}}],\"inLanguage\":\"de\"},{\"@type\":\"Organization\",\"@id\":\"https:\/\/topchoicetrends.com\/de\/#organization\",\"name\":\"TopChoiceTrends\",\"url\":\"https:\/\/topchoicetrends.com\/de\/\",\"logo\":{\"@type\":\"ImageObject\",\"inLanguage\":\"de\",\"@id\":\"https:\/\/topchoicetrends.com\/de\/#\/schema\/logo\/image\/\",\"url\":\"https:\/\/topchoicetrends.com\/de\/wp-content\/uploads\/2026\/03\/Screenshot_2025-10-09_at_8.21.29_AM-removebg-preview-2.png\",\"contentUrl\":\"https:\/\/topchoicetrends.com\/de\/wp-content\/uploads\/2026\/03\/Screenshot_2025-10-09_at_8.21.29_AM-removebg-preview-2.png\",\"width\":936,\"height\":267,\"caption\":\"TopChoiceTrends\"},\"image\":{\"@id\":\"https:\/\/topchoicetrends.com\/de\/#\/schema\/logo\/image\/\"}}]}<\/script>\n<!-- \/ Yoast SEO plugin. -->","yoast_head_json":{"title":"GYMFORM AB Booster Bauchtrainer, Trainingsger\u00e4t f\u00fcr Bauchmuskeln, Arme, Beine, R\u00fccken und Ges\u00e4\u00df - TopChoiceTrends","description":"Entdecke bei TopChoiceTrends gepr\u00fcfte Bestseller, Trendprodukte und starke Angebote aus vielen Kategorien. Smart vergleichen, besser kaufen \u2013 alles \u00fcber Amazon Deutschland.","robots":{"index":"index","follow":"follow","max-snippet":"max-snippet:-1","max-image-preview":"max-image-preview:large","max-video-preview":"max-video-preview:-1"},"canonical":"https:\/\/topchoicetrends.com\/de\/product\/gymform-ab-booster-bauchtrainer-trainingsgerat-fur-bauchmuskeln-arme-beine-rucken-und-gesas\/","og_locale":"de_DE","og_type":"article","og_title":"GYMFORM AB Booster Bauchtrainer, Trainingsger\u00e4t f\u00fcr Bauchmuskeln, Arme, Beine, R\u00fccken und Ges\u00e4\u00df - TopChoiceTrends","og_description":"Entdecke bei TopChoiceTrends gepr\u00fcfte Bestseller, Trendprodukte und starke Angebote aus vielen Kategorien. Smart vergleichen, besser kaufen \u2013 alles \u00fcber Amazon Deutschland.","og_url":"https:\/\/topchoicetrends.com\/de\/product\/gymform-ab-booster-bauchtrainer-trainingsgerat-fur-bauchmuskeln-arme-beine-rucken-und-gesas\/","og_site_name":"TopChoiceTrends","og_image":[{"width":500,"height":500,"url":"https:\/\/m.media-amazon.com\/images\/I\/41ActnlnyML.jpg","type":"image\/jpeg"}],"twitter_card":"summary_large_image","twitter_misc":{"Gesch\u00e4tzte Lesezeit":"1\u00a0Minute"},"schema":{"@context":"https:\/\/schema.org","@graph":[{"@type":"WebPage","@id":"https:\/\/topchoicetrends.com\/de\/product\/gymform-ab-booster-bauchtrainer-trainingsgerat-fur-bauchmuskeln-arme-beine-rucken-und-gesas\/","url":"https:\/\/topchoicetrends.com\/de\/product\/gymform-ab-booster-bauchtrainer-trainingsgerat-fur-bauchmuskeln-arme-beine-rucken-und-gesas\/","name":"GYMFORM AB Booster Bauchtrainer, Trainingsger\u00e4t f\u00fcr Bauchmuskeln, Arme, Beine, R\u00fccken und Ges\u00e4\u00df - TopChoiceTrends","isPartOf":{"@id":"https:\/\/topchoicetrends.com\/de\/#website"},"primaryImageOfPage":{"@id":"https:\/\/topchoicetrends.com\/de\/product\/gymform-ab-booster-bauchtrainer-trainingsgerat-fur-bauchmuskeln-arme-beine-rucken-und-gesas\/#primaryimage"},"image":{"@id":"https:\/\/topchoicetrends.com\/de\/product\/gymform-ab-booster-bauchtrainer-trainingsgerat-fur-bauchmuskeln-arme-beine-rucken-und-gesas\/#primaryimage"},"thumbnailUrl":"https:\/\/m.media-amazon.com\/images\/I\/41ActnlnyML.jpg","datePublished":"2026-02-09T18:58:15+00:00","description":"Entdecke bei TopChoiceTrends gepr\u00fcfte Bestseller, Trendprodukte und starke Angebote aus vielen Kategorien. Smart vergleichen, besser kaufen \u2013 alles \u00fcber Amazon Deutschland.","breadcrumb":{"@id":"https:\/\/topchoicetrends.com\/de\/product\/gymform-ab-booster-bauchtrainer-trainingsgerat-fur-bauchmuskeln-arme-beine-rucken-und-gesas\/#breadcrumb"},"inLanguage":"de","potentialAction":[{"@type":"ReadAction","target":["https:\/\/topchoicetrends.com\/de\/product\/gymform-ab-booster-bauchtrainer-trainingsgerat-fur-bauchmuskeln-arme-beine-rucken-und-gesas\/"]}]},{"@type":"ImageObject","inLanguage":"de","@id":"https:\/\/topchoicetrends.com\/de\/product\/gymform-ab-booster-bauchtrainer-trainingsgerat-fur-bauchmuskeln-arme-beine-rucken-und-gesas\/#primaryimage","url":"https:\/\/m.media-amazon.com\/images\/I\/41ActnlnyML.jpg","contentUrl":"https:\/\/m.media-amazon.com\/images\/I\/41ActnlnyML.jpg","width":500,"height":500},{"@type":"BreadcrumbList","@id":"https:\/\/topchoicetrends.com\/de\/product\/gymform-ab-booster-bauchtrainer-trainingsgerat-fur-bauchmuskeln-arme-beine-rucken-und-gesas\/#breadcrumb","itemListElement":[{"@type":"ListItem","position":1,"name":"Home","item":"https:\/\/topchoicetrends.com\/de\/"},{"@type":"ListItem","position":2,"name":"Shop","item":"https:\/\/topchoicetrends.com\/de\/shop\/"},{"@type":"ListItem","position":3,"name":"GYMFORM AB Booster Bauchtrainer, Trainingsger\u00e4t f\u00fcr Bauchmuskeln, Arme, Beine, R\u00fccken und Ges\u00e4\u00df"}]},{"@type":"WebSite","@id":"https:\/\/topchoicetrends.com\/de\/#website","url":"https:\/\/topchoicetrends.com\/de\/","name":"TopChoiceTrends","description":"Beste Produktfunde, Bestseller &amp; Top-Angebote online entdecken","publisher":{"@id":"https:\/\/topchoicetrends.com\/de\/#organization"},"potentialAction":[{"@type":"SearchAction","target":{"@type":"EntryPoint","urlTemplate":"https:\/\/topchoicetrends.com\/de\/?s={search_term_string}"},"query-input":{"@type":"PropertyValueSpecification","valueRequired":true,"valueName":"search_term_string"}}],"inLanguage":"de"},{"@type":"Organization","@id":"https:\/\/topchoicetrends.com\/de\/#organization","name":"TopChoiceTrends","url":"https:\/\/topchoicetrends.com\/de\/","logo":{"@type":"ImageObject","inLanguage":"de","@id":"https:\/\/topchoicetrends.com\/de\/#\/schema\/logo\/image\/","url":"https:\/\/topchoicetrends.com\/de\/wp-content\/uploads\/2026\/03\/Screenshot_2025-10-09_at_8.21.29_AM-removebg-preview-2.png","contentUrl":"https:\/\/topchoicetrends.com\/de\/wp-content\/uploads\/2026\/03\/Screenshot_2025-10-09_at_8.21.29_AM-removebg-preview-2.png","width":936,"height":267,"caption":"TopChoiceTrends"},"image":{"@id":"https:\/\/topchoicetrends.com\/de\/#\/schema\/logo\/image\/"}}]}},"_links":{"self":[{"href":"https:\/\/topchoicetrends.com\/de\/wp-json\/wp\/v2\/product\/2668","targetHints":{"allow":["GET"]}}],"collection":[{"href":"https:\/\/topchoicetrends.com\/de\/wp-json\/wp\/v2\/product"}],"about":[{"href":"https:\/\/topchoicetrends.com\/de\/wp-json\/wp\/v2\/types\/product"}],"replies":[{"embeddable":true,"href":"https:\/\/topchoicetrends.com\/de\/wp-json\/wp\/v2\/comments?post=2668"}],"wp:featuredmedia":[{"embeddable":true,"href":"https:\/\/topchoicetrends.com\/de\/wp-json\/wp\/v2\/media\/2669"}],"wp:attachment":[{"href":"https:\/\/topchoicetrends.com\/de\/wp-json\/wp\/v2\/media?parent=2668"}],"wp:term":[{"taxonomy":"store","embeddable":true,"href":"https:\/\/topchoicetrends.com\/de\/wp-json\/wp\/v2\/store?post=2668"},{"taxonomy":"product_brand","embeddable":true,"href":"https:\/\/topchoicetrends.com\/de\/wp-json\/wp\/v2\/product_brand?post=2668"},{"taxonomy":"product_cat","embeddable":true,"href":"https:\/\/topchoicetrends.com\/de\/wp-json\/wp\/v2\/product_cat?post=2668"},{"taxonomy":"product_tag","embeddable":true,"href":"https:\/\/topchoicetrends.com\/de\/wp-json\/wp\/v2\/product_tag?post=2668"}],"curies":[{"name":"wp","href":"https:\/\/api.w.org\/{rel}","templated":true}]}}