{"id":2644,"date":"2026-02-09T18:59:09","date_gmt":"2026-02-09T18:59:09","guid":{"rendered":"https:\/\/topchoicetrends.com\/de\/product\/lekaro-verstellbare-hantelbank-faltbar-trainingsbank-fur-zuhause-krafttrainingsbank-fur-ganzkorpertraining-neigungsubungen\/"},"modified":"2024-10-30T12:25:38","modified_gmt":"2024-10-30T12:25:38","slug":"lekaro-verstellbare-hantelbank-faltbar-trainingsbank-fur-zuhause-krafttrainingsbank-fur-ganzkorpertraining-neigungsubungen","status":"publish","type":"product","link":"https:\/\/topchoicetrends.com\/de\/product\/lekaro-verstellbare-hantelbank-faltbar-trainingsbank-fur-zuhause-krafttrainingsbank-fur-ganzkorpertraining-neigungsubungen\/","title":{"rendered":"LEK\u00c4RO Verstellbare Hantelbank, fa..."},"content":{"rendered":"<p><!-- show up to 2 reviews by default --> <\/p>\n<p> <span>LEK\u00c4RO Verstellbare Hantelbankdr\u00fccken<\/span> <\/p>\n<p>Hochwertige Hantelbank: Verstellbare Hantelbank aus feinem handels\u00fcblichen Stahl, der ein Gewicht von 272 kg haben kann, ist stabiler und stabiler. Weiche Schaumstoffpolsterung umgeben von Leder, sch\u00fctzt Ihren K\u00f6rper beim Coaching. Rutschfeste Fu\u00dfabdeckung sch\u00fctzt den Boden vor Kratzern.<br \/>\n\u3010Schnell Faltbare Hantelbank\u3011Unsere Trainingsbank k\u00f6nnte in 5 Sekunden zusammengeklappt werden, leicht in Ecke oder Kleiderschrank, unter dem Bett oder einfach nur im Kofferraum zu verstauen. Platzsparend, zusammenklappbar, Gr\u00f6\u00dfe: 72,1 x 30,5 cm (L x B). Perfekte Passform f\u00fcr das Heimtraining und leicht mit Hantelbank \u00fcberall hin mitzunehmen.<br \/>\nVerstellbare Trainingsbank: Unsere verstellbare Trainingsbank wurde mit 7 R\u00fcckenverstellungen entwickelt, um die Trainingsbed\u00fcrfnisse Ihrer Brust, R\u00fccken, Schultern, Beine, Bauchmuskeln und anderen Muskelgruppen zu erf\u00fcllen, um Ihre Fitnessziele mit Leichtigkeit zu erreichen.<br \/>\n\u3010Einfache Montage\u3011LEK\u00c4RO Hantelbank ist quick vollst\u00e4ndig montiert, Sie m\u00fcssen nur das vordere und hintere St\u00fctzrohr und die Schaumstoffrollen zusammenbauen, es ist sehr einfach und dauert nur 1 Minute.<br \/>\n\u3010Companies Garantie\u3011Wenn Sie auf Probleme sto\u00dfen, k\u00f6nnen Sie sich gerne an uns wenden. Wir garantieren, Ihnen innerhalb von 24 Stunden eine zufriedenstellende L\u00f6sung zu bieten!<br \/>\n<div class=\"main-cross-sell\" data-asin=\"B0CNG91YT1\">\n\n\t<div class=\"WooZone-cross-sell-loader\">\n\t\t<div>\n\t\t\t<div id=\"floatingBarsG\">\n\t\t\t\t<div class=\"blockG\" id=\"rotateG_01\"><\/div>\n\t\t\t\t<div class=\"blockG\" id=\"rotateG_02\"><\/div>\n\t\t\t\t<div class=\"blockG\" id=\"rotateG_03\"><\/div>\n\t\t\t\t<div class=\"blockG\" id=\"rotateG_04\"><\/div>\n\t\t\t\t<div class=\"blockG\" id=\"rotateG_05\"><\/div>\n\t\t\t\t<div class=\"blockG\" id=\"rotateG_06\"><\/div>\n\t\t\t\t<div class=\"blockG\" id=\"rotateG_07\"><\/div>\n\t\t\t\t<div class=\"blockG\" id=\"rotateG_08\"><\/div>\n\t\t\t<\/div>\n\t\t\t<div class=\"WooZone-cross-sell-loader-text\"><\/div>\n\t\t<\/div>\n\t<\/div>\n\n\t\t\n<\/div>\n<div style=\"clear:both;\"><\/div><\/p>\n","protected":false},"excerpt":{"rendered":"<p>Hochwertige Hantelbank: Verstellbare Hantelbank aus feinem handels\u00fcblichen Stahl, der ein Gewicht von 272 kg haben kann, ist stabiler und stabiler. Weiche Schaumstoffpolsterung umgeben von Leder, sch\u00fctzt Ihren K\u00f6rper beim Training. Rutschfeste Fu\u00dfabdeckung sch\u00fctzt den Boden vor Kratzern.<br \/>\n\u3010Schnell Faltbare Hantelbank\u3011Unsere Trainingsbank k\u00f6nnte in 5 Sekunden zusammengeklappt werden, leicht in Ecke oder Kleiderschrank, unter dem Bett oder einfach nur im Kofferraum zu verstauen. Platzsparend, zusammenklappbar, Gr\u00f6\u00dfe: 72,1 x 30,5 cm (L x B). Perfekte Passform f\u00fcr das Heimtraining und leicht mit Hantelbank \u00fcberall hin mitzunehmen.<br \/>\nVerstellbare Trainingsbank: Unsere verstellbare Trainingsbank wurde mit 7 R\u00fcckenverstellungen entwickelt, um die Trainingsbed\u00fcrfnisse Ihrer Brust, R\u00fccken, Schultern, Beine, Bauchmuskeln und anderen Muskelgruppen zu erf\u00fcllen, um Ihre Fitnessziele mit Leichtigkeit zu erreichen.<\/p>\n","protected":false},"featured_media":2645,"comment_status":"open","ping_status":"closed","template":"","meta":{"_aipt_faq_data":""},"store":[],"product_brand":[],"product_cat":[40,28],"product_tag":[],"class_list":{"0":"post-2644","1":"product","2":"type-product","3":"status-publish","4":"has-post-thumbnail","6":"product_cat-fitness-gear","7":"product_cat-trending","8":"pa_brand-brand-lekaro","10":"first","11":"instock","12":"sale","13":"shipping-taxable","14":"product-type-external"},"yoast_head":"<!-- This site is optimized with the Yoast SEO plugin v27.4 - https:\/\/yoast.com\/product\/yoast-seo-wordpress\/ -->\n<title>LEK\u00c4RO Verstellbare Hantelbank, faltbar, Trainingsbank f\u00fcr Zuhause, Krafttrainingsbank f\u00fcr Ganzk\u00f6rpertraining, Neigungs\u00fcbungen - TopChoiceTrends<\/title>\n<meta name=\"description\" content=\"Entdecke bei TopChoiceTrends gepr\u00fcfte Bestseller, Trendprodukte und starke Angebote aus vielen Kategorien. Smart vergleichen, besser kaufen \u2013 alles \u00fcber Amazon Deutschland.\" \/>\n<meta name=\"robots\" content=\"index, follow, max-snippet:-1, max-image-preview:large, max-video-preview:-1\" \/>\n<link rel=\"canonical\" href=\"https:\/\/topchoicetrends.com\/de\/product\/lekaro-verstellbare-hantelbank-faltbar-trainingsbank-fur-zuhause-krafttrainingsbank-fur-ganzkorpertraining-neigungsubungen\/\" \/>\n<meta property=\"og:locale\" content=\"de_DE\" \/>\n<meta property=\"og:type\" content=\"article\" \/>\n<meta property=\"og:title\" content=\"LEK\u00c4RO Verstellbare Hantelbank, faltbar, Trainingsbank f\u00fcr Zuhause, Krafttrainingsbank f\u00fcr Ganzk\u00f6rpertraining, Neigungs\u00fcbungen - TopChoiceTrends\" \/>\n<meta property=\"og:description\" content=\"Entdecke bei TopChoiceTrends gepr\u00fcfte Bestseller, Trendprodukte und starke Angebote aus vielen Kategorien. Smart vergleichen, besser kaufen \u2013 alles \u00fcber Amazon Deutschland.\" \/>\n<meta property=\"og:url\" content=\"https:\/\/topchoicetrends.com\/de\/product\/lekaro-verstellbare-hantelbank-faltbar-trainingsbank-fur-zuhause-krafttrainingsbank-fur-ganzkorpertraining-neigungsubungen\/\" \/>\n<meta property=\"og:site_name\" content=\"TopChoiceTrends\" \/>\n<meta property=\"og:image\" content=\"https:\/\/m.media-amazon.com\/images\/I\/31RGxNL7V8L.jpg\" \/>\n\t<meta property=\"og:image:width\" content=\"500\" \/>\n\t<meta property=\"og:image:height\" content=\"500\" \/>\n\t<meta property=\"og:image:type\" content=\"image\/jpeg\" \/>\n<meta name=\"twitter:card\" content=\"summary_large_image\" \/>\n<meta name=\"twitter:label1\" content=\"Gesch\u00e4tzte Lesezeit\" \/>\n\t<meta name=\"twitter:data1\" content=\"1\u00a0Minute\" \/>\n<script type=\"application\/ld+json\" class=\"yoast-schema-graph\">{\"@context\":\"https:\\\/\\\/schema.org\",\"@graph\":[{\"@type\":\"WebPage\",\"@id\":\"https:\\\/\\\/topchoicetrends.com\\\/de\\\/product\\\/lekaro-verstellbare-hantelbank-faltbar-trainingsbank-fur-zuhause-krafttrainingsbank-fur-ganzkorpertraining-neigungsubungen\\\/\",\"url\":\"https:\\\/\\\/topchoicetrends.com\\\/de\\\/product\\\/lekaro-verstellbare-hantelbank-faltbar-trainingsbank-fur-zuhause-krafttrainingsbank-fur-ganzkorpertraining-neigungsubungen\\\/\",\"name\":\"LEK\u00c4RO Verstellbare Hantelbank, faltbar, Trainingsbank f\u00fcr Zuhause, Krafttrainingsbank f\u00fcr Ganzk\u00f6rpertraining, Neigungs\u00fcbungen - TopChoiceTrends\",\"isPartOf\":{\"@id\":\"https:\\\/\\\/topchoicetrends.com\\\/de\\\/#website\"},\"primaryImageOfPage\":{\"@id\":\"https:\\\/\\\/topchoicetrends.com\\\/de\\\/product\\\/lekaro-verstellbare-hantelbank-faltbar-trainingsbank-fur-zuhause-krafttrainingsbank-fur-ganzkorpertraining-neigungsubungen\\\/#primaryimage\"},\"image\":{\"@id\":\"https:\\\/\\\/topchoicetrends.com\\\/de\\\/product\\\/lekaro-verstellbare-hantelbank-faltbar-trainingsbank-fur-zuhause-krafttrainingsbank-fur-ganzkorpertraining-neigungsubungen\\\/#primaryimage\"},\"thumbnailUrl\":\"https:\\\/\\\/m.media-amazon.com\\\/images\\\/I\\\/31RGxNL7V8L.jpg\",\"datePublished\":\"2026-02-09T18:59:09+00:00\",\"description\":\"Entdecke bei TopChoiceTrends gepr\u00fcfte Bestseller, Trendprodukte und starke Angebote aus vielen Kategorien. Smart vergleichen, besser kaufen \u2013 alles \u00fcber Amazon Deutschland.\",\"breadcrumb\":{\"@id\":\"https:\\\/\\\/topchoicetrends.com\\\/de\\\/product\\\/lekaro-verstellbare-hantelbank-faltbar-trainingsbank-fur-zuhause-krafttrainingsbank-fur-ganzkorpertraining-neigungsubungen\\\/#breadcrumb\"},\"inLanguage\":\"de\",\"potentialAction\":[{\"@type\":\"ReadAction\",\"target\":[\"https:\\\/\\\/topchoicetrends.com\\\/de\\\/product\\\/lekaro-verstellbare-hantelbank-faltbar-trainingsbank-fur-zuhause-krafttrainingsbank-fur-ganzkorpertraining-neigungsubungen\\\/\"]}]},{\"@type\":\"ImageObject\",\"inLanguage\":\"de\",\"@id\":\"https:\\\/\\\/topchoicetrends.com\\\/de\\\/product\\\/lekaro-verstellbare-hantelbank-faltbar-trainingsbank-fur-zuhause-krafttrainingsbank-fur-ganzkorpertraining-neigungsubungen\\\/#primaryimage\",\"url\":\"https:\\\/\\\/m.media-amazon.com\\\/images\\\/I\\\/31RGxNL7V8L.jpg\",\"contentUrl\":\"https:\\\/\\\/m.media-amazon.com\\\/images\\\/I\\\/31RGxNL7V8L.jpg\",\"width\":500,\"height\":500},{\"@type\":\"BreadcrumbList\",\"@id\":\"https:\\\/\\\/topchoicetrends.com\\\/de\\\/product\\\/lekaro-verstellbare-hantelbank-faltbar-trainingsbank-fur-zuhause-krafttrainingsbank-fur-ganzkorpertraining-neigungsubungen\\\/#breadcrumb\",\"itemListElement\":[{\"@type\":\"ListItem\",\"position\":1,\"name\":\"Home\",\"item\":\"https:\\\/\\\/topchoicetrends.com\\\/de\\\/\"},{\"@type\":\"ListItem\",\"position\":2,\"name\":\"Shop\",\"item\":\"https:\\\/\\\/topchoicetrends.com\\\/de\\\/shop\\\/\"},{\"@type\":\"ListItem\",\"position\":3,\"name\":\"LEK\u00c4RO Verstellbare Hantelbank, faltbar, Trainingsbank f\u00fcr Zuhause, Krafttrainingsbank f\u00fcr Ganzk\u00f6rpertraining, Neigungs\u00fcbungen\"}]},{\"@type\":\"WebSite\",\"@id\":\"https:\\\/\\\/topchoicetrends.com\\\/de\\\/#website\",\"url\":\"https:\\\/\\\/topchoicetrends.com\\\/de\\\/\",\"name\":\"TopChoiceTrends\",\"description\":\"Beste Produktfunde, Bestseller &amp; Top-Angebote online entdecken\",\"publisher\":{\"@id\":\"https:\\\/\\\/topchoicetrends.com\\\/de\\\/#organization\"},\"potentialAction\":[{\"@type\":\"SearchAction\",\"target\":{\"@type\":\"EntryPoint\",\"urlTemplate\":\"https:\\\/\\\/topchoicetrends.com\\\/de\\\/?s={search_term_string}\"},\"query-input\":{\"@type\":\"PropertyValueSpecification\",\"valueRequired\":true,\"valueName\":\"search_term_string\"}}],\"inLanguage\":\"de\"},{\"@type\":\"Organization\",\"@id\":\"https:\\\/\\\/topchoicetrends.com\\\/de\\\/#organization\",\"name\":\"TopChoiceTrends\",\"url\":\"https:\\\/\\\/topchoicetrends.com\\\/de\\\/\",\"logo\":{\"@type\":\"ImageObject\",\"inLanguage\":\"de\",\"@id\":\"https:\\\/\\\/topchoicetrends.com\\\/de\\\/#\\\/schema\\\/logo\\\/image\\\/\",\"url\":\"https:\\\/\\\/topchoicetrends.com\\\/de\\\/wp-content\\\/uploads\\\/2026\\\/03\\\/Screenshot_2025-10-09_at_8.21.29_AM-removebg-preview-2.png\",\"contentUrl\":\"https:\\\/\\\/topchoicetrends.com\\\/de\\\/wp-content\\\/uploads\\\/2026\\\/03\\\/Screenshot_2025-10-09_at_8.21.29_AM-removebg-preview-2.png\",\"width\":936,\"height\":267,\"caption\":\"TopChoiceTrends\"},\"image\":{\"@id\":\"https:\\\/\\\/topchoicetrends.com\\\/de\\\/#\\\/schema\\\/logo\\\/image\\\/\"}}]}<\/script>\n<!-- \/ Yoast SEO plugin. -->","yoast_head_json":{"title":"LEK\u00c4RO Verstellbare Hantelbank, faltbar, Trainingsbank f\u00fcr Zuhause, Krafttrainingsbank f\u00fcr Ganzk\u00f6rpertraining, Neigungs\u00fcbungen - TopChoiceTrends","description":"Entdecke bei TopChoiceTrends gepr\u00fcfte Bestseller, Trendprodukte und starke Angebote aus vielen Kategorien. Smart vergleichen, besser kaufen \u2013 alles \u00fcber Amazon Deutschland.","robots":{"index":"index","follow":"follow","max-snippet":"max-snippet:-1","max-image-preview":"max-image-preview:large","max-video-preview":"max-video-preview:-1"},"canonical":"https:\/\/topchoicetrends.com\/de\/product\/lekaro-verstellbare-hantelbank-faltbar-trainingsbank-fur-zuhause-krafttrainingsbank-fur-ganzkorpertraining-neigungsubungen\/","og_locale":"de_DE","og_type":"article","og_title":"LEK\u00c4RO Verstellbare Hantelbank, faltbar, Trainingsbank f\u00fcr Zuhause, Krafttrainingsbank f\u00fcr Ganzk\u00f6rpertraining, Neigungs\u00fcbungen - TopChoiceTrends","og_description":"Entdecke bei TopChoiceTrends gepr\u00fcfte Bestseller, Trendprodukte und starke Angebote aus vielen Kategorien. Smart vergleichen, besser kaufen \u2013 alles \u00fcber Amazon Deutschland.","og_url":"https:\/\/topchoicetrends.com\/de\/product\/lekaro-verstellbare-hantelbank-faltbar-trainingsbank-fur-zuhause-krafttrainingsbank-fur-ganzkorpertraining-neigungsubungen\/","og_site_name":"TopChoiceTrends","og_image":[{"width":500,"height":500,"url":"https:\/\/m.media-amazon.com\/images\/I\/31RGxNL7V8L.jpg","type":"image\/jpeg"}],"twitter_card":"summary_large_image","twitter_misc":{"Gesch\u00e4tzte Lesezeit":"1\u00a0Minute"},"schema":{"@context":"https:\/\/schema.org","@graph":[{"@type":"WebPage","@id":"https:\/\/topchoicetrends.com\/de\/product\/lekaro-verstellbare-hantelbank-faltbar-trainingsbank-fur-zuhause-krafttrainingsbank-fur-ganzkorpertraining-neigungsubungen\/","url":"https:\/\/topchoicetrends.com\/de\/product\/lekaro-verstellbare-hantelbank-faltbar-trainingsbank-fur-zuhause-krafttrainingsbank-fur-ganzkorpertraining-neigungsubungen\/","name":"LEK\u00c4RO Verstellbare Hantelbank, faltbar, Trainingsbank f\u00fcr Zuhause, Krafttrainingsbank f\u00fcr Ganzk\u00f6rpertraining, Neigungs\u00fcbungen - TopChoiceTrends","isPartOf":{"@id":"https:\/\/topchoicetrends.com\/de\/#website"},"primaryImageOfPage":{"@id":"https:\/\/topchoicetrends.com\/de\/product\/lekaro-verstellbare-hantelbank-faltbar-trainingsbank-fur-zuhause-krafttrainingsbank-fur-ganzkorpertraining-neigungsubungen\/#primaryimage"},"image":{"@id":"https:\/\/topchoicetrends.com\/de\/product\/lekaro-verstellbare-hantelbank-faltbar-trainingsbank-fur-zuhause-krafttrainingsbank-fur-ganzkorpertraining-neigungsubungen\/#primaryimage"},"thumbnailUrl":"https:\/\/m.media-amazon.com\/images\/I\/31RGxNL7V8L.jpg","datePublished":"2026-02-09T18:59:09+00:00","description":"Entdecke bei TopChoiceTrends gepr\u00fcfte Bestseller, Trendprodukte und starke Angebote aus vielen Kategorien. Smart vergleichen, besser kaufen \u2013 alles \u00fcber Amazon Deutschland.","breadcrumb":{"@id":"https:\/\/topchoicetrends.com\/de\/product\/lekaro-verstellbare-hantelbank-faltbar-trainingsbank-fur-zuhause-krafttrainingsbank-fur-ganzkorpertraining-neigungsubungen\/#breadcrumb"},"inLanguage":"de","potentialAction":[{"@type":"ReadAction","target":["https:\/\/topchoicetrends.com\/de\/product\/lekaro-verstellbare-hantelbank-faltbar-trainingsbank-fur-zuhause-krafttrainingsbank-fur-ganzkorpertraining-neigungsubungen\/"]}]},{"@type":"ImageObject","inLanguage":"de","@id":"https:\/\/topchoicetrends.com\/de\/product\/lekaro-verstellbare-hantelbank-faltbar-trainingsbank-fur-zuhause-krafttrainingsbank-fur-ganzkorpertraining-neigungsubungen\/#primaryimage","url":"https:\/\/m.media-amazon.com\/images\/I\/31RGxNL7V8L.jpg","contentUrl":"https:\/\/m.media-amazon.com\/images\/I\/31RGxNL7V8L.jpg","width":500,"height":500},{"@type":"BreadcrumbList","@id":"https:\/\/topchoicetrends.com\/de\/product\/lekaro-verstellbare-hantelbank-faltbar-trainingsbank-fur-zuhause-krafttrainingsbank-fur-ganzkorpertraining-neigungsubungen\/#breadcrumb","itemListElement":[{"@type":"ListItem","position":1,"name":"Home","item":"https:\/\/topchoicetrends.com\/de\/"},{"@type":"ListItem","position":2,"name":"Shop","item":"https:\/\/topchoicetrends.com\/de\/shop\/"},{"@type":"ListItem","position":3,"name":"LEK\u00c4RO Verstellbare Hantelbank, faltbar, Trainingsbank f\u00fcr Zuhause, Krafttrainingsbank f\u00fcr Ganzk\u00f6rpertraining, Neigungs\u00fcbungen"}]},{"@type":"WebSite","@id":"https:\/\/topchoicetrends.com\/de\/#website","url":"https:\/\/topchoicetrends.com\/de\/","name":"TopChoiceTrends","description":"Beste Produktfunde, Bestseller &amp; Top-Angebote online entdecken","publisher":{"@id":"https:\/\/topchoicetrends.com\/de\/#organization"},"potentialAction":[{"@type":"SearchAction","target":{"@type":"EntryPoint","urlTemplate":"https:\/\/topchoicetrends.com\/de\/?s={search_term_string}"},"query-input":{"@type":"PropertyValueSpecification","valueRequired":true,"valueName":"search_term_string"}}],"inLanguage":"de"},{"@type":"Organization","@id":"https:\/\/topchoicetrends.com\/de\/#organization","name":"TopChoiceTrends","url":"https:\/\/topchoicetrends.com\/de\/","logo":{"@type":"ImageObject","inLanguage":"de","@id":"https:\/\/topchoicetrends.com\/de\/#\/schema\/logo\/image\/","url":"https:\/\/topchoicetrends.com\/de\/wp-content\/uploads\/2026\/03\/Screenshot_2025-10-09_at_8.21.29_AM-removebg-preview-2.png","contentUrl":"https:\/\/topchoicetrends.com\/de\/wp-content\/uploads\/2026\/03\/Screenshot_2025-10-09_at_8.21.29_AM-removebg-preview-2.png","width":936,"height":267,"caption":"TopChoiceTrends"},"image":{"@id":"https:\/\/topchoicetrends.com\/de\/#\/schema\/logo\/image\/"}}]}},"_links":{"self":[{"href":"https:\/\/topchoicetrends.com\/de\/wp-json\/wp\/v2\/product\/2644","targetHints":{"allow":["GET"]}}],"collection":[{"href":"https:\/\/topchoicetrends.com\/de\/wp-json\/wp\/v2\/product"}],"about":[{"href":"https:\/\/topchoicetrends.com\/de\/wp-json\/wp\/v2\/types\/product"}],"replies":[{"embeddable":true,"href":"https:\/\/topchoicetrends.com\/de\/wp-json\/wp\/v2\/comments?post=2644"}],"wp:featuredmedia":[{"embeddable":true,"href":"https:\/\/topchoicetrends.com\/de\/wp-json\/wp\/v2\/media\/2645"}],"wp:attachment":[{"href":"https:\/\/topchoicetrends.com\/de\/wp-json\/wp\/v2\/media?parent=2644"}],"wp:term":[{"taxonomy":"store","embeddable":true,"href":"https:\/\/topchoicetrends.com\/de\/wp-json\/wp\/v2\/store?post=2644"},{"taxonomy":"product_brand","embeddable":true,"href":"https:\/\/topchoicetrends.com\/de\/wp-json\/wp\/v2\/product_brand?post=2644"},{"taxonomy":"product_cat","embeddable":true,"href":"https:\/\/topchoicetrends.com\/de\/wp-json\/wp\/v2\/product_cat?post=2644"},{"taxonomy":"product_tag","embeddable":true,"href":"https:\/\/topchoicetrends.com\/de\/wp-json\/wp\/v2\/product_tag?post=2644"}],"curies":[{"name":"wp","href":"https:\/\/api.w.org\/{rel}","templated":true}]}}