{"id":2507,"date":"2026-02-09T18:48:34","date_gmt":"2026-02-09T18:48:34","guid":{"rendered":"https:\/\/topchoicetrends.com\/de\/product\/cosrx-advanced-snail-96-mucin-power-essence-100ml-gesichtsserum-mit-schneckenschleim-und-hyaluron-hochdosiert-fur-unreine-und-empfindliche-haut-anti-pickel-tierversuchsfrei-korean-skincare\/"},"modified":"2024-10-30T12:25:40","modified_gmt":"2024-10-30T12:25:40","slug":"cosrx-advanced-snail-96-mucin-power-essence-100ml-gesichtsserum-mit-schneckenschleim-und-hyaluron-hochdosiert-fur-unreine-und-empfindliche-haut-anti-pickel-tierversuchsfrei-korean-skincare","status":"publish","type":"product","link":"https:\/\/topchoicetrends.com\/de\/product\/cosrx-advanced-snail-96-mucin-power-essence-100ml-gesichtsserum-mit-schneckenschleim-und-hyaluron-hochdosiert-fur-unreine-und-empfindliche-haut-anti-pickel-tierversuchsfrei-korean-skincare\/","title":{"rendered":"COSRX Advanced Snail 96% Mucin Powe..."},"content":{"rendered":"<p>Hodosiertes Schneckenserum mit Hyalurons\u00e4ure beruhigt und repariert die gesch\u00e4digte Haut bei Unreinheiten und R\u00f6tungen.<br \/>\nSchneckenschleim ist ein HOCHWIRKSAMEN Inhaltsstoff f\u00fcr unreine, trockene und empfindliche Haut. Er l\u00e4sst die Feuchtigkeit tief in die Haut eindringen und hilft bei Akneausbr\u00fcchen und Falten.<br \/>\nLeichte Textur, einfach und wirksam: Ein leichtes serum, das von der Haut schnell aufgenommen wird und f\u00fcr ein nat\u00fcrliches und gesundes Leuchten sorgt.<br \/>\nEs kommen KEINE Schnecken zu Schaden. Schneckenschleim wird auf sichere und umweltfreundliche Weise in einer f\u00fcr Schnecken angenehmen Umgebung gewonnen und zu Kosmetikrohstoff weiterverarbeitet. 100 % nat\u00fcrlich, hypoallergen, dermatologisch getestet.<br \/>\nCOSRX-Requirements: Reine Sch\u00f6nheit \u2013 Alle COSRX-Produkte sind aus hautfreundlichen Inhaltsstoffen zubereitet, die Hautreizungen mildern. Hypoallergen, dermatologisch getestet, ohne Tierversuch, ohne Parabene, ohne Sulfate, ohne Phthalate.<br \/>\n<div class=\"main-cross-sell\" data-asin=\"B00PBX3L7K\">\n\n\t<div class=\"WooZone-cross-sell-loader\">\n\t\t<div>\n\t\t\t<div id=\"floatingBarsG\">\n\t\t\t\t<div class=\"blockG\" id=\"rotateG_01\"><\/div>\n\t\t\t\t<div class=\"blockG\" id=\"rotateG_02\"><\/div>\n\t\t\t\t<div class=\"blockG\" id=\"rotateG_03\"><\/div>\n\t\t\t\t<div class=\"blockG\" id=\"rotateG_04\"><\/div>\n\t\t\t\t<div class=\"blockG\" id=\"rotateG_05\"><\/div>\n\t\t\t\t<div class=\"blockG\" id=\"rotateG_06\"><\/div>\n\t\t\t\t<div class=\"blockG\" id=\"rotateG_07\"><\/div>\n\t\t\t\t<div class=\"blockG\" id=\"rotateG_08\"><\/div>\n\t\t\t<\/div>\n\t\t\t<div class=\"WooZone-cross-sell-loader-text\"><\/div>\n\t\t<\/div>\n\t<\/div>\n\n\t\t\n<\/div>\n<div style=\"clear:both;\"><\/div><\/p>\n","protected":false},"excerpt":{"rendered":"<p>Hodosiertes Schneckenserum mit Hyalurons\u00e4ure beruhigt und repariert die gesch\u00e4digte Haut bei Unreinheiten und R\u00f6tungen.<br \/>\nSchneckenschleim ist ein HOCHWIRKSAMEN Inhaltsstoff f\u00fcr unreine, trockene und empfindliche Haut. Er l\u00e4sst die Feuchtigkeit tief in die Haut eindringen und hilft bei Akneausbr\u00fcchen und Falten.<br \/>\nLeichte Textur, einfach und wirksam: Ein leichtes serum, das von der Haut schnell aufgenommen wird und f\u00fcr ein nat\u00fcrliches und gesundes Leuchten sorgt.<\/p>\n","protected":false},"featured_media":2508,"comment_status":"open","ping_status":"closed","template":"","meta":{"_aipt_faq_data":""},"store":[],"product_brand":[],"product_cat":[28,48],"product_tag":[],"class_list":{"0":"post-2507","1":"product","2":"type-product","3":"status-publish","4":"has-post-thumbnail","6":"product_cat-trending","7":"product_cat-beauty-personal-care","8":"pa_brand-visit-the-cosrx-store","10":"first","11":"instock","12":"sale","13":"shipping-taxable","14":"product-type-external"},"yoast_head":"<!-- This site is optimized with the Yoast SEO plugin v27.1.1 - https:\/\/yoast.com\/product\/yoast-seo-wordpress\/ -->\n<title>COSRX Advanced Snail 96% Mucin Power Essence 100ml, Gesichtsserum mit Schneckenschleim und Hyaluron hochdosiert, f\u00fcr unreine und empfindliche Haut, Anti Pickel, tierversuchsfrei, Korean Skincare - TopChoiceTrends<\/title>\n<meta name=\"description\" content=\"Entdecke bei TopChoiceTrends gepr\u00fcfte Bestseller, Trendprodukte und starke Angebote aus vielen Kategorien. Smart vergleichen, besser kaufen \u2013 alles \u00fcber Amazon Deutschland.\" \/>\n<meta name=\"robots\" content=\"index, follow, max-snippet:-1, max-image-preview:large, max-video-preview:-1\" \/>\n<link rel=\"canonical\" href=\"https:\/\/topchoicetrends.com\/de\/product\/cosrx-advanced-snail-96-mucin-power-essence-100ml-gesichtsserum-mit-schneckenschleim-und-hyaluron-hochdosiert-fur-unreine-und-empfindliche-haut-anti-pickel-tierversuchsfrei-korean-skincare\/\" \/>\n<meta property=\"og:locale\" content=\"de_DE\" \/>\n<meta property=\"og:type\" content=\"article\" \/>\n<meta property=\"og:title\" content=\"COSRX Advanced Snail 96% Mucin Power Essence 100ml, Gesichtsserum mit Schneckenschleim und Hyaluron hochdosiert, f\u00fcr unreine und empfindliche Haut, Anti Pickel, tierversuchsfrei, Korean Skincare - TopChoiceTrends\" \/>\n<meta property=\"og:description\" content=\"Entdecke bei TopChoiceTrends gepr\u00fcfte Bestseller, Trendprodukte und starke Angebote aus vielen Kategorien. Smart vergleichen, besser kaufen \u2013 alles \u00fcber Amazon Deutschland.\" \/>\n<meta property=\"og:url\" content=\"https:\/\/topchoicetrends.com\/de\/product\/cosrx-advanced-snail-96-mucin-power-essence-100ml-gesichtsserum-mit-schneckenschleim-und-hyaluron-hochdosiert-fur-unreine-und-empfindliche-haut-anti-pickel-tierversuchsfrei-korean-skincare\/\" \/>\n<meta property=\"og:site_name\" content=\"TopChoiceTrends\" \/>\n<meta property=\"og:image\" content=\"https:\/\/m.media-amazon.com\/images\/I\/31OiAm-FA8L.jpg\" \/>\n\t<meta property=\"og:image:width\" content=\"500\" \/>\n\t<meta property=\"og:image:height\" content=\"500\" \/>\n\t<meta property=\"og:image:type\" content=\"image\/jpeg\" \/>\n<meta name=\"twitter:card\" content=\"summary_large_image\" \/>\n<meta name=\"twitter:label1\" content=\"Gesch\u00e4tzte Lesezeit\" \/>\n\t<meta name=\"twitter:data1\" content=\"1\u00a0Minute\" \/>\n<script type=\"application\/ld+json\" class=\"yoast-schema-graph\">{\"@context\":\"https:\/\/schema.org\",\"@graph\":[{\"@type\":\"WebPage\",\"@id\":\"https:\/\/topchoicetrends.com\/de\/product\/cosrx-advanced-snail-96-mucin-power-essence-100ml-gesichtsserum-mit-schneckenschleim-und-hyaluron-hochdosiert-fur-unreine-und-empfindliche-haut-anti-pickel-tierversuchsfrei-korean-skincare\/\",\"url\":\"https:\/\/topchoicetrends.com\/de\/product\/cosrx-advanced-snail-96-mucin-power-essence-100ml-gesichtsserum-mit-schneckenschleim-und-hyaluron-hochdosiert-fur-unreine-und-empfindliche-haut-anti-pickel-tierversuchsfrei-korean-skincare\/\",\"name\":\"COSRX Advanced Snail 96% Mucin Power Essence 100ml, Gesichtsserum mit Schneckenschleim und Hyaluron hochdosiert, f\u00fcr unreine und empfindliche Haut, Anti Pickel, tierversuchsfrei, Korean Skincare - TopChoiceTrends\",\"isPartOf\":{\"@id\":\"https:\/\/topchoicetrends.com\/de\/#website\"},\"primaryImageOfPage\":{\"@id\":\"https:\/\/topchoicetrends.com\/de\/product\/cosrx-advanced-snail-96-mucin-power-essence-100ml-gesichtsserum-mit-schneckenschleim-und-hyaluron-hochdosiert-fur-unreine-und-empfindliche-haut-anti-pickel-tierversuchsfrei-korean-skincare\/#primaryimage\"},\"image\":{\"@id\":\"https:\/\/topchoicetrends.com\/de\/product\/cosrx-advanced-snail-96-mucin-power-essence-100ml-gesichtsserum-mit-schneckenschleim-und-hyaluron-hochdosiert-fur-unreine-und-empfindliche-haut-anti-pickel-tierversuchsfrei-korean-skincare\/#primaryimage\"},\"thumbnailUrl\":\"https:\/\/m.media-amazon.com\/images\/I\/31OiAm-FA8L.jpg\",\"datePublished\":\"2026-02-09T18:48:34+00:00\",\"description\":\"Entdecke bei TopChoiceTrends gepr\u00fcfte Bestseller, Trendprodukte und starke Angebote aus vielen Kategorien. Smart vergleichen, besser kaufen \u2013 alles \u00fcber Amazon Deutschland.\",\"breadcrumb\":{\"@id\":\"https:\/\/topchoicetrends.com\/de\/product\/cosrx-advanced-snail-96-mucin-power-essence-100ml-gesichtsserum-mit-schneckenschleim-und-hyaluron-hochdosiert-fur-unreine-und-empfindliche-haut-anti-pickel-tierversuchsfrei-korean-skincare\/#breadcrumb\"},\"inLanguage\":\"de\",\"potentialAction\":[{\"@type\":\"ReadAction\",\"target\":[\"https:\/\/topchoicetrends.com\/de\/product\/cosrx-advanced-snail-96-mucin-power-essence-100ml-gesichtsserum-mit-schneckenschleim-und-hyaluron-hochdosiert-fur-unreine-und-empfindliche-haut-anti-pickel-tierversuchsfrei-korean-skincare\/\"]}]},{\"@type\":\"ImageObject\",\"inLanguage\":\"de\",\"@id\":\"https:\/\/topchoicetrends.com\/de\/product\/cosrx-advanced-snail-96-mucin-power-essence-100ml-gesichtsserum-mit-schneckenschleim-und-hyaluron-hochdosiert-fur-unreine-und-empfindliche-haut-anti-pickel-tierversuchsfrei-korean-skincare\/#primaryimage\",\"url\":\"https:\/\/m.media-amazon.com\/images\/I\/31OiAm-FA8L.jpg\",\"contentUrl\":\"https:\/\/m.media-amazon.com\/images\/I\/31OiAm-FA8L.jpg\",\"width\":500,\"height\":500},{\"@type\":\"BreadcrumbList\",\"@id\":\"https:\/\/topchoicetrends.com\/de\/product\/cosrx-advanced-snail-96-mucin-power-essence-100ml-gesichtsserum-mit-schneckenschleim-und-hyaluron-hochdosiert-fur-unreine-und-empfindliche-haut-anti-pickel-tierversuchsfrei-korean-skincare\/#breadcrumb\",\"itemListElement\":[{\"@type\":\"ListItem\",\"position\":1,\"name\":\"Home\",\"item\":\"https:\/\/topchoicetrends.com\/de\/\"},{\"@type\":\"ListItem\",\"position\":2,\"name\":\"Shop\",\"item\":\"https:\/\/topchoicetrends.com\/de\/shop\/\"},{\"@type\":\"ListItem\",\"position\":3,\"name\":\"COSRX Advanced Snail 96% Mucin Power Essence 100ml, Gesichtsserum mit Schneckenschleim und Hyaluron hochdosiert, f\u00fcr unreine und empfindliche Haut, Anti Pickel, tierversuchsfrei, Korean Skincare\"}]},{\"@type\":\"WebSite\",\"@id\":\"https:\/\/topchoicetrends.com\/de\/#website\",\"url\":\"https:\/\/topchoicetrends.com\/de\/\",\"name\":\"TopChoiceTrends\",\"description\":\"Beste Produktfunde, Bestseller &amp; Top-Angebote online entdecken\",\"publisher\":{\"@id\":\"https:\/\/topchoicetrends.com\/de\/#organization\"},\"potentialAction\":[{\"@type\":\"SearchAction\",\"target\":{\"@type\":\"EntryPoint\",\"urlTemplate\":\"https:\/\/topchoicetrends.com\/de\/?s={search_term_string}\"},\"query-input\":{\"@type\":\"PropertyValueSpecification\",\"valueRequired\":true,\"valueName\":\"search_term_string\"}}],\"inLanguage\":\"de\"},{\"@type\":\"Organization\",\"@id\":\"https:\/\/topchoicetrends.com\/de\/#organization\",\"name\":\"TopChoiceTrends\",\"url\":\"https:\/\/topchoicetrends.com\/de\/\",\"logo\":{\"@type\":\"ImageObject\",\"inLanguage\":\"de\",\"@id\":\"https:\/\/topchoicetrends.com\/de\/#\/schema\/logo\/image\/\",\"url\":\"https:\/\/topchoicetrends.com\/de\/wp-content\/uploads\/2026\/03\/Screenshot_2025-10-09_at_8.21.29_AM-removebg-preview-2.png\",\"contentUrl\":\"https:\/\/topchoicetrends.com\/de\/wp-content\/uploads\/2026\/03\/Screenshot_2025-10-09_at_8.21.29_AM-removebg-preview-2.png\",\"width\":936,\"height\":267,\"caption\":\"TopChoiceTrends\"},\"image\":{\"@id\":\"https:\/\/topchoicetrends.com\/de\/#\/schema\/logo\/image\/\"}}]}<\/script>\n<!-- \/ Yoast SEO plugin. -->","yoast_head_json":{"title":"COSRX Advanced Snail 96% Mucin Power Essence 100ml, Gesichtsserum mit Schneckenschleim und Hyaluron hochdosiert, f\u00fcr unreine und empfindliche Haut, Anti Pickel, tierversuchsfrei, Korean Skincare - TopChoiceTrends","description":"Entdecke bei TopChoiceTrends gepr\u00fcfte Bestseller, Trendprodukte und starke Angebote aus vielen Kategorien. Smart vergleichen, besser kaufen \u2013 alles \u00fcber Amazon Deutschland.","robots":{"index":"index","follow":"follow","max-snippet":"max-snippet:-1","max-image-preview":"max-image-preview:large","max-video-preview":"max-video-preview:-1"},"canonical":"https:\/\/topchoicetrends.com\/de\/product\/cosrx-advanced-snail-96-mucin-power-essence-100ml-gesichtsserum-mit-schneckenschleim-und-hyaluron-hochdosiert-fur-unreine-und-empfindliche-haut-anti-pickel-tierversuchsfrei-korean-skincare\/","og_locale":"de_DE","og_type":"article","og_title":"COSRX Advanced Snail 96% Mucin Power Essence 100ml, Gesichtsserum mit Schneckenschleim und Hyaluron hochdosiert, f\u00fcr unreine und empfindliche Haut, Anti Pickel, tierversuchsfrei, Korean Skincare - TopChoiceTrends","og_description":"Entdecke bei TopChoiceTrends gepr\u00fcfte Bestseller, Trendprodukte und starke Angebote aus vielen Kategorien. Smart vergleichen, besser kaufen \u2013 alles \u00fcber Amazon Deutschland.","og_url":"https:\/\/topchoicetrends.com\/de\/product\/cosrx-advanced-snail-96-mucin-power-essence-100ml-gesichtsserum-mit-schneckenschleim-und-hyaluron-hochdosiert-fur-unreine-und-empfindliche-haut-anti-pickel-tierversuchsfrei-korean-skincare\/","og_site_name":"TopChoiceTrends","og_image":[{"width":500,"height":500,"url":"https:\/\/m.media-amazon.com\/images\/I\/31OiAm-FA8L.jpg","type":"image\/jpeg"}],"twitter_card":"summary_large_image","twitter_misc":{"Gesch\u00e4tzte Lesezeit":"1\u00a0Minute"},"schema":{"@context":"https:\/\/schema.org","@graph":[{"@type":"WebPage","@id":"https:\/\/topchoicetrends.com\/de\/product\/cosrx-advanced-snail-96-mucin-power-essence-100ml-gesichtsserum-mit-schneckenschleim-und-hyaluron-hochdosiert-fur-unreine-und-empfindliche-haut-anti-pickel-tierversuchsfrei-korean-skincare\/","url":"https:\/\/topchoicetrends.com\/de\/product\/cosrx-advanced-snail-96-mucin-power-essence-100ml-gesichtsserum-mit-schneckenschleim-und-hyaluron-hochdosiert-fur-unreine-und-empfindliche-haut-anti-pickel-tierversuchsfrei-korean-skincare\/","name":"COSRX Advanced Snail 96% Mucin Power Essence 100ml, Gesichtsserum mit Schneckenschleim und Hyaluron hochdosiert, f\u00fcr unreine und empfindliche Haut, Anti Pickel, tierversuchsfrei, Korean Skincare - TopChoiceTrends","isPartOf":{"@id":"https:\/\/topchoicetrends.com\/de\/#website"},"primaryImageOfPage":{"@id":"https:\/\/topchoicetrends.com\/de\/product\/cosrx-advanced-snail-96-mucin-power-essence-100ml-gesichtsserum-mit-schneckenschleim-und-hyaluron-hochdosiert-fur-unreine-und-empfindliche-haut-anti-pickel-tierversuchsfrei-korean-skincare\/#primaryimage"},"image":{"@id":"https:\/\/topchoicetrends.com\/de\/product\/cosrx-advanced-snail-96-mucin-power-essence-100ml-gesichtsserum-mit-schneckenschleim-und-hyaluron-hochdosiert-fur-unreine-und-empfindliche-haut-anti-pickel-tierversuchsfrei-korean-skincare\/#primaryimage"},"thumbnailUrl":"https:\/\/m.media-amazon.com\/images\/I\/31OiAm-FA8L.jpg","datePublished":"2026-02-09T18:48:34+00:00","description":"Entdecke bei TopChoiceTrends gepr\u00fcfte Bestseller, Trendprodukte und starke Angebote aus vielen Kategorien. Smart vergleichen, besser kaufen \u2013 alles \u00fcber Amazon Deutschland.","breadcrumb":{"@id":"https:\/\/topchoicetrends.com\/de\/product\/cosrx-advanced-snail-96-mucin-power-essence-100ml-gesichtsserum-mit-schneckenschleim-und-hyaluron-hochdosiert-fur-unreine-und-empfindliche-haut-anti-pickel-tierversuchsfrei-korean-skincare\/#breadcrumb"},"inLanguage":"de","potentialAction":[{"@type":"ReadAction","target":["https:\/\/topchoicetrends.com\/de\/product\/cosrx-advanced-snail-96-mucin-power-essence-100ml-gesichtsserum-mit-schneckenschleim-und-hyaluron-hochdosiert-fur-unreine-und-empfindliche-haut-anti-pickel-tierversuchsfrei-korean-skincare\/"]}]},{"@type":"ImageObject","inLanguage":"de","@id":"https:\/\/topchoicetrends.com\/de\/product\/cosrx-advanced-snail-96-mucin-power-essence-100ml-gesichtsserum-mit-schneckenschleim-und-hyaluron-hochdosiert-fur-unreine-und-empfindliche-haut-anti-pickel-tierversuchsfrei-korean-skincare\/#primaryimage","url":"https:\/\/m.media-amazon.com\/images\/I\/31OiAm-FA8L.jpg","contentUrl":"https:\/\/m.media-amazon.com\/images\/I\/31OiAm-FA8L.jpg","width":500,"height":500},{"@type":"BreadcrumbList","@id":"https:\/\/topchoicetrends.com\/de\/product\/cosrx-advanced-snail-96-mucin-power-essence-100ml-gesichtsserum-mit-schneckenschleim-und-hyaluron-hochdosiert-fur-unreine-und-empfindliche-haut-anti-pickel-tierversuchsfrei-korean-skincare\/#breadcrumb","itemListElement":[{"@type":"ListItem","position":1,"name":"Home","item":"https:\/\/topchoicetrends.com\/de\/"},{"@type":"ListItem","position":2,"name":"Shop","item":"https:\/\/topchoicetrends.com\/de\/shop\/"},{"@type":"ListItem","position":3,"name":"COSRX Advanced Snail 96% Mucin Power Essence 100ml, Gesichtsserum mit Schneckenschleim und Hyaluron hochdosiert, f\u00fcr unreine und empfindliche Haut, Anti Pickel, tierversuchsfrei, Korean Skincare"}]},{"@type":"WebSite","@id":"https:\/\/topchoicetrends.com\/de\/#website","url":"https:\/\/topchoicetrends.com\/de\/","name":"TopChoiceTrends","description":"Beste Produktfunde, Bestseller &amp; Top-Angebote online entdecken","publisher":{"@id":"https:\/\/topchoicetrends.com\/de\/#organization"},"potentialAction":[{"@type":"SearchAction","target":{"@type":"EntryPoint","urlTemplate":"https:\/\/topchoicetrends.com\/de\/?s={search_term_string}"},"query-input":{"@type":"PropertyValueSpecification","valueRequired":true,"valueName":"search_term_string"}}],"inLanguage":"de"},{"@type":"Organization","@id":"https:\/\/topchoicetrends.com\/de\/#organization","name":"TopChoiceTrends","url":"https:\/\/topchoicetrends.com\/de\/","logo":{"@type":"ImageObject","inLanguage":"de","@id":"https:\/\/topchoicetrends.com\/de\/#\/schema\/logo\/image\/","url":"https:\/\/topchoicetrends.com\/de\/wp-content\/uploads\/2026\/03\/Screenshot_2025-10-09_at_8.21.29_AM-removebg-preview-2.png","contentUrl":"https:\/\/topchoicetrends.com\/de\/wp-content\/uploads\/2026\/03\/Screenshot_2025-10-09_at_8.21.29_AM-removebg-preview-2.png","width":936,"height":267,"caption":"TopChoiceTrends"},"image":{"@id":"https:\/\/topchoicetrends.com\/de\/#\/schema\/logo\/image\/"}}]}},"_links":{"self":[{"href":"https:\/\/topchoicetrends.com\/de\/wp-json\/wp\/v2\/product\/2507","targetHints":{"allow":["GET"]}}],"collection":[{"href":"https:\/\/topchoicetrends.com\/de\/wp-json\/wp\/v2\/product"}],"about":[{"href":"https:\/\/topchoicetrends.com\/de\/wp-json\/wp\/v2\/types\/product"}],"replies":[{"embeddable":true,"href":"https:\/\/topchoicetrends.com\/de\/wp-json\/wp\/v2\/comments?post=2507"}],"wp:featuredmedia":[{"embeddable":true,"href":"https:\/\/topchoicetrends.com\/de\/wp-json\/wp\/v2\/media\/2508"}],"wp:attachment":[{"href":"https:\/\/topchoicetrends.com\/de\/wp-json\/wp\/v2\/media?parent=2507"}],"wp:term":[{"taxonomy":"store","embeddable":true,"href":"https:\/\/topchoicetrends.com\/de\/wp-json\/wp\/v2\/store?post=2507"},{"taxonomy":"product_brand","embeddable":true,"href":"https:\/\/topchoicetrends.com\/de\/wp-json\/wp\/v2\/product_brand?post=2507"},{"taxonomy":"product_cat","embeddable":true,"href":"https:\/\/topchoicetrends.com\/de\/wp-json\/wp\/v2\/product_cat?post=2507"},{"taxonomy":"product_tag","embeddable":true,"href":"https:\/\/topchoicetrends.com\/de\/wp-json\/wp\/v2\/product_tag?post=2507"}],"curies":[{"name":"wp","href":"https:\/\/api.w.org\/{rel}","templated":true}]}}