{"id":1886,"date":"2026-02-09T19:04:40","date_gmt":"2026-02-09T19:04:40","guid":{"rendered":"https:\/\/topchoicetrends.com\/de\/product\/nivea-anti-aging-serum-gegen-pigmentflecken-gesichtspflege-mit-kollagen-booster-und-hyaluronsaure-fur-reife-haut-cellular-luminous630-2-in-1-anti-age-altersflecken-serum-30-ml\/"},"modified":"2024-10-30T12:25:50","modified_gmt":"2024-10-30T12:25:50","slug":"nivea-anti-aging-serum-gegen-pigmentflecken-gesichtspflege-mit-kollagen-booster-und-hyaluronsaure-fur-reife-haut-cellular-luminous630-2-in-1-anti-age-altersflecken-serum-30-ml","status":"publish","type":"product","link":"https:\/\/topchoicetrends.com\/de\/product\/nivea-anti-aging-serum-gegen-pigmentflecken-gesichtspflege-mit-kollagen-booster-und-hyaluronsaure-fur-reife-haut-cellular-luminous630-2-in-1-anti-age-altersflecken-serum-30-ml\/","title":{"rendered":"NIVEA Anti-Aging Serum gegen Pigmen..."},"content":{"rendered":"<p><!-- show up to 2 reviews by default --> <\/p>\n<h3> <span>Product Description<\/span> <\/h3>\n<\/p>\n<p><span>NIVEA Mobile LUMINOUS630\u00ae 2-in-1 Anti-Age &amp; Age Spots Serum &#8211; Reduces Age Spots Over 10 Years <\/span><\/p>\n<p><span>The NIVEA Mobile LUMINOUS630\u00ae 2-in-1 Anti-Age &amp; Age Spot Serum has been specifically developed for the wants of mature pores and skin and combines the confirmed effectiveness of the patented lively ingredient LUMINOUS630\u00ae in opposition to pigment spots with Nivea&#8217;s recognised experience within the anti-ageing space. After 10 years of intensive analysis and testing greater than 50,000 substances, NIVEA has developed a brand new, extremely efficient lively ingredient for decreasing pigment spots: the lively ingredient LUMINOUS630\u00ae. This counteracts present pigment spots by visibly brightening them and decreasing in measurement. On the similar time, it helps forestall the formation of latest pigment spots. The progressive face serum reduces over 10 years outdated age spots with seen ends in 2 weeks. It additionally strengthens the pores and skin construction for agency and elastic pores and skin and fills even deep wrinkles inside 7 days. The anti-wrinkle serum is mild on the pores and skin and appropriate for all pores and skin sorts, together with delicate pores and skin. Luminous: 630\u00ae additionally works for all pores and skin tones. For a extra even, firmer and radiant pores and skin: NIVEA Mobile LUMINOUS630\u00ae 2-in-1 Anti-Age &amp; Age Spot Serum. <\/span><\/p>\n<p><span>Software: <\/span><\/p>\n<p><span>Apply day by day morning and night to your entire face earlier than the same old facial care routine. For optimum outcomes and to guard in opposition to additional staining and darkening, apply the LUMINIOUS630\u00ae Day Cream Fluid SPF 50 within the morning after the serum. The facial care merchandise with LUMINOUS630\u00ae max. Use 4 instances a day. Keep away from eye contact. <\/span><\/p>\n<p><span>*Pure soy extract, proof in vitro. <\/span><\/p>\n<p><span>**In vitro. <\/span><\/p>\n<\/p>\n<h3> <span>Instructions<\/span> <\/h3>\n<p> <span>Apply twice day by day within the morning and night to cleansed pores and skin. Use face merchandise with Luminous630\u00ae most 4 instances a day. Shield the attention space.<\/span> <\/p>\n<div data-a-expander-name=\"toggle_description\" class=\"a-row a-expander-container a-expander-extend-container\">\n<div data-expanded=\"false\" class=\"a-expander-content a-expander-extend-content\">\n<h3> <span>Security Warning<\/span> <\/h3>\n<p> <span>Keep away from direct eye contact.<\/span> <\/p>\n<h3> <span>Producer Contact Data<\/span> <\/h3>\n<p> <span>Unnastra\u00dfe 48, 20245 Hamburg<\/span> <\/p>\n<\/p><\/div>\n<p> <a data-csa-c-func-deps=\"aui-da-a-expander-toggle\" data-csa-c-type=\"widget\" data-csa-interaction-events=\"click\" aria-expanded=\"false\" role=\"button\" href=\"javascript:void(0)\" data-action=\"a-expander-toggle\" class=\"a-expander-header a-declarative a-expander-extend-header\" data-a-expander-toggle=\"{\" allowlinkdefault more less><i class=\"a-icon a-icon-extender-expand\"><\/i><span class=\"a-expander-prompt\">See more<\/span><\/a> <\/div>\n<p>Ebenm\u00e4\u00dfige Haut \u2013 Das Gesichtsserum reduziert selbst hartn\u00e4ckige, \u00fcber 10 Jahre entstandene Altersflecken sichtbar in 2 Wochen. Der Neuentstehung von Pigmentflecken wird vorgebeugt.<br \/>\nPatentierter Wirkstoff \u2013 Nach 10 Jahren intensiver Forschung hat NIVEA den hocheffektiven Wirkstoff LUMINOUS630 f\u00fcr die Reduzierung und Aufhellung von Pigmentflecken entwickelt.<br \/>\nHochwirksame Formel \u2013 Das Serum mit Kollagen Booster* steigert die zelleigene Kollagenproduktion* und hilft dabei, der Haut wieder Volumen zu verleihen und tiefe Falten innerhalb von 7 Tagen aufzuf\u00fcllen.<br \/>\nInnovatives Serum \u2013 Mit zellaktivierender Hyalurons\u00e4ure** polstert das Serum gegen Pigmentflecken die Haut mit Feuchtigkeit auf und st\u00e4rkt die Hautstruktur f\u00fcr eine gefestigte Haut.<br \/>\nLieferumfang &#038; Particulars \u2013 NIVEA Luminous Anti Pigment Kollagen Booster Serum, sanft zur Haut und f\u00fcr alle Hauttypen und -t\u00f6ne geeignet, Hautvertr\u00e4glichkeit dermatologisch best\u00e4tigt, Artikelnummer 98711<br \/>\n<div class=\"main-cross-sell\" data-asin=\"B0CF5B7MG8\">\n\n\t<div class=\"WooZone-cross-sell-loader\">\n\t\t<div>\n\t\t\t<div id=\"floatingBarsG\">\n\t\t\t\t<div class=\"blockG\" id=\"rotateG_01\"><\/div>\n\t\t\t\t<div class=\"blockG\" id=\"rotateG_02\"><\/div>\n\t\t\t\t<div class=\"blockG\" id=\"rotateG_03\"><\/div>\n\t\t\t\t<div class=\"blockG\" id=\"rotateG_04\"><\/div>\n\t\t\t\t<div class=\"blockG\" id=\"rotateG_05\"><\/div>\n\t\t\t\t<div class=\"blockG\" id=\"rotateG_06\"><\/div>\n\t\t\t\t<div class=\"blockG\" id=\"rotateG_07\"><\/div>\n\t\t\t\t<div class=\"blockG\" id=\"rotateG_08\"><\/div>\n\t\t\t<\/div>\n\t\t\t<div class=\"WooZone-cross-sell-loader-text\"><\/div>\n\t\t<\/div>\n\t<\/div>\n\n\t\t\n<\/div>\n<div style=\"clear:both;\"><\/div><\/p>\n","protected":false},"excerpt":{"rendered":"<p>Ebenm\u00e4\u00dfige Haut \u2013 Das Gesichtsserum reduziert selbst hartn\u00e4ckige, \u00fcber 10 Jahre entstandene Altersflecken sichtbar in 2 Wochen. Der Neuentstehung von Pigmentflecken wird vorgebeugt.<br \/>\nPatentierter Wirkstoff \u2013 Nach 10 Jahren intensiver Forschung hat NIVEA den hocheffektiven Wirkstoff LUMINOUS630 f\u00fcr die Reduzierung und Aufhellung von Pigmentflecken entwickelt.<br \/>\nHochwirksame Formel \u2013 Das Serum mit Kollagen Booster* steigert die zelleigene Kollagenproduktion* und hilft dabei, der Haut wieder Volumen zu verleihen und tiefe Falten innerhalb von 7 Tagen aufzuf\u00fcllen.<\/p>\n","protected":false},"featured_media":1887,"comment_status":"open","ping_status":"closed","template":"","meta":{"_aipt_faq_data":""},"store":[],"product_brand":[],"product_cat":[28,48],"product_tag":[],"class_list":{"0":"post-1886","1":"product","2":"type-product","3":"status-publish","4":"has-post-thumbnail","6":"product_cat-trending","7":"product_cat-beauty-personal-care","8":"pa_brand-visit-the-nivea-store","10":"first","11":"instock","12":"sale","13":"shipping-taxable","14":"product-type-external"},"yoast_head":"<!-- This site is optimized with the Yoast SEO plugin v27.1.1 - https:\/\/yoast.com\/product\/yoast-seo-wordpress\/ -->\n<title>NIVEA Anti-Aging Serum gegen Pigmentflecken, Gesichtspflege mit Kollagen Booster und Hyalurons\u00e4ure f\u00fcr reife Haut, Cellular LUMINOUS630\u00ae 2-in-1 Anti-Age &amp; Altersflecken Serum (30 ml) - TopChoiceTrends<\/title>\n<meta name=\"description\" content=\"Entdecke bei TopChoiceTrends gepr\u00fcfte Bestseller, Trendprodukte und starke Angebote aus vielen Kategorien. Smart vergleichen, besser kaufen \u2013 alles \u00fcber Amazon Deutschland.\" \/>\n<meta name=\"robots\" content=\"index, follow, max-snippet:-1, max-image-preview:large, max-video-preview:-1\" \/>\n<link rel=\"canonical\" href=\"https:\/\/topchoicetrends.com\/de\/product\/nivea-anti-aging-serum-gegen-pigmentflecken-gesichtspflege-mit-kollagen-booster-und-hyaluronsaure-fur-reife-haut-cellular-luminous630-2-in-1-anti-age-altersflecken-serum-30-ml\/\" \/>\n<meta property=\"og:locale\" content=\"de_DE\" \/>\n<meta property=\"og:type\" content=\"article\" \/>\n<meta property=\"og:title\" content=\"NIVEA Anti-Aging Serum gegen Pigmentflecken, Gesichtspflege mit Kollagen Booster und Hyalurons\u00e4ure f\u00fcr reife Haut, Cellular LUMINOUS630\u00ae 2-in-1 Anti-Age &amp; Altersflecken Serum (30 ml) - TopChoiceTrends\" \/>\n<meta property=\"og:description\" content=\"Entdecke bei TopChoiceTrends gepr\u00fcfte Bestseller, Trendprodukte und starke Angebote aus vielen Kategorien. Smart vergleichen, besser kaufen \u2013 alles \u00fcber Amazon Deutschland.\" \/>\n<meta property=\"og:url\" content=\"https:\/\/topchoicetrends.com\/de\/product\/nivea-anti-aging-serum-gegen-pigmentflecken-gesichtspflege-mit-kollagen-booster-und-hyaluronsaure-fur-reife-haut-cellular-luminous630-2-in-1-anti-age-altersflecken-serum-30-ml\/\" \/>\n<meta property=\"og:site_name\" content=\"TopChoiceTrends\" \/>\n<meta property=\"og:image\" content=\"https:\/\/m.media-amazon.com\/images\/I\/41AAz8GF-JL.jpg\" \/>\n\t<meta property=\"og:image:width\" content=\"500\" \/>\n\t<meta property=\"og:image:height\" content=\"500\" \/>\n\t<meta property=\"og:image:type\" content=\"image\/jpeg\" \/>\n<meta name=\"twitter:card\" content=\"summary_large_image\" \/>\n<meta name=\"twitter:label1\" content=\"Gesch\u00e4tzte Lesezeit\" \/>\n\t<meta name=\"twitter:data1\" content=\"2\u00a0Minuten\" \/>\n<script type=\"application\/ld+json\" class=\"yoast-schema-graph\">{\"@context\":\"https:\/\/schema.org\",\"@graph\":[{\"@type\":\"WebPage\",\"@id\":\"https:\/\/topchoicetrends.com\/de\/product\/nivea-anti-aging-serum-gegen-pigmentflecken-gesichtspflege-mit-kollagen-booster-und-hyaluronsaure-fur-reife-haut-cellular-luminous630-2-in-1-anti-age-altersflecken-serum-30-ml\/\",\"url\":\"https:\/\/topchoicetrends.com\/de\/product\/nivea-anti-aging-serum-gegen-pigmentflecken-gesichtspflege-mit-kollagen-booster-und-hyaluronsaure-fur-reife-haut-cellular-luminous630-2-in-1-anti-age-altersflecken-serum-30-ml\/\",\"name\":\"NIVEA Anti-Aging Serum gegen Pigmentflecken, Gesichtspflege mit Kollagen Booster und Hyalurons\u00e4ure f\u00fcr reife Haut, Cellular LUMINOUS630\u00ae 2-in-1 Anti-Age & Altersflecken Serum (30 ml) - TopChoiceTrends\",\"isPartOf\":{\"@id\":\"https:\/\/topchoicetrends.com\/de\/#website\"},\"primaryImageOfPage\":{\"@id\":\"https:\/\/topchoicetrends.com\/de\/product\/nivea-anti-aging-serum-gegen-pigmentflecken-gesichtspflege-mit-kollagen-booster-und-hyaluronsaure-fur-reife-haut-cellular-luminous630-2-in-1-anti-age-altersflecken-serum-30-ml\/#primaryimage\"},\"image\":{\"@id\":\"https:\/\/topchoicetrends.com\/de\/product\/nivea-anti-aging-serum-gegen-pigmentflecken-gesichtspflege-mit-kollagen-booster-und-hyaluronsaure-fur-reife-haut-cellular-luminous630-2-in-1-anti-age-altersflecken-serum-30-ml\/#primaryimage\"},\"thumbnailUrl\":\"https:\/\/m.media-amazon.com\/images\/I\/41AAz8GF-JL.jpg\",\"datePublished\":\"2026-02-09T19:04:40+00:00\",\"description\":\"Entdecke bei TopChoiceTrends gepr\u00fcfte Bestseller, Trendprodukte und starke Angebote aus vielen Kategorien. Smart vergleichen, besser kaufen \u2013 alles \u00fcber Amazon Deutschland.\",\"breadcrumb\":{\"@id\":\"https:\/\/topchoicetrends.com\/de\/product\/nivea-anti-aging-serum-gegen-pigmentflecken-gesichtspflege-mit-kollagen-booster-und-hyaluronsaure-fur-reife-haut-cellular-luminous630-2-in-1-anti-age-altersflecken-serum-30-ml\/#breadcrumb\"},\"inLanguage\":\"de\",\"potentialAction\":[{\"@type\":\"ReadAction\",\"target\":[\"https:\/\/topchoicetrends.com\/de\/product\/nivea-anti-aging-serum-gegen-pigmentflecken-gesichtspflege-mit-kollagen-booster-und-hyaluronsaure-fur-reife-haut-cellular-luminous630-2-in-1-anti-age-altersflecken-serum-30-ml\/\"]}]},{\"@type\":\"ImageObject\",\"inLanguage\":\"de\",\"@id\":\"https:\/\/topchoicetrends.com\/de\/product\/nivea-anti-aging-serum-gegen-pigmentflecken-gesichtspflege-mit-kollagen-booster-und-hyaluronsaure-fur-reife-haut-cellular-luminous630-2-in-1-anti-age-altersflecken-serum-30-ml\/#primaryimage\",\"url\":\"https:\/\/m.media-amazon.com\/images\/I\/41AAz8GF-JL.jpg\",\"contentUrl\":\"https:\/\/m.media-amazon.com\/images\/I\/41AAz8GF-JL.jpg\",\"width\":500,\"height\":500},{\"@type\":\"BreadcrumbList\",\"@id\":\"https:\/\/topchoicetrends.com\/de\/product\/nivea-anti-aging-serum-gegen-pigmentflecken-gesichtspflege-mit-kollagen-booster-und-hyaluronsaure-fur-reife-haut-cellular-luminous630-2-in-1-anti-age-altersflecken-serum-30-ml\/#breadcrumb\",\"itemListElement\":[{\"@type\":\"ListItem\",\"position\":1,\"name\":\"Home\",\"item\":\"https:\/\/topchoicetrends.com\/de\/\"},{\"@type\":\"ListItem\",\"position\":2,\"name\":\"Shop\",\"item\":\"https:\/\/topchoicetrends.com\/de\/shop\/\"},{\"@type\":\"ListItem\",\"position\":3,\"name\":\"NIVEA Anti-Aging Serum gegen Pigmentflecken, Gesichtspflege mit Kollagen Booster und Hyalurons\u00e4ure f\u00fcr reife Haut, Cellular LUMINOUS630\u00ae 2-in-1 Anti-Age &#038; Altersflecken Serum (30 ml)\"}]},{\"@type\":\"WebSite\",\"@id\":\"https:\/\/topchoicetrends.com\/de\/#website\",\"url\":\"https:\/\/topchoicetrends.com\/de\/\",\"name\":\"TopChoiceTrends\",\"description\":\"Beste Produktfunde, Bestseller &amp; Top-Angebote online entdecken\",\"publisher\":{\"@id\":\"https:\/\/topchoicetrends.com\/de\/#organization\"},\"potentialAction\":[{\"@type\":\"SearchAction\",\"target\":{\"@type\":\"EntryPoint\",\"urlTemplate\":\"https:\/\/topchoicetrends.com\/de\/?s={search_term_string}\"},\"query-input\":{\"@type\":\"PropertyValueSpecification\",\"valueRequired\":true,\"valueName\":\"search_term_string\"}}],\"inLanguage\":\"de\"},{\"@type\":\"Organization\",\"@id\":\"https:\/\/topchoicetrends.com\/de\/#organization\",\"name\":\"TopChoiceTrends\",\"url\":\"https:\/\/topchoicetrends.com\/de\/\",\"logo\":{\"@type\":\"ImageObject\",\"inLanguage\":\"de\",\"@id\":\"https:\/\/topchoicetrends.com\/de\/#\/schema\/logo\/image\/\",\"url\":\"https:\/\/topchoicetrends.com\/de\/wp-content\/uploads\/2026\/03\/Screenshot_2025-10-09_at_8.21.29_AM-removebg-preview-2.png\",\"contentUrl\":\"https:\/\/topchoicetrends.com\/de\/wp-content\/uploads\/2026\/03\/Screenshot_2025-10-09_at_8.21.29_AM-removebg-preview-2.png\",\"width\":936,\"height\":267,\"caption\":\"TopChoiceTrends\"},\"image\":{\"@id\":\"https:\/\/topchoicetrends.com\/de\/#\/schema\/logo\/image\/\"}}]}<\/script>\n<!-- \/ Yoast SEO plugin. -->","yoast_head_json":{"title":"NIVEA Anti-Aging Serum gegen Pigmentflecken, Gesichtspflege mit Kollagen Booster und Hyalurons\u00e4ure f\u00fcr reife Haut, Cellular LUMINOUS630\u00ae 2-in-1 Anti-Age & Altersflecken Serum (30 ml) - TopChoiceTrends","description":"Entdecke bei TopChoiceTrends gepr\u00fcfte Bestseller, Trendprodukte und starke Angebote aus vielen Kategorien. Smart vergleichen, besser kaufen \u2013 alles \u00fcber Amazon Deutschland.","robots":{"index":"index","follow":"follow","max-snippet":"max-snippet:-1","max-image-preview":"max-image-preview:large","max-video-preview":"max-video-preview:-1"},"canonical":"https:\/\/topchoicetrends.com\/de\/product\/nivea-anti-aging-serum-gegen-pigmentflecken-gesichtspflege-mit-kollagen-booster-und-hyaluronsaure-fur-reife-haut-cellular-luminous630-2-in-1-anti-age-altersflecken-serum-30-ml\/","og_locale":"de_DE","og_type":"article","og_title":"NIVEA Anti-Aging Serum gegen Pigmentflecken, Gesichtspflege mit Kollagen Booster und Hyalurons\u00e4ure f\u00fcr reife Haut, Cellular LUMINOUS630\u00ae 2-in-1 Anti-Age & Altersflecken Serum (30 ml) - TopChoiceTrends","og_description":"Entdecke bei TopChoiceTrends gepr\u00fcfte Bestseller, Trendprodukte und starke Angebote aus vielen Kategorien. Smart vergleichen, besser kaufen \u2013 alles \u00fcber Amazon Deutschland.","og_url":"https:\/\/topchoicetrends.com\/de\/product\/nivea-anti-aging-serum-gegen-pigmentflecken-gesichtspflege-mit-kollagen-booster-und-hyaluronsaure-fur-reife-haut-cellular-luminous630-2-in-1-anti-age-altersflecken-serum-30-ml\/","og_site_name":"TopChoiceTrends","og_image":[{"width":500,"height":500,"url":"https:\/\/m.media-amazon.com\/images\/I\/41AAz8GF-JL.jpg","type":"image\/jpeg"}],"twitter_card":"summary_large_image","twitter_misc":{"Gesch\u00e4tzte Lesezeit":"2\u00a0Minuten"},"schema":{"@context":"https:\/\/schema.org","@graph":[{"@type":"WebPage","@id":"https:\/\/topchoicetrends.com\/de\/product\/nivea-anti-aging-serum-gegen-pigmentflecken-gesichtspflege-mit-kollagen-booster-und-hyaluronsaure-fur-reife-haut-cellular-luminous630-2-in-1-anti-age-altersflecken-serum-30-ml\/","url":"https:\/\/topchoicetrends.com\/de\/product\/nivea-anti-aging-serum-gegen-pigmentflecken-gesichtspflege-mit-kollagen-booster-und-hyaluronsaure-fur-reife-haut-cellular-luminous630-2-in-1-anti-age-altersflecken-serum-30-ml\/","name":"NIVEA Anti-Aging Serum gegen Pigmentflecken, Gesichtspflege mit Kollagen Booster und Hyalurons\u00e4ure f\u00fcr reife Haut, Cellular LUMINOUS630\u00ae 2-in-1 Anti-Age & Altersflecken Serum (30 ml) - TopChoiceTrends","isPartOf":{"@id":"https:\/\/topchoicetrends.com\/de\/#website"},"primaryImageOfPage":{"@id":"https:\/\/topchoicetrends.com\/de\/product\/nivea-anti-aging-serum-gegen-pigmentflecken-gesichtspflege-mit-kollagen-booster-und-hyaluronsaure-fur-reife-haut-cellular-luminous630-2-in-1-anti-age-altersflecken-serum-30-ml\/#primaryimage"},"image":{"@id":"https:\/\/topchoicetrends.com\/de\/product\/nivea-anti-aging-serum-gegen-pigmentflecken-gesichtspflege-mit-kollagen-booster-und-hyaluronsaure-fur-reife-haut-cellular-luminous630-2-in-1-anti-age-altersflecken-serum-30-ml\/#primaryimage"},"thumbnailUrl":"https:\/\/m.media-amazon.com\/images\/I\/41AAz8GF-JL.jpg","datePublished":"2026-02-09T19:04:40+00:00","description":"Entdecke bei TopChoiceTrends gepr\u00fcfte Bestseller, Trendprodukte und starke Angebote aus vielen Kategorien. Smart vergleichen, besser kaufen \u2013 alles \u00fcber Amazon Deutschland.","breadcrumb":{"@id":"https:\/\/topchoicetrends.com\/de\/product\/nivea-anti-aging-serum-gegen-pigmentflecken-gesichtspflege-mit-kollagen-booster-und-hyaluronsaure-fur-reife-haut-cellular-luminous630-2-in-1-anti-age-altersflecken-serum-30-ml\/#breadcrumb"},"inLanguage":"de","potentialAction":[{"@type":"ReadAction","target":["https:\/\/topchoicetrends.com\/de\/product\/nivea-anti-aging-serum-gegen-pigmentflecken-gesichtspflege-mit-kollagen-booster-und-hyaluronsaure-fur-reife-haut-cellular-luminous630-2-in-1-anti-age-altersflecken-serum-30-ml\/"]}]},{"@type":"ImageObject","inLanguage":"de","@id":"https:\/\/topchoicetrends.com\/de\/product\/nivea-anti-aging-serum-gegen-pigmentflecken-gesichtspflege-mit-kollagen-booster-und-hyaluronsaure-fur-reife-haut-cellular-luminous630-2-in-1-anti-age-altersflecken-serum-30-ml\/#primaryimage","url":"https:\/\/m.media-amazon.com\/images\/I\/41AAz8GF-JL.jpg","contentUrl":"https:\/\/m.media-amazon.com\/images\/I\/41AAz8GF-JL.jpg","width":500,"height":500},{"@type":"BreadcrumbList","@id":"https:\/\/topchoicetrends.com\/de\/product\/nivea-anti-aging-serum-gegen-pigmentflecken-gesichtspflege-mit-kollagen-booster-und-hyaluronsaure-fur-reife-haut-cellular-luminous630-2-in-1-anti-age-altersflecken-serum-30-ml\/#breadcrumb","itemListElement":[{"@type":"ListItem","position":1,"name":"Home","item":"https:\/\/topchoicetrends.com\/de\/"},{"@type":"ListItem","position":2,"name":"Shop","item":"https:\/\/topchoicetrends.com\/de\/shop\/"},{"@type":"ListItem","position":3,"name":"NIVEA Anti-Aging Serum gegen Pigmentflecken, Gesichtspflege mit Kollagen Booster und Hyalurons\u00e4ure f\u00fcr reife Haut, Cellular LUMINOUS630\u00ae 2-in-1 Anti-Age &#038; Altersflecken Serum (30 ml)"}]},{"@type":"WebSite","@id":"https:\/\/topchoicetrends.com\/de\/#website","url":"https:\/\/topchoicetrends.com\/de\/","name":"TopChoiceTrends","description":"Beste Produktfunde, Bestseller &amp; Top-Angebote online entdecken","publisher":{"@id":"https:\/\/topchoicetrends.com\/de\/#organization"},"potentialAction":[{"@type":"SearchAction","target":{"@type":"EntryPoint","urlTemplate":"https:\/\/topchoicetrends.com\/de\/?s={search_term_string}"},"query-input":{"@type":"PropertyValueSpecification","valueRequired":true,"valueName":"search_term_string"}}],"inLanguage":"de"},{"@type":"Organization","@id":"https:\/\/topchoicetrends.com\/de\/#organization","name":"TopChoiceTrends","url":"https:\/\/topchoicetrends.com\/de\/","logo":{"@type":"ImageObject","inLanguage":"de","@id":"https:\/\/topchoicetrends.com\/de\/#\/schema\/logo\/image\/","url":"https:\/\/topchoicetrends.com\/de\/wp-content\/uploads\/2026\/03\/Screenshot_2025-10-09_at_8.21.29_AM-removebg-preview-2.png","contentUrl":"https:\/\/topchoicetrends.com\/de\/wp-content\/uploads\/2026\/03\/Screenshot_2025-10-09_at_8.21.29_AM-removebg-preview-2.png","width":936,"height":267,"caption":"TopChoiceTrends"},"image":{"@id":"https:\/\/topchoicetrends.com\/de\/#\/schema\/logo\/image\/"}}]}},"_links":{"self":[{"href":"https:\/\/topchoicetrends.com\/de\/wp-json\/wp\/v2\/product\/1886","targetHints":{"allow":["GET"]}}],"collection":[{"href":"https:\/\/topchoicetrends.com\/de\/wp-json\/wp\/v2\/product"}],"about":[{"href":"https:\/\/topchoicetrends.com\/de\/wp-json\/wp\/v2\/types\/product"}],"replies":[{"embeddable":true,"href":"https:\/\/topchoicetrends.com\/de\/wp-json\/wp\/v2\/comments?post=1886"}],"wp:featuredmedia":[{"embeddable":true,"href":"https:\/\/topchoicetrends.com\/de\/wp-json\/wp\/v2\/media\/1887"}],"wp:attachment":[{"href":"https:\/\/topchoicetrends.com\/de\/wp-json\/wp\/v2\/media?parent=1886"}],"wp:term":[{"taxonomy":"store","embeddable":true,"href":"https:\/\/topchoicetrends.com\/de\/wp-json\/wp\/v2\/store?post=1886"},{"taxonomy":"product_brand","embeddable":true,"href":"https:\/\/topchoicetrends.com\/de\/wp-json\/wp\/v2\/product_brand?post=1886"},{"taxonomy":"product_cat","embeddable":true,"href":"https:\/\/topchoicetrends.com\/de\/wp-json\/wp\/v2\/product_cat?post=1886"},{"taxonomy":"product_tag","embeddable":true,"href":"https:\/\/topchoicetrends.com\/de\/wp-json\/wp\/v2\/product_tag?post=1886"}],"curies":[{"name":"wp","href":"https:\/\/api.w.org\/{rel}","templated":true}]}}