{"id":1559,"date":"2026-02-09T18:53:05","date_gmt":"2026-02-09T18:53:05","guid":{"rendered":"https:\/\/topchoicetrends.com\/de\/product\/apple-macbook-pro-15-inch-laptop-with-touch-bar-intel-core-i7-16-gb-ram-512-gb-ssd-radeon-pro-455-os-x-10-12-sierra-space-grey-mlh42b-a-uk-keyboard-refurbished\/"},"modified":"2024-10-30T12:25:54","modified_gmt":"2024-10-30T12:25:54","slug":"apple-macbook-pro-15-inch-laptop-with-touch-bar-intel-core-i7-16-gb-ram-512-gb-ssd-radeon-pro-455-os-x-10-12-sierra-space-grey-mlh42b-a-uk-keyboard-refurbished","status":"publish","type":"product","link":"https:\/\/topchoicetrends.com\/de\/product\/apple-macbook-pro-15-inch-laptop-with-touch-bar-intel-core-i7-16-gb-ram-512-gb-ssd-radeon-pro-455-os-x-10-12-sierra-space-grey-mlh42b-a-uk-keyboard-refurbished\/","title":{"rendered":"Apple MacBook Pro 15-inch Laptop wi..."},"content":{"rendered":"<p><!-- show up to 2 reviews by default --> <\/p>\n<p> <span>Dieses gebrauchte oder general\u00fcberholte Produkt wurde professionell inspiziert und getestet, damit es funktioniert und aussieht wie neu. So wird ein Produkt Teil von Amazon Renewed, Ihrer Anlaufstelle f\u00fcr gebrauchte, general\u00fcberholte Produkte: Ein Kunde kauft ein neues Produkt und gibt es zur\u00fcck oder tauscht es gegen ein neueres oder anderes Modell ein. Dieses Produkt wird von Amazon-qualifizierten Lieferanten gepr\u00fcft und getestet, damit es funktioniert und aussieht wie neu. Anschlie\u00dfend wird das Produkt als Amazon Renewed-Produkt auf Amazon verkauft. Wenn Sie mit dem Produkt nicht zufrieden sind, k\u00f6nnen Sie es im Rahmen der Amazon Renewed-Garantie umtauschen oder zur\u00fcckerhalten.<\/span> <\/p>\n<p>Processor: 2.7GHz quad-core sixth technology Intel Core i7 (Turbo Enhance as much as 3.6GHz)<br \/>\nInside Reminiscence: 16GB 2133MHz LPDDR3<br \/>\nStorage: 512GB SSD<br \/>\nShow: 15.4-inch (diagonal), 2880-by-1800-pixel LED-backlit Retina show, 500 nits, large color (P3)<br \/>\n<div class=\"main-cross-sell\" data-asin=\"B07JZC952F\">\n\n\t<div class=\"WooZone-cross-sell-loader\">\n\t\t<div>\n\t\t\t<div id=\"floatingBarsG\">\n\t\t\t\t<div class=\"blockG\" id=\"rotateG_01\"><\/div>\n\t\t\t\t<div class=\"blockG\" id=\"rotateG_02\"><\/div>\n\t\t\t\t<div class=\"blockG\" id=\"rotateG_03\"><\/div>\n\t\t\t\t<div class=\"blockG\" id=\"rotateG_04\"><\/div>\n\t\t\t\t<div class=\"blockG\" id=\"rotateG_05\"><\/div>\n\t\t\t\t<div class=\"blockG\" id=\"rotateG_06\"><\/div>\n\t\t\t\t<div class=\"blockG\" id=\"rotateG_07\"><\/div>\n\t\t\t\t<div class=\"blockG\" id=\"rotateG_08\"><\/div>\n\t\t\t<\/div>\n\t\t\t<div class=\"WooZone-cross-sell-loader-text\"><\/div>\n\t\t<\/div>\n\t<\/div>\n\n\t\t\n<\/div>\n<div style=\"clear:both;\"><\/div><\/p>\n","protected":false},"excerpt":{"rendered":"<p>Processor: 2.7GHz quad-core 6th generation Intel Core i7 (Turbo Boost up to 3.6GHz)<br \/>\nInternal Memory: 16GB 2133MHz LPDDR3<br \/>\nStorage: 512GB SSD<\/p>\n","protected":false},"featured_media":1560,"comment_status":"open","ping_status":"closed","template":"","meta":{"_aipt_faq_data":""},"store":[],"product_brand":[],"product_cat":[28,43],"product_tag":[],"class_list":{"0":"post-1559","1":"product","2":"type-product","3":"status-publish","4":"has-post-thumbnail","6":"product_cat-trending","7":"product_cat-laptops-desktops","8":"pa_brand-visit-the-amazon-renewed-store","10":"first","11":"instock","12":"sale","13":"shipping-taxable","14":"product-type-external"},"yoast_head":"<!-- This site is optimized with the Yoast SEO plugin v27.1.1 - https:\/\/yoast.com\/product\/yoast-seo-wordpress\/ -->\n<title>Apple MacBook Pro 15-inch Laptop with Touch Bar (Intel Core i7, 16 GB RAM, 512 GB SSD, Radeon Pro 455, OS X 10.12 Sierra) - Space Grey - MLH42B\/A - UK Keyboard (Refurbished) - TopChoiceTrends<\/title>\n<meta name=\"description\" content=\"Entdecke bei TopChoiceTrends gepr\u00fcfte Bestseller, Trendprodukte und starke Angebote aus vielen Kategorien. Smart vergleichen, besser kaufen \u2013 alles \u00fcber Amazon Deutschland.\" \/>\n<meta name=\"robots\" content=\"index, follow, max-snippet:-1, max-image-preview:large, max-video-preview:-1\" \/>\n<link rel=\"canonical\" href=\"https:\/\/topchoicetrends.com\/de\/product\/apple-macbook-pro-15-inch-laptop-with-touch-bar-intel-core-i7-16-gb-ram-512-gb-ssd-radeon-pro-455-os-x-10-12-sierra-space-grey-mlh42b-a-uk-keyboard-refurbished\/\" \/>\n<meta property=\"og:locale\" content=\"de_DE\" \/>\n<meta property=\"og:type\" content=\"article\" \/>\n<meta property=\"og:title\" content=\"Apple MacBook Pro 15-inch Laptop with Touch Bar (Intel Core i7, 16 GB RAM, 512 GB SSD, Radeon Pro 455, OS X 10.12 Sierra) - Space Grey - MLH42B\/A - UK Keyboard (Refurbished) - TopChoiceTrends\" \/>\n<meta property=\"og:description\" content=\"Entdecke bei TopChoiceTrends gepr\u00fcfte Bestseller, Trendprodukte und starke Angebote aus vielen Kategorien. Smart vergleichen, besser kaufen \u2013 alles \u00fcber Amazon Deutschland.\" \/>\n<meta property=\"og:url\" content=\"https:\/\/topchoicetrends.com\/de\/product\/apple-macbook-pro-15-inch-laptop-with-touch-bar-intel-core-i7-16-gb-ram-512-gb-ssd-radeon-pro-455-os-x-10-12-sierra-space-grey-mlh42b-a-uk-keyboard-refurbished\/\" \/>\n<meta property=\"og:site_name\" content=\"TopChoiceTrends\" \/>\n<meta property=\"og:image\" content=\"https:\/\/m.media-amazon.com\/images\/I\/51nm1W7KbRL.jpg\" \/>\n\t<meta property=\"og:image:width\" content=\"500\" \/>\n\t<meta property=\"og:image:height\" content=\"500\" \/>\n\t<meta property=\"og:image:type\" content=\"image\/jpeg\" \/>\n<meta name=\"twitter:card\" content=\"summary_large_image\" \/>\n<meta name=\"twitter:label1\" content=\"Gesch\u00e4tzte Lesezeit\" \/>\n\t<meta name=\"twitter:data1\" content=\"1\u00a0Minute\" \/>\n<script type=\"application\/ld+json\" class=\"yoast-schema-graph\">{\"@context\":\"https:\/\/schema.org\",\"@graph\":[{\"@type\":\"WebPage\",\"@id\":\"https:\/\/topchoicetrends.com\/de\/product\/apple-macbook-pro-15-inch-laptop-with-touch-bar-intel-core-i7-16-gb-ram-512-gb-ssd-radeon-pro-455-os-x-10-12-sierra-space-grey-mlh42b-a-uk-keyboard-refurbished\/\",\"url\":\"https:\/\/topchoicetrends.com\/de\/product\/apple-macbook-pro-15-inch-laptop-with-touch-bar-intel-core-i7-16-gb-ram-512-gb-ssd-radeon-pro-455-os-x-10-12-sierra-space-grey-mlh42b-a-uk-keyboard-refurbished\/\",\"name\":\"Apple MacBook Pro 15-inch Laptop with Touch Bar (Intel Core i7, 16 GB RAM, 512 GB SSD, Radeon Pro 455, OS X 10.12 Sierra) - Space Grey - MLH42B\/A - UK Keyboard (Refurbished) - TopChoiceTrends\",\"isPartOf\":{\"@id\":\"https:\/\/topchoicetrends.com\/de\/#website\"},\"primaryImageOfPage\":{\"@id\":\"https:\/\/topchoicetrends.com\/de\/product\/apple-macbook-pro-15-inch-laptop-with-touch-bar-intel-core-i7-16-gb-ram-512-gb-ssd-radeon-pro-455-os-x-10-12-sierra-space-grey-mlh42b-a-uk-keyboard-refurbished\/#primaryimage\"},\"image\":{\"@id\":\"https:\/\/topchoicetrends.com\/de\/product\/apple-macbook-pro-15-inch-laptop-with-touch-bar-intel-core-i7-16-gb-ram-512-gb-ssd-radeon-pro-455-os-x-10-12-sierra-space-grey-mlh42b-a-uk-keyboard-refurbished\/#primaryimage\"},\"thumbnailUrl\":\"https:\/\/m.media-amazon.com\/images\/I\/51nm1W7KbRL.jpg\",\"datePublished\":\"2026-02-09T18:53:05+00:00\",\"description\":\"Entdecke bei TopChoiceTrends gepr\u00fcfte Bestseller, Trendprodukte und starke Angebote aus vielen Kategorien. Smart vergleichen, besser kaufen \u2013 alles \u00fcber Amazon Deutschland.\",\"breadcrumb\":{\"@id\":\"https:\/\/topchoicetrends.com\/de\/product\/apple-macbook-pro-15-inch-laptop-with-touch-bar-intel-core-i7-16-gb-ram-512-gb-ssd-radeon-pro-455-os-x-10-12-sierra-space-grey-mlh42b-a-uk-keyboard-refurbished\/#breadcrumb\"},\"inLanguage\":\"de\",\"potentialAction\":[{\"@type\":\"ReadAction\",\"target\":[\"https:\/\/topchoicetrends.com\/de\/product\/apple-macbook-pro-15-inch-laptop-with-touch-bar-intel-core-i7-16-gb-ram-512-gb-ssd-radeon-pro-455-os-x-10-12-sierra-space-grey-mlh42b-a-uk-keyboard-refurbished\/\"]}]},{\"@type\":\"ImageObject\",\"inLanguage\":\"de\",\"@id\":\"https:\/\/topchoicetrends.com\/de\/product\/apple-macbook-pro-15-inch-laptop-with-touch-bar-intel-core-i7-16-gb-ram-512-gb-ssd-radeon-pro-455-os-x-10-12-sierra-space-grey-mlh42b-a-uk-keyboard-refurbished\/#primaryimage\",\"url\":\"https:\/\/m.media-amazon.com\/images\/I\/51nm1W7KbRL.jpg\",\"contentUrl\":\"https:\/\/m.media-amazon.com\/images\/I\/51nm1W7KbRL.jpg\",\"width\":500,\"height\":500},{\"@type\":\"BreadcrumbList\",\"@id\":\"https:\/\/topchoicetrends.com\/de\/product\/apple-macbook-pro-15-inch-laptop-with-touch-bar-intel-core-i7-16-gb-ram-512-gb-ssd-radeon-pro-455-os-x-10-12-sierra-space-grey-mlh42b-a-uk-keyboard-refurbished\/#breadcrumb\",\"itemListElement\":[{\"@type\":\"ListItem\",\"position\":1,\"name\":\"Home\",\"item\":\"https:\/\/topchoicetrends.com\/de\/\"},{\"@type\":\"ListItem\",\"position\":2,\"name\":\"Shop\",\"item\":\"https:\/\/topchoicetrends.com\/de\/shop\/\"},{\"@type\":\"ListItem\",\"position\":3,\"name\":\"Apple MacBook Pro 15-inch Laptop with Touch Bar (Intel Core i7, 16 GB RAM, 512 GB SSD, Radeon Pro 455, OS X 10.12 Sierra) &#8211; Space Grey &#8211; MLH42B\/A &#8211; UK Keyboard (Refurbished)\"}]},{\"@type\":\"WebSite\",\"@id\":\"https:\/\/topchoicetrends.com\/de\/#website\",\"url\":\"https:\/\/topchoicetrends.com\/de\/\",\"name\":\"TopChoiceTrends\",\"description\":\"Beste Produktfunde, Bestseller &amp; Top-Angebote online entdecken\",\"publisher\":{\"@id\":\"https:\/\/topchoicetrends.com\/de\/#organization\"},\"potentialAction\":[{\"@type\":\"SearchAction\",\"target\":{\"@type\":\"EntryPoint\",\"urlTemplate\":\"https:\/\/topchoicetrends.com\/de\/?s={search_term_string}\"},\"query-input\":{\"@type\":\"PropertyValueSpecification\",\"valueRequired\":true,\"valueName\":\"search_term_string\"}}],\"inLanguage\":\"de\"},{\"@type\":\"Organization\",\"@id\":\"https:\/\/topchoicetrends.com\/de\/#organization\",\"name\":\"TopChoiceTrends\",\"url\":\"https:\/\/topchoicetrends.com\/de\/\",\"logo\":{\"@type\":\"ImageObject\",\"inLanguage\":\"de\",\"@id\":\"https:\/\/topchoicetrends.com\/de\/#\/schema\/logo\/image\/\",\"url\":\"https:\/\/topchoicetrends.com\/de\/wp-content\/uploads\/2026\/03\/Screenshot_2025-10-09_at_8.21.29_AM-removebg-preview-2.png\",\"contentUrl\":\"https:\/\/topchoicetrends.com\/de\/wp-content\/uploads\/2026\/03\/Screenshot_2025-10-09_at_8.21.29_AM-removebg-preview-2.png\",\"width\":936,\"height\":267,\"caption\":\"TopChoiceTrends\"},\"image\":{\"@id\":\"https:\/\/topchoicetrends.com\/de\/#\/schema\/logo\/image\/\"}}]}<\/script>\n<!-- \/ Yoast SEO plugin. -->","yoast_head_json":{"title":"Apple MacBook Pro 15-inch Laptop with Touch Bar (Intel Core i7, 16 GB RAM, 512 GB SSD, Radeon Pro 455, OS X 10.12 Sierra) - Space Grey - MLH42B\/A - UK Keyboard (Refurbished) - TopChoiceTrends","description":"Entdecke bei TopChoiceTrends gepr\u00fcfte Bestseller, Trendprodukte und starke Angebote aus vielen Kategorien. Smart vergleichen, besser kaufen \u2013 alles \u00fcber Amazon Deutschland.","robots":{"index":"index","follow":"follow","max-snippet":"max-snippet:-1","max-image-preview":"max-image-preview:large","max-video-preview":"max-video-preview:-1"},"canonical":"https:\/\/topchoicetrends.com\/de\/product\/apple-macbook-pro-15-inch-laptop-with-touch-bar-intel-core-i7-16-gb-ram-512-gb-ssd-radeon-pro-455-os-x-10-12-sierra-space-grey-mlh42b-a-uk-keyboard-refurbished\/","og_locale":"de_DE","og_type":"article","og_title":"Apple MacBook Pro 15-inch Laptop with Touch Bar (Intel Core i7, 16 GB RAM, 512 GB SSD, Radeon Pro 455, OS X 10.12 Sierra) - Space Grey - MLH42B\/A - UK Keyboard (Refurbished) - TopChoiceTrends","og_description":"Entdecke bei TopChoiceTrends gepr\u00fcfte Bestseller, Trendprodukte und starke Angebote aus vielen Kategorien. Smart vergleichen, besser kaufen \u2013 alles \u00fcber Amazon Deutschland.","og_url":"https:\/\/topchoicetrends.com\/de\/product\/apple-macbook-pro-15-inch-laptop-with-touch-bar-intel-core-i7-16-gb-ram-512-gb-ssd-radeon-pro-455-os-x-10-12-sierra-space-grey-mlh42b-a-uk-keyboard-refurbished\/","og_site_name":"TopChoiceTrends","og_image":[{"width":500,"height":500,"url":"https:\/\/m.media-amazon.com\/images\/I\/51nm1W7KbRL.jpg","type":"image\/jpeg"}],"twitter_card":"summary_large_image","twitter_misc":{"Gesch\u00e4tzte Lesezeit":"1\u00a0Minute"},"schema":{"@context":"https:\/\/schema.org","@graph":[{"@type":"WebPage","@id":"https:\/\/topchoicetrends.com\/de\/product\/apple-macbook-pro-15-inch-laptop-with-touch-bar-intel-core-i7-16-gb-ram-512-gb-ssd-radeon-pro-455-os-x-10-12-sierra-space-grey-mlh42b-a-uk-keyboard-refurbished\/","url":"https:\/\/topchoicetrends.com\/de\/product\/apple-macbook-pro-15-inch-laptop-with-touch-bar-intel-core-i7-16-gb-ram-512-gb-ssd-radeon-pro-455-os-x-10-12-sierra-space-grey-mlh42b-a-uk-keyboard-refurbished\/","name":"Apple MacBook Pro 15-inch Laptop with Touch Bar (Intel Core i7, 16 GB RAM, 512 GB SSD, Radeon Pro 455, OS X 10.12 Sierra) - Space Grey - MLH42B\/A - UK Keyboard (Refurbished) - TopChoiceTrends","isPartOf":{"@id":"https:\/\/topchoicetrends.com\/de\/#website"},"primaryImageOfPage":{"@id":"https:\/\/topchoicetrends.com\/de\/product\/apple-macbook-pro-15-inch-laptop-with-touch-bar-intel-core-i7-16-gb-ram-512-gb-ssd-radeon-pro-455-os-x-10-12-sierra-space-grey-mlh42b-a-uk-keyboard-refurbished\/#primaryimage"},"image":{"@id":"https:\/\/topchoicetrends.com\/de\/product\/apple-macbook-pro-15-inch-laptop-with-touch-bar-intel-core-i7-16-gb-ram-512-gb-ssd-radeon-pro-455-os-x-10-12-sierra-space-grey-mlh42b-a-uk-keyboard-refurbished\/#primaryimage"},"thumbnailUrl":"https:\/\/m.media-amazon.com\/images\/I\/51nm1W7KbRL.jpg","datePublished":"2026-02-09T18:53:05+00:00","description":"Entdecke bei TopChoiceTrends gepr\u00fcfte Bestseller, Trendprodukte und starke Angebote aus vielen Kategorien. Smart vergleichen, besser kaufen \u2013 alles \u00fcber Amazon Deutschland.","breadcrumb":{"@id":"https:\/\/topchoicetrends.com\/de\/product\/apple-macbook-pro-15-inch-laptop-with-touch-bar-intel-core-i7-16-gb-ram-512-gb-ssd-radeon-pro-455-os-x-10-12-sierra-space-grey-mlh42b-a-uk-keyboard-refurbished\/#breadcrumb"},"inLanguage":"de","potentialAction":[{"@type":"ReadAction","target":["https:\/\/topchoicetrends.com\/de\/product\/apple-macbook-pro-15-inch-laptop-with-touch-bar-intel-core-i7-16-gb-ram-512-gb-ssd-radeon-pro-455-os-x-10-12-sierra-space-grey-mlh42b-a-uk-keyboard-refurbished\/"]}]},{"@type":"ImageObject","inLanguage":"de","@id":"https:\/\/topchoicetrends.com\/de\/product\/apple-macbook-pro-15-inch-laptop-with-touch-bar-intel-core-i7-16-gb-ram-512-gb-ssd-radeon-pro-455-os-x-10-12-sierra-space-grey-mlh42b-a-uk-keyboard-refurbished\/#primaryimage","url":"https:\/\/m.media-amazon.com\/images\/I\/51nm1W7KbRL.jpg","contentUrl":"https:\/\/m.media-amazon.com\/images\/I\/51nm1W7KbRL.jpg","width":500,"height":500},{"@type":"BreadcrumbList","@id":"https:\/\/topchoicetrends.com\/de\/product\/apple-macbook-pro-15-inch-laptop-with-touch-bar-intel-core-i7-16-gb-ram-512-gb-ssd-radeon-pro-455-os-x-10-12-sierra-space-grey-mlh42b-a-uk-keyboard-refurbished\/#breadcrumb","itemListElement":[{"@type":"ListItem","position":1,"name":"Home","item":"https:\/\/topchoicetrends.com\/de\/"},{"@type":"ListItem","position":2,"name":"Shop","item":"https:\/\/topchoicetrends.com\/de\/shop\/"},{"@type":"ListItem","position":3,"name":"Apple MacBook Pro 15-inch Laptop with Touch Bar (Intel Core i7, 16 GB RAM, 512 GB SSD, Radeon Pro 455, OS X 10.12 Sierra) &#8211; Space Grey &#8211; MLH42B\/A &#8211; UK Keyboard (Refurbished)"}]},{"@type":"WebSite","@id":"https:\/\/topchoicetrends.com\/de\/#website","url":"https:\/\/topchoicetrends.com\/de\/","name":"TopChoiceTrends","description":"Beste Produktfunde, Bestseller &amp; Top-Angebote online entdecken","publisher":{"@id":"https:\/\/topchoicetrends.com\/de\/#organization"},"potentialAction":[{"@type":"SearchAction","target":{"@type":"EntryPoint","urlTemplate":"https:\/\/topchoicetrends.com\/de\/?s={search_term_string}"},"query-input":{"@type":"PropertyValueSpecification","valueRequired":true,"valueName":"search_term_string"}}],"inLanguage":"de"},{"@type":"Organization","@id":"https:\/\/topchoicetrends.com\/de\/#organization","name":"TopChoiceTrends","url":"https:\/\/topchoicetrends.com\/de\/","logo":{"@type":"ImageObject","inLanguage":"de","@id":"https:\/\/topchoicetrends.com\/de\/#\/schema\/logo\/image\/","url":"https:\/\/topchoicetrends.com\/de\/wp-content\/uploads\/2026\/03\/Screenshot_2025-10-09_at_8.21.29_AM-removebg-preview-2.png","contentUrl":"https:\/\/topchoicetrends.com\/de\/wp-content\/uploads\/2026\/03\/Screenshot_2025-10-09_at_8.21.29_AM-removebg-preview-2.png","width":936,"height":267,"caption":"TopChoiceTrends"},"image":{"@id":"https:\/\/topchoicetrends.com\/de\/#\/schema\/logo\/image\/"}}]}},"_links":{"self":[{"href":"https:\/\/topchoicetrends.com\/de\/wp-json\/wp\/v2\/product\/1559","targetHints":{"allow":["GET"]}}],"collection":[{"href":"https:\/\/topchoicetrends.com\/de\/wp-json\/wp\/v2\/product"}],"about":[{"href":"https:\/\/topchoicetrends.com\/de\/wp-json\/wp\/v2\/types\/product"}],"replies":[{"embeddable":true,"href":"https:\/\/topchoicetrends.com\/de\/wp-json\/wp\/v2\/comments?post=1559"}],"wp:featuredmedia":[{"embeddable":true,"href":"https:\/\/topchoicetrends.com\/de\/wp-json\/wp\/v2\/media\/1560"}],"wp:attachment":[{"href":"https:\/\/topchoicetrends.com\/de\/wp-json\/wp\/v2\/media?parent=1559"}],"wp:term":[{"taxonomy":"store","embeddable":true,"href":"https:\/\/topchoicetrends.com\/de\/wp-json\/wp\/v2\/store?post=1559"},{"taxonomy":"product_brand","embeddable":true,"href":"https:\/\/topchoicetrends.com\/de\/wp-json\/wp\/v2\/product_brand?post=1559"},{"taxonomy":"product_cat","embeddable":true,"href":"https:\/\/topchoicetrends.com\/de\/wp-json\/wp\/v2\/product_cat?post=1559"},{"taxonomy":"product_tag","embeddable":true,"href":"https:\/\/topchoicetrends.com\/de\/wp-json\/wp\/v2\/product_tag?post=1559"}],"curies":[{"name":"wp","href":"https:\/\/api.w.org\/{rel}","templated":true}]}}