{"id":1379,"date":"2026-02-09T18:48:14","date_gmt":"2026-02-09T18:48:14","guid":{"rendered":"https:\/\/topchoicetrends.com\/de\/product\/faltbares-silikon-sieb-set-fur-die-kuche-klappbarer-nudelsieb-fur-camping-und-salate-kuchenutensilien-zum-abtropfen-von-nudeln-gemuse-obst3-stuck\/"},"modified":"2024-10-30T12:27:18","modified_gmt":"2024-10-30T12:27:18","slug":"faltbares-silikon-sieb-set-fur-die-kuche-klappbarer-nudelsieb-fur-camping-und-salate-kuchenutensilien-zum-abtropfen-von-nudeln-gemuse-obst3-stuck","status":"publish","type":"product","link":"https:\/\/topchoicetrends.com\/de\/product\/faltbares-silikon-sieb-set-fur-die-kuche-klappbarer-nudelsieb-fur-camping-und-salate-kuchenutensilien-zum-abtropfen-von-nudeln-gemuse-obst3-stuck\/","title":{"rendered":"Faltbares Silikon Sieb Set f\u00fcr die..."},"content":{"rendered":"<p>SPACE SAVING Our collapsible colander strainer is the best resolution for kitchens with restricted house. Its collapsible design makes it simple to retailer and is all the time at hand if you want it. Good to your kitchen utensils assortment.<br \/>\nHEAVY DUTY Fabricated from sturdy and secure standing materials, our strainer ensures long-term use with none problem. It may possibly stand up to even intensive use and stays steady throughout use. A dependable kitchen strainer for on a regular basis use.<br \/>\nMULTI-PURPOSE Our collapsible colander is appropriate for something &#8211; be it draining pasta, greens or washing fruit. With this kitchen strainer, you are able to do numerous duties effortlessly and effectively. A sensible and multifunctional utensil to your kitchen.<br \/>\nQUALITY GUARANTEE We stand behind the standard of our product and supply a assure to your satisfaction. In case you will have any issues with the foldable colander strainer, please be happy to contact us. We&#8217;re right here to assist and guarantee you might be glad along with your buy.<br \/>\nEASY CLEANING Due to its prime quality materials, our pasta strainer foldable is simple to wash and dishwasher secure. After use, you possibly can merely rinse it or put it within the dishwasher to maintain it clear effortlessly. Save time and cook dinner conveniently with our foldable kitchen strainer.<br \/>\n<div class=\"main-cross-sell\" data-asin=\"B07CWL8D6X\">\n\n\t<div class=\"WooZone-cross-sell-loader\">\n\t\t<div>\n\t\t\t<div id=\"floatingBarsG\">\n\t\t\t\t<div class=\"blockG\" id=\"rotateG_01\"><\/div>\n\t\t\t\t<div class=\"blockG\" id=\"rotateG_02\"><\/div>\n\t\t\t\t<div class=\"blockG\" id=\"rotateG_03\"><\/div>\n\t\t\t\t<div class=\"blockG\" id=\"rotateG_04\"><\/div>\n\t\t\t\t<div class=\"blockG\" id=\"rotateG_05\"><\/div>\n\t\t\t\t<div class=\"blockG\" id=\"rotateG_06\"><\/div>\n\t\t\t\t<div class=\"blockG\" id=\"rotateG_07\"><\/div>\n\t\t\t\t<div class=\"blockG\" id=\"rotateG_08\"><\/div>\n\t\t\t<\/div>\n\t\t\t<div class=\"WooZone-cross-sell-loader-text\"><\/div>\n\t\t<\/div>\n\t<\/div>\n\n\t\t\n<\/div>\n<div style=\"clear:both;\"><\/div><\/p>\n","protected":false},"excerpt":{"rendered":"<p>SPACE SAVING Our collapsible colander strainer is the ideal solution for kitchens with limited space. Its collapsible design makes it easy to store and is always at hand when you need it. Perfect for your kitchen utensils collection.<br \/>\nHEAVY DUTY Made of durable and safe standing material, our strainer guarantees long-term use without any hassle. It can withstand even intensive use and remains stable during use. A reliable kitchen strainer for everyday use.<br \/>\nMULTI-PURPOSE Our collapsible colander is suitable for anything &#8211; be it draining pasta, vegetables or washing fruit. With this kitchen strainer, you can do various tasks effortlessly and efficiently. A practical and multifunctional utensil for your kitchen.<\/p>\n","protected":false},"featured_media":1380,"comment_status":"open","ping_status":"closed","template":"","meta":{"_aipt_faq_data":""},"store":[],"product_brand":[],"product_cat":[28,42],"product_tag":[],"class_list":{"0":"post-1379","1":"product","2":"type-product","3":"status-publish","4":"has-post-thumbnail","6":"product_cat-trending","7":"product_cat-kitchen-essentials","8":"pa_brand-visit-the-skerito-store","10":"first","11":"instock","12":"sale","13":"shipping-taxable","14":"product-type-external"},"yoast_head":"<!-- This site is optimized with the Yoast SEO plugin v27.1.1 - https:\/\/yoast.com\/product\/yoast-seo-wordpress\/ -->\n<title>Faltbares Silikon Sieb Set f\u00fcr die K\u00fcche - Klappbarer Nudelsieb f\u00fcr Camping und Salate, k\u00fcchenutensilien zum Abtropfen von Nudeln, Gem\u00fcse, Obst,3 St\u00fcck - TopChoiceTrends<\/title>\n<meta name=\"description\" content=\"Entdecke bei TopChoiceTrends gepr\u00fcfte Bestseller, Trendprodukte und starke Angebote aus vielen Kategorien. Smart vergleichen, besser kaufen \u2013 alles \u00fcber Amazon Deutschland.\" \/>\n<meta name=\"robots\" content=\"index, follow, max-snippet:-1, max-image-preview:large, max-video-preview:-1\" \/>\n<link rel=\"canonical\" href=\"https:\/\/topchoicetrends.com\/de\/product\/faltbares-silikon-sieb-set-fur-die-kuche-klappbarer-nudelsieb-fur-camping-und-salate-kuchenutensilien-zum-abtropfen-von-nudeln-gemuse-obst3-stuck\/\" \/>\n<meta property=\"og:locale\" content=\"de_DE\" \/>\n<meta property=\"og:type\" content=\"article\" \/>\n<meta property=\"og:title\" content=\"Faltbares Silikon Sieb Set f\u00fcr die K\u00fcche - Klappbarer Nudelsieb f\u00fcr Camping und Salate, k\u00fcchenutensilien zum Abtropfen von Nudeln, Gem\u00fcse, Obst,3 St\u00fcck - TopChoiceTrends\" \/>\n<meta property=\"og:description\" content=\"Entdecke bei TopChoiceTrends gepr\u00fcfte Bestseller, Trendprodukte und starke Angebote aus vielen Kategorien. Smart vergleichen, besser kaufen \u2013 alles \u00fcber Amazon Deutschland.\" \/>\n<meta property=\"og:url\" content=\"https:\/\/topchoicetrends.com\/de\/product\/faltbares-silikon-sieb-set-fur-die-kuche-klappbarer-nudelsieb-fur-camping-und-salate-kuchenutensilien-zum-abtropfen-von-nudeln-gemuse-obst3-stuck\/\" \/>\n<meta property=\"og:site_name\" content=\"TopChoiceTrends\" \/>\n<meta property=\"og:image\" content=\"https:\/\/m.media-amazon.com\/images\/I\/41ahIGN14XL.jpg\" \/>\n\t<meta property=\"og:image:width\" content=\"500\" \/>\n\t<meta property=\"og:image:height\" content=\"500\" \/>\n\t<meta property=\"og:image:type\" content=\"image\/jpeg\" \/>\n<meta name=\"twitter:card\" content=\"summary_large_image\" \/>\n<meta name=\"twitter:label1\" content=\"Gesch\u00e4tzte Lesezeit\" \/>\n\t<meta name=\"twitter:data1\" content=\"1\u00a0Minute\" \/>\n<script type=\"application\/ld+json\" class=\"yoast-schema-graph\">{\"@context\":\"https:\/\/schema.org\",\"@graph\":[{\"@type\":\"WebPage\",\"@id\":\"https:\/\/topchoicetrends.com\/de\/product\/faltbares-silikon-sieb-set-fur-die-kuche-klappbarer-nudelsieb-fur-camping-und-salate-kuchenutensilien-zum-abtropfen-von-nudeln-gemuse-obst3-stuck\/\",\"url\":\"https:\/\/topchoicetrends.com\/de\/product\/faltbares-silikon-sieb-set-fur-die-kuche-klappbarer-nudelsieb-fur-camping-und-salate-kuchenutensilien-zum-abtropfen-von-nudeln-gemuse-obst3-stuck\/\",\"name\":\"Faltbares Silikon Sieb Set f\u00fcr die K\u00fcche - Klappbarer Nudelsieb f\u00fcr Camping und Salate, k\u00fcchenutensilien zum Abtropfen von Nudeln, Gem\u00fcse, Obst,3 St\u00fcck - TopChoiceTrends\",\"isPartOf\":{\"@id\":\"https:\/\/topchoicetrends.com\/de\/#website\"},\"primaryImageOfPage\":{\"@id\":\"https:\/\/topchoicetrends.com\/de\/product\/faltbares-silikon-sieb-set-fur-die-kuche-klappbarer-nudelsieb-fur-camping-und-salate-kuchenutensilien-zum-abtropfen-von-nudeln-gemuse-obst3-stuck\/#primaryimage\"},\"image\":{\"@id\":\"https:\/\/topchoicetrends.com\/de\/product\/faltbares-silikon-sieb-set-fur-die-kuche-klappbarer-nudelsieb-fur-camping-und-salate-kuchenutensilien-zum-abtropfen-von-nudeln-gemuse-obst3-stuck\/#primaryimage\"},\"thumbnailUrl\":\"https:\/\/m.media-amazon.com\/images\/I\/41ahIGN14XL.jpg\",\"datePublished\":\"2026-02-09T18:48:14+00:00\",\"description\":\"Entdecke bei TopChoiceTrends gepr\u00fcfte Bestseller, Trendprodukte und starke Angebote aus vielen Kategorien. Smart vergleichen, besser kaufen \u2013 alles \u00fcber Amazon Deutschland.\",\"breadcrumb\":{\"@id\":\"https:\/\/topchoicetrends.com\/de\/product\/faltbares-silikon-sieb-set-fur-die-kuche-klappbarer-nudelsieb-fur-camping-und-salate-kuchenutensilien-zum-abtropfen-von-nudeln-gemuse-obst3-stuck\/#breadcrumb\"},\"inLanguage\":\"de\",\"potentialAction\":[{\"@type\":\"ReadAction\",\"target\":[\"https:\/\/topchoicetrends.com\/de\/product\/faltbares-silikon-sieb-set-fur-die-kuche-klappbarer-nudelsieb-fur-camping-und-salate-kuchenutensilien-zum-abtropfen-von-nudeln-gemuse-obst3-stuck\/\"]}]},{\"@type\":\"ImageObject\",\"inLanguage\":\"de\",\"@id\":\"https:\/\/topchoicetrends.com\/de\/product\/faltbares-silikon-sieb-set-fur-die-kuche-klappbarer-nudelsieb-fur-camping-und-salate-kuchenutensilien-zum-abtropfen-von-nudeln-gemuse-obst3-stuck\/#primaryimage\",\"url\":\"https:\/\/m.media-amazon.com\/images\/I\/41ahIGN14XL.jpg\",\"contentUrl\":\"https:\/\/m.media-amazon.com\/images\/I\/41ahIGN14XL.jpg\",\"width\":500,\"height\":500},{\"@type\":\"BreadcrumbList\",\"@id\":\"https:\/\/topchoicetrends.com\/de\/product\/faltbares-silikon-sieb-set-fur-die-kuche-klappbarer-nudelsieb-fur-camping-und-salate-kuchenutensilien-zum-abtropfen-von-nudeln-gemuse-obst3-stuck\/#breadcrumb\",\"itemListElement\":[{\"@type\":\"ListItem\",\"position\":1,\"name\":\"Home\",\"item\":\"https:\/\/topchoicetrends.com\/de\/\"},{\"@type\":\"ListItem\",\"position\":2,\"name\":\"Shop\",\"item\":\"https:\/\/topchoicetrends.com\/de\/shop\/\"},{\"@type\":\"ListItem\",\"position\":3,\"name\":\"Faltbares Silikon Sieb Set f\u00fcr die K\u00fcche &#8211; Klappbarer Nudelsieb f\u00fcr Camping und Salate, k\u00fcchenutensilien zum Abtropfen von Nudeln, Gem\u00fcse, Obst,3 St\u00fcck\"}]},{\"@type\":\"WebSite\",\"@id\":\"https:\/\/topchoicetrends.com\/de\/#website\",\"url\":\"https:\/\/topchoicetrends.com\/de\/\",\"name\":\"TopChoiceTrends\",\"description\":\"Beste Produktfunde, Bestseller &amp; Top-Angebote online entdecken\",\"publisher\":{\"@id\":\"https:\/\/topchoicetrends.com\/de\/#organization\"},\"potentialAction\":[{\"@type\":\"SearchAction\",\"target\":{\"@type\":\"EntryPoint\",\"urlTemplate\":\"https:\/\/topchoicetrends.com\/de\/?s={search_term_string}\"},\"query-input\":{\"@type\":\"PropertyValueSpecification\",\"valueRequired\":true,\"valueName\":\"search_term_string\"}}],\"inLanguage\":\"de\"},{\"@type\":\"Organization\",\"@id\":\"https:\/\/topchoicetrends.com\/de\/#organization\",\"name\":\"TopChoiceTrends\",\"url\":\"https:\/\/topchoicetrends.com\/de\/\",\"logo\":{\"@type\":\"ImageObject\",\"inLanguage\":\"de\",\"@id\":\"https:\/\/topchoicetrends.com\/de\/#\/schema\/logo\/image\/\",\"url\":\"https:\/\/topchoicetrends.com\/de\/wp-content\/uploads\/2026\/03\/Screenshot_2025-10-09_at_8.21.29_AM-removebg-preview-2.png\",\"contentUrl\":\"https:\/\/topchoicetrends.com\/de\/wp-content\/uploads\/2026\/03\/Screenshot_2025-10-09_at_8.21.29_AM-removebg-preview-2.png\",\"width\":936,\"height\":267,\"caption\":\"TopChoiceTrends\"},\"image\":{\"@id\":\"https:\/\/topchoicetrends.com\/de\/#\/schema\/logo\/image\/\"}}]}<\/script>\n<!-- \/ Yoast SEO plugin. -->","yoast_head_json":{"title":"Faltbares Silikon Sieb Set f\u00fcr die K\u00fcche - Klappbarer Nudelsieb f\u00fcr Camping und Salate, k\u00fcchenutensilien zum Abtropfen von Nudeln, Gem\u00fcse, Obst,3 St\u00fcck - TopChoiceTrends","description":"Entdecke bei TopChoiceTrends gepr\u00fcfte Bestseller, Trendprodukte und starke Angebote aus vielen Kategorien. Smart vergleichen, besser kaufen \u2013 alles \u00fcber Amazon Deutschland.","robots":{"index":"index","follow":"follow","max-snippet":"max-snippet:-1","max-image-preview":"max-image-preview:large","max-video-preview":"max-video-preview:-1"},"canonical":"https:\/\/topchoicetrends.com\/de\/product\/faltbares-silikon-sieb-set-fur-die-kuche-klappbarer-nudelsieb-fur-camping-und-salate-kuchenutensilien-zum-abtropfen-von-nudeln-gemuse-obst3-stuck\/","og_locale":"de_DE","og_type":"article","og_title":"Faltbares Silikon Sieb Set f\u00fcr die K\u00fcche - Klappbarer Nudelsieb f\u00fcr Camping und Salate, k\u00fcchenutensilien zum Abtropfen von Nudeln, Gem\u00fcse, Obst,3 St\u00fcck - TopChoiceTrends","og_description":"Entdecke bei TopChoiceTrends gepr\u00fcfte Bestseller, Trendprodukte und starke Angebote aus vielen Kategorien. Smart vergleichen, besser kaufen \u2013 alles \u00fcber Amazon Deutschland.","og_url":"https:\/\/topchoicetrends.com\/de\/product\/faltbares-silikon-sieb-set-fur-die-kuche-klappbarer-nudelsieb-fur-camping-und-salate-kuchenutensilien-zum-abtropfen-von-nudeln-gemuse-obst3-stuck\/","og_site_name":"TopChoiceTrends","og_image":[{"width":500,"height":500,"url":"https:\/\/m.media-amazon.com\/images\/I\/41ahIGN14XL.jpg","type":"image\/jpeg"}],"twitter_card":"summary_large_image","twitter_misc":{"Gesch\u00e4tzte Lesezeit":"1\u00a0Minute"},"schema":{"@context":"https:\/\/schema.org","@graph":[{"@type":"WebPage","@id":"https:\/\/topchoicetrends.com\/de\/product\/faltbares-silikon-sieb-set-fur-die-kuche-klappbarer-nudelsieb-fur-camping-und-salate-kuchenutensilien-zum-abtropfen-von-nudeln-gemuse-obst3-stuck\/","url":"https:\/\/topchoicetrends.com\/de\/product\/faltbares-silikon-sieb-set-fur-die-kuche-klappbarer-nudelsieb-fur-camping-und-salate-kuchenutensilien-zum-abtropfen-von-nudeln-gemuse-obst3-stuck\/","name":"Faltbares Silikon Sieb Set f\u00fcr die K\u00fcche - Klappbarer Nudelsieb f\u00fcr Camping und Salate, k\u00fcchenutensilien zum Abtropfen von Nudeln, Gem\u00fcse, Obst,3 St\u00fcck - TopChoiceTrends","isPartOf":{"@id":"https:\/\/topchoicetrends.com\/de\/#website"},"primaryImageOfPage":{"@id":"https:\/\/topchoicetrends.com\/de\/product\/faltbares-silikon-sieb-set-fur-die-kuche-klappbarer-nudelsieb-fur-camping-und-salate-kuchenutensilien-zum-abtropfen-von-nudeln-gemuse-obst3-stuck\/#primaryimage"},"image":{"@id":"https:\/\/topchoicetrends.com\/de\/product\/faltbares-silikon-sieb-set-fur-die-kuche-klappbarer-nudelsieb-fur-camping-und-salate-kuchenutensilien-zum-abtropfen-von-nudeln-gemuse-obst3-stuck\/#primaryimage"},"thumbnailUrl":"https:\/\/m.media-amazon.com\/images\/I\/41ahIGN14XL.jpg","datePublished":"2026-02-09T18:48:14+00:00","description":"Entdecke bei TopChoiceTrends gepr\u00fcfte Bestseller, Trendprodukte und starke Angebote aus vielen Kategorien. Smart vergleichen, besser kaufen \u2013 alles \u00fcber Amazon Deutschland.","breadcrumb":{"@id":"https:\/\/topchoicetrends.com\/de\/product\/faltbares-silikon-sieb-set-fur-die-kuche-klappbarer-nudelsieb-fur-camping-und-salate-kuchenutensilien-zum-abtropfen-von-nudeln-gemuse-obst3-stuck\/#breadcrumb"},"inLanguage":"de","potentialAction":[{"@type":"ReadAction","target":["https:\/\/topchoicetrends.com\/de\/product\/faltbares-silikon-sieb-set-fur-die-kuche-klappbarer-nudelsieb-fur-camping-und-salate-kuchenutensilien-zum-abtropfen-von-nudeln-gemuse-obst3-stuck\/"]}]},{"@type":"ImageObject","inLanguage":"de","@id":"https:\/\/topchoicetrends.com\/de\/product\/faltbares-silikon-sieb-set-fur-die-kuche-klappbarer-nudelsieb-fur-camping-und-salate-kuchenutensilien-zum-abtropfen-von-nudeln-gemuse-obst3-stuck\/#primaryimage","url":"https:\/\/m.media-amazon.com\/images\/I\/41ahIGN14XL.jpg","contentUrl":"https:\/\/m.media-amazon.com\/images\/I\/41ahIGN14XL.jpg","width":500,"height":500},{"@type":"BreadcrumbList","@id":"https:\/\/topchoicetrends.com\/de\/product\/faltbares-silikon-sieb-set-fur-die-kuche-klappbarer-nudelsieb-fur-camping-und-salate-kuchenutensilien-zum-abtropfen-von-nudeln-gemuse-obst3-stuck\/#breadcrumb","itemListElement":[{"@type":"ListItem","position":1,"name":"Home","item":"https:\/\/topchoicetrends.com\/de\/"},{"@type":"ListItem","position":2,"name":"Shop","item":"https:\/\/topchoicetrends.com\/de\/shop\/"},{"@type":"ListItem","position":3,"name":"Faltbares Silikon Sieb Set f\u00fcr die K\u00fcche &#8211; Klappbarer Nudelsieb f\u00fcr Camping und Salate, k\u00fcchenutensilien zum Abtropfen von Nudeln, Gem\u00fcse, Obst,3 St\u00fcck"}]},{"@type":"WebSite","@id":"https:\/\/topchoicetrends.com\/de\/#website","url":"https:\/\/topchoicetrends.com\/de\/","name":"TopChoiceTrends","description":"Beste Produktfunde, Bestseller &amp; Top-Angebote online entdecken","publisher":{"@id":"https:\/\/topchoicetrends.com\/de\/#organization"},"potentialAction":[{"@type":"SearchAction","target":{"@type":"EntryPoint","urlTemplate":"https:\/\/topchoicetrends.com\/de\/?s={search_term_string}"},"query-input":{"@type":"PropertyValueSpecification","valueRequired":true,"valueName":"search_term_string"}}],"inLanguage":"de"},{"@type":"Organization","@id":"https:\/\/topchoicetrends.com\/de\/#organization","name":"TopChoiceTrends","url":"https:\/\/topchoicetrends.com\/de\/","logo":{"@type":"ImageObject","inLanguage":"de","@id":"https:\/\/topchoicetrends.com\/de\/#\/schema\/logo\/image\/","url":"https:\/\/topchoicetrends.com\/de\/wp-content\/uploads\/2026\/03\/Screenshot_2025-10-09_at_8.21.29_AM-removebg-preview-2.png","contentUrl":"https:\/\/topchoicetrends.com\/de\/wp-content\/uploads\/2026\/03\/Screenshot_2025-10-09_at_8.21.29_AM-removebg-preview-2.png","width":936,"height":267,"caption":"TopChoiceTrends"},"image":{"@id":"https:\/\/topchoicetrends.com\/de\/#\/schema\/logo\/image\/"}}]}},"_links":{"self":[{"href":"https:\/\/topchoicetrends.com\/de\/wp-json\/wp\/v2\/product\/1379","targetHints":{"allow":["GET"]}}],"collection":[{"href":"https:\/\/topchoicetrends.com\/de\/wp-json\/wp\/v2\/product"}],"about":[{"href":"https:\/\/topchoicetrends.com\/de\/wp-json\/wp\/v2\/types\/product"}],"replies":[{"embeddable":true,"href":"https:\/\/topchoicetrends.com\/de\/wp-json\/wp\/v2\/comments?post=1379"}],"wp:featuredmedia":[{"embeddable":true,"href":"https:\/\/topchoicetrends.com\/de\/wp-json\/wp\/v2\/media\/1380"}],"wp:attachment":[{"href":"https:\/\/topchoicetrends.com\/de\/wp-json\/wp\/v2\/media?parent=1379"}],"wp:term":[{"taxonomy":"store","embeddable":true,"href":"https:\/\/topchoicetrends.com\/de\/wp-json\/wp\/v2\/store?post=1379"},{"taxonomy":"product_brand","embeddable":true,"href":"https:\/\/topchoicetrends.com\/de\/wp-json\/wp\/v2\/product_brand?post=1379"},{"taxonomy":"product_cat","embeddable":true,"href":"https:\/\/topchoicetrends.com\/de\/wp-json\/wp\/v2\/product_cat?post=1379"},{"taxonomy":"product_tag","embeddable":true,"href":"https:\/\/topchoicetrends.com\/de\/wp-json\/wp\/v2\/product_tag?post=1379"}],"curies":[{"name":"wp","href":"https:\/\/api.w.org\/{rel}","templated":true}]}}