{"id":1253,"date":"2026-02-09T19:08:52","date_gmt":"2026-02-09T19:08:52","guid":{"rendered":"https:\/\/topchoicetrends.com\/de\/product\/8-piece-kitchen-utensil-set-silicone-kitchen-utensils-cooking-spoon-set-with-wooden-handle-and-hole-for-cooking-and-baking-non-stick-heat-resistant-kitchen-aid-whisk-spatula-grey\/"},"modified":"2026-01-01T13:37:28","modified_gmt":"2026-01-01T13:37:28","slug":"8-piece-kitchen-utensil-set-silicone-kitchen-utensils-cooking-spoon-set-with-wooden-handle-and-hole-for-cooking-and-baking-non-stick-heat-resistant-kitchen-aid-whisk-spatula-grey","status":"publish","type":"product","link":"https:\/\/topchoicetrends.com\/de\/product\/8-piece-kitchen-utensil-set-silicone-kitchen-utensils-cooking-spoon-set-with-wooden-handle-and-hole-for-cooking-and-baking-non-stick-heat-resistant-kitchen-aid-whisk-spatula-grey\/","title":{"rendered":"8-Piece Kitchen Utensil Set, Silico..."},"content":{"rendered":"<p><!-- show up to 2 reviews by default --> <\/p>\n<p><span>8-piece silicone kitchen utensil cooking utensils set. <\/span><\/p>\n<p><span>&#8211; Made of top of the range meals grade silicone and wooden, is secure and sturdy to your every day kitchen. <\/span><\/p>\n<p><span>&#8211; The delicate and average silicone head won&#8217;t scratch your pot or make noise. <\/span><\/p>\n<p><span>&#8211; A superb various to the plastic kitchen utensil set. <\/span><\/p>\n<p><span>Product specs: <\/span><\/p>\n<p><span>Materials: silicone and wooden. <\/span><\/p>\n<p><span>Consists of: 8 items. <\/span><\/p>\n<p><span>1 x whisk. <\/span><\/p>\n<p><span>1 x spoon. <\/span><\/p>\n<p><span>1 x pasta server. <\/span><\/p>\n<p><span>1 x soup ladle. <\/span><\/p>\n<p><span>1 x serving spoon. <\/span><\/p>\n<p><span>1 x slotted spoon. <\/span><\/p>\n<p><span>1 x spatula. <\/span><\/p>\n<p><span>1 x spatula. <\/span><\/p>\n<p><span>\ud83c\udf1f Options to be used: <\/span><\/p>\n<p><span>1. Please wash with soapy water and clear with a delicate tea towel or sponge to keep away from scratching the floor. <\/span><\/p>\n<p><span>2. Please don&#8217;t straight contact the open flame to burn. <\/span><\/p>\n<\/p>\n<p>\u2714\ufe0f\u3010Meets quite a lot of necessities\u3011We&#8217;ve got supplied 8 kitchen utensils set that present the whole lot you want, 1 \u00d7 whisk, 1 \u00d7 spoon, 1 \u00d7 pasta server, 1 \u00d7 soup ladle, 1 \u00d7 serving spoon, 1 \u00d7 slotted spoon, 1 \u00d7 spatula.<br \/>\n\u2714\ufe0f\u3010Excessive-quality silicone materials\u3011You need not fear about it melting or dangerous substances in the course of the cooking course of. It&#8217;s non-toxic, odourless, corrosion resistant and sturdy. The cookware set is ideal for cookware and bakeware with non-stick coating and protects it from scratches.<br \/>\n\u2714\ufe0f\u3010Nice Worth for Cash\u3011The silicone head is firmly connected to the wood deal with, which is warmth resistant (very excessive temperature as much as 446\u2109), stain resistant. You do not have to fret about something melting or leaving something on the utensils whereas cooking.<br \/>\n\u2714\ufe0f\u3010Straightforward to scrub &#038; space-saving\u3011The sleek non-stick floor makes cleansing a breeze. The hanging loop on the deal with finish is straightforward to hold on the kitchen hook to maintain your kitchen tidy and tidy.<br \/>\n\u2714\ufe0f\u3010Very best Present\u3011The entire cookware set mixed with the spatula set just isn&#8217;t solely appropriate for kitchen lovers or skilled cooks, however can also be a fantastic present for anybody who loves cooking and baking. It&#8217;s also the proper present for Christmas, events and weddings.<br \/>\n<div class=\"main-cross-sell\" data-asin=\"B0CCD6WWGF\">\n\n\t<div class=\"WooZone-cross-sell-loader\">\n\t\t<div>\n\t\t\t<div id=\"floatingBarsG\">\n\t\t\t\t<div class=\"blockG\" id=\"rotateG_01\"><\/div>\n\t\t\t\t<div class=\"blockG\" id=\"rotateG_02\"><\/div>\n\t\t\t\t<div class=\"blockG\" id=\"rotateG_03\"><\/div>\n\t\t\t\t<div class=\"blockG\" id=\"rotateG_04\"><\/div>\n\t\t\t\t<div class=\"blockG\" id=\"rotateG_05\"><\/div>\n\t\t\t\t<div class=\"blockG\" id=\"rotateG_06\"><\/div>\n\t\t\t\t<div class=\"blockG\" id=\"rotateG_07\"><\/div>\n\t\t\t\t<div class=\"blockG\" id=\"rotateG_08\"><\/div>\n\t\t\t<\/div>\n\t\t\t<div class=\"WooZone-cross-sell-loader-text\"><\/div>\n\t\t<\/div>\n\t<\/div>\n\n\t\t\n<\/div>\n<div style=\"clear:both;\"><\/div><\/p>\n","protected":false},"excerpt":{"rendered":"<p>\u2714\ufe0f\u3010Meets a variety of requirements\u3011We have provided 8 kitchen utensils set that provide everything you need, 1 \u00d7 whisk, 1 \u00d7 spoon, 1 \u00d7 pasta server, 1 \u00d7 soup ladle, 1 \u00d7 serving spoon, 1 \u00d7 slotted spoon, 1 \u00d7 spatula.<br \/>\n\u2714\ufe0f\u3010High-quality silicone material\u3011You don&#8217;t need to worry about it melting or harmful substances during the cooking process. It is non-toxic, odourless, corrosion resistant and durable. The cookware set is perfect for cookware and bakeware with non-stick coating and protects it from scratches.<br \/>\n\u2714\ufe0f\u3010Great Value for Money\u3011The silicone head is firmly attached to the wooden handle, which is heat resistant (very high temperature up to 446\u2109), stain resistant. You don&#8217;t have to worry about anything melting or leaving anything on the utensils while cooking.<\/p>\n","protected":false},"featured_media":1254,"comment_status":"open","ping_status":"closed","template":"","meta":{"_aipt_faq_data":""},"store":[],"product_brand":[],"product_cat":[28,42],"product_tag":[],"class_list":{"0":"post-1253","1":"product","2":"type-product","3":"status-publish","4":"has-post-thumbnail","6":"product_cat-trending","7":"product_cat-kitchen-essentials","8":"pa_brand-brand-wildone","10":"first","11":"instock","12":"sale","13":"shipping-taxable","14":"product-type-external"},"yoast_head":"<!-- This site is optimized with the Yoast SEO plugin v27.4 - https:\/\/yoast.com\/product\/yoast-seo-wordpress\/ -->\n<title>8-Piece Kitchen Utensil Set, Silicone Kitchen Utensils, Cooking Spoon Set with Wooden Handle and Hole for Cooking and Baking, Non-Stick Heat Resistant Kitchen Aid, Whisk, Spatula (Grey) - TopChoiceTrends<\/title>\n<meta name=\"description\" content=\"Entdecke bei TopChoiceTrends gepr\u00fcfte Bestseller, Trendprodukte und starke Angebote aus vielen Kategorien. Smart vergleichen, besser kaufen \u2013 alles \u00fcber Amazon Deutschland.\" \/>\n<meta name=\"robots\" content=\"index, follow, max-snippet:-1, max-image-preview:large, max-video-preview:-1\" \/>\n<link rel=\"canonical\" href=\"https:\/\/topchoicetrends.com\/de\/product\/8-piece-kitchen-utensil-set-silicone-kitchen-utensils-cooking-spoon-set-with-wooden-handle-and-hole-for-cooking-and-baking-non-stick-heat-resistant-kitchen-aid-whisk-spatula-grey\/\" \/>\n<meta property=\"og:locale\" content=\"de_DE\" \/>\n<meta property=\"og:type\" content=\"article\" \/>\n<meta property=\"og:title\" content=\"8-Piece Kitchen Utensil Set, Silicone Kitchen Utensils, Cooking Spoon Set with Wooden Handle and Hole for Cooking and Baking, Non-Stick Heat Resistant Kitchen Aid, Whisk, Spatula (Grey) - TopChoiceTrends\" \/>\n<meta property=\"og:description\" content=\"Entdecke bei TopChoiceTrends gepr\u00fcfte Bestseller, Trendprodukte und starke Angebote aus vielen Kategorien. Smart vergleichen, besser kaufen \u2013 alles \u00fcber Amazon Deutschland.\" \/>\n<meta property=\"og:url\" content=\"https:\/\/topchoicetrends.com\/de\/product\/8-piece-kitchen-utensil-set-silicone-kitchen-utensils-cooking-spoon-set-with-wooden-handle-and-hole-for-cooking-and-baking-non-stick-heat-resistant-kitchen-aid-whisk-spatula-grey\/\" \/>\n<meta property=\"og:site_name\" content=\"TopChoiceTrends\" \/>\n<meta property=\"og:image\" content=\"https:\/\/m.media-amazon.com\/images\/I\/419Wleo2L7L.jpg\" \/>\n\t<meta property=\"og:image:width\" content=\"500\" \/>\n\t<meta property=\"og:image:height\" content=\"500\" \/>\n\t<meta property=\"og:image:type\" content=\"image\/jpeg\" \/>\n<meta name=\"twitter:card\" content=\"summary_large_image\" \/>\n<meta name=\"twitter:label1\" content=\"Gesch\u00e4tzte Lesezeit\" \/>\n\t<meta name=\"twitter:data1\" content=\"2\u00a0Minuten\" \/>\n<script type=\"application\/ld+json\" class=\"yoast-schema-graph\">{\"@context\":\"https:\\\/\\\/schema.org\",\"@graph\":[{\"@type\":\"WebPage\",\"@id\":\"https:\\\/\\\/topchoicetrends.com\\\/de\\\/product\\\/8-piece-kitchen-utensil-set-silicone-kitchen-utensils-cooking-spoon-set-with-wooden-handle-and-hole-for-cooking-and-baking-non-stick-heat-resistant-kitchen-aid-whisk-spatula-grey\\\/\",\"url\":\"https:\\\/\\\/topchoicetrends.com\\\/de\\\/product\\\/8-piece-kitchen-utensil-set-silicone-kitchen-utensils-cooking-spoon-set-with-wooden-handle-and-hole-for-cooking-and-baking-non-stick-heat-resistant-kitchen-aid-whisk-spatula-grey\\\/\",\"name\":\"8-Piece Kitchen Utensil Set, Silicone Kitchen Utensils, Cooking Spoon Set with Wooden Handle and Hole for Cooking and Baking, Non-Stick Heat Resistant Kitchen Aid, Whisk, Spatula (Grey) - TopChoiceTrends\",\"isPartOf\":{\"@id\":\"https:\\\/\\\/topchoicetrends.com\\\/de\\\/#website\"},\"primaryImageOfPage\":{\"@id\":\"https:\\\/\\\/topchoicetrends.com\\\/de\\\/product\\\/8-piece-kitchen-utensil-set-silicone-kitchen-utensils-cooking-spoon-set-with-wooden-handle-and-hole-for-cooking-and-baking-non-stick-heat-resistant-kitchen-aid-whisk-spatula-grey\\\/#primaryimage\"},\"image\":{\"@id\":\"https:\\\/\\\/topchoicetrends.com\\\/de\\\/product\\\/8-piece-kitchen-utensil-set-silicone-kitchen-utensils-cooking-spoon-set-with-wooden-handle-and-hole-for-cooking-and-baking-non-stick-heat-resistant-kitchen-aid-whisk-spatula-grey\\\/#primaryimage\"},\"thumbnailUrl\":\"https:\\\/\\\/m.media-amazon.com\\\/images\\\/I\\\/419Wleo2L7L.jpg\",\"datePublished\":\"2026-02-09T19:08:52+00:00\",\"description\":\"Entdecke bei TopChoiceTrends gepr\u00fcfte Bestseller, Trendprodukte und starke Angebote aus vielen Kategorien. Smart vergleichen, besser kaufen \u2013 alles \u00fcber Amazon Deutschland.\",\"breadcrumb\":{\"@id\":\"https:\\\/\\\/topchoicetrends.com\\\/de\\\/product\\\/8-piece-kitchen-utensil-set-silicone-kitchen-utensils-cooking-spoon-set-with-wooden-handle-and-hole-for-cooking-and-baking-non-stick-heat-resistant-kitchen-aid-whisk-spatula-grey\\\/#breadcrumb\"},\"inLanguage\":\"de\",\"potentialAction\":[{\"@type\":\"ReadAction\",\"target\":[\"https:\\\/\\\/topchoicetrends.com\\\/de\\\/product\\\/8-piece-kitchen-utensil-set-silicone-kitchen-utensils-cooking-spoon-set-with-wooden-handle-and-hole-for-cooking-and-baking-non-stick-heat-resistant-kitchen-aid-whisk-spatula-grey\\\/\"]}]},{\"@type\":\"ImageObject\",\"inLanguage\":\"de\",\"@id\":\"https:\\\/\\\/topchoicetrends.com\\\/de\\\/product\\\/8-piece-kitchen-utensil-set-silicone-kitchen-utensils-cooking-spoon-set-with-wooden-handle-and-hole-for-cooking-and-baking-non-stick-heat-resistant-kitchen-aid-whisk-spatula-grey\\\/#primaryimage\",\"url\":\"https:\\\/\\\/m.media-amazon.com\\\/images\\\/I\\\/419Wleo2L7L.jpg\",\"contentUrl\":\"https:\\\/\\\/m.media-amazon.com\\\/images\\\/I\\\/419Wleo2L7L.jpg\",\"width\":500,\"height\":500},{\"@type\":\"BreadcrumbList\",\"@id\":\"https:\\\/\\\/topchoicetrends.com\\\/de\\\/product\\\/8-piece-kitchen-utensil-set-silicone-kitchen-utensils-cooking-spoon-set-with-wooden-handle-and-hole-for-cooking-and-baking-non-stick-heat-resistant-kitchen-aid-whisk-spatula-grey\\\/#breadcrumb\",\"itemListElement\":[{\"@type\":\"ListItem\",\"position\":1,\"name\":\"Home\",\"item\":\"https:\\\/\\\/topchoicetrends.com\\\/de\\\/\"},{\"@type\":\"ListItem\",\"position\":2,\"name\":\"Shop\",\"item\":\"https:\\\/\\\/topchoicetrends.com\\\/de\\\/shop\\\/\"},{\"@type\":\"ListItem\",\"position\":3,\"name\":\"8-Piece Kitchen Utensil Set, Silicone Kitchen Utensils, Cooking Spoon Set with Wooden Handle and Hole for Cooking and Baking, Non-Stick Heat Resistant Kitchen Aid, Whisk, Spatula (Grey)\"}]},{\"@type\":\"WebSite\",\"@id\":\"https:\\\/\\\/topchoicetrends.com\\\/de\\\/#website\",\"url\":\"https:\\\/\\\/topchoicetrends.com\\\/de\\\/\",\"name\":\"TopChoiceTrends\",\"description\":\"Beste Produktfunde, Bestseller &amp; Top-Angebote online entdecken\",\"publisher\":{\"@id\":\"https:\\\/\\\/topchoicetrends.com\\\/de\\\/#organization\"},\"potentialAction\":[{\"@type\":\"SearchAction\",\"target\":{\"@type\":\"EntryPoint\",\"urlTemplate\":\"https:\\\/\\\/topchoicetrends.com\\\/de\\\/?s={search_term_string}\"},\"query-input\":{\"@type\":\"PropertyValueSpecification\",\"valueRequired\":true,\"valueName\":\"search_term_string\"}}],\"inLanguage\":\"de\"},{\"@type\":\"Organization\",\"@id\":\"https:\\\/\\\/topchoicetrends.com\\\/de\\\/#organization\",\"name\":\"TopChoiceTrends\",\"url\":\"https:\\\/\\\/topchoicetrends.com\\\/de\\\/\",\"logo\":{\"@type\":\"ImageObject\",\"inLanguage\":\"de\",\"@id\":\"https:\\\/\\\/topchoicetrends.com\\\/de\\\/#\\\/schema\\\/logo\\\/image\\\/\",\"url\":\"https:\\\/\\\/topchoicetrends.com\\\/de\\\/wp-content\\\/uploads\\\/2026\\\/03\\\/Screenshot_2025-10-09_at_8.21.29_AM-removebg-preview-2.png\",\"contentUrl\":\"https:\\\/\\\/topchoicetrends.com\\\/de\\\/wp-content\\\/uploads\\\/2026\\\/03\\\/Screenshot_2025-10-09_at_8.21.29_AM-removebg-preview-2.png\",\"width\":936,\"height\":267,\"caption\":\"TopChoiceTrends\"},\"image\":{\"@id\":\"https:\\\/\\\/topchoicetrends.com\\\/de\\\/#\\\/schema\\\/logo\\\/image\\\/\"}}]}<\/script>\n<!-- \/ Yoast SEO plugin. -->","yoast_head_json":{"title":"8-Piece Kitchen Utensil Set, Silicone Kitchen Utensils, Cooking Spoon Set with Wooden Handle and Hole for Cooking and Baking, Non-Stick Heat Resistant Kitchen Aid, Whisk, Spatula (Grey) - TopChoiceTrends","description":"Entdecke bei TopChoiceTrends gepr\u00fcfte Bestseller, Trendprodukte und starke Angebote aus vielen Kategorien. Smart vergleichen, besser kaufen \u2013 alles \u00fcber Amazon Deutschland.","robots":{"index":"index","follow":"follow","max-snippet":"max-snippet:-1","max-image-preview":"max-image-preview:large","max-video-preview":"max-video-preview:-1"},"canonical":"https:\/\/topchoicetrends.com\/de\/product\/8-piece-kitchen-utensil-set-silicone-kitchen-utensils-cooking-spoon-set-with-wooden-handle-and-hole-for-cooking-and-baking-non-stick-heat-resistant-kitchen-aid-whisk-spatula-grey\/","og_locale":"de_DE","og_type":"article","og_title":"8-Piece Kitchen Utensil Set, Silicone Kitchen Utensils, Cooking Spoon Set with Wooden Handle and Hole for Cooking and Baking, Non-Stick Heat Resistant Kitchen Aid, Whisk, Spatula (Grey) - TopChoiceTrends","og_description":"Entdecke bei TopChoiceTrends gepr\u00fcfte Bestseller, Trendprodukte und starke Angebote aus vielen Kategorien. Smart vergleichen, besser kaufen \u2013 alles \u00fcber Amazon Deutschland.","og_url":"https:\/\/topchoicetrends.com\/de\/product\/8-piece-kitchen-utensil-set-silicone-kitchen-utensils-cooking-spoon-set-with-wooden-handle-and-hole-for-cooking-and-baking-non-stick-heat-resistant-kitchen-aid-whisk-spatula-grey\/","og_site_name":"TopChoiceTrends","og_image":[{"width":500,"height":500,"url":"https:\/\/m.media-amazon.com\/images\/I\/419Wleo2L7L.jpg","type":"image\/jpeg"}],"twitter_card":"summary_large_image","twitter_misc":{"Gesch\u00e4tzte Lesezeit":"2\u00a0Minuten"},"schema":{"@context":"https:\/\/schema.org","@graph":[{"@type":"WebPage","@id":"https:\/\/topchoicetrends.com\/de\/product\/8-piece-kitchen-utensil-set-silicone-kitchen-utensils-cooking-spoon-set-with-wooden-handle-and-hole-for-cooking-and-baking-non-stick-heat-resistant-kitchen-aid-whisk-spatula-grey\/","url":"https:\/\/topchoicetrends.com\/de\/product\/8-piece-kitchen-utensil-set-silicone-kitchen-utensils-cooking-spoon-set-with-wooden-handle-and-hole-for-cooking-and-baking-non-stick-heat-resistant-kitchen-aid-whisk-spatula-grey\/","name":"8-Piece Kitchen Utensil Set, Silicone Kitchen Utensils, Cooking Spoon Set with Wooden Handle and Hole for Cooking and Baking, Non-Stick Heat Resistant Kitchen Aid, Whisk, Spatula (Grey) - TopChoiceTrends","isPartOf":{"@id":"https:\/\/topchoicetrends.com\/de\/#website"},"primaryImageOfPage":{"@id":"https:\/\/topchoicetrends.com\/de\/product\/8-piece-kitchen-utensil-set-silicone-kitchen-utensils-cooking-spoon-set-with-wooden-handle-and-hole-for-cooking-and-baking-non-stick-heat-resistant-kitchen-aid-whisk-spatula-grey\/#primaryimage"},"image":{"@id":"https:\/\/topchoicetrends.com\/de\/product\/8-piece-kitchen-utensil-set-silicone-kitchen-utensils-cooking-spoon-set-with-wooden-handle-and-hole-for-cooking-and-baking-non-stick-heat-resistant-kitchen-aid-whisk-spatula-grey\/#primaryimage"},"thumbnailUrl":"https:\/\/m.media-amazon.com\/images\/I\/419Wleo2L7L.jpg","datePublished":"2026-02-09T19:08:52+00:00","description":"Entdecke bei TopChoiceTrends gepr\u00fcfte Bestseller, Trendprodukte und starke Angebote aus vielen Kategorien. Smart vergleichen, besser kaufen \u2013 alles \u00fcber Amazon Deutschland.","breadcrumb":{"@id":"https:\/\/topchoicetrends.com\/de\/product\/8-piece-kitchen-utensil-set-silicone-kitchen-utensils-cooking-spoon-set-with-wooden-handle-and-hole-for-cooking-and-baking-non-stick-heat-resistant-kitchen-aid-whisk-spatula-grey\/#breadcrumb"},"inLanguage":"de","potentialAction":[{"@type":"ReadAction","target":["https:\/\/topchoicetrends.com\/de\/product\/8-piece-kitchen-utensil-set-silicone-kitchen-utensils-cooking-spoon-set-with-wooden-handle-and-hole-for-cooking-and-baking-non-stick-heat-resistant-kitchen-aid-whisk-spatula-grey\/"]}]},{"@type":"ImageObject","inLanguage":"de","@id":"https:\/\/topchoicetrends.com\/de\/product\/8-piece-kitchen-utensil-set-silicone-kitchen-utensils-cooking-spoon-set-with-wooden-handle-and-hole-for-cooking-and-baking-non-stick-heat-resistant-kitchen-aid-whisk-spatula-grey\/#primaryimage","url":"https:\/\/m.media-amazon.com\/images\/I\/419Wleo2L7L.jpg","contentUrl":"https:\/\/m.media-amazon.com\/images\/I\/419Wleo2L7L.jpg","width":500,"height":500},{"@type":"BreadcrumbList","@id":"https:\/\/topchoicetrends.com\/de\/product\/8-piece-kitchen-utensil-set-silicone-kitchen-utensils-cooking-spoon-set-with-wooden-handle-and-hole-for-cooking-and-baking-non-stick-heat-resistant-kitchen-aid-whisk-spatula-grey\/#breadcrumb","itemListElement":[{"@type":"ListItem","position":1,"name":"Home","item":"https:\/\/topchoicetrends.com\/de\/"},{"@type":"ListItem","position":2,"name":"Shop","item":"https:\/\/topchoicetrends.com\/de\/shop\/"},{"@type":"ListItem","position":3,"name":"8-Piece Kitchen Utensil Set, Silicone Kitchen Utensils, Cooking Spoon Set with Wooden Handle and Hole for Cooking and Baking, Non-Stick Heat Resistant Kitchen Aid, Whisk, Spatula (Grey)"}]},{"@type":"WebSite","@id":"https:\/\/topchoicetrends.com\/de\/#website","url":"https:\/\/topchoicetrends.com\/de\/","name":"TopChoiceTrends","description":"Beste Produktfunde, Bestseller &amp; Top-Angebote online entdecken","publisher":{"@id":"https:\/\/topchoicetrends.com\/de\/#organization"},"potentialAction":[{"@type":"SearchAction","target":{"@type":"EntryPoint","urlTemplate":"https:\/\/topchoicetrends.com\/de\/?s={search_term_string}"},"query-input":{"@type":"PropertyValueSpecification","valueRequired":true,"valueName":"search_term_string"}}],"inLanguage":"de"},{"@type":"Organization","@id":"https:\/\/topchoicetrends.com\/de\/#organization","name":"TopChoiceTrends","url":"https:\/\/topchoicetrends.com\/de\/","logo":{"@type":"ImageObject","inLanguage":"de","@id":"https:\/\/topchoicetrends.com\/de\/#\/schema\/logo\/image\/","url":"https:\/\/topchoicetrends.com\/de\/wp-content\/uploads\/2026\/03\/Screenshot_2025-10-09_at_8.21.29_AM-removebg-preview-2.png","contentUrl":"https:\/\/topchoicetrends.com\/de\/wp-content\/uploads\/2026\/03\/Screenshot_2025-10-09_at_8.21.29_AM-removebg-preview-2.png","width":936,"height":267,"caption":"TopChoiceTrends"},"image":{"@id":"https:\/\/topchoicetrends.com\/de\/#\/schema\/logo\/image\/"}}]}},"_links":{"self":[{"href":"https:\/\/topchoicetrends.com\/de\/wp-json\/wp\/v2\/product\/1253","targetHints":{"allow":["GET"]}}],"collection":[{"href":"https:\/\/topchoicetrends.com\/de\/wp-json\/wp\/v2\/product"}],"about":[{"href":"https:\/\/topchoicetrends.com\/de\/wp-json\/wp\/v2\/types\/product"}],"replies":[{"embeddable":true,"href":"https:\/\/topchoicetrends.com\/de\/wp-json\/wp\/v2\/comments?post=1253"}],"wp:featuredmedia":[{"embeddable":true,"href":"https:\/\/topchoicetrends.com\/de\/wp-json\/wp\/v2\/media\/1254"}],"wp:attachment":[{"href":"https:\/\/topchoicetrends.com\/de\/wp-json\/wp\/v2\/media?parent=1253"}],"wp:term":[{"taxonomy":"store","embeddable":true,"href":"https:\/\/topchoicetrends.com\/de\/wp-json\/wp\/v2\/store?post=1253"},{"taxonomy":"product_brand","embeddable":true,"href":"https:\/\/topchoicetrends.com\/de\/wp-json\/wp\/v2\/product_brand?post=1253"},{"taxonomy":"product_cat","embeddable":true,"href":"https:\/\/topchoicetrends.com\/de\/wp-json\/wp\/v2\/product_cat?post=1253"},{"taxonomy":"product_tag","embeddable":true,"href":"https:\/\/topchoicetrends.com\/de\/wp-json\/wp\/v2\/product_tag?post=1253"}],"curies":[{"name":"wp","href":"https:\/\/api.w.org\/{rel}","templated":true}]}}